{"id":3358,"date":"2017-09-22T14:28:00","date_gmt":"2017-09-22T12:28:00","guid":{"rendered":"http:\/\/univet.hu\/egyetem\/szervezeti-egysegek\/laborallattudomanyi-es-allatvedelmi-osztaly\/"},"modified":"2026-02-10T03:45:40","modified_gmt":"2026-02-10T02:45:40","slug":"laborallattudomanyi-es-allatvedelmi-tanszek","status":"publish","type":"page","link":"https:\/\/univet.hu\/hu\/egyetem\/szervezeti-egysegek\/allattenyesztesi-takarmanyozastani-es-laborallat-tudomanyi-tanszek\/laborallattudomanyi-es-allatvedelmi-tanszek\/","title":{"rendered":"Labor\u00e1llattudom\u00e1nyi \u00e9s \u00c1llatv\u00e9delmi Tansz\u00e9k"},"content":{"rendered":"<h2>Bemutatkoz\u00e1s<\/h2> <div> <p>&nbsp;<\/p> <\/div> <h2>Az egys\u00e9g t\u00f6rt\u00e9nete<\/h2> <div> <p>&nbsp;<\/p> <p><img loading=\"lazy\" decoding=\"async\" class=\"alignleft\" src=\"https:\/\/univet.hu\/wp-content\/uploads\/2019\/06\/web_Dr.-Fekete-S%C3%A1ndor-Gy%C3%B6rgy.jpg\" width=\"188\" height=\"282\" \/>1987-ben <a href=\"https:\/\/univet.hu\/hu\/egyetem\/munkatarsak\/fekete-sandor-gyorgy\/\"><strong>Dr. Fekete S\u00e1ndor Gy\u00f6rgy<\/strong><\/a>, Vet\u00e9si Ferenc professzor, oktat\u00e1si rektorhelyettes t\u00e1mogat\u00e1s\u00e1val kidolgozta a tanmenet\u00e9t \u00e9s elind\u00edtott egy fakultat\u00edv t\u00e1rgyat \u201eK\u00eds\u00e9rlettervez\u00e9s\u201d c\u00edmmel, 15 \u00f3ra f\u00e9l\u00e9venk\u00e9nti \u00f3rasz\u00e1mmal. A tant\u00e1rgy nemcsak k\u00eds\u00e9rlettervez\u00e9ssel foglalkozott, hanem bioetik\u00e1val, illetve a tudom\u00e1nyos k\u00f6zlem\u00e9nyek meg\u00edr\u00e1s\u00e1nak k\u00e9rd\u00e9seivel is. A t\u00e1rgy \u00edr\u00e1sbeli vizsg\u00e1val z\u00e1rult. 1991-ben a tant\u00e1rgy kib\u0151v\u00edtett v\u00e1ltozata (\u201eLabor\u00e1llat-tudom\u00e1ny \u00e9s k\u00eds\u00e9rlettervez\u00e9s\u201d) 30 \u00f3r\u00e1ban k\u00f6telez\u0151v\u00e9 v\u00e1lt az \u00c1llatorvos-tudom\u00e1nyi Egyetem Budapest PhD-hallgat\u00f3i sz\u00e1m\u00e1ra. A vizsga mag\u00e1ba foglalta egy kor\u00e1bban kiosztott tudom\u00e1nyos k\u00f6zlem\u00e9ny plen\u00e1ris, sz\u00f3beli elemz\u00e9s\u00e9t is. 1996-ban egy (minim\u00e1lisan) 80 \u00f3r\u00e1s, 2 hetes blokkos\u00edtott tanfolyamot szerveztek az Utrecht-i Egyetem Labor\u00e1llat-tudom\u00e1nyi Tansz\u00e9k\u00e9vel k\u00f6z\u00f6sen, illetve ir\u00e1ny\u00edt\u00e1suk mellett (Prof. Van Zutphen, Harry Blom \u00e9s Eva Baumann el\u0151ad\u00e1s\u00e1val). A holland partner jelent\u0151s mennyis\u00e9g\u0171 k\u00fcl\u00f6nf\u00e9le tananyagokat (f\u00f3li\u00e1k, vide\u00f3k, tank\u00f6nyvek) bocs\u00e1tott rendelkez\u00e9s\u00fcnkre.<\/p> <p>1997 \u0151sz\u00e9n Br\u00fcsszelben Fekete professzor egy ICLAS\/FELASA workshop keret\u00e9ben el\u0151terjesztette a tantervet, amelyet \u00e1ltal\u00e1nosan elfogadtak. Ett\u0151l kezdve az \u00c1llatteny\u00e9szt\u00e9si, Takarm\u00e1nyoz\u00e1stani \u00e9s Labor\u00e1llat-tudom\u00e1nyi Int\u00e9zet szervez\u00e9s\u00e9ben, Fekete S\u00e1ndor Gy\u00f6rgy professzor teljes felel\u0151ss\u00e9g\u00e9vel, 80 \u00f3r\u00e1s, k\u00e9thetes blokkos\u00edtott tanfolyamokat szerveznek magyar \u00e9s angol nyelven, \u00e9vente egy vagy k\u00e9t alkalommal, 20-40 f\u0151 r\u00e9szv\u00e9tel\u00e9vel. 1998-ban \u00e9s 2000-ben az angol nyelv\u0171 tanfolyamra k\u00fclf\u00f6ldi hallgat\u00f3k is \u00e9rkeztek, pl. Szlov\u00e1kia, Rom\u00e1nia, Szerbia, Bosznia \u00e9s Horv\u00e1torsz\u00e1g int\u00e9zm\u00e9nyeib\u0151l. A tanmenet\u00e9t az Utrecht-i Egyetem ellen\u0151rzi, \u00e9s az mindenben megfelel a FELASA el\u0151\u00edr\u00e1soknak.<\/p> <p>2004-ben Magyarorsz\u00e1g csatlakozott az Eur\u00f3pai Uni\u00f3hoz, ez\u00e1ltal a 86\/609 sz. EGK ir\u00e1nyelv, (illetve mai v\u00e1ltozata, a 2010\/63\/EU ir\u00e1nyelve, a tudom\u00e1nyos c\u00e9lokra f\u00f6lhaszn\u00e1lt \u00e1llatok v\u00e9delm\u00e9r\u0151l) k\u00f6telez\u0151 \u00e9rv\u00e9ny\u0171v\u00e9 v\u00e1lt. A tanfolyam elv\u00e9gz\u00e9se k\u00f6telez\u0151 (\u201eA\u201d-t\u00e1rgy) az \u00e1llatorvos PhD-hallgat\u00f3knak, d\u00edjmentes az egy\u00e9b orvosi \u00e9s biol\u00f3giai tudom\u00e1nyter\u00fcleten m\u0171k\u00f6d\u0151 egyetemek PhD-hallgat\u00f3inak \u00e9s nyitott, de d\u00edjk\u00f6teles a tudom\u00e1nyter\u00fclet biol\u00f3giai jelleg\u0171 alapdiplom\u00e1val m\u00e1r rendelkez\u0151 szakemberei r\u00e9sz\u00e9re. A t\u00e1rgy neve 2007-ben, az \u00e1llatv\u00e9delmi k\u00e9rd\u00e9sek fontoss\u00e1g\u00e1t hangs\u00falyozand\u00f3, \u201eLabor\u00e1llat-tudom\u00e1ny \u00e9s \u00e1llatv\u00e9delem\u201d-re v\u00e1ltozott, de tov\u00e1bbra is kiel\u00e9g\u00edti a FELASA k\u00eds\u00e9rletir\u00e1ny\u00edtoknak el\u0151\u00edrt (C-szint\u0171) bizony\u00edtv\u00e1ny k\u00f6vetelm\u00e9nyeit. A vizsga 4 r\u00e9szb\u0151l \u00e1ll: egy feleleletv\u00e1logat\u00e1sos \u00edr\u00e1sos teszt, egy k\u00eds\u00e9rleti terv kidolgoz\u00e1sa \u00e9s sz\u00f3beli megv\u00e9d\u00e9se, egy tudom\u00e1nyos szakcikk elemz\u00e9se labor\u00e1llat-tudom\u00e1nyi \u00e9s k\u00eds\u00e9rletelrendez\u00e9si szempontb\u00f3l \u00e9s egy bioetikai essz\u00e9 \u00edr\u00e1sa a k\u00f6vetelm\u00e9ny. Az \u00c1OTK Tov\u00e1bbk\u00e9ppz\u00e9si \u00e9s Tudom\u00e1nyszervez\u00e9si Oszt\u00e1lya a mindenkori illet\u00e9kes d\u00e9k\u00e1nhelyettes \u00e9s a tant\u00e1rgyfelel\u0151s, Fekete professzor al\u00e1\u00edr\u00e1s\u00e1val k\u00e9tnyelv\u0171 (magyar \u00e9s angol) bizony\u00edtv\u00e1nyt ad ki. Nemzetk\u00f6zi s\u00edkon bilater\u00e1lis megeggyez\u00e9s alapj\u00e1n lehets\u00e9ges a bizony\u00edtv\u00e1ny k\u00f6lcs\u00f6n\u00f6s elismer\u00e9se.<\/p> <p>2005-ben az MTA \u00c1llatk\u00eds\u00e9rleti Oszt\u00e1lyk\u00f6zi Tudom\u00e1nyos Bizotts\u00e1ga javaslat\u00e1ra a fenti tanfolyamot Magyarorsz\u00e1gra n\u00e9zve el\u00e9gs\u00e9gesnek \u00e9s k\u00f6telez\u0151nek ismeri el minden \u00e1llatk\u00eds\u00e9rletet ir\u00e1ny\u00edt\u00f3 biol\u00f3giai szakember sz\u00e1m\u00e1ra.<\/p> <p>2006-t\u00f3l a <a href=\"https:\/\/surgres.unideb.hu\/hu\/tanszek-tortenete\">Debreceni Egyetem Munkahelyi \u00c1llatk\u00eds\u00e9rleti Bizotts\u00e1ga<\/a> (DEM\u00c1B) Furka Istv\u00e1n professzor vezet\u00e9s\u00e9vel \u00e9s a K\u00eds\u00e9rleti Seb\u00e9szeti Tansz\u00e9k, Mik\u00f3 Ir\u00e9n professzorasszony ir\u00e1ny\u00edt\u00e1s\u00e1val bekapcsol\u00f3dott a munk\u00e1ba, s az \u00c1llatorvos-tudom\u00e1nyi Karral egy\u00fcttm\u0171k\u00f6dve, Fekete professzor szakmai ir\u00e1ny\u00edt\u00e1s\u00e1val kihelyezett 80-\u00f3r\u00e1s, C-t\u00edpus\u00fa tanfolyamokat szervez a k\u00e9t Debreceni Egyetem PhD-s hallgat\u00f3inak \u00e9s \u00e9rintett szakembereinek. A budapestihez k\u00e9pest csak a technikai lebonyol\u00edt\u00e1s k\u00fcl\u00f6nb\u00f6zik, nem egy blokkban 2 h\u00e9t, hanem heti f\u00e9lnapos el\u0151ad\u00e1sokkal szervezik meg a kurzusokat. Az angol \u00e9s magyar bizony\u00edtv\u00e1nyt az \u00c1OTK (Prof. Dr. Fekete S\u00e1ndor Gy\u00f6rgy, DSc) \u00e9s a DEM\u00c1B vezet\u0151je (Prof. Dr. Furka Istv\u00e1n, Dsc) \u00edrja al\u00e1.<\/p> <p>A 80-\u00f3r\u00e1s PhD-t\u00e1rgy \u00e9s C-szint\u0171 FELASA-ekvivalens kurzus el\u0151ad\u00f3i (a tematika sorrendj\u00e9ben)<\/p> <p>Az int\u00e9zet el\u0151ad\u00f3i: Prof. Dr. Fekete S\u00e1ndor Gy\u00f6rgy, az MTA doktora, Prof. Dr. Szab\u00f3 J\u00f3zsef Zsigmond, az MTA doktora, Prof. Dr. Z\u00f6ld\u00e1g L\u00e1szl\u00f3, az MTA doktora, habil. Prof. Dr. Hull\u00e1r Istv\u00e1n, CSc, Dr. Bers\u00e9nyi Andr\u00e1s, PhD, n\u00e9hai Dr. Cs\u00e1ky Istv\u00e1n, PhD, habil. Prof. Dr. Cenkv\u00e1ri \u00c9va, CSc, Dr. habil. Prof. G\u00e1sp\u00e1rdy Andr\u00e1s, PhD.<\/p> <p>Rendszeresen megh\u00edvott vend\u00e9gel\u0151ad\u00f3k: Prof. Dr. Falus Andr\u00e1s, az MTA tagja, Prof. Dr. Nagy B\u00e9la, az MTA tagja, Prof. Dr. S\u00f3tonyi P\u00e9ter, CSc, Prof. Dr. Fodor J\u00e1nos, az MTA doktora, n\u00e9hai Prof. Dr. Rudas P\u00e9ter, az MTA doktora, Prof. Dr. Freny\u00f3 V. L\u00e1szl\u00f3, PhD, Prof. Dr. Semj\u00e9n G\u00e1bor, CSc, Prof. Dr. G\u00e1lfi P\u00e9ter, DSc, Dr. Baska Ferenc, CSc, Prof. Dr. V\u00e1rnagy L\u00e1szl\u00f3, az MTA doktora, Prof. Dr. Sebest\u00e9ny Andor, DSc, Prof. Dr. Fodor L\u00e1szl\u00f3, PhD, Prof. Dr. Budai P\u00e9ter, PhD, Prof. Dr. Furka Istv\u00e1n, az MTA doktora, Prof. Dr. Mik\u00f3 Ir\u00e9n, DSc, Dr. Gl\u00e1vits R\u00f3bert, PhD, patol\u00f3gus szak\u00e9rt\u0151, Dr. N\u00e9met L\u00e1szl\u00f3, nemzetk\u00f6zi histopatol\u00f3gus szak\u00e9rt\u0151, Dr. Albert Mih\u00e1ly, PhD, Dr. Benyeda J\u00e1nos, Prophyl Kft. tudom\u00e1nyos ig., Dr. G\u00f3cza Elen, PhD, N\u00e1dudvari Imre, Grosz Ferenc, Dr. Ecsedi G\u00e1bor, CSc, Dr. Szak\u00e1ll Istv\u00e1n, PhD, Dr. Beregi Attila, PhD, Dr. Paz\u00e1r P\u00e9ter, Dr. Bogn\u00e1r G\u00e1bor, Prof. Dr. Dinny\u00e9s Andr\u00e1s, az MTA doktora, Dr. Fodor Kinga, PhD, Prof. Dr. Visnyei L\u00e1szl\u00f3, PhD, Dr. Csik\u00f3 Gy\u00f6rgy, PhD, Dr. Lehel J\u00f3zsef, CSc, Dr. Balogh Emese, PhD, Erd\u00e9lyi Ferenc, PhD, Dr. Gyerty\u00e1n Istv\u00e1n, PhD.<\/p> <p>2007-ben Dr. Fodor L\u00e1szl\u00f3 professzor, d\u00e9k\u00e1n t\u00e1mogat\u00e1s\u00e1ra Fekete professzor kialak\u00edtotta az EU \u00e1llatorvosk\u00e9pz\u0151 fakult\u00e1saival CV-j\u00e9be illeszked\u0151 \u00e9s azzal egyen\u00e9rt\u00e9k\u0171 15 \u00f3ra elm\u00e9letb\u0151l \u00e9s 8 \u00f3ra gyakorlatb\u00f3l \u00e1ll\u00f3 \u201eLabor\u00e1llat-tudom\u00e1ny \u00e9s bioetika\u201d c\u00edm\u0171 \u201eA\u201d-jel\u0171 k\u00f6telez\u0151 gradu\u00e1lis \u00e1llatorvosi t\u00e1rgyat, amelynek helye a 8 szemeszterben van. A hallgat\u00f3knak \u00e9v k\u00f6zben egy bioetikai essz\u00e9t kell \u00edrni, majd a t\u00e1rgy sz\u00f3beli vizsg\u00e1val z\u00e1rul. A t\u00e1rgy felel\u0151se, a vizsg\u00e1ztat\u00f3 \u00e9s a t\u00e9mak\u00f6r\u00f6k t\u00falnyom\u00f3 r\u00e9sz\u00e9nek el\u0151ad\u00f3ja Prof. Dr. Fekete S\u00e1ndor Gy\u00f6rgy, \u00e1llathigi\u00e9nikus szak\u00e1llatorvos, a mez\u0151gazdas\u00e1gtudom\u00e1ny kandid\u00e1tusa \u00e9s az MTA \u00e1llatorvosdoktora, de bekapcsol\u00f3dik az oktat\u00e1sba Prof. Dr. Fodor L\u00e1szl\u00f3, az \u00e1o. tud. kandid\u00e1tusa (zoon\u00f3zisok), Dr. Bers\u00e9nyi Andr\u00e1s, PhD (gyakorlati bemutat\u00f3, alkalmazott eg\u00e9ranat\u00f3mia, zool\u00f3gia-I.), habil. Prof. Dr. G\u00e1sp\u00e1rdy Andr\u00e1s, PhD (genetika) \u00e9s habil. Prof. Dr. Cenkv\u00e1ri \u00c9va, PhD (zool\u00f3gia-II.).<\/p> <p>Fakultat\u00edv t\u00e1rgyk\u00e9nt (15 \u00f3ra elm\u00e9let) a 4. szemeszter n\u00e9met nyelv\u0171 hallgat\u00f3knak is minden \u00e9vben meghirdeti \u00e9s n\u00e9met\u00fcl megtartja a labor\u00e1llat-tudom\u00e1ny (\u201eVersuchstierkunde\u201d) el\u0151ad\u00e1sait Dr. Fekete S\u00e1ndor Gy\u00f6rgy professzor. A vizsg\u00e1t egy szakmai t\u00e9ma \u00edr\u00e1sos kidolgoz\u00e1sa jelenti.<\/p> <p>Ig\u00e9ny szerint, megkeres\u00e9sre a Labor\u00e1llat-tudom\u00e1nyi Tansz\u00e9k &#8211; a magyar Labor\u00e1llattudom\u00e1nyi T\u00e1rsas\u00e1ggal (LTT, a FELASA tagja) &#8211; kihelyezett \u201eB\u201d-szint\u0171 FELASA-ekvivalens tanfolyamokat is szervez.<\/p> <p><img loading=\"lazy\" decoding=\"async\" class=\"alignright\" src=\"https:\/\/univet.hu\/wp-content\/uploads\/2020\/01\/Kinga-1.jpg\" width=\"189\" height=\"284\" \/>2018-ban Csatlakozik az Oszt\u00e1lyhoz <strong><a href=\"https:\/\/univet.hu\/hu\/egyetem\/munkatarsak\/fodor-kinga\/\">Dr. Fodor Kinga<\/a>,<\/strong> aki az \u00c1llatv\u00e9delem tant\u00e1rggyal eg\u00e9sz\u00edti ki a k\u00f6telez\u0151 tant\u00e1rgyak sor\u00e1t.<\/p> <p>2021-ben Prof Dr. Fekete S\u00e1ndor Gy\u00f6rgy emeritusi kinevez\u00e9se ut\u00e1n Dr. Fodor Kinga lesz a Labor\u00e1llat- tudom\u00e1ny \u00e9s Bioetika tant\u00e1rgy tant\u00e1rgyfelel\u0151se.<\/p> <p>2022-ben az\u00a0 \u00c1llatteny\u00e9szt\u00e9si, Takarm\u00e1nyoz\u00e1stani \u00e9s Labor\u00e1llat-tudom\u00e1nyi Int\u00e9zett\u00e9 v\u00e1l\u00e1sa sor\u00e1n az Oszt\u00e1ly Tansz\u00e9kk\u00e9nt m\u0171k\u00f6dik tov\u00e1bb Dr. Fodor Kinga vezet\u00e9s\u00e9vel.<\/p> <\/div>","protected":false},"excerpt":{"rendered":"<p>Bemutatkoz\u00e1s &nbsp; Az egys\u00e9g t\u00f6rt\u00e9nete &nbsp; 1987-ben Dr. Fekete S\u00e1ndor Gy\u00f6rgy, Vet\u00e9si Ferenc professzor, oktat\u00e1si rektorhelyettes t\u00e1mogat\u00e1s\u00e1val kidolgozta a tanmenet\u00e9t \u00e9s elind\u00edtott egy fakultat\u00edv t\u00e1rgyat \u201eK\u00eds\u00e9rlettervez\u00e9s\u201d c\u00edmmel, 15 \u00f3ra f\u00e9l\u00e9venk\u00e9nti \u00f3rasz\u00e1mmal. A tant\u00e1rgy nemcsak k\u00eds\u00e9rlettervez\u00e9ssel foglalkozott, hanem bioetik\u00e1val, illetve a tudom\u00e1nyos k\u00f6zlem\u00e9nyek meg\u00edr\u00e1s\u00e1nak k\u00e9rd\u00e9seivel is. A t\u00e1rgy \u00edr\u00e1sbeli vizsg\u00e1val z\u00e1rult. 1991-ben a tant\u00e1rgy kib\u0151v\u00edtett v\u00e1ltozata<\/p>\n","protected":false},"author":3837,"featured_media":0,"parent":3298,"menu_order":172,"comment_status":"closed","ping_status":"closed","template":"","meta":{"_acf_changed":false,"footnotes":""},"categories":[58],"tags":[],"class_list":["post-3358","page","type-page","status-publish","hentry","category-szervezeti-egysegek"],"acf":[],"_links":{"self":[{"href":"https:\/\/univet.hu\/hu\/wp-json\/wp\/v2\/pages\/3358","targetHints":{"allow":["GET"]}}],"collection":[{"href":"https:\/\/univet.hu\/hu\/wp-json\/wp\/v2\/pages"}],"about":[{"href":"https:\/\/univet.hu\/hu\/wp-json\/wp\/v2\/types\/page"}],"author":[{"embeddable":true,"href":"https:\/\/univet.hu\/hu\/wp-json\/wp\/v2\/users\/3837"}],"replies":[{"embeddable":true,"href":"https:\/\/univet.hu\/hu\/wp-json\/wp\/v2\/comments?post=3358"}],"version-history":[{"count":3,"href":"https:\/\/univet.hu\/hu\/wp-json\/wp\/v2\/pages\/3358\/revisions"}],"predecessor-version":[{"id":199092,"href":"https:\/\/univet.hu\/hu\/wp-json\/wp\/v2\/pages\/3358\/revisions\/199092"}],"up":[{"embeddable":true,"href":"https:\/\/univet.hu\/hu\/wp-json\/wp\/v2\/pages\/3298"}],"wp:attachment":[{"href":"https:\/\/univet.hu\/hu\/wp-json\/wp\/v2\/media?parent=3358"}],"wp:term":[{"taxonomy":"category","embeddable":true,"href":"https:\/\/univet.hu\/hu\/wp-json\/wp\/v2\/categories?post=3358"},{"taxonomy":"post_tag","embeddable":true,"href":"https:\/\/univet.hu\/hu\/wp-json\/wp\/v2\/tags?post=3358"}],"curies":[{"name":"wp","href":"https:\/\/api.w.org\/{rel}","templated":true}]}}