{"id":3365,"date":"2017-07-07T08:41:00","date_gmt":"2017-07-07T06:41:00","guid":{"rendered":"http:\/\/univet.hu\/egyetem\/szervezeti-egysegek\/novenytani-tanszek\/"},"modified":"2026-02-10T03:45:25","modified_gmt":"2026-02-10T02:45:25","slug":"novenytani-tanszek","status":"publish","type":"page","link":"https:\/\/univet.hu\/hu\/egyetem\/szervezeti-egysegek\/novenytani-tanszek\/","title":{"rendered":"N\u00f6v\u00e9nytani Tansz\u00e9k"},"content":{"rendered":"<p><a href=\"https:\/\/univet.hu\/wp-content\/uploads\/2025\/07\/Judit_tulip_kis-e1751528852963.jpg\"><img loading=\"lazy\" decoding=\"async\" class=\"aligncenter wp-image-187676 size-thumbnail\" src=\"https:\/\/univet.hu\/wp-content\/uploads\/2025\/07\/Judit_tulip_kis-320x320.jpg\" alt=\"\" width=\"320\" height=\"320\" \/><\/a><\/p> <p>Friss\u00edtve: 2025.09.15.<\/p>","protected":false},"excerpt":{"rendered":"<p>Friss\u00edtve: 2025.09.15.<\/p>\n","protected":false},"author":3837,"featured_media":0,"parent":861,"menu_order":172,"comment_status":"closed","ping_status":"closed","template":"","meta":{"_acf_changed":false,"footnotes":""},"categories":[58],"tags":[],"class_list":["post-3365","page","type-page","status-publish","hentry","category-szervezeti-egysegek"],"acf":[],"_links":{"self":[{"href":"https:\/\/univet.hu\/hu\/wp-json\/wp\/v2\/pages\/3365","targetHints":{"allow":["GET"]}}],"collection":[{"href":"https:\/\/univet.hu\/hu\/wp-json\/wp\/v2\/pages"}],"about":[{"href":"https:\/\/univet.hu\/hu\/wp-json\/wp\/v2\/types\/page"}],"author":[{"embeddable":true,"href":"https:\/\/univet.hu\/hu\/wp-json\/wp\/v2\/users\/3837"}],"replies":[{"embeddable":true,"href":"https:\/\/univet.hu\/hu\/wp-json\/wp\/v2\/comments?post=3365"}],"version-history":[{"count":6,"href":"https:\/\/univet.hu\/hu\/wp-json\/wp\/v2\/pages\/3365\/revisions"}],"predecessor-version":[{"id":199061,"href":"https:\/\/univet.hu\/hu\/wp-json\/wp\/v2\/pages\/3365\/revisions\/199061"}],"up":[{"embeddable":true,"href":"https:\/\/univet.hu\/hu\/wp-json\/wp\/v2\/pages\/861"}],"wp:attachment":[{"href":"https:\/\/univet.hu\/hu\/wp-json\/wp\/v2\/media?parent=3365"}],"wp:term":[{"taxonomy":"category","embeddable":true,"href":"https:\/\/univet.hu\/hu\/wp-json\/wp\/v2\/categories?post=3365"},{"taxonomy":"post_tag","embeddable":true,"href":"https:\/\/univet.hu\/hu\/wp-json\/wp\/v2\/tags?post=3365"}],"curies":[{"name":"wp","href":"https:\/\/api.w.org\/{rel}","templated":true}]}}