{"id":3374,"date":"2018-04-05T15:31:00","date_gmt":"2018-04-05T13:31:00","guid":{"rendered":"http:\/\/univet.hu\/egyetem\/szervezeti-egysegek\/patologiai-tanszek\/"},"modified":"2026-03-19T12:07:55","modified_gmt":"2026-03-19T11:07:55","slug":"patologiai-tanszek","status":"publish","type":"page","link":"https:\/\/univet.hu\/hu\/egyetem\/szervezeti-egysegek\/patologiai-tanszek\/","title":{"rendered":"Patol\u00f3giai Tansz\u00e9k"},"content":{"rendered":"<h2>A Patol\u00f3giai tansz\u00e9k k\u00f6zelm\u00faltja<\/h2> <p>Vet\u00e9si Ferenc 16 \u00e9ven \u00e1t, 2001-ig vezette a tansz\u00e9ket, majd\u00a02006-t\u00f3l 2021-ben bek\u00f6vetkezett hal\u00e1l\u00e1ig Professor Emeritusk\u00e9nt tev\u00e9kenykedett. 2019-ben \u00c9letfa d\u00edjat vehetett \u00e1t az egyetemi Diplomaoszt\u00f3 \u00fcnneps\u00e9gen. Vet\u00e9si professzort Rusvai Mikl\u00f3s k\u00f6vette, aki el\u0151tte a J\u00e1rv\u00e1nytani \u00e9s Mikrobiol\u00f3giai Tansz\u00e9k munkat\u00e1rsa volt.\u00a0Rusvai Mikl\u00f3s 2002-ben lett az egys\u00e9g vezet\u0151je, 2015-ig dolgozott a tansz\u00e9ken, \u00e9s az\u00f3ta is akt\u00edvan seg\u00edti a patol\u00f3giai oktat\u00f3- \u00e9s kutat\u00f3munk\u00e1t. (\u0150t Baska Ferenc k\u00f6vette, aki nem t\u00f6lt\u00f6tt ki egy teljes tansz\u00e9kvezet\u0151i ciklust sem, mert k\u00e9t \u00e9v ut\u00e1n lev\u00e1ltott\u00e1k a tansz\u00e9k \u00e9l\u00e9r\u0151l.)<\/p> <p>2018. janu\u00e1r 1-t\u0151l az \u00c1llatorvostudom\u00e1nyi Egyetem t\u00f6rt\u00e9net\u00e9nek els\u0151 n\u0151i tansz\u00e9kvezet\u0151je a Patol\u00f3giai Tansz\u00e9ken M\u00e1ndoki M\u00edra.<\/p> <h2>Az egys\u00e9g t\u00f6rt\u00e9nete<\/h2> <div> <p>Haz\u00e1nkban az \u00e1llatok betegs\u00e9geinek kutat\u00e1s\u00e1hoz az alapot a budapesti egyetemen Tolnay S\u00e1ndor (1748-1818) vezet\u00e9s\u00e9vel az 1787-ben fel\u00e1ll\u00edt\u00e1sra ker\u00fclt \u00e1llatgy\u00f3gy\u00e1szati tansz\u00e9k vetette meg, amelyb\u0151l &#8211; sok k\u00f6ztes \u00e1llom\u00e1s ut\u00e1n &#8211; az \u00c1llatorvostudom\u00e1nyi Egyetem elnevez\u00e9s\u0171 int\u00e9zm\u00e9ny alakult ki. Kezdetben a k\u00f3rbonctan \u00f6n\u00e1ll\u00f3 t\u00e1rgyk\u00e9nt nem szerepelt, de m\u00e1r Tolnay S\u00e1ndor idej\u00e9ben a hallgat\u00f3k minden hull\u00e1t a klinikai \u00e9s a bonctani tan\u00e1r jelenl\u00e9t\u00e9ben felboncoltak. Az 1850-es \u00e9vek t\u00e1j\u00e1n Galambos M\u00e1rton (1820-1872) orvosdoktor, \u00e1llatorvos volt az els\u0151, aki \u00f6n\u00e1ll\u00f3 st\u00fadium keret\u00e9ben oktatta a k\u00f3rbonctant \u00e9s k\u00f3rbonctani jegyzetet is k\u00e9sz\u00edtett. Sokat foglalkozott az akkoriban igen nagy jelent\u0151s\u00e9g\u0171 keleti marhav\u00e9sz k\u00f3rtan\u00e1val. A szabads\u00e1gharc alatt tan\u00fas\u00edtott hazafias magatart\u00e1sa miatt a korm\u00e1nyzat 1853-1856-ig a tan\u00e1ri m\u0171k\u00f6d\u00e9st\u0151l eltiltotta. Ez id\u0151 alatt \u00e1tmenetileg Kudlik Ferenc oktatta a k\u00f3rbonctant. Galambos M\u00e1rton hal\u00e1la ut\u00e1n r\u00f6vid ideig Zlam\u00e1l Vilmos \u00e9s Szab\u00f3 Alajos volt a k\u00f3rbonctan el\u0151ad\u00f3ja. 1874-ben Czak\u00f3 K\u00e1lm\u00e1n (1843-1895) orvosdoktor vette \u00e1t Galambos \u00f6r\u00f6k\u00e9t. Czak\u00f3 a kolozsv\u00e1ri \u00e9s a budapesti orvostudom\u00e1nyi egyetemen szerzett k\u00f3rbonctani ismereteit 2 \u00e9ves k\u00fclf\u00f6ldi tanulm\u00e1ny\u00fattal gazdag\u00edtva, modern tudom\u00e1nyos alapon tan\u00edtotta int\u00e9zm\u00e9ny\u00fcnkben az \u00e1llatorvosi k\u00f3rbonctant. Czak\u00f3 K\u00e1lm\u00e1n ut\u00e1n r\u00f6vid ideig Hutyra Ferenc (1860-1934) adta el\u0151 a k\u00f3rbonctant, majd 1889 \u0151sz\u00e9n R\u00e1tz Istv\u00e1n (1860-1917) orvosdoktor, \u00e1llatorvos vette \u00e1t a tansz\u00e9k vezet\u00e9s\u00e9t. R\u00e1tz Istv\u00e1n el\u0151k\u00e9pzetts\u00e9g\u00e9t kit\u0171n\u0151 hazai orvos kutat\u00f3k mellett szerezte, amelyet k\u00fclf\u00f6ldi tanulm\u00e1ny\u00faton B\u00e9csben illetve Virchow el\u0151ad\u00e1sait hallgatva Berlinben eg\u00e9sz\u00edtett ki. Olyan k\u00f3rbonctani int\u00e9zetet alak\u00edtott ki, amelyben sz\u00e9les mederben indulhatott meg mind az oktat\u00e1s, mind pedig a tudom\u00e1nyos kutat\u00e1s. Kiterjedt irodalmi munk\u00e1ss\u00e1ga bel- \u00e9s k\u00fclf\u00f6ld\u00f6n egyar\u00e1nt nagy elismer\u00e9st szerzett sz\u00e1m\u00e1ra. 1903-ban a Magyar Tudom\u00e1nyos Akad\u00e9mia levelez\u0151 tagj\u00e1v\u00e1 v\u00e1lasztott\u00e1k. Hal\u00e1la ut\u00e1n J\u00e1rmai K\u00e1roly (1887-1941) \u00e1llatorvosdoktor kapott megb\u00edz\u00e1st a tansz\u00e9k ir\u00e1ny\u00edt\u00e1s\u00e1ra. Sikeresen fejlesztette tov\u00e1bb az \u00e1llatorvosi k\u00f3rbonctant, \u00e9s mint annak kiv\u00e1l\u00f3 oktat\u00f3ja \u00e9s m\u0171vel\u0151je, k\u00fcl\u00f6n\u00f6sen a leuk\u00f3zis tanulm\u00e1nyaival tette k\u00fclf\u00f6ld\u00f6n is ismertt\u00e9 a nev\u00e9t. \u00c1ltal\u00e1nos k\u00f3rtan \u00e9s r\u00e9szletes k\u00f3rbonctan k\u00f6nyvet \u00edrt a hallgat\u00f3knak. A k\u00f3rbonctani tansz\u00e9k vezet\u00e9s\u00e9t J\u00e1rmai hal\u00e1la ut\u00e1n 1941-ben S\u00e1lyi Gyula (1903-1970) \u00e1llatorvosdoktor vette \u00e1t. Eredm\u00e9nyekben gazdag munk\u00e1ss\u00e1ga az \u00e1llatorvos-tudom\u00e1ny legels\u0151 m\u0171vel\u0151i k\u00f6z\u00e9 emeli. Kiv\u00e1l\u00f3 pedag\u00f3giai \u00e9rz\u00e9kkel meg\u00edrt k\u00f3rbonctani k\u00e9zik\u00f6nyvei k\u00fcl\u00f6n nagy elismer\u00e9st v\u00edvtak ki sz\u00e1m\u00e1ra. \u00c9rdemei elismer\u00e9s\u00e9\u00fcl a Magyar Tudom\u00e1nyos Akad\u00e9mia 1962-ben levelez\u0151 tagj\u00e1v\u00e1 v\u00e1lasztotta, \u00e9s m\u00e1r kor\u00e1bban, 1955-ben Kossuth-d\u00edjat kapott. Nyugalomba vonul\u00e1sa ut\u00e1n, 1965-ben Kardev\u00e1n Andor (1925-2015) lett a tansz\u00e9k vezet\u0151je, aki munk\u00e1ss\u00e1g\u00e1t az oktat\u00e1snak szentelte. Nagy hangs\u00falyt fektetett a k\u00f3rbonctani nyelvezet pontoss\u00e1g\u00e1nak, \u00e9rthet\u0151s\u00e9g\u00e9nek meg\u00f3v\u00e1s\u00e1ra. Az \u00e1ltala k\u00e9sz\u00edtett tank\u00f6nyvek k\u00e9pezik m\u00e9g ma is a k\u00f3rbonctan oktat\u00e1s\u00e1nak alapj\u00e1t. 1985-ben vonult nyugalomba, akkor vette \u00e1t t\u0151le a tansz\u00e9k ir\u00e1ny\u00edt\u00e1s\u00e1t Vet\u00e9si Ferenc (1935-2021).<\/p> <\/div>","protected":false},"excerpt":{"rendered":"<p>A Patol\u00f3giai tansz\u00e9k k\u00f6zelm\u00faltja Vet\u00e9si Ferenc 16 \u00e9ven \u00e1t, 2001-ig vezette a tansz\u00e9ket, majd\u00a02006-t\u00f3l 2021-ben bek\u00f6vetkezett hal\u00e1l\u00e1ig Professor Emeritusk\u00e9nt tev\u00e9kenykedett. 2019-ben \u00c9letfa d\u00edjat vehetett \u00e1t az egyetemi Diplomaoszt\u00f3 \u00fcnneps\u00e9gen. Vet\u00e9si professzort Rusvai Mikl\u00f3s k\u00f6vette, aki el\u0151tte a J\u00e1rv\u00e1nytani \u00e9s Mikrobiol\u00f3giai Tansz\u00e9k munkat\u00e1rsa volt.\u00a0Rusvai Mikl\u00f3s 2002-ben lett az egys\u00e9g vezet\u0151je, 2015-ig dolgozott a tansz\u00e9ken, \u00e9s az\u00f3ta<\/p>\n","protected":false},"author":3837,"featured_media":0,"parent":861,"menu_order":172,"comment_status":"closed","ping_status":"closed","template":"","meta":{"_acf_changed":false,"footnotes":""},"categories":[58],"tags":[],"class_list":["post-3374","page","type-page","status-publish","hentry","category-szervezeti-egysegek"],"acf":[],"_links":{"self":[{"href":"https:\/\/univet.hu\/hu\/wp-json\/wp\/v2\/pages\/3374","targetHints":{"allow":["GET"]}}],"collection":[{"href":"https:\/\/univet.hu\/hu\/wp-json\/wp\/v2\/pages"}],"about":[{"href":"https:\/\/univet.hu\/hu\/wp-json\/wp\/v2\/types\/page"}],"author":[{"embeddable":true,"href":"https:\/\/univet.hu\/hu\/wp-json\/wp\/v2\/users\/3837"}],"replies":[{"embeddable":true,"href":"https:\/\/univet.hu\/hu\/wp-json\/wp\/v2\/comments?post=3374"}],"version-history":[{"count":2,"href":"https:\/\/univet.hu\/hu\/wp-json\/wp\/v2\/pages\/3374\/revisions"}],"predecessor-version":[{"id":199063,"href":"https:\/\/univet.hu\/hu\/wp-json\/wp\/v2\/pages\/3374\/revisions\/199063"}],"up":[{"embeddable":true,"href":"https:\/\/univet.hu\/hu\/wp-json\/wp\/v2\/pages\/861"}],"wp:attachment":[{"href":"https:\/\/univet.hu\/hu\/wp-json\/wp\/v2\/media?parent=3374"}],"wp:term":[{"taxonomy":"category","embeddable":true,"href":"https:\/\/univet.hu\/hu\/wp-json\/wp\/v2\/categories?post=3374"},{"taxonomy":"post_tag","embeddable":true,"href":"https:\/\/univet.hu\/hu\/wp-json\/wp\/v2\/tags?post=3374"}],"curies":[{"name":"wp","href":"https:\/\/api.w.org\/{rel}","templated":true}]}}