{"id":3378,"date":"2017-12-19T00:27:00","date_gmt":"2017-12-18T23:27:00","guid":{"rendered":"http:\/\/univet.hu\/egyetem\/szervezeti-egysegek\/sebeszeti-es-szemeszeti-tanszek-es-klinika\/"},"modified":"2026-02-10T03:45:28","modified_gmt":"2026-02-10T02:45:28","slug":"sebeszeti-tanszek","status":"publish","type":"page","link":"https:\/\/univet.hu\/hu\/egyetem\/szervezeti-egysegek\/sebeszeti-tanszek\/","title":{"rendered":"Seb\u00e9szeti Tansz\u00e9k"},"content":{"rendered":"<h2>Az egys\u00e9g t\u00f6rt\u00e9nete<\/h2> <div> <p>II. J\u00f3zsef 1786. december 12-\u00e9n kelt rendelete a pesti egyetemen \u00e1llatgy\u00f3gy\u00e1szati tansz\u00e9k szervez\u00e9s\u00e9t mondta ki, amely int\u00e9zm\u00e9nyben megkezd\u0151dhetett a seb\u00e9szet oktat\u00e1sa. Az egyetem orvostan- \u00e9s seb\u00e9sz hallgat\u00f3i a k\u00f6telez\u0151 tant\u00e1rgyak k\u00f6z\u00f6tt m\u00e1r tanultak seb\u00e9szeti k\u00f3rtant, klinikai seb\u00e9szetet, m\u0171t\u00e9ttant, m\u0171szer- \u00e9s k\u00f6tszertant. A tananyaghoz j\u00e1rult hozz\u00e1 az \u00fajonnan bevezetett \u00e1llatorvostan, Tolnay S\u00e1ndor professzor speci\u00e1lis \u00e1llatseb\u00e9szeti ismereteivel, Wolstein b\u00e9csi professzor k\u00f6nyvei alapj\u00e1n. Abban az id\u0151ben az \u00e1llatorvosi seb\u00e9szet messze a hum\u00e1n seb\u00e9szet ut\u00e1n k\u00f6vetkezett fontoss\u00e1g\u00e1t tekintve. \u00c9rz\u00e9kelhet\u0151 fejl\u0151d\u00e9st a seb\u00e9szet oktat\u00e1s\u00e1ban Zlam\u00e1l Vilmos \u00e9rt el (1803-1886) felismerve az \u00e1llatorvosi seb\u00e9szet mint \u00f6n\u00e1ll\u00f3 tant\u00e1rgy fontoss\u00e1g\u00e1t, az egy\u00e9b kapcsol\u00f3d\u00f3 disciplin\u00e1k k\u00f6z\u00f6tt. A seb\u00e9szet els\u0151 kinevezett tan\u00e1ra Varga Ferenc orvosdoktor volt, aki egyben a magyar operat\u00edv seb\u00e9szeti m\u0171t\u00e9ttan megteremt\u0151j\u00e9nek, Balassa professzornak az asszisztense is volt. 1870-ben alap\u00edtott\u00e1k meg a k\u00fcl\u00f6n\u00f6s seb\u00e9szeti \u00e9s m\u0171t\u00e9ti tansz\u00e9ket, amelyet a jelenlegi Rottenbiller utcai \u00e9p\u00fcletben helyeztek el. Pl\u00f3sz B\u00e9la professzor idej\u00e9ben ker\u00fclt teljes \u00e1tdolgoz\u00e1sra \u00e9s \u00fajraszervez\u00e9sre a tansz\u00e9k, amikor is a seb\u00e9szi aszepszis \u00e9s m\u0171t\u00e9ttan felt\u00e9telei megteremt\u00e9sre ker\u00fcltek. Pl\u00f3sz professzor mind a hasi, mind az ortop\u00e9d seb\u00e9szet kimagasl\u00f3 egy\u00e9nis\u00e9g\u00e9v\u00e9 v\u00e1lt a l\u00f3seb\u00e9szet ter\u00e9n. A k\u00f6vetkez\u0151 tansz\u00e9kvezet\u0151 Berr\u00e1r Mih\u00e1ly (1884-1929), az \u00e1llatorvosi seb\u00e9szet \u00e9s szem\u00e9szet nemzetk\u00f6zileg elfogadott szakembere lett. A tansz\u00e9k radiol\u00f3giai oszt\u00e1ly\u00e1t Guoth Gy. Endre alap\u00edtotta 1929-ben. K\u00f3m\u00e1r Gyula, majd B. Kov\u00e1cs Andr\u00e1s nev\u00e9hez f\u0171z\u0151dik a lovak \u00e9s szarvasmarh\u00e1k hasi- \u00e9s l\u00e1bv\u00e9gseb\u00e9szet\u00e9nek megalap\u00edt\u00e1sa. Tam\u00e1s L\u00e1szl\u00f3 professzor fejlesztette tov\u00e1bb a l\u00f3seb\u00e9szetet 1981-1989 k\u00f6z\u00f6tt, majd T\u00f3th J\u00f3zsef professzor vezet\u00e9se alatt \u00fajult meg \u00e9s moderniz\u00e1l\u00f3dott a tansz\u00e9k, egy val\u00f3ban eur\u00f3pai sz\u00ednvonal\u00fa int\u00e9zm\u00e9nny\u00e9 n\u0151ve ki mag\u00e1t mind nagy\u00e1llat (majd 1980-as \u00e9vek v\u00e9g\u00e9t\u0151l) mind a kis\u00e1llat seb\u00e9szet ter\u00fclet\u00e9n, eszk\u00f6z \u00e9s m\u0171szerig\u00e9ny\u00e9t, valamint a szakmai munk\u00e1t tekintve egyar\u00e1nt. T\u00f3th professzor k\u00fclf\u00f6ldre t\u00e1voz\u00e1sa ut\u00e1n Tam\u00e1s prpfesszor, majd Felkai Ferenc egyetemi docens vezett\u00e9k a tansz\u00e9ket kur\u00e1tori poz\u00edci\u00f3ban. 2005-t\u0151l N\u00e9meth Tibor egyetemi docenst nevezt\u00e9k ki a tansz\u00e9k vezet\u0151j\u00e9v\u00e9.<\/p> <p><strong>A tansz\u00e9k fel\u00e9p\u00edt\u00e9se, egys\u00e9gei<\/strong><\/p> <p>A Seb\u00e9szeti \u00e9s Szem\u00e9szeti Tansz\u00e9k kor\u00e1bban egys\u00e9ges szerkezete 2001 \u00f3ta megv\u00e1ltozott, amikor az \u00dcll\u0151i Nagy\u00e1llatklinik\u00e1t megnyitott\u00e1k, ahol oktat\u00e1si szempontb\u00f3l a tansz\u00e9khez tartoz\u00f3 nagy\u00e1llatseb\u00e9szeti egys\u00e9g kezdte m\u0171k\u00f6d\u00e9s\u00e9t a kor\u00e1bban az Istv\u00e1n utc\u00e1ban dolgoz\u00f3 oktat\u00f3kkal. A Kis\u00e1llat-seb\u00e9szeti egys\u00e9g t\u00f6bb r\u00e9szre oszlik. Az 1995-ben \u00fajj\u00e1\u00e9p\u00edtett Seb\u00e9szeti Ambulancia mintegy 5-6000 beteget fogad \u00e9vente, amelyhez h\u00e1rom seb\u00e9szeti kezel\u0151 mellett egy baleseti kezel\u0151 is tartozik A Csont- \u00e9s iz\u00fcletseb\u00e9szeti m\u0171t\u0151 , a m\u00e1r rutinnak sz\u00e1m\u00edt\u00f3 beavatkoz\u00e1sok mellett, speci\u00e1lis ortop\u00e9diai m\u0171t\u00e9tek (teljes cs\u00edp\u0151iz\u00fcleti prot\u00e9zis, TPLO m\u0171t\u00e9t, artroszk\u00f3pia), valamint gerincm\u0171t\u00e9tek elv\u00e9gz\u00e9s\u00e9re is alkalmas. A L\u00e1gyszervi m\u0171t\u0151blokkban az egyszer\u0171bb seb\u00e9szeti beavatkoz\u00e1sok mellett a hasi \u00e9s mellkasi m\u0171t\u00e9tek teljes sk\u00e1l\u00e1ja, onkol\u00f3giai \u00e9s plasztikai beavatkoz\u00e1sok is megtal\u00e1lhat\u00f3k a m\u0171t\u00e9ti reperto\u00e1rban. Az \u00e9ves m\u0171t\u00e9ti sz\u00e1m a k\u00e9t kis\u00e1llat-m\u0171t\u0151ben 2500 k\u00f6r\u00fcl mozog. A m\u0171t\u0151kben a sz\u00ednvonalas aneszteziol\u00f3gia h\u00e1tt\u00e9ret k\u00e9pzett beosztott aneszteziol\u00f3gusb\u00f3l \u00e9s demonstr\u00e1tor ill. \u00fcgyeletes hallgat\u00f3kb\u00f3l \u00e1ll\u00f3 team, altat\u00f3- \u00e9s l\u00e9legeztet\u0151g\u00e9pek, modern monitoring rendszer (pulzoxim\u00e9ter, kapnogr\u00e1f) biztos\u00edtja. A kis\u00e1llat-seb\u00e9szeti egys\u00e9ghez tartozik a kis\u00e1llat-k\u00f3rh\u00e1z, mely a k\u00f3rh\u00e1zi kezel\u00e9st ig\u00e9nyl\u0151 betegek elhelyez\u00e9s\u00e9re \u00e9s megfigyel\u00e9s\u00e9re szolg\u00e1l. A Seb\u00e9szeti Klinika Radiol\u00f3giai Oszt\u00e1lya \u00e9vi 4000 beteggel valamennyi egyetemi klinika r\u00f6ntgen- \u00e9s CT vizsg\u00e1lati ig\u00e9ny\u00e9t kiel\u00e9g\u00edti.<\/p> <p><strong>Klinikai nyitvatart\u00e1s<\/strong><\/p> <p>A Kis\u00e1llatklinika h\u00e9tk\u00f6znapreggel 9 \u00f3r\u00e1t\u00f3l d\u00e9lut\u00e1n 16 \u00f3r\u00e1ig \u00e1ltal\u00e1nos \u00e9s diszcipl\u00edn\u00e1k szerinti teljes k\u00f6r\u0171 szakell\u00e1t\u00e1st ny\u00fajt. Reggel 8 \u00e9s 9 \u00f3ra (vizitek ideje), valamint d\u00e9lut\u00e1n 16 \u00e9s este 20 \u00f3ra k\u00f6z\u00f6tt, tov\u00e1bb\u00e1 h\u00e9tv\u00e9g\u00e9n \u00e9s \u00fcnnepnapon reggel 9 \u00e9s este 20 \u00f3ra k\u00f6z\u00f6tt belgy\u00f3gy\u00e1szati, seb\u00e9szeti \u00e9s sz\u00fcl\u00e9szeti \u00fcgyeletet tartunk bejelentett vagy s\u00fcrg\u0151ss\u00e9ggel \u00e9rkez\u0151 betegek sz\u00e1m\u00e1ra. Minden nap este 20 \u00f3r\u00e1t\u00f3l reggel 8 \u00f3r\u00e1ig kiz\u00e1r\u00f3lag a bels\u0151, k\u00f3rh\u00e1zi betegeket l\u00e1tjuk el, a k\u00fcls\u0151 betegfelv\u00e9tel sz\u00fcnetel.<\/p> <p>&nbsp;<\/p> <\/div>","protected":false},"excerpt":{"rendered":"<p>Az egys\u00e9g t\u00f6rt\u00e9nete II. J\u00f3zsef 1786. december 12-\u00e9n kelt rendelete a pesti egyetemen \u00e1llatgy\u00f3gy\u00e1szati tansz\u00e9k szervez\u00e9s\u00e9t mondta ki, amely int\u00e9zm\u00e9nyben megkezd\u0151dhetett a seb\u00e9szet oktat\u00e1sa. Az egyetem orvostan- \u00e9s seb\u00e9sz hallgat\u00f3i a k\u00f6telez\u0151 tant\u00e1rgyak k\u00f6z\u00f6tt m\u00e1r tanultak seb\u00e9szeti k\u00f3rtant, klinikai seb\u00e9szetet, m\u0171t\u00e9ttant, m\u0171szer- \u00e9s k\u00f6tszertant. A tananyaghoz j\u00e1rult hozz\u00e1 az \u00fajonnan bevezetett \u00e1llatorvostan, Tolnay S\u00e1ndor professzor<\/p>\n","protected":false},"author":3837,"featured_media":0,"parent":861,"menu_order":172,"comment_status":"closed","ping_status":"closed","template":"","meta":{"_acf_changed":false,"footnotes":""},"categories":[58],"tags":[],"class_list":["post-3378","page","type-page","status-publish","hentry","category-szervezeti-egysegek"],"acf":[],"_links":{"self":[{"href":"https:\/\/univet.hu\/hu\/wp-json\/wp\/v2\/pages\/3378","targetHints":{"allow":["GET"]}}],"collection":[{"href":"https:\/\/univet.hu\/hu\/wp-json\/wp\/v2\/pages"}],"about":[{"href":"https:\/\/univet.hu\/hu\/wp-json\/wp\/v2\/types\/page"}],"author":[{"embeddable":true,"href":"https:\/\/univet.hu\/hu\/wp-json\/wp\/v2\/users\/3837"}],"replies":[{"embeddable":true,"href":"https:\/\/univet.hu\/hu\/wp-json\/wp\/v2\/comments?post=3378"}],"version-history":[{"count":5,"href":"https:\/\/univet.hu\/hu\/wp-json\/wp\/v2\/pages\/3378\/revisions"}],"predecessor-version":[{"id":199066,"href":"https:\/\/univet.hu\/hu\/wp-json\/wp\/v2\/pages\/3378\/revisions\/199066"}],"up":[{"embeddable":true,"href":"https:\/\/univet.hu\/hu\/wp-json\/wp\/v2\/pages\/861"}],"wp:attachment":[{"href":"https:\/\/univet.hu\/hu\/wp-json\/wp\/v2\/media?parent=3378"}],"wp:term":[{"taxonomy":"category","embeddable":true,"href":"https:\/\/univet.hu\/hu\/wp-json\/wp\/v2\/categories?post=3378"},{"taxonomy":"post_tag","embeddable":true,"href":"https:\/\/univet.hu\/hu\/wp-json\/wp\/v2\/tags?post=3378"}],"curies":[{"name":"wp","href":"https:\/\/api.w.org\/{rel}","templated":true}]}}