{"id":3382,"date":"2016-02-27T20:07:00","date_gmt":"2016-02-27T19:07:00","guid":{"rendered":"http:\/\/univet.hu\/egyetem\/szervezeti-egysegek\/szuleszeti-es-szaporodasbiologiai-tanszek-es-klinika\/"},"modified":"2026-03-24T12:02:01","modified_gmt":"2026-03-24T11:02:01","slug":"szuleszeti-es-szaporodasbiologiai-tanszek-es-klinika","status":"publish","type":"page","link":"https:\/\/univet.hu\/hu\/egyetem\/szervezeti-egysegek\/szuleszeti-es-szaporodasbiologiai-tanszek-es-klinika\/","title":{"rendered":"Sz\u00fcl\u00e9szeti Tansz\u00e9k \u00e9s Haszon\u00e1llat-gy\u00f3gy\u00e1szati Klinika"},"content":{"rendered":"<h2>Bemutatkoz\u00e1s<\/h2> <div> <p>A Sz\u00fcl\u00e9szeti Tansz\u00e9k \u00e9s Haszon\u00e1llat-gy\u00f3gy\u00e1szati Klinika tansz\u00e9kvezet\u0151je 2020 \u00f3ta Prof. Dr. R\u00e1tky J\u00f3zsef.<\/p> <p>A tansz\u00e9ken 32 munkat\u00e1rs dolgozik jelenleg.<\/p> <p>A Sz\u00fcl\u00e9szeti Tansz\u00e9k k\u00e9t k\u00f6telez\u0151 tant\u00e1rgyat oktat magyar \u00e9s angol nyelven az \u00e1llatorvos hallgat\u00f3k sz\u00e1m\u00e1ra a IV., illetve V. \u00e9vfolyamon. Az egyik t\u00e1rgy a Szaporod\u00e1sbiol\u00f3gia \u00e9s biotechnol\u00f3gia, a m\u00e1sik a Haszon\u00e1llat-gy\u00f3gy\u00e1szat. Mindk\u00e9t tant\u00e1rgy 3 f\u00e9l\u00e9ven kereszt\u00fcl ker\u00fcl lead\u00e1sra elm\u00e9leti \u00f3r\u00e1k, illetve gyakorlatok, plen\u00e1ris el\u0151ad\u00e1sok form\u00e1j\u00e1ban. A k\u00f6telez\u0151 t\u00e1rgyak mellett sz\u00e1mos fakult\u00e1ci\u00f3t is ind\u00edtanak a Tansz\u00e9k munkat\u00e1rsai (Androl\u00f3gia \u00e9s assziszt\u00e1lt reprodukci\u00f3, Klinikai endokrinol\u00f3gia, \u00c1llatorvosi neonatol\u00f3gia, Hajlamos\u00edt\u00f3 t\u00e9nyez\u0151k hat\u00e1sai a szarvasmarha peripart\u00e1lis id\u0151szak\u00e1ban, Szaporod\u00e1sbiol\u00f3gia \u00e9s assziszt\u00e1lt reprodukci\u00f3s technik\u00e1k nem h\u00e1zias\u00edtott \u00e1llatfajokban, Prec\u00edzi\u00f3s digit\u00e1lis elj\u00e1r\u00e1sok a tej- \u00e9s h\u00fashaszn\u00fa tehen\u00e9szetekben, Kedvtel\u00e9sb\u0151l tartott sert\u00e9sek \u00e9s k\u00e9r\u0151dz\u0151k ell\u00e1t\u00e1sa) ezen k\u00edv\u00fcl a biol\u00f3gus MSc k\u00e9pz\u00e9sben is r\u00e9szt vesznek egy k\u00f6telez\u0151en v\u00e1lasztand\u00f3 tant\u00e1rggyal (Szaporod\u00e1sbiol\u00f3gia, biotechnol\u00f3gia \u00e9s szintetikus biol\u00f3gia).<\/p> <p>A Tansz\u00e9k klinikus \u00e1llatorvosai \u00e9s oktat\u00f3i k\u00e9t klinik\u00e1n dolgoznak, a budapesti campus <a href=\"https:\/\/univet.hu\/hu\/egyetem\/szervezeti-egysegek\/szuleszeti-es-szaporodasbiologiai-tanszek-es-klinika\/szolgaltatasok\/szuleszeti-klinika-kisallatklinika\/\">Kis\u00e1llat Klinika sz\u00fcl\u00e9szet r\u00e9szleg\u00e9n<\/a>, illetve az \u00dcll\u0151n tal\u00e1lhat\u00f3 <a href=\"https:\/\/univet.hu\/hu\/klinikak\/haszonallat\/\">Haszon\u00e1llat-gy\u00f3gy\u00e1szati Klinik\u00e1n<\/a>. Mindk\u00e9t klinik\u00e1n az \u00e1llatorvosi munka mellett \u00e9s azzal szervesen \u00f6sszefon\u00f3dva folyik a hallgat\u00f3k gyakorlati k\u00e9pz\u00e9se. A Tansz\u00e9k oktat\u00e1si tev\u00e9kenys\u00e9g\u00e9hez tartozik a IV. \u00e9ves hallgat\u00f3k Ny\u00e1ri orvosl\u00e1si gyakorlat\u00e1nak szervez\u00e9se, lebonyol\u00edt\u00e1sa.<\/p> <p>A Tansz\u00e9k munkat\u00e1rsai az oktat\u00e1si tev\u00e9kenys\u00e9gen k\u00edv\u00fcl kutat\u00e1ssal is foglalkoznak. Az\u00a0<a href=\"https:\/\/univet.hu\/hu\/kutatas\/kutatocsoportok\/andrologiai-asszisztalt-reprodukcios-kutatocsoport\/\">Androl\u00f3giai \u00e9s Assziszt\u00e1lt Reprodukci\u00f3s Kutat\u00f3csoport\u00a0<\/a>vezet\u0151je Prof.Dr. Cseh S\u00e1ndor.\u00a0 A kutat\u00f3k munk\u00e1j\u00e1t a Tansz\u00e9k laborat\u00f3riumai seg\u00edtik: <a href=\"https:\/\/univet.hu\/hu\/egyetem\/szervezeti-egysegek\/szuleszeti-es-szaporodasbiologiai-tanszek-es-klinika\/szolgaltatasok\/andrologiai-laboratorium\/\">Androl\u00f3giai \u00e9s Assziszt\u00e1lt Reprodukci\u00f3s Laborat\u00f3rium<\/a> \u00e9s <a href=\"https:\/\/univet.hu\/hu\/egyetem\/szervezeti-egysegek\/szuleszeti-es-szaporodasbiologiai-tanszek-es-klinika\/szolgaltatasok\/endokrinologiai-laboratorium\/\">Endokrinol\u00f3giai Laborat\u00f3rium<\/a>.<\/p> <\/div> <div> <p>2020 \u00f3ta <a href=\"https:\/\/univet.hu\/hu\/egyetem\/szervezeti-egysegek\/szuleszeti-es-szaporodasbiologiai-tanszek-es-klinika\/szolgaltatasok\/mobil-embrio-atulteto-allomas\/\">Mobil Embri\u00f3 \u00c1t\u00fcltet\u0151 \u00c1llom\u00e1s<\/a> is m\u0171k\u00f6dik a Tansz\u00e9k magasan k\u00e9pzett \u00e9s enged\u00e9llyel rendelkez\u0151 munkat\u00e1rsai seg\u00edts\u00e9g\u00e9vel \u00e9s Prof.Dr.Cseh S\u00e1ndor vezet\u00e9s\u00e9vel.<\/p> <\/div> <p>&nbsp;<\/p>","protected":false},"excerpt":{"rendered":"<p>Bemutatkoz\u00e1s A Sz\u00fcl\u00e9szeti Tansz\u00e9k \u00e9s Haszon\u00e1llat-gy\u00f3gy\u00e1szati Klinika tansz\u00e9kvezet\u0151je 2020 \u00f3ta Prof. Dr. R\u00e1tky J\u00f3zsef. A tansz\u00e9ken 32 munkat\u00e1rs dolgozik jelenleg. A Sz\u00fcl\u00e9szeti Tansz\u00e9k k\u00e9t k\u00f6telez\u0151 tant\u00e1rgyat oktat magyar \u00e9s angol nyelven az \u00e1llatorvos hallgat\u00f3k sz\u00e1m\u00e1ra a IV., illetve V. \u00e9vfolyamon. Az egyik t\u00e1rgy a Szaporod\u00e1sbiol\u00f3gia \u00e9s biotechnol\u00f3gia, a m\u00e1sik a Haszon\u00e1llat-gy\u00f3gy\u00e1szat. Mindk\u00e9t tant\u00e1rgy 3 f\u00e9l\u00e9ven<\/p>\n","protected":false},"author":3837,"featured_media":0,"parent":861,"menu_order":172,"comment_status":"closed","ping_status":"closed","template":"","meta":{"_acf_changed":false,"footnotes":""},"categories":[58],"tags":[],"class_list":["post-3382","page","type-page","status-publish","hentry","category-szervezeti-egysegek"],"acf":[],"_links":{"self":[{"href":"https:\/\/univet.hu\/hu\/wp-json\/wp\/v2\/pages\/3382","targetHints":{"allow":["GET"]}}],"collection":[{"href":"https:\/\/univet.hu\/hu\/wp-json\/wp\/v2\/pages"}],"about":[{"href":"https:\/\/univet.hu\/hu\/wp-json\/wp\/v2\/types\/page"}],"author":[{"embeddable":true,"href":"https:\/\/univet.hu\/hu\/wp-json\/wp\/v2\/users\/3837"}],"replies":[{"embeddable":true,"href":"https:\/\/univet.hu\/hu\/wp-json\/wp\/v2\/comments?post=3382"}],"version-history":[{"count":6,"href":"https:\/\/univet.hu\/hu\/wp-json\/wp\/v2\/pages\/3382\/revisions"}],"predecessor-version":[{"id":204046,"href":"https:\/\/univet.hu\/hu\/wp-json\/wp\/v2\/pages\/3382\/revisions\/204046"}],"up":[{"embeddable":true,"href":"https:\/\/univet.hu\/hu\/wp-json\/wp\/v2\/pages\/861"}],"wp:attachment":[{"href":"https:\/\/univet.hu\/hu\/wp-json\/wp\/v2\/media?parent=3382"}],"wp:term":[{"taxonomy":"category","embeddable":true,"href":"https:\/\/univet.hu\/hu\/wp-json\/wp\/v2\/categories?post=3382"},{"taxonomy":"post_tag","embeddable":true,"href":"https:\/\/univet.hu\/hu\/wp-json\/wp\/v2\/tags?post=3382"}],"curies":[{"name":"wp","href":"https:\/\/api.w.org\/{rel}","templated":true}]}}