{"id":3384,"date":"2017-09-22T14:29:00","date_gmt":"2017-09-22T12:29:00","guid":{"rendered":"http:\/\/univet.hu\/egyetem\/szervezeti-egysegek\/takarmanyozastani-osztaly\/"},"modified":"2026-03-12T14:29:53","modified_gmt":"2026-03-12T13:29:53","slug":"takarmanyozastani-tanszek","status":"publish","type":"page","link":"https:\/\/univet.hu\/hu\/egyetem\/szervezeti-egysegek\/allattenyesztesi-takarmanyozastani-es-laborallat-tudomanyi-tanszek\/takarmanyozastani-tanszek\/","title":{"rendered":"Takarm\u00e1nyoz\u00e1stani \u00e9s Klinikai Dietetikai Tansz\u00e9k"},"content":{"rendered":"<p>A tansz\u00e9k az al\u00e1bbi tant\u00e1rgyakat oktatja:<\/p> <p>K\u00f6telez\u0151 tant\u00e1rgyak:<\/p> <ul> <li><a href=\"https:\/\/univet.hu\/hu\/oktatas\/kurzusok\/takarmanyozastan-i\/\">Takarm\u00e1nyoz\u00e1stan I.<\/a> (magyar \u00e9s angol nyelven)<\/li> <li><a href=\"https:\/\/univet.hu\/hu\/oktatas\/kurzusok\/takarmanyozastan-ii\/\">Takarm\u00e1nyoz\u00e1stan II.<\/a> (magyar \u00e9s angol nyelven)<\/li> <li><a href=\"https:\/\/univet.hu\/de\/studenten\/kurse\/futtermittelkunde\/\">Futtermittelkunde<\/a> (n\u00e9met nyelven)<\/li> <\/ul> <p>Fakultat\u00edv tant\u00e1rgyak:<\/p> <ul> <li><a href=\"https:\/\/univet.hu\/hu\/oktatas\/kurzusok\/egzotikus-halak-hullok-madarak-es-kisemlosok-taplalasa\/\">Egzotikus h\u00fcll\u0151k, madarak \u00e9s kiseml\u0151s\u00f6k t\u00e1pl\u00e1l\u00e1sa<\/a><\/li> <li><a href=\"https:\/\/univet.hu\/hu\/oktatas\/kurzusok\/lo-dietetika\/\">L\u00f3 dietetika<\/a><\/li> <li><a href=\"https:\/\/univet.hu\/hu\/oktatas\/kurzusok\/lovak-teljesitmeny-elettana-es-a-sportlogyogyaszat\/\">Lovak teljes\u00edtm\u00e9ny-\u00e9lettana \u00e9s a sportl\u00f3gy\u00f3gy\u00e1szat<\/a><\/li> <li><a href=\"https:\/\/univet.hu\/hu\/oktatas\/kurzusok\/premes-allatok-tenyesztese-es-takarmanyozasa\/\">Pr\u00e9mes \u00e1llatok teny\u00e9szt\u00e9se \u00e9s takarm\u00e1nyoz\u00e1sa<\/a><\/li> <li><a href=\"https:\/\/univet.hu\/hu\/oktatas\/kurzusok\/rovarok-a-human-taplalkozasban-es-takarmanyozasban\/\">Rovarok a hum\u00e1n t\u00e1pl\u00e1lkoz\u00e1sban \u00e9s takarm\u00e1nyoz\u00e1sban<\/a><\/li> <li><a href=\"https:\/\/univet.hu\/hu\/oktatas\/kurzusok\/kerodzok-tomegtakarmanyainak-modern-szemleletu-betakaritasa-tartositasa-es-etetese\/\">K\u00e9r\u0151dz\u0151k t\u00f6megtakarm\u00e1nyainak modern szeml\u00e9let\u0171 betakar\u00edt\u00e1sa, tart\u00f3s\u00edt\u00e1sa \u00e9s etet\u00e9se<\/a><\/li> <\/ul> <p>Az el\u0151ad\u00e1sok anyagai az e-Learning rendszerben \u00e9rhet\u0151ek el.<\/p> <p>A Takarm\u00e1nyanalitikai Laborat\u00f3riummal kapcsolatos inform\u00e1ci\u00f3kat a <a href=\"https:\/\/univet.hu\/hu\/laboratoriumok\/laboratoriumok-es-diagnosztika\/takarmanyanalitikai-laboratorium\/\">Laborat\u00f3rium<\/a> aloldalunkon tal\u00e1lja.<\/p>","protected":false},"excerpt":{"rendered":"<p>A tansz\u00e9k az al\u00e1bbi tant\u00e1rgyakat oktatja: K\u00f6telez\u0151 tant\u00e1rgyak: Takarm\u00e1nyoz\u00e1stan I. (magyar \u00e9s angol nyelven) Takarm\u00e1nyoz\u00e1stan II. (magyar \u00e9s angol nyelven) Futtermittelkunde (n\u00e9met nyelven) Fakultat\u00edv tant\u00e1rgyak: Egzotikus h\u00fcll\u0151k, madarak \u00e9s kiseml\u0151s\u00f6k t\u00e1pl\u00e1l\u00e1sa L\u00f3 dietetika Lovak teljes\u00edtm\u00e9ny-\u00e9lettana \u00e9s a sportl\u00f3gy\u00f3gy\u00e1szat Pr\u00e9mes \u00e1llatok teny\u00e9szt\u00e9se \u00e9s takarm\u00e1nyoz\u00e1sa Rovarok a hum\u00e1n t\u00e1pl\u00e1lkoz\u00e1sban \u00e9s takarm\u00e1nyoz\u00e1sban K\u00e9r\u0151dz\u0151k t\u00f6megtakarm\u00e1nyainak modern szeml\u00e9let\u0171 betakar\u00edt\u00e1sa, tart\u00f3s\u00edt\u00e1sa<\/p>\n","protected":false},"author":3837,"featured_media":0,"parent":3298,"menu_order":172,"comment_status":"closed","ping_status":"closed","template":"","meta":{"_acf_changed":false,"footnotes":""},"categories":[58],"tags":[],"class_list":["post-3384","page","type-page","status-publish","hentry","category-szervezeti-egysegek"],"acf":[],"_links":{"self":[{"href":"https:\/\/univet.hu\/hu\/wp-json\/wp\/v2\/pages\/3384","targetHints":{"allow":["GET"]}}],"collection":[{"href":"https:\/\/univet.hu\/hu\/wp-json\/wp\/v2\/pages"}],"about":[{"href":"https:\/\/univet.hu\/hu\/wp-json\/wp\/v2\/types\/page"}],"author":[{"embeddable":true,"href":"https:\/\/univet.hu\/hu\/wp-json\/wp\/v2\/users\/3837"}],"replies":[{"embeddable":true,"href":"https:\/\/univet.hu\/hu\/wp-json\/wp\/v2\/comments?post=3384"}],"version-history":[{"count":6,"href":"https:\/\/univet.hu\/hu\/wp-json\/wp\/v2\/pages\/3384\/revisions"}],"predecessor-version":[{"id":201078,"href":"https:\/\/univet.hu\/hu\/wp-json\/wp\/v2\/pages\/3384\/revisions\/201078"}],"up":[{"embeddable":true,"href":"https:\/\/univet.hu\/hu\/wp-json\/wp\/v2\/pages\/3298"}],"wp:attachment":[{"href":"https:\/\/univet.hu\/hu\/wp-json\/wp\/v2\/media?parent=3384"}],"wp:term":[{"taxonomy":"category","embeddable":true,"href":"https:\/\/univet.hu\/hu\/wp-json\/wp\/v2\/categories?post=3384"},{"taxonomy":"post_tag","embeddable":true,"href":"https:\/\/univet.hu\/hu\/wp-json\/wp\/v2\/tags?post=3384"}],"curies":[{"name":"wp","href":"https:\/\/api.w.org\/{rel}","templated":true}]}}