{"id":3394,"date":"2017-09-18T09:35:00","date_gmt":"2017-09-18T07:35:00","guid":{"rendered":"http:\/\/univet.hu\/egyetem\/szervezeti-egysegek\/torvenyszeki-allatorvostani-jogi-es-gazdasagtudomanyi-tanszek\/"},"modified":"2026-02-10T03:45:30","modified_gmt":"2026-02-10T02:45:30","slug":"torvenyszeki-allatorvostani-jogi-es-gazdasagtudomanyi-tanszek","status":"publish","type":"page","link":"https:\/\/univet.hu\/hu\/egyetem\/szervezeti-egysegek\/torvenyszeki-allatorvostani-jogi-es-gazdasagtudomanyi-tanszek\/","title":{"rendered":"T\u00f6rv\u00e9nysz\u00e9ki \u00c1llatorvostani \u00e9s Gazdas\u00e1gtudom\u00e1nyi Tansz\u00e9k"},"content":{"rendered":"","protected":false},"excerpt":{"rendered":"","protected":false},"author":3837,"featured_media":0,"parent":861,"menu_order":172,"comment_status":"closed","ping_status":"closed","template":"","meta":{"_acf_changed":false,"footnotes":""},"categories":[58],"tags":[],"class_list":["post-3394","page","type-page","status-publish","hentry","category-szervezeti-egysegek"],"acf":[],"_links":{"self":[{"href":"https:\/\/univet.hu\/hu\/wp-json\/wp\/v2\/pages\/3394","targetHints":{"allow":["GET"]}}],"collection":[{"href":"https:\/\/univet.hu\/hu\/wp-json\/wp\/v2\/pages"}],"about":[{"href":"https:\/\/univet.hu\/hu\/wp-json\/wp\/v2\/types\/page"}],"author":[{"embeddable":true,"href":"https:\/\/univet.hu\/hu\/wp-json\/wp\/v2\/users\/3837"}],"replies":[{"embeddable":true,"href":"https:\/\/univet.hu\/hu\/wp-json\/wp\/v2\/comments?post=3394"}],"version-history":[{"count":5,"href":"https:\/\/univet.hu\/hu\/wp-json\/wp\/v2\/pages\/3394\/revisions"}],"predecessor-version":[{"id":199071,"href":"https:\/\/univet.hu\/hu\/wp-json\/wp\/v2\/pages\/3394\/revisions\/199071"}],"up":[{"embeddable":true,"href":"https:\/\/univet.hu\/hu\/wp-json\/wp\/v2\/pages\/861"}],"wp:attachment":[{"href":"https:\/\/univet.hu\/hu\/wp-json\/wp\/v2\/media?parent=3394"}],"wp:term":[{"taxonomy":"category","embeddable":true,"href":"https:\/\/univet.hu\/hu\/wp-json\/wp\/v2\/categories?post=3394"},{"taxonomy":"post_tag","embeddable":true,"href":"https:\/\/univet.hu\/hu\/wp-json\/wp\/v2\/tags?post=3394"}],"curies":[{"name":"wp","href":"https:\/\/api.w.org\/{rel}","templated":true}]}}