{"id":34075,"date":"2019-02-14T19:55:52","date_gmt":"2019-02-14T18:55:52","guid":{"rendered":"https:\/\/univet.hu\/?page_id=34075"},"modified":"2026-02-10T03:58:07","modified_gmt":"2026-02-10T02:58:07","slug":"kondor-milan","status":"publish","type":"page","link":"https:\/\/univet.hu\/hu\/egyetem\/munkatarsak\/kondor-milan\/","title":{"rendered":"Kondor Mil\u00e1n"},"content":{"rendered":"<p>Fogad\u00f3\u00f3ra: oktat\u00e1si id\u0151szakban minden cs\u00fct\u00f6rt\u00f6k\u00f6n 15:45-16:45<\/p>","protected":false},"excerpt":{"rendered":"<p>Fogad\u00f3\u00f3ra: oktat\u00e1si id\u0151szakban minden cs\u00fct\u00f6rt\u00f6k\u00f6n 15:45-16:45<\/p>\n","protected":false},"author":5824,"featured_media":0,"parent":858,"menu_order":37,"comment_status":"closed","ping_status":"closed","template":"","meta":{"_acf_changed":false,"footnotes":""},"categories":[56],"tags":[],"class_list":["post-34075","page","type-page","status-publish","hentry","category-munkatarsak"],"acf":[],"_links":{"self":[{"href":"https:\/\/univet.hu\/hu\/wp-json\/wp\/v2\/pages\/34075","targetHints":{"allow":["GET"]}}],"collection":[{"href":"https:\/\/univet.hu\/hu\/wp-json\/wp\/v2\/pages"}],"about":[{"href":"https:\/\/univet.hu\/hu\/wp-json\/wp\/v2\/types\/page"}],"author":[{"embeddable":true,"href":"https:\/\/univet.hu\/hu\/wp-json\/wp\/v2\/users\/5824"}],"replies":[{"embeddable":true,"href":"https:\/\/univet.hu\/hu\/wp-json\/wp\/v2\/comments?post=34075"}],"version-history":[{"count":1,"href":"https:\/\/univet.hu\/hu\/wp-json\/wp\/v2\/pages\/34075\/revisions"}],"predecessor-version":[{"id":199449,"href":"https:\/\/univet.hu\/hu\/wp-json\/wp\/v2\/pages\/34075\/revisions\/199449"}],"up":[{"embeddable":true,"href":"https:\/\/univet.hu\/hu\/wp-json\/wp\/v2\/pages\/858"}],"wp:attachment":[{"href":"https:\/\/univet.hu\/hu\/wp-json\/wp\/v2\/media?parent=34075"}],"wp:term":[{"taxonomy":"category","embeddable":true,"href":"https:\/\/univet.hu\/hu\/wp-json\/wp\/v2\/categories?post=34075"},{"taxonomy":"post_tag","embeddable":true,"href":"https:\/\/univet.hu\/hu\/wp-json\/wp\/v2\/tags?post=34075"}],"curies":[{"name":"wp","href":"https:\/\/api.w.org\/{rel}","templated":true}]}}