{"id":3409,"date":"2017-08-09T13:19:00","date_gmt":"2017-08-09T11:19:00","guid":{"rendered":"http:\/\/univet.hu\/egyetem\/szervezeti-egysegek\/ate-marek-jozsef-oktatokozpont-es-kollegium\/"},"modified":"2026-02-10T03:45:23","modified_gmt":"2026-02-10T02:45:23","slug":"marek-jozsef-oktatasi-kozpont-es-kollegium","status":"publish","type":"page","link":"https:\/\/univet.hu\/hu\/egyetem\/szervezeti-egysegek\/marek-jozsef-oktatasi-kozpont-es-kollegium\/","title":{"rendered":"Marek J\u00f3zsef Oktat\u00e1si K\u00f6zpont \u00e9s Koll\u00e9gium"},"content":{"rendered":"","protected":false},"excerpt":{"rendered":"","protected":false},"author":3837,"featured_media":0,"parent":861,"menu_order":172,"comment_status":"closed","ping_status":"closed","template":"","meta":{"_acf_changed":false,"footnotes":""},"categories":[58],"tags":[],"class_list":["post-3409","page","type-page","status-publish","hentry","category-szervezeti-egysegek"],"acf":[],"_links":{"self":[{"href":"https:\/\/univet.hu\/hu\/wp-json\/wp\/v2\/pages\/3409","targetHints":{"allow":["GET"]}}],"collection":[{"href":"https:\/\/univet.hu\/hu\/wp-json\/wp\/v2\/pages"}],"about":[{"href":"https:\/\/univet.hu\/hu\/wp-json\/wp\/v2\/types\/page"}],"author":[{"embeddable":true,"href":"https:\/\/univet.hu\/hu\/wp-json\/wp\/v2\/users\/3837"}],"replies":[{"embeddable":true,"href":"https:\/\/univet.hu\/hu\/wp-json\/wp\/v2\/comments?post=3409"}],"version-history":[{"count":3,"href":"https:\/\/univet.hu\/hu\/wp-json\/wp\/v2\/pages\/3409\/revisions"}],"predecessor-version":[{"id":199058,"href":"https:\/\/univet.hu\/hu\/wp-json\/wp\/v2\/pages\/3409\/revisions\/199058"}],"up":[{"embeddable":true,"href":"https:\/\/univet.hu\/hu\/wp-json\/wp\/v2\/pages\/861"}],"wp:attachment":[{"href":"https:\/\/univet.hu\/hu\/wp-json\/wp\/v2\/media?parent=3409"}],"wp:term":[{"taxonomy":"category","embeddable":true,"href":"https:\/\/univet.hu\/hu\/wp-json\/wp\/v2\/categories?post=3409"},{"taxonomy":"post_tag","embeddable":true,"href":"https:\/\/univet.hu\/hu\/wp-json\/wp\/v2\/tags?post=3409"}],"curies":[{"name":"wp","href":"https:\/\/api.w.org\/{rel}","templated":true}]}}