{"id":34243,"date":"2025-02-13T12:44:31","date_gmt":"2025-02-13T11:44:31","guid":{"rendered":"https:\/\/univet.hu\/?page_id=34243"},"modified":"2025-02-13T12:44:31","modified_gmt":"2025-02-13T11:44:31","slug":"bakterialis-biofilm-ellenes-anyagok-szintezise","status":"publish","type":"page","link":"https:\/\/univet.hu\/hu\/egyetem\/szervezeti-egysegek\/kemiai-tanszek\/kutatas\/bakterialis-biofilm-ellenes-anyagok-szintezise\/","title":{"rendered":"Bakteri\u00e1lis biofilm ellenes anyagok szint\u00e9zise"},"content":{"rendered":"<p>A bakteri\u00e1lis biofilmek sz\u00e1mos kr\u00f3nikus betegs\u00e9g kialakul\u00e1s\u00e1ban j\u00e1tszott szerepe egy\u00e9rtelm\u0171en igazol\u00f3dott az elm\u00falt \u00e9vtizedekben. A kutat\u00e1si eredm\u00e9nyek azt mutatj\u00e1k, hogy a biofilmek kialak\u00edt\u00e1s\u00e1ban r\u00e9sztvev\u0151 ill. azokban \u00e9l\u0151 bakt\u00e9riumok rendk\u00edv\u00fcl ellen\u00e1ll\u00f3v\u00e1 v\u00e1lnak az antibiotikumokkal szemben. Mindezek indokoltt\u00e1 teszik azokat az er\u0151fesz\u00edt\u00e9seket, amelyek biofilm kialakul\u00e1s\u00e1t g\u00e1tl\u00f3 ill. azokat roncsol\u00f3 anyagok el\u0151\u00e1ll\u00edt\u00e1s\u00e1ra t\u00f6rt\u00e9nnek.<\/p> <p>Az elm\u00falt id\u0151szakban sikeresen \u00e1ll\u00edtottunk el\u0151 n\u00e9h\u00e1ny, az irodalomban ismert S ill N acilezett cisztein sz\u00e1rmaz\u00e9kot, amelyek az biol\u00f3giai el\u0151k\u00eds\u00e9rletek alapj\u00e1n eredm\u00e9nyesen g\u00e1tolt\u00e1k bakteri\u00e1lis biofilmek kialakul\u00e1st. A j\u00f6v\u0151ben tov\u00e1bbi vegy\u00fcletcsal\u00e1dokra k\u00edv\u00e1njuk kiterjeszteni a vizsg\u00e1latainkat.<\/p>","protected":false},"excerpt":{"rendered":"<p>A bakteri\u00e1lis biofilmek sz\u00e1mos kr\u00f3nikus betegs\u00e9g kialakul\u00e1s\u00e1ban j\u00e1tszott szerepe egy\u00e9rtelm\u0171en igazol\u00f3dott az elm\u00falt \u00e9vtizedekben. A kutat\u00e1si eredm\u00e9nyek azt mutatj\u00e1k, hogy a biofilmek kialak\u00edt\u00e1s\u00e1ban r\u00e9sztvev\u0151 ill. azokban \u00e9l\u0151 bakt\u00e9riumok rendk\u00edv\u00fcl ellen\u00e1ll\u00f3v\u00e1 v\u00e1lnak az antibiotikumokkal szemben. Mindezek indokoltt\u00e1 teszik azokat az er\u0151fesz\u00edt\u00e9seket, amelyek biofilm kialakul\u00e1s\u00e1t g\u00e1tl\u00f3 ill. azokat roncsol\u00f3 anyagok el\u0151\u00e1ll\u00edt\u00e1s\u00e1ra t\u00f6rt\u00e9nnek. Az elm\u00falt id\u0151szakban sikeresen \u00e1ll\u00edtottunk<\/p>\n","protected":false},"author":3837,"featured_media":0,"parent":13635,"menu_order":0,"comment_status":"closed","ping_status":"closed","template":"","meta":{"_acf_changed":false,"footnotes":""},"categories":[],"tags":[],"class_list":["post-34243","page","type-page","status-publish","hentry"],"acf":[],"_links":{"self":[{"href":"https:\/\/univet.hu\/hu\/wp-json\/wp\/v2\/pages\/34243","targetHints":{"allow":["GET"]}}],"collection":[{"href":"https:\/\/univet.hu\/hu\/wp-json\/wp\/v2\/pages"}],"about":[{"href":"https:\/\/univet.hu\/hu\/wp-json\/wp\/v2\/types\/page"}],"author":[{"embeddable":true,"href":"https:\/\/univet.hu\/hu\/wp-json\/wp\/v2\/users\/3837"}],"replies":[{"embeddable":true,"href":"https:\/\/univet.hu\/hu\/wp-json\/wp\/v2\/comments?post=34243"}],"version-history":[{"count":1,"href":"https:\/\/univet.hu\/hu\/wp-json\/wp\/v2\/pages\/34243\/revisions"}],"predecessor-version":[{"id":175614,"href":"https:\/\/univet.hu\/hu\/wp-json\/wp\/v2\/pages\/34243\/revisions\/175614"}],"up":[{"embeddable":true,"href":"https:\/\/univet.hu\/hu\/wp-json\/wp\/v2\/pages\/13635"}],"wp:attachment":[{"href":"https:\/\/univet.hu\/hu\/wp-json\/wp\/v2\/media?parent=34243"}],"wp:term":[{"taxonomy":"category","embeddable":true,"href":"https:\/\/univet.hu\/hu\/wp-json\/wp\/v2\/categories?post=34243"},{"taxonomy":"post_tag","embeddable":true,"href":"https:\/\/univet.hu\/hu\/wp-json\/wp\/v2\/tags?post=34243"}],"curies":[{"name":"wp","href":"https:\/\/api.w.org\/{rel}","templated":true}]}}