{"id":3436,"date":"2016-02-29T08:59:00","date_gmt":"2016-02-29T07:59:00","guid":{"rendered":"http:\/\/univet.hu\/egyetem\/szervezeti-egysegek\/idegennyelvu-kepzesi-csoport-nemet\/"},"modified":"2026-02-10T03:45:36","modified_gmt":"2026-02-10T02:45:36","slug":"idegennyelvu-kepzesi-csoport-nemet","status":"publish","type":"page","link":"https:\/\/univet.hu\/hu\/egyetem\/szervezeti-egysegek\/tanulmanyi-igazgatosag\/idegennyelvu-kepzesi-csoport-nemet\/","title":{"rendered":"Idegennyelv\u0171 K\u00e9pz\u00e9si Oszt\u00e1ly (n\u00e9met)"},"content":{"rendered":"","protected":false},"excerpt":{"rendered":"","protected":false},"author":3837,"featured_media":0,"parent":3469,"menu_order":172,"comment_status":"closed","ping_status":"closed","template":"","meta":{"_acf_changed":false,"footnotes":""},"categories":[58],"tags":[],"class_list":["post-3436","page","type-page","status-publish","hentry","category-szervezeti-egysegek"],"acf":[],"_links":{"self":[{"href":"https:\/\/univet.hu\/hu\/wp-json\/wp\/v2\/pages\/3436","targetHints":{"allow":["GET"]}}],"collection":[{"href":"https:\/\/univet.hu\/hu\/wp-json\/wp\/v2\/pages"}],"about":[{"href":"https:\/\/univet.hu\/hu\/wp-json\/wp\/v2\/types\/page"}],"author":[{"embeddable":true,"href":"https:\/\/univet.hu\/hu\/wp-json\/wp\/v2\/users\/3837"}],"replies":[{"embeddable":true,"href":"https:\/\/univet.hu\/hu\/wp-json\/wp\/v2\/comments?post=3436"}],"version-history":[{"count":2,"href":"https:\/\/univet.hu\/hu\/wp-json\/wp\/v2\/pages\/3436\/revisions"}],"predecessor-version":[{"id":199084,"href":"https:\/\/univet.hu\/hu\/wp-json\/wp\/v2\/pages\/3436\/revisions\/199084"}],"up":[{"embeddable":true,"href":"https:\/\/univet.hu\/hu\/wp-json\/wp\/v2\/pages\/3469"}],"wp:attachment":[{"href":"https:\/\/univet.hu\/hu\/wp-json\/wp\/v2\/media?parent=3436"}],"wp:term":[{"taxonomy":"category","embeddable":true,"href":"https:\/\/univet.hu\/hu\/wp-json\/wp\/v2\/categories?post=3436"},{"taxonomy":"post_tag","embeddable":true,"href":"https:\/\/univet.hu\/hu\/wp-json\/wp\/v2\/tags?post=3436"}],"curies":[{"name":"wp","href":"https:\/\/api.w.org\/{rel}","templated":true}]}}