{"id":34546,"date":"2019-02-22T11:29:38","date_gmt":"2019-02-22T10:29:38","guid":{"rendered":"https:\/\/univet.hu\/?page_id=34546"},"modified":"2019-02-22T11:31:35","modified_gmt":"2019-02-22T10:31:35","slug":"nyilvanos-palyazatok","status":"publish","type":"page","link":"https:\/\/univet.hu\/hu\/egyetem\/nyilvanos-palyazatok\/","title":{"rendered":"Nyilv\u00e1nos p\u00e1ly\u00e1zatok"},"content":{"rendered":"<p><strong>NY\u00cdLT VERSENYEZTET\u00c9SI FELH\u00cdV\u00c1S AZ\u00a0<\/strong><strong>\u00c1LLATORVOSTUDOM\u00c1NYI EGYETEM HELYIS\u00c9G \u00c9S ESZK\u00d6Z B\u00c9RLET\u00c9RE <\/strong><\/p> <p>Az \u00c1llatorvostudom\u00e1nyi Egyetem versenyeztet\u00e9si elj\u00e1r\u00e1s keret\u00e9ben, ny\u00edlt p\u00e1ly\u00e1zatot hirdet az \u00c1llatorvostudom\u00e1nyi Egyetem <strong>2225 \u00dcll\u0151, D\u00f3ra Major, <\/strong><strong>0254 HRSZ <\/strong>alatti ingatlannak, tov\u00e1bb\u00e1 meghat\u00e1rozott eszk\u00f6z\u00f6knek, ing\u00f3s\u00e1goknak b\u00e9rleti jogviszony keret\u00e9ben t\u00f6rt\u00e9n\u0151 hasznos\u00edt\u00e1s\u00e1ra.<\/p> <p><strong>\u00a0<\/strong><strong>A p\u00e1ly\u00e1zat t\u00e1rgy:<\/strong><\/p> <p style=\"padding-left: 30px;\">A fentebb megjel\u00f6lt ingatlan f\u00f6ldszintj\u00e9n \u00e9s emelet\u00e9n elhelyezked\u0151, <strong>756,92 m<sup>2<\/sup><\/strong>-es helyis\u00e9g b\u00e9rbead\u00e1sa laborat\u00f3riumi \u00e9s diagnosztikai tev\u00e9kenys\u00e9g v\u00e9gz\u00e9s\u00e9re a tev\u00e9kenys\u00e9g gyakorl\u00e1s\u00e1hoz sz\u00fcks\u00e9ges eszk\u00f6z\u00f6kkel.<\/p> <ul> <li style=\"padding-left: 30px;\">ingatlan tekintet\u00e9ben: mell\u00e9klet szerinti b\u00e9rleti szerz\u0151d\u00e9s-tervezet<\/li> <li style=\"padding-left: 30px;\">eszk\u00f6z\u00f6k \u00e9s b\u00fatorok tekintet\u00e9ben: mell\u00e9klet szerinti b\u00e9rleti szerz\u0151d\u00e9s-tervezet 1. \u00e9s 2. mell\u00e9klete<\/li> <\/ul> <p>&nbsp;<\/p> <p><strong>A p\u00e1ly\u00e1zat be\u00e9rkez\u00e9si hat\u00e1rideje:<\/strong><strong>\u00a0<\/strong>2019. m\u00e1rcius 22.<\/p> <p><strong>A p\u00e1ly\u00e1zat beny\u00fajt\u00e1sa:\u00a0<\/strong>szem\u00e9lyesen vagy meghatalmazott \u00fatj\u00e1n z\u00e1rt bor\u00edt\u00e9kban\u00a0 \u00a0 <strong>\u00a0 \u00a0 \u00a0 \u00a0 \u00a0 \u00a0 \u00a0 \u00a0 \u00a0 \u00a0 \u00a0 \u00a0 \u00a0 \u00a0<\/strong><\/p> <p>\u00c1llatorvostudom\u00e1nyi Egyetem,\u00a0M\u0171szaki \u00e9s \u00dczemeltet\u00e9si Oszt\u00e1ly<\/p> <p><strong>\u201cP\u00c1LY\u00c1ZAT 2225 \u00dcll\u0151, D\u00f3ra Major, 0254 HRSZ b\u00e9rlet\u00e9re\u201d<\/strong><\/p> <p>1078 Budapest, Istv\u00e1n u. 2.<\/p> <p>&nbsp;<\/p> <p><strong>Helysz\u00edni bej\u00e1r\u00e1s: 2019. m\u00e1rcius 5. <\/strong>tal\u00e1lkoz\u00e1s (<strong>2225 \u00dcll\u0151, D\u00f3ra Major<\/strong>)<\/p> <p><strong>Kieg\u00e9sz\u00edt\u0151 t\u00e1j\u00e9koztat\u00e1s ig\u00e9nyelhet\u0151: <\/strong>K\u00f6k\u00e9ny Istv\u00e1n, tangazdas\u00e1g igazgat\u00f3 (<a class=\"decrypt\" rel=\"lplfoz\/jtuwboAvojwfu\/iv\" href=\"javascript:void(0);\">[Kattintson az emailc\u00edmhez]<\/a>)<\/p> <p><strong>A p\u00e1ly\u00e1zat hivatalos nyelve:<\/strong><strong>\u00a0<\/strong>magyar<\/p> <p><strong>Aj\u00e1nlatok elb\u00edr\u00e1l\u00e1s\u00e1ra jogosult test\u00fclet:<\/strong> Kancell\u00e1r \u00e1ltal kijel\u00f6lt \u00c9rt\u00e9kel\u00e9si Bizotts\u00e1g<\/p> <p>&nbsp;<\/p> <p>&nbsp;<\/p> <p><strong>\u00a0B\u0151vebb inform\u00e1ci\u00f3 al\u00e1bb, a csatolm\u00e1nyban.<\/strong><\/p> <p>&nbsp;<\/p> <p>&nbsp;<\/p> <p>&nbsp;<\/p>","protected":false},"excerpt":{"rendered":"<p>NY\u00cdLT VERSENYEZTET\u00c9SI FELH\u00cdV\u00c1S AZ\u00a0\u00c1LLATORVOSTUDOM\u00c1NYI EGYETEM HELYIS\u00c9G \u00c9S ESZK\u00d6Z B\u00c9RLET\u00c9RE Az \u00c1llatorvostudom\u00e1nyi Egyetem versenyeztet\u00e9si elj\u00e1r\u00e1s keret\u00e9ben, ny\u00edlt p\u00e1ly\u00e1zatot hirdet az \u00c1llatorvostudom\u00e1nyi Egyetem 2225 \u00dcll\u0151, D\u00f3ra Major, 0254 HRSZ alatti ingatlannak, tov\u00e1bb\u00e1 meghat\u00e1rozott eszk\u00f6z\u00f6knek, ing\u00f3s\u00e1goknak b\u00e9rleti jogviszony keret\u00e9ben t\u00f6rt\u00e9n\u0151 hasznos\u00edt\u00e1s\u00e1ra. \u00a0A p\u00e1ly\u00e1zat t\u00e1rgy: A fentebb megjel\u00f6lt ingatlan f\u00f6ldszintj\u00e9n \u00e9s emelet\u00e9n elhelyezked\u0151, 756,92 m2-es helyis\u00e9g b\u00e9rbead\u00e1sa laborat\u00f3riumi \u00e9s<\/p>\n","protected":false},"author":7,"featured_media":0,"parent":336,"menu_order":0,"comment_status":"closed","ping_status":"closed","template":"","meta":{"_acf_changed":false,"footnotes":""},"categories":[],"tags":[],"class_list":["post-34546","page","type-page","status-publish","hentry"],"acf":[],"_links":{"self":[{"href":"https:\/\/univet.hu\/hu\/wp-json\/wp\/v2\/pages\/34546","targetHints":{"allow":["GET"]}}],"collection":[{"href":"https:\/\/univet.hu\/hu\/wp-json\/wp\/v2\/pages"}],"about":[{"href":"https:\/\/univet.hu\/hu\/wp-json\/wp\/v2\/types\/page"}],"author":[{"embeddable":true,"href":"https:\/\/univet.hu\/hu\/wp-json\/wp\/v2\/users\/7"}],"replies":[{"embeddable":true,"href":"https:\/\/univet.hu\/hu\/wp-json\/wp\/v2\/comments?post=34546"}],"version-history":[{"count":0,"href":"https:\/\/univet.hu\/hu\/wp-json\/wp\/v2\/pages\/34546\/revisions"}],"up":[{"embeddable":true,"href":"https:\/\/univet.hu\/hu\/wp-json\/wp\/v2\/pages\/336"}],"wp:attachment":[{"href":"https:\/\/univet.hu\/hu\/wp-json\/wp\/v2\/media?parent=34546"}],"wp:term":[{"taxonomy":"category","embeddable":true,"href":"https:\/\/univet.hu\/hu\/wp-json\/wp\/v2\/categories?post=34546"},{"taxonomy":"post_tag","embeddable":true,"href":"https:\/\/univet.hu\/hu\/wp-json\/wp\/v2\/tags?post=34546"}],"curies":[{"name":"wp","href":"https:\/\/api.w.org\/{rel}","templated":true}]}}