{"id":346,"date":"2017-12-27T12:04:59","date_gmt":"2017-12-27T11:04:59","guid":{"rendered":"http:\/\/univet.hu\/?page_id=346"},"modified":"2024-10-22T09:02:26","modified_gmt":"2024-10-22T07:02:26","slug":"klinikak","status":"publish","type":"page","link":"https:\/\/univet.hu\/hu\/klinikak\/","title":{"rendered":"Klinik\u00e1k"},"content":{"rendered":"<div><strong>2020. j\u00falius 29 \u2013 augusztus 2. k\u00f6z\u00f6tt \u00e1tmenetileg megv\u00e1ltoznak a klinik\u00e1kon a p\u00e9nzkezel\u00e9si szab\u00e1lyok:<\/strong><\/div> <ul style=\"list-style-type: circle;\"> <li>A bankk\u00e1rty\u00e1s \u00e9s \u00e1tutal\u00e1sos fizet\u00e9si lehet\u0151s\u00e9g \u00e1tmenetileg sz\u00fcnetel.<\/li> <li>A klinik\u00e1kon c\u00e9gek r\u00e9sz\u00e9re \u00e1f\u00e1s sz\u00e1mla ki\u00e1ll\u00edt\u00e1s\u00e1ra csak augusztus 2. ut\u00e1n lesz lehet\u0151s\u00e9g.<\/li> <\/ul>","protected":false},"excerpt":{"rendered":"<p>Egyetem\u00fcnk\u00f6n \u00fczemel\u0151 Kis\u00e1llatklinika magas sz\u00ednvonal\u00fa szolg\u00e1ltat\u00e1sai mellett az egyetem di\u00e1kjai sz\u00e1m\u00e1ra is kiv\u00e1l\u00f3 gyakorlati lehet\u0151s\u00e9get biztos\u00edt.<\/p>\n","protected":false},"author":1,"featured_media":0,"parent":0,"menu_order":244,"comment_status":"closed","ping_status":"closed","template":"page-templates\/page-clinics.php","meta":{"_acf_changed":false,"footnotes":""},"categories":[],"tags":[],"class_list":["post-346","page","type-page","status-publish","hentry"],"acf":[],"_links":{"self":[{"href":"https:\/\/univet.hu\/hu\/wp-json\/wp\/v2\/pages\/346","targetHints":{"allow":["GET"]}}],"collection":[{"href":"https:\/\/univet.hu\/hu\/wp-json\/wp\/v2\/pages"}],"about":[{"href":"https:\/\/univet.hu\/hu\/wp-json\/wp\/v2\/types\/page"}],"author":[{"embeddable":true,"href":"https:\/\/univet.hu\/hu\/wp-json\/wp\/v2\/users\/1"}],"replies":[{"embeddable":true,"href":"https:\/\/univet.hu\/hu\/wp-json\/wp\/v2\/comments?post=346"}],"version-history":[{"count":0,"href":"https:\/\/univet.hu\/hu\/wp-json\/wp\/v2\/pages\/346\/revisions"}],"wp:attachment":[{"href":"https:\/\/univet.hu\/hu\/wp-json\/wp\/v2\/media?parent=346"}],"wp:term":[{"taxonomy":"category","embeddable":true,"href":"https:\/\/univet.hu\/hu\/wp-json\/wp\/v2\/categories?post=346"},{"taxonomy":"post_tag","embeddable":true,"href":"https:\/\/univet.hu\/hu\/wp-json\/wp\/v2\/tags?post=346"}],"curies":[{"name":"wp","href":"https:\/\/api.w.org\/{rel}","templated":true}]}}