{"id":3478,"date":"2017-03-22T12:13:00","date_gmt":"2017-03-22T11:13:00","guid":{"rendered":"http:\/\/univet.hu\/egyetem\/munkatarsak\/abauji-norbert\/"},"modified":"2026-02-10T04:00:29","modified_gmt":"2026-02-10T03:00:29","slug":"abauji-norbert","status":"publish","type":"page","link":"https:\/\/univet.hu\/hu\/egyetem\/munkatarsak\/abauji-norbert\/","title":{"rendered":"Abauji Norbert"},"content":{"rendered":"<h2 style=\"text-align: center\"><span style=\"font-size: 14pt\">Bemutatkoz\u00e1s<\/span><\/h2> <div> <p>1985-ben sz\u00fclettem S\u00e1toralja\u00fajhelyen, \u00e9s a Zempl\u00e9ni-hegys\u00e9g sz\u00edv\u00e9ben, Holl\u00f3h\u00e1z\u00e1n nevelkedtem. Itt a term\u00e9szet k\u00f6zels\u00e9ge adott volt ahhoz, hogy m\u00e1r eg\u00e9szen fiatal koromban kialakuljon bennem az \u00e1llatok \u00e9s n\u00f6v\u00e9nyek ir\u00e1nti szeretet, valamint \u00e9rdekl\u0151d\u00e9sem a term\u00e9szettudom\u00e1nyok fel\u00e9.<\/p> <p>2003-ban Miskolcon v\u00e9geztem k\u00f6z\u00e9piskolai tanulm\u00e1nyaimat vil\u00e1gbanki k\u00f6rnyezetv\u00e9delem-v\u00edzgazd\u00e1lkod\u00e1s szakmacsoportban, majd \u00e9retts\u00e9gi ut\u00e1n 2004-ben k\u00f6rnyezetv\u00e9delmi-energetikai technikus k\u00e9pz\u00e9sen vettem r\u00e9szt, ahol a terepmunka mellett laborat\u00f3riumi gyakorlatot szereztem. Ezt k\u00f6vet\u0151en a Miskolci Egyetem M\u0171szaki F\u00f6ldtudom\u00e1nyi Kar\u00e1n v\u00e9geztem okleveles geogr\u00e1fusk\u00e9nt (2004-2009), mely k\u00e9pz\u00e9s alatt a m\u00e9rn\u00f6ki \u00e9s geoinformatikai tant\u00e1rgyak elsaj\u00e1t\u00edt\u00e1sa mellett a sz\u00e1mos hazai \u00e9s k\u00fclf\u00f6ldi tanulm\u00e1ny\u00fat, terepgyakorlat sor\u00e1n tov\u00e1bb tudtam b\u0151v\u00edteni term\u00e9szettudom\u00e1nyi ismereteimet.<\/p> <p>2009-t\u0151l dolgozom az \u00c1llatorvostudom\u00e1nyi Egyetemen. Kezdetben a Belgy\u00f3gy\u00e1szati Tansz\u00e9k \u00e9s Klinika, Intenz\u00edv Oszt\u00e1ly \u00e9s Egzotikus \u00c1llatok Oszt\u00e1ly\u00e1n dolgoztam asszisztensk\u00e9nt. 2014-t\u0151l az Egzotikus\u00e1llat- \u00e9s Vadeg\u00e9szs\u00e9g\u00fcgyi Tansz\u00e9k vezet\u0151 asszisztense vagyok. 2022-t\u0151l a tansz\u00e9ken tansz\u00e9ki m\u00e9rn\u00f6k st\u00e1tuszt t\u00f6lt\u00f6k be a Vad\u00e1szati, Vadgazd\u00e1lkod\u00e1si \u00e9s Term\u00e9szetv\u00e9delmi Oszt\u00e1lyon.<\/p> <\/div> <p>2023 szeptembere \u00f3ta PhD hallgat\u00f3 vagyok a\u00a0SzE\u00a0Wittmann Antal N\u00f6v\u00e9ny-, \u00c1llat- \u00e9s \u00c9lelmiszer-tudom\u00e1nyi Multidiszciplin\u00e1ris Doktori Iskol\u00e1ban, T\u00e9mavezet\u0151im: Maros\u00e1n Mikl\u00f3s \u00e9s\u00a0Troj\u00e1n Szabolcs<\/p> <div> <p>Szabadid\u0151met utaz\u00e1ssal \u00e9s fot\u00f3z\u00e1ssal t\u00f6lt\u00f6m; az egzotikus orsz\u00e1gokat felkeresve a helyi term\u00e9szeti \u00e9rt\u00e9keket \u00f6r\u00f6k\u00edtem meg.<\/p> <\/div>","protected":false},"excerpt":{"rendered":"<p>Bemutatkoz\u00e1s 1985-ben sz\u00fclettem S\u00e1toralja\u00fajhelyen, \u00e9s a Zempl\u00e9ni-hegys\u00e9g sz\u00edv\u00e9ben, Holl\u00f3h\u00e1z\u00e1n nevelkedtem. Itt a term\u00e9szet k\u00f6zels\u00e9ge adott volt ahhoz, hogy m\u00e1r eg\u00e9szen fiatal koromban kialakuljon bennem az \u00e1llatok \u00e9s n\u00f6v\u00e9nyek ir\u00e1nti szeretet, valamint \u00e9rdekl\u0151d\u00e9sem a term\u00e9szettudom\u00e1nyok fel\u00e9. 2003-ban Miskolcon v\u00e9geztem k\u00f6z\u00e9piskolai tanulm\u00e1nyaimat vil\u00e1gbanki k\u00f6rnyezetv\u00e9delem-v\u00edzgazd\u00e1lkod\u00e1s szakmacsoportban, majd \u00e9retts\u00e9gi ut\u00e1n 2004-ben k\u00f6rnyezetv\u00e9delmi-energetikai technikus k\u00e9pz\u00e9sen vettem r\u00e9szt, ahol a terepmunka<\/p>\n","protected":false},"author":5824,"featured_media":0,"parent":858,"menu_order":211,"comment_status":"closed","ping_status":"closed","template":"","meta":{"_acf_changed":false,"footnotes":""},"categories":[56],"tags":[],"class_list":["post-3478","page","type-page","status-publish","hentry","category-munkatarsak"],"acf":[],"_links":{"self":[{"href":"https:\/\/univet.hu\/hu\/wp-json\/wp\/v2\/pages\/3478","targetHints":{"allow":["GET"]}}],"collection":[{"href":"https:\/\/univet.hu\/hu\/wp-json\/wp\/v2\/pages"}],"about":[{"href":"https:\/\/univet.hu\/hu\/wp-json\/wp\/v2\/types\/page"}],"author":[{"embeddable":true,"href":"https:\/\/univet.hu\/hu\/wp-json\/wp\/v2\/users\/5824"}],"replies":[{"embeddable":true,"href":"https:\/\/univet.hu\/hu\/wp-json\/wp\/v2\/comments?post=3478"}],"version-history":[{"count":1,"href":"https:\/\/univet.hu\/hu\/wp-json\/wp\/v2\/pages\/3478\/revisions"}],"predecessor-version":[{"id":181633,"href":"https:\/\/univet.hu\/hu\/wp-json\/wp\/v2\/pages\/3478\/revisions\/181633"}],"up":[{"embeddable":true,"href":"https:\/\/univet.hu\/hu\/wp-json\/wp\/v2\/pages\/858"}],"wp:attachment":[{"href":"https:\/\/univet.hu\/hu\/wp-json\/wp\/v2\/media?parent=3478"}],"wp:term":[{"taxonomy":"category","embeddable":true,"href":"https:\/\/univet.hu\/hu\/wp-json\/wp\/v2\/categories?post=3478"},{"taxonomy":"post_tag","embeddable":true,"href":"https:\/\/univet.hu\/hu\/wp-json\/wp\/v2\/tags?post=3478"}],"curies":[{"name":"wp","href":"https:\/\/api.w.org\/{rel}","templated":true}]}}