{"id":3481,"date":"2017-04-19T10:06:00","date_gmt":"2017-04-19T08:06:00","guid":{"rendered":"http:\/\/univet.hu\/egyetem\/munkatarsak\/abonyi-toth-zsolt\/"},"modified":"2026-03-31T14:28:09","modified_gmt":"2026-03-31T12:28:09","slug":"abonyi-toth-zsolt","status":"publish","type":"page","link":"https:\/\/univet.hu\/hu\/egyetem\/munkatarsak\/abonyi-toth-zsolt\/","title":{"rendered":"Abonyi-T\u00f3th Zsolt"},"content":{"rendered":"<h2 class=\"entry-title\"><span style=\"font-size: 14pt\">Oktat\u00f3 konzult\u00e1ci\u00f3s id\u0151pontja: H\u00e9tf\u0151: 10:15-11:15 (J \u00e9p\u00fclet II. emelet 203.)<br \/> <\/span><span style=\"font-size: 14pt\">(el\u0151zetes bejelentkez\u00e9s sz\u00fcks\u00e9ges)<\/span><\/h2> <p style=\"text-align: center\"><span style=\"font-size: 14pt\"><strong>Bemutatkoz\u00e1s\u00a0\u00a0 <\/strong><\/span><\/p> <p>1993 \u00f3ta dolgozom a tansz\u00e9ken. T\u00f6bb mint 20 \u00e9vig r\u00e9szt vettem az informatikai csoport munk\u00e1j\u00e1ban is. A tansz\u00e9ken a feladataim k\u00f6z\u00e9 tartozik a biomatematika \u00e9s informatika oktat\u00e1s magyar \u00e9s angol nyelven az \u00e1llatorvos k\u00e9pz\u00e9sben, biomatematika \u00e9s fizika oktat\u00e1s a biol\u00f3gusk\u00e9pz\u00e9sben. Biomatematika, statisztika, grafika, informatika, adatv\u00e9delem oktat\u00e1sa a doktori k\u00e9pz\u00e9sben \u00e9s szak\u00e1llatorvos k\u00e9pz\u00e9seken. Alapoz\u00f3 t\u00e1rgyak, R programoz\u00e1s oktat\u00e1sa a biostatisztikus szakk\u00e9pz\u00e9sben. Statisztikai elemz\u00e9sekkel, szaktan\u00e1csad\u00e1ssal t\u00e1mogatom az \u00e1llatorvosok kutat\u00e1sait.<\/p> <p><strong>F\u0151bb kutat\u00e1si ter\u00fcletek:<\/strong><\/p> <ul> <li>Kiemelten foglalkozom a hum\u00e1n diab\u00e9tesz \u00e9s a k\u00fcl\u00f6nb\u00f6z\u0151 daganatos megbeteged\u00e9sek epidemiol\u00f3gi\u00e1j\u00e1val, kezel\u00e9s\u00e9vel.<\/li> <\/ul> <p><strong>Szakmai szervezeti tags\u00e1g<\/strong><\/p> <table style=\"width: 645px;height: 139px\" width=\"600\"> <tbody> <tr style=\"height: 26px\"> <td style=\"width: 450.062px;height: 26px;text-align: center\"><strong>Bizotts\u00e1g neve<\/strong><\/td> <td style=\"width: 63.3438px;height: 26px;text-align: center\"><strong>Id\u0151<\/strong><\/td> <td style=\"width: 109.594px;height: 26px;text-align: center\"><strong>Tiszts\u00e9g<\/strong><\/td> <\/tr> <tr style=\"height: 27px\"> <td style=\"width: 450.062px;height: 27px;text-align: center\">\u00a0ISCB (International Society of Clinical Biostatistics)<\/td> <td style=\"width: 63.3438px;height: 27px;text-align: center\"><\/td> <td style=\"width: 109.594px;height: 27px;text-align: center\">\u00a0tag<\/td> <\/tr> <tr style=\"height: 27px\"> <td style=\"width: 450.062px;height: 27px;text-align: center\">\u00a0KBT (Klinikai Biostatisztikai T\u00e1rsas\u00e1g)<\/td> <td style=\"width: 63.3438px;height: 27px;text-align: center\"><\/td> <td style=\"width: 109.594px;height: 27px;text-align: center\">\u00a0tag<\/td> <\/tr> <\/tbody> <\/table> <p><strong>Eddigi szakdolgozat\/TDK hallgat\u00f3k sz\u00e1ma<\/strong><\/p> <p>1<\/p> <p><strong>Publik\u00e1ci\u00f3s lista (Top10)<\/strong><\/p> <table style=\"height: 872px\" width=\"913\"> <tbody> <tr style=\"height: 160px\"> <td style=\"width: 47.0469px;height: 160px\">1.<\/td> <td style=\"width: 849.953px;height: 160px\"> <p>Benyeda, Z ; Mato, T ; Suveges, T ; Szabo, E ; Kardi, V ; Abonyi-Toth, Z ; Rusvai, M ; Palya, V<\/p> <p>Comparison of the pathogenicity of QX-like, M41 and 793\/B infectious\\nbronchitis strains from different pathological conditions<\/p> <p>AVIAN PATHOLOGY 38 : 6 pp. 449-456. , 8 p. (2009)<\/td> <\/tr> <tr style=\"height: 136px\"> <td style=\"width: 47.0469px;height: 136px\">2.<\/td> <td style=\"width: 849.953px;height: 136px\"> <p>Gabor, G ; Toth, F ; Ozsvari, L ; Abonyi-Toth, Z ; Sasser, RG<\/p> <p>Factors influencing pregnancy rate and late embryonic loss in dairycattle<\/p> <p>REPRODUCTION IN DOMESTIC ANIMALS 43 : 1 pp. 53-58. , 6 p. (2008)<\/td> <\/tr> <tr style=\"height: 136px\"> <td style=\"width: 47.0469px;height: 136px\">3.<\/td> <td style=\"width: 849.953px;height: 136px\"> <p>Gabor, G ; Torth, F ; Ozsvari, L ; Abonyi-Toth, Z ; Sasser, RG<\/p> <p>Early detection of pregnancy and embryonic loss in dairy cattle by ELISA tests<\/p> <p>REPRODUCTION IN DOMESTIC ANIMALS 42 : 6 pp. 633-636. , 4 p. (2007)<\/td> <\/tr> <tr style=\"height: 160px\"> <td style=\"width: 47.0469px;height: 160px\">4.<\/td> <td style=\"width: 849.953px;height: 160px\"> <p>Benyeda, Zs ; Szeredi, L ; Mat\u00f3, T ; S\u00fcveges, T ; Balka, Gy ; Abonyi-T\u00f3th, Zs ; Rusvai, M ; Palya, V<\/p> <p>Comparative Histopathology and Immunohistochemistry of QX-like, Massachusetts and 793\/B Serotypes of Infectious Bronchitis Virus Infection in Chickens<\/p> <p>JOURNAL OF COMPARATIVE PATHOLOGY 143 : 4 pp. 276-283. , 8 p. (2010)<\/td> <\/tr> <tr style=\"height: 160px\"> <td style=\"width: 47.0469px;height: 160px\">5.<\/td> <td style=\"width: 849.953px;height: 160px\"> <p>Reiczigel, J ; Abonyi-Toth, Z ; Singer, J<\/p> <p>An exact confidence set for two binomial proportions and exact unconditional confidence intervals for the difference and ratio of proportions<\/p> <p>COMPUTATIONAL STATISTICS &amp; DATA ANALYSIS 52 : 11 pp. 5046-5053. , 8 p. (2008)<\/td> <\/tr> <tr style=\"height: 24px\"> <td style=\"width: 47.0469px;height: 24px\">6.<\/td> <td style=\"width: 849.953px;height: 24px\"> <p>Jakab, Cs ; Hal\u00e1sz, J ; Kiss, A ; Schaff, Zs ; Rusvai, M ; G\u00e1lfi, P ; Abonyi, TZ ; Kulka, J<\/p> <p>Claudin-5 protein is a new differential marker for histopathological differential diagnosis of canine hemangiosarcoma<\/p> <p>HISTOLOGY AND HISTOPATHOLOGY 24 : 7 pp. 801-813. , 13 p. (2009)<\/td> <\/tr> <tr style=\"height: 24px\"> <td style=\"width: 47.0469px;height: 24px\">7.<\/td> <td style=\"width: 849.953px;height: 24px\"> <p>Papa, K ; Mathe, A ; Abonyi-Toth, Z ; Sterczer, A ; Psader, R ; Hetyey, C ; Vajdovich, P ; Voros, K<\/p> <p>Occurrence, clinical features and outcome of canine pancreatitis (80 cases).<\/p> <p>ACTA VETERINARIA HUNGARICA 59 : 1 pp. 37-52. , 16 p. (2011)<\/td> <\/tr> <tr style=\"height: 24px\"> <td style=\"width: 47.0469px;height: 24px\">8.<\/td> <td style=\"width: 849.953px;height: 24px\"> <p>Jermendy, G ; Wittmann, I ; Nagy, L ; Kiss, Z ; Rokszin, G ; Abonyi-Toth, Z ; Katona, L ; Paragh, G ; Karadi, I ; Merkely, B<\/p> <p>Persistence of initial oral antidiabetic treatment in patients with type 2 diabetes mellitus<\/p> <p>MEDICAL SCIENCE MONITOR 18 : 2 pp. CR72-CR77. (2012)<\/td> <\/tr> <tr style=\"height: 24px\"> <td style=\"width: 47.0469px;height: 24px\">9.<\/td> <td style=\"width: 849.953px;height: 24px\"> <p>Bogos, Krisztina ; Kiss, Zolt\u00e1n* ; G\u00e1lffy, Gabriella ; Tam\u00e1si, Lilla ; Ostoros, Gyula ; M\u00fcller, Veronika ; Urb\u00e1n, L\u00e1szl\u00f3 ; Bittner, N\u00f3ra ; S\u00e1rosi, Veronika ; Vastag, Alad\u00e1r et al.<\/p> <p>Revising Incidence and Mortality of Lung Cancer in Central Europe: An Epidemiology Review From Hungary<\/p> <p>FRONTIERS IN ONCOLOGY 9 Paper: 1051 , 8 p. (2019)<\/td> <\/tr> <tr style=\"height: 24px\"> <td style=\"width: 47.0469px;height: 24px\">10.<\/td> <td style=\"width: 849.953px;height: 24px\"> <p>Kiss, Z ; Nagy, L ; Reiber, I ; Paragh, G ; Moln\u00e1r, M P ; Rokszin, G ; Abonyi-T\u00f3th, Z ; M\u00e1rk, L<\/p> <p>Persistence with statin therapy in Hungary<\/p> <p>ARCHIVES OF MEDICAL SCIENCE 9 : 3 pp. 409-417. , 9 p. (2013)<\/td> <\/tr> <\/tbody> <\/table> <p>&nbsp;<\/p>","protected":false},"excerpt":{"rendered":"<p>Oktat\u00f3 konzult\u00e1ci\u00f3s id\u0151pontja: H\u00e9tf\u0151: 10:15-11:15 (J \u00e9p\u00fclet II. emelet 203.) (el\u0151zetes bejelentkez\u00e9s sz\u00fcks\u00e9ges) Bemutatkoz\u00e1s\u00a0\u00a0 1993 \u00f3ta dolgozom a tansz\u00e9ken. T\u00f6bb mint 20 \u00e9vig r\u00e9szt vettem az informatikai csoport munk\u00e1j\u00e1ban is. A tansz\u00e9ken a feladataim k\u00f6z\u00e9 tartozik a biomatematika \u00e9s informatika oktat\u00e1s magyar \u00e9s angol nyelven az \u00e1llatorvos k\u00e9pz\u00e9sben, biomatematika \u00e9s fizika oktat\u00e1s a biol\u00f3gusk\u00e9pz\u00e9sben. Biomatematika,<\/p>\n","protected":false},"author":5824,"featured_media":0,"parent":858,"menu_order":210,"comment_status":"closed","ping_status":"closed","template":"","meta":{"_acf_changed":false,"footnotes":""},"categories":[],"tags":[],"class_list":["post-3481","page","type-page","status-publish","hentry"],"acf":[],"_links":{"self":[{"href":"https:\/\/univet.hu\/hu\/wp-json\/wp\/v2\/pages\/3481","targetHints":{"allow":["GET"]}}],"collection":[{"href":"https:\/\/univet.hu\/hu\/wp-json\/wp\/v2\/pages"}],"about":[{"href":"https:\/\/univet.hu\/hu\/wp-json\/wp\/v2\/types\/page"}],"author":[{"embeddable":true,"href":"https:\/\/univet.hu\/hu\/wp-json\/wp\/v2\/users\/5824"}],"replies":[{"embeddable":true,"href":"https:\/\/univet.hu\/hu\/wp-json\/wp\/v2\/comments?post=3481"}],"version-history":[{"count":5,"href":"https:\/\/univet.hu\/hu\/wp-json\/wp\/v2\/pages\/3481\/revisions"}],"predecessor-version":[{"id":204611,"href":"https:\/\/univet.hu\/hu\/wp-json\/wp\/v2\/pages\/3481\/revisions\/204611"}],"up":[{"embeddable":true,"href":"https:\/\/univet.hu\/hu\/wp-json\/wp\/v2\/pages\/858"}],"wp:attachment":[{"href":"https:\/\/univet.hu\/hu\/wp-json\/wp\/v2\/media?parent=3481"}],"wp:term":[{"taxonomy":"category","embeddable":true,"href":"https:\/\/univet.hu\/hu\/wp-json\/wp\/v2\/categories?post=3481"},{"taxonomy":"post_tag","embeddable":true,"href":"https:\/\/univet.hu\/hu\/wp-json\/wp\/v2\/tags?post=3481"}],"curies":[{"name":"wp","href":"https:\/\/api.w.org\/{rel}","templated":true}]}}