{"id":3496,"date":"2016-05-06T15:53:00","date_gmt":"2016-05-06T13:53:00","guid":{"rendered":"http:\/\/univet.hu\/egyetem\/munkatarsak\/agocs-julia\/"},"modified":"2026-02-10T04:00:30","modified_gmt":"2026-02-10T03:00:30","slug":"agocs-julia","status":"publish","type":"page","link":"https:\/\/univet.hu\/hu\/egyetem\/munkatarsak\/agocs-julia\/","title":{"rendered":"Ag\u00f3cs J\u00falia"},"content":{"rendered":"<p><strong>Bemutatkoz\u00e1s\u00a0<\/strong><\/p> <p>Ag\u00f3cs J\u00falia Budapesten sz\u00fcletett. Az E\u00f6tv\u00f6s Lor\u00e1nd Tudom\u00e1nyegyetem magyar-latin szak\u00e1n szerzett b\u00f6lcs\u00e9sz \u00e9s tan\u00e1ri diplom\u00e1t, valamint a n\u00e9met minor k\u00e9pz\u00e9st is elv\u00e9gezte. Egyetemi \u00e9vei alatt egy \u00e9vig Berlinben \u00e9lt, ahol t\u00e1rsadalmi munk\u00e1t v\u00e9gzett. Az \u00c1llatorvostudom\u00e1nyi Egyetemen 2012 \u00f3ta tan\u00edt orvosi latint a magyar \u00e9s n\u00e9met nyelv\u0171 k\u00e9pz\u00e9sben. K\u00e9s\u0151bb a magyar mint idegennyelv oktat\u00e1s\u00e1ba is bekapcsol\u00f3dott. 2019 \u0151sz \u00f3ta sz\u00fcl\u00e9si szabads\u00e1gon van.<\/p>","protected":false},"excerpt":{"rendered":"<p>Bemutatkoz\u00e1s\u00a0 Ag\u00f3cs J\u00falia Budapesten sz\u00fcletett. Az E\u00f6tv\u00f6s Lor\u00e1nd Tudom\u00e1nyegyetem magyar-latin szak\u00e1n szerzett b\u00f6lcs\u00e9sz \u00e9s tan\u00e1ri diplom\u00e1t, valamint a n\u00e9met minor k\u00e9pz\u00e9st is elv\u00e9gezte. Egyetemi \u00e9vei alatt egy \u00e9vig Berlinben \u00e9lt, ahol t\u00e1rsadalmi munk\u00e1t v\u00e9gzett. Az \u00c1llatorvostudom\u00e1nyi Egyetemen 2012 \u00f3ta tan\u00edt orvosi latint a magyar \u00e9s n\u00e9met nyelv\u0171 k\u00e9pz\u00e9sben. K\u00e9s\u0151bb a magyar mint idegennyelv oktat\u00e1s\u00e1ba is<\/p>\n","protected":false},"author":5824,"featured_media":0,"parent":858,"menu_order":211,"comment_status":"closed","ping_status":"closed","template":"","meta":{"_acf_changed":false,"footnotes":""},"categories":[56],"tags":[],"class_list":["post-3496","page","type-page","status-publish","hentry","category-munkatarsak"],"acf":[],"_links":{"self":[{"href":"https:\/\/univet.hu\/hu\/wp-json\/wp\/v2\/pages\/3496","targetHints":{"allow":["GET"]}}],"collection":[{"href":"https:\/\/univet.hu\/hu\/wp-json\/wp\/v2\/pages"}],"about":[{"href":"https:\/\/univet.hu\/hu\/wp-json\/wp\/v2\/types\/page"}],"author":[{"embeddable":true,"href":"https:\/\/univet.hu\/hu\/wp-json\/wp\/v2\/users\/5824"}],"replies":[{"embeddable":true,"href":"https:\/\/univet.hu\/hu\/wp-json\/wp\/v2\/comments?post=3496"}],"version-history":[{"count":1,"href":"https:\/\/univet.hu\/hu\/wp-json\/wp\/v2\/pages\/3496\/revisions"}],"predecessor-version":[{"id":199574,"href":"https:\/\/univet.hu\/hu\/wp-json\/wp\/v2\/pages\/3496\/revisions\/199574"}],"up":[{"embeddable":true,"href":"https:\/\/univet.hu\/hu\/wp-json\/wp\/v2\/pages\/858"}],"wp:attachment":[{"href":"https:\/\/univet.hu\/hu\/wp-json\/wp\/v2\/media?parent=3496"}],"wp:term":[{"taxonomy":"category","embeddable":true,"href":"https:\/\/univet.hu\/hu\/wp-json\/wp\/v2\/categories?post=3496"},{"taxonomy":"post_tag","embeddable":true,"href":"https:\/\/univet.hu\/hu\/wp-json\/wp\/v2\/tags?post=3496"}],"curies":[{"name":"wp","href":"https:\/\/api.w.org\/{rel}","templated":true}]}}