{"id":3508,"date":"2017-04-12T09:24:00","date_gmt":"2017-04-12T07:24:00","guid":{"rendered":"http:\/\/univet.hu\/egyetem\/munkatarsak\/alekszi-kaszas-anna\/"},"modified":"2026-02-10T04:00:30","modified_gmt":"2026-02-10T03:00:30","slug":"alekszi-kaszas-anna","status":"publish","type":"page","link":"https:\/\/univet.hu\/hu\/egyetem\/munkatarsak\/alekszi-kaszas-anna\/","title":{"rendered":"Alekszi-Kasz\u00e1s Anna"},"content":{"rendered":"<p>&nbsp;<\/p> <h2>Bemutatkoz\u00e1s<\/h2> <p>Egyetemi tanulm\u00e1nyaimat Budapesti M\u0171szaki \u00e9s Gazdas\u00e1gtudom\u00e1nyi Egyetem Vegy\u00e9szm\u00e9rn\u00f6ki \u00e9s Biom\u00e9rn\u00f6ki Kar\u00e1nak vegy\u00e9szm\u00e9rn\u00f6ki szak\u00e1n v\u00e9geztem (BSc, MSc). Okleveles gy\u00f3gyszervegy\u00e9sz-m\u00e9rn\u00f6k MSc diploma megszerz\u00e9se 2014.<\/p> <p>Diplomamunk\u00e1m c\u00edme (MSc):\u00a0<em>Az \u03b1-aminofoszfon\u00e1tok nukleofil szubsztit\u00faci\u00f3val val\u00f3 el\u0151\u00e1ll\u00edt\u00e1s\u00e1nak tanulm\u00e1nyoz\u00e1sa <\/em><\/p> <p>Szakdolgozatom c\u00edme (BSc): \u03b1-Aminofoszfon\u00e1tok szint\u00e9zise egy v\u00e1ratlanul k\u00f6nnyen lej\u00e1tsz\u00f3d\u00f3 szubsztit\u00faci\u00f3s reakci\u00f3val<\/p> <p>Tanulm\u00e1nyaimat \u00e1llami \u00f6szt\u00f6nd\u00edjas doktoranduszk\u00e9nt\u00a0a\u00a0Magyar- Agr\u00e1r- \u00e9s \u00c9lettudom\u00e1nyi Egyetem K\u00f6rnyezettudom\u00e1nyi Doktori iskol\u00e1j\u00e1ban folytattam, doktori kutat\u00f3munk\u00e1mat az \u00c1llatorvostudom\u00e1nyi Egyetem K\u00e9miai Tansz\u00e9k\u00e9n v\u00e9geztem Dr. Nemes P\u00e9ter vezet\u00e9s\u00e9vel.\u00a0A PhD fokozatot\u00a02024-ben szereztem meg\u00a0summa cum laude min\u0151s\u00edt\u00e9ssel.<\/p> <p>\u00c9rtekez\u00e9sem c\u00edme:\u00a0K\u00f6rnyezetk\u00edm\u00e9l\u0151 szint\u00e9zisek \u00faj <em>N<\/em>-tartalm\u00fa heterociklusos v\u00e1zrendszerek \u00e9s sz\u00e1rmaz\u00e9kaik el\u0151\u00e1ll\u00edt\u00e1s\u00e1ra.<\/p> <p>Jelenlegi munkahelyemen az \u00c1llatorvostudom\u00e1nyi Egyetemen 2014-t\u0151l dolgozom.<\/p> <p>Tov\u00e1bbi k\u00e9pes\u00edt\u00e9s: MSZ EN ISO 9001:2015 Bels\u0151 auditor<\/p> <p>&nbsp;<\/p> <p><strong>Publik\u00e1ci\u00f3s lista<\/strong><\/p> <p>&nbsp;<\/p> <p>1. Alekszi\u2010Kasz\u00e1s, Anna\u00a0;\u00a0K\u00e4fer\u2010Beke, Kl\u00e1ra\u00a0;\u00a0Varga, Tam\u00e1s R.\u00a0;\u00a0B\u00e9nyei, Attila\u00a0;\u00a0Kov\u00e1cs, Tibor\u00a0;\u00a0M\u00e1ndi, Attila\u00a0;Kurt\u00e1n, Tibor;\u00a0Simon, Andr\u00e1s\u00a0; Nemes, P\u00e9ter<\/p> <p>Regio\u2010 and Stereoselective Synthesis of Benzoquinolizidines CHEMISTRYSELECT\u00a07\u00a0:\u00a09\u00a0Paper: e20210428 , 6 p.\u00a0(2022),<\/p> <p>DOI: https:\/\/doi.org\/10.1002\/slct.202104286<\/p> <p>&nbsp;<\/p> <p>2. Nagy, Daniel\u00a0;\u00a0Pilipecz, Mihaly V.\u00a0;\u00a0Kiss, Laszlo A.\u00a0;\u00a0Alekszi-Kaszas, Anna\u00a0;\u00a0Simon, Andras\u00a0;\u00a0Schlosser, Gitta Z.\u00a0;\u00a0Nemes, Peter\u00a0; Varga, Tamas<\/p> <p>Synthesis of 2-aryl-1,2,4-triazol-3-one derivatives from beta-nitroenamines SYNTHETIC COMMUNICATIONS\u00a051\u00a0:\u00a013\u00a0pp. 1956-1962. , 7 p.\u00a0(2021)<\/p> <p>DOI: https:\/\/doi.org\/10.1080\/00397911.2021.1913504<\/p> <p>&nbsp;<\/p> <p>3. Alekszi-Kasz\u00e1s, Anna\u00a0; Nemes, P\u00e9ter\u00a0;\u00a0T\u00f3th, G\u00e1bor\u00a0;\u00a0Hal\u00e1sz, Judit\u00a0;\u00a0Scheiber, P\u00e1l<\/p> <p>Mannich condensations of activated cyclic enamines<\/p> <p>SYNTHETIC COMMUNICATIONS\u00a048\u00a0:\u00a016\u00a0pp. 2099-2111. , 13 p.\u00a0(2018)<\/p> <p>DOI: https:\/\/doi.org\/10.1080\/00397911.2018.1484488<\/p> <p>&nbsp;<\/p> <p>4. Nagy, D\u00e1niel\u00a0;\u00a0Alekszi-Kasz\u00e1s, Anna\u00a0;\u00a0Kiss, L\u00e1szl\u00f3\u00a0;\u00a0Pilipecz, Mih\u00e1ly\u00a0;\u00a0Varga, Tam\u00e1s<\/p> <p>1,2,4-triazol-3-onok szint\u00e9zise \u03b2-nitro-enaminb\u00f3l In: S\u00f3tonyi, P.; G\u00e1lfi, P.; V\u00f6r\u00f6s, K.; Magyar, T. (szerk.)<\/p> <p>Akad\u00e9miai besz\u00e1mol\u00f3k (2019)\u00a0Paper: &amp;Konferenciak\u00f6zlem\u00e9ny<\/p> <p>&nbsp;<\/p> <p>5. Alekszi-Kasz\u00e1s, Anna\u00a0;\u00a0Beke, Kl\u00e1ra\u00a0;\u00a0Nemes, P\u00e9ter<\/p> <p>Benzokinolizinek enantioszelekt\u00edv szint\u00e9zise In: S\u00f3tonyi, P.; G\u00e1lfi, P.; V\u00f6r\u00f6s, K.; Magyar, T. (szerk.)<\/p> <p>Akad\u00e9miai besz\u00e1mol\u00f3k Budapest, Magyarorsz\u00e1g:\u00a0\u00c1llatorvostudom\u00e1nyi Egyetem\u00a0(2019)\u00a0p. 10 , 1 p.<\/p> <p>ISBN: 978-963-7149-29-0<\/p> <p>&nbsp;<\/p> <p>6. Keglevich, G\u00a0;\u00a0Kiss, N Zs\u00a0;\u00a0B\u00e1lint, E\u00a0;\u00a0Kov\u00e1cs, R\u00a0;\u00a0Jablonkai, E\u00a0;\u00a0Fazekas, E\u00a0;\u00a0T\u00f3th, J\u00a0;\u00a0Kasz\u00e1s, A\u00a0;\u00a0Blastik, Z\u00a0;\u00a0Gr\u00fcn,<\/p> <p>A Synthesis of Organophosphorus Compounds under Microwave Conditions<\/p> <p>In:5th European Conference of the International Federation for Medical and Biological Engineering : PTS 1 AND 2 Berlin, N\u00e9metorsz\u00e1g,\u00a0Heidelber<\/p> <p>Springer Netherlands\u00a0(2012)\u00a01,446 p.\u00a0pp. 1350-1353. , 4 p.<\/p> <p>&nbsp;<\/p> <p>7. Kiss, NZ\u00a0;\u00a0Kaszas, A\u00a0;\u00a0Drahos, L\u00a0;\u00a0Mucsi, Z\u00a0;\u00a0Keglevich, Gy<\/p> <p>A neighbouring group effect leading to enhanced nucleophilic substitution of amines at the hindered \u03b1-carbon atom of an \u03b1-hydroxyphosphonate<\/p> <p>In: TETRAHEDRON LETTERS\u00a053\u00a0:\u00a02\u00a0pp. 207-209. , 3 p.\u00a0(2012)<\/p> <p>DOI: https:\/\/doi.org\/10.1016\/j.tetlet.2011.11.026<\/p> <div> <p>&nbsp;<\/p> <p>Fogad\u00f3\u00f3ra: H\u00e9tf\u0151: 10:00-11:00<\/p> <\/div>","protected":false},"excerpt":{"rendered":"<p>&nbsp; Bemutatkoz\u00e1s Egyetemi tanulm\u00e1nyaimat Budapesti M\u0171szaki \u00e9s Gazdas\u00e1gtudom\u00e1nyi Egyetem Vegy\u00e9szm\u00e9rn\u00f6ki \u00e9s Biom\u00e9rn\u00f6ki Kar\u00e1nak vegy\u00e9szm\u00e9rn\u00f6ki szak\u00e1n v\u00e9geztem (BSc, MSc). Okleveles gy\u00f3gyszervegy\u00e9sz-m\u00e9rn\u00f6k MSc diploma megszerz\u00e9se 2014. Diplomamunk\u00e1m c\u00edme (MSc):\u00a0Az \u03b1-aminofoszfon\u00e1tok nukleofil szubsztit\u00faci\u00f3val val\u00f3 el\u0151\u00e1ll\u00edt\u00e1s\u00e1nak tanulm\u00e1nyoz\u00e1sa Szakdolgozatom c\u00edme (BSc): \u03b1-Aminofoszfon\u00e1tok szint\u00e9zise egy v\u00e1ratlanul k\u00f6nnyen lej\u00e1tsz\u00f3d\u00f3 szubsztit\u00faci\u00f3s reakci\u00f3val Tanulm\u00e1nyaimat \u00e1llami \u00f6szt\u00f6nd\u00edjas doktoranduszk\u00e9nt\u00a0a\u00a0Magyar- Agr\u00e1r- \u00e9s \u00c9lettudom\u00e1nyi Egyetem K\u00f6rnyezettudom\u00e1nyi Doktori iskol\u00e1j\u00e1ban<\/p>\n","protected":false},"author":5824,"featured_media":0,"parent":858,"menu_order":211,"comment_status":"closed","ping_status":"closed","template":"","meta":{"_acf_changed":false,"footnotes":""},"categories":[56],"tags":[],"class_list":["post-3508","page","type-page","status-publish","hentry","category-munkatarsak"],"acf":[],"_links":{"self":[{"href":"https:\/\/univet.hu\/hu\/wp-json\/wp\/v2\/pages\/3508","targetHints":{"allow":["GET"]}}],"collection":[{"href":"https:\/\/univet.hu\/hu\/wp-json\/wp\/v2\/pages"}],"about":[{"href":"https:\/\/univet.hu\/hu\/wp-json\/wp\/v2\/types\/page"}],"author":[{"embeddable":true,"href":"https:\/\/univet.hu\/hu\/wp-json\/wp\/v2\/users\/5824"}],"replies":[{"embeddable":true,"href":"https:\/\/univet.hu\/hu\/wp-json\/wp\/v2\/comments?post=3508"}],"version-history":[{"count":2,"href":"https:\/\/univet.hu\/hu\/wp-json\/wp\/v2\/pages\/3508\/revisions"}],"predecessor-version":[{"id":177568,"href":"https:\/\/univet.hu\/hu\/wp-json\/wp\/v2\/pages\/3508\/revisions\/177568"}],"up":[{"embeddable":true,"href":"https:\/\/univet.hu\/hu\/wp-json\/wp\/v2\/pages\/858"}],"wp:attachment":[{"href":"https:\/\/univet.hu\/hu\/wp-json\/wp\/v2\/media?parent=3508"}],"wp:term":[{"taxonomy":"category","embeddable":true,"href":"https:\/\/univet.hu\/hu\/wp-json\/wp\/v2\/categories?post=3508"},{"taxonomy":"post_tag","embeddable":true,"href":"https:\/\/univet.hu\/hu\/wp-json\/wp\/v2\/tags?post=3508"}],"curies":[{"name":"wp","href":"https:\/\/api.w.org\/{rel}","templated":true}]}}