{"id":3529,"date":"2016-11-07T13:41:00","date_gmt":"2016-11-07T12:41:00","guid":{"rendered":"http:\/\/univet.hu\/egyetem\/munkatarsak\/bacsa-monika\/"},"modified":"2026-03-30T12:07:15","modified_gmt":"2026-03-30T10:07:15","slug":"bacsa-monika","status":"publish","type":"page","link":"https:\/\/univet.hu\/hu\/egyetem\/munkatarsak\/bacsa-monika\/","title":{"rendered":"Bacsa M\u00f3nika"},"content":{"rendered":"<p>Tansz\u00e9ki \u00e1llatorvos, Phd-hallgat\u00f3. Kutat\u00e1si t\u00e9m\u00e1ja a kutyasperma fagyaszt\u00e1sa \u00e9s a m\u00e9lyh\u0171t\u00f6tt sperma \u00e9letk\u00e9pess\u00e9g\u00e9t befoly\u00e1sol\u00f3 t\u00e9nyez\u0151k szab\u00e1lyoz\u00e1sa. Androl\u00f3giai laborat\u00f3riumi szolg\u00e1ltat\u00e1st v\u00e9gez a Kis\u00e1llatklinika Sz\u00fcl\u00e9szeti r\u00e9szleg\u00e9vel egy\u00fcttm\u0171k\u00f6dve.<\/p> <p>A Tansz\u00e9ken oktatott Szaporod\u00e1sbiol\u00f3gia \u00e9s biotechnol\u00f3gia tant\u00e1rgy egyik oktat\u00f3ja, oktat\u00e1si felel\u0151se, illetve a IV. \u00e9vfolyam ny\u00e1ri Orvosl\u00e1si gyakorlat\u00e1nak szervez\u0151je.<\/p> <p><a href=\"https:\/\/univet.hu\/hu\/egyetem\/szervezeti-egysegek\/szuleszeti-es-szaporodasbiologiai-tanszek-es-klinika\/szolgaltatasok\/andrologiai-laboratorium\/\">Androl\u00f3gia laborat\u00f3rium<\/a><\/p> <p><strong>Publik\u00e1ci\u00f3k:<\/strong><\/p> <p>Bacsa M\u00f3nika1*, T\u00f6r\u00f6k D\u00f3ra1, Bakony Mikolt2, Somosk\u0151i Bence1, M\u00fcller Linda1, Keresztes Zsuzsanna1, Bord\u00e1s Lilla1, Cseh S\u00e1ndor1\u00a0 Kutyasperma m\u00e9lyh\u0171t\u00e9se, fagyaszt\u00f3oldatokkal v\u00e9gzett \u00f6sszehasonl\u00edt\u00f3 vizsg\u00e1latok el\u0151zetes eredm\u00e9nyei Magyar \u00c1llatorvosok Lapja 2024 okt\u00f3ber <a href=\"https:\/\/doi.org\/10.56385\/magyallorv.2024.10.589-602\">https:\/\/doi.org\/10.56385\/magyallorv.2024.10.589-602<\/a><\/p> <p>Bacsa M\u00f3nika1*, T\u00f6r\u00f6k D\u00f3ra1, Bord\u00e1s Lilla1, Somosk\u0151i Bence1, M\u00fcller Linda1, Szil\u00e1gyi Eszter1, Erdei Kristian1, Radovits Tam\u00e1s2, Dobos Attila Bal\u00e1zs2, Cseh S\u00e1ndor1 Genetikailag \u00e9rt\u00e9kes inform\u00e1ci\u00f3t hordoz\u00f3 k\u00eds\u00e9rleti kutya\u00e1llom\u00e1ny szapor\u00edt\u00e1sa assziszt\u00e1lt reprodukci\u00f3s elj\u00e1r\u00e1ssal Magyar \u00c1llatorvosok Lapja 2025 szeptember <a href=\"https:\/\/doi.org\/10.56385\/magyallorv.2025.9.537-543\">https:\/\/doi.org\/10.56385\/magyallorv.2025.9.537-543<\/a><\/p> <p>M\u00d3NIKA BACSA* , D\u00d3RA T\u00d6R\u00d6K, LINDA M\u00dcLLER, KRISZTI\u00c1N ERDEI, ESZTER SZIL\u00c1GYI and S\u00c1NDOR CSEH Reproductive support of a valuable canine colony with assisted reproductive technique \u2013 Short communication 2025 december Acta Veterinaria Hungarica <a href=\"https:\/\/doi.org\/10.1556\/004.2025.01227\">https:\/\/doi.org\/10.1556\/004.2025.01227<\/a><\/p> <p>Somosk\u0151i Bence1, Lacalandra Giovanni2, Kany\u00f3 Katalin3, Zeke J\u00f3zsef3, T\u00f6r\u00f6k D\u00f3ra1, Bord\u00e1s Lilla1, Bacsa M\u00f3nika1,<br \/> Vincze Bogl\u00e1rka1, Csepreghy Anna1, Cseh S\u00e1ndor1* Az \u00e1llatorvosok \u00e9s a biol\u00f3gusok szerepe az emberben haszn\u00e1lt<br \/> assziszt\u00e1lt reprodukci\u00f3s technik\u00e1k fejleszt\u00e9s\u00e9ben 2025 m\u00e1jus <a href=\"https:\/\/doi.org\/10.56385\/magyallorv.2025.05.283-294\">https:\/\/doi.org\/10.56385\/magyallorv.2025.05.283-294<\/a><\/p> <div class=\"inline-flex\">M\u00f3nika Bacsa 1,*, Eszter Szil\u00e1gyi 1, Kristi\u00e1n Erdei 1, Linda M\u00fcller 1, Eszter Nagy 1, Bal\u00e1zs Attila Dobos 2,<br \/> Tam\u00e1s Radovits 2 and S\u00e1ndor Cseh 1 Successful Endoscope-Assisted Transcervical Insemination (TCI)<br \/> in Dogs Using Sperm Recovered from Epididymides Stored at 5 \u25e6C for 24 h After Castration Prior to Semen Collection and Cryopreservation Vet. Sci. 2026, 13, 326 <a href=\"https:\/\/doi.org\/10.3390\/vetsci13040326\">https:\/\/doi.org\/10.3390\/vetsci13040326<\/a><\/div> <p><strong>Konferencia el\u0151ad\u00e1sok:<\/strong><\/p> <p>Kutya mell\u00e9khere eredet\u0171 spermiumok krioprezerv\u00e1ci\u00f3ja- \u00f6sszehasonl\u00edt\u00f3 vizsg\u00e1latok &#8211; Bacsa M\u00f3nika, Nagy Eszter, Erdei Kristi\u00e1n, Somosk\u0151i Bence, Cseh S\u00e1ndor &#8211; A Magyar Androl\u00f3giai T\u00e1rsas\u00e1g XVII. Kongresszusa 2025. nov 27-29. S\u00fcmeg<\/p> <p>Sz\u00edv\u00fcgyek \u00e9s kuty\u00e1k- az \u00c1llatorvostudom\u00e1nyi Egyetem \u00e9s a V\u00e1rosmajori Klinika egy\u00fcttm\u0171k\u00f6d\u00e9se &#8211; Bacsa M\u00f3nika*, M\u00fcller Linda*, Szil\u00e1gyi Eszter*, T\u00f6r\u00f6k D\u00f3ra*, Erdei Kristi\u00e1n*, Dobos Attila Bal\u00e1zs**, Keresztes Zsuzsanna*, Radovits Tam\u00e1s**, Cseh S\u00e1ndor*- A Magyar Androl\u00f3giai T\u00e1rsas\u00e1g XVI. Kongresszusa 2024 nov 21-23. Eger<\/p> <p>Kutya mell\u00e9khere eredet\u0171 spermiumok krioprezerv\u00e1ci\u00f3ja. \u00d6sszehasonl\u00edt\u00f3 vizsg\u00e1latok \u2013 Bacsa M\u00f3nika, Nagy Eszter, Erdei Kriszti\u00e1n, Somosk\u0151i Bence, Cseh S\u00e1ndor &#8211; 30. Szaporod\u00e1sbiol\u00f3giai Tal\u00e1lkoz\u00f3, 2025 nov.7-8. Szilv\u00e1sv\u00e1rad<\/p> <p>Sz\u00edv\u00fcgyek \u00e9s kuty\u00e1k- az \u00c1llatorvostudom\u00e1nyi Egyetem \u00e9s a V\u00e1rosmajori Klinika<br \/> egy\u00fcttm\u0171k\u00f6d\u00e9se \u2013 Bacsa M\u00f3nika, M\u00fcller Linda, Szil\u00e1gyi Eszter, T\u00f6r\u00f6k D\u00f3ra, Erdei Kriszti\u00e1n, Dobos Attila Bal\u00e1zs, Keresztes Zsuzsanna, Radovits Tam\u00e1s, Cseh S\u00e1ndor &#8211; 29. Szaporod\u00e1sbiol\u00f3giai Tal\u00e1lkoz\u00f3 2024 nov 8-9. Zirc-Szarvask\u00fat<\/p> <p>A kanok ivari m\u0171k\u00f6d\u00e9se, spermav\u00e9tel, spermavizsg\u00e1lat, h\u0171t\u00e9s, fagyaszt\u00e1s, transzport- Sz\u00fcl\u00e9szeti \u00e9s szaporod\u00e1sbiol\u00f3giai alapismeretek- Kutyateny\u00e9szt\u0151knek \u00e9s felel\u0151s gazdiknak 2024 nov 29-30 \u00c1llatorvostudom\u00e1nyi Egyetem\u00a0 <a href=\"https:\/\/univet.hu\/hu\/2024\/09\/szuleszeti-es-szaporodasbiologiai-alapismeretek-kutyatenyesztoknek-es-felelos-gazdiknak\/\">https:\/\/univet.hu\/hu\/2024\/09\/szuleszeti-es-szaporodasbiologiai-alapismeretek-kutyatenyesztoknek-es-felelos-gazdiknak\/<\/a><\/p> <p>\u00c1llatorvosi spermatol\u00f3gia- Androkurzus VI. 2024. m\u00e1jus 10-11, Tata<\/p> <p>2023. jan.31. Akad\u00e9mai Besz\u00e1mol\u00f3, \u00c1llatorvostudom\u00e1nyi Egyetem KUTYA SPERMAFAGYASZT\u00d3 OLDATOK \u00d6SSZEHASONL\u00cdT\u00d3 VIZSG\u00c1LATA &#8211; dr.Bacsa M\u00f3nika<sup>1*<\/sup>, dr.Bakony Mikolt<sup>2<\/sup>, T\u00f6r\u00f6k D\u00f3ra<sup>1<\/sup>, dr.Somosk\u0151i Bence<sup>1<\/sup>, dr. M\u00fcller Linda<sup>1<\/sup>, Keresztes Zsuzsanna<sup>1<\/sup>, dr. Cseh S\u00e1ndor<sup>1\u00a0<\/sup><\/p> <p>G\u00c9NNET-21 Szakmai Konferencia, T\u00e1pi\u00f3szele: \u00d6sszehasonl\u00edt\u00f3 vizsg\u00e1latok kutya sperma h\u0171tve t\u00e1rol\u00e1s\u00e1val \u00e9s fagyaszt\u00e1s\u00e1val kapcsolatban- Bacsa M\u00f3nika, T\u00f6r\u00f6k D\u00f3ra, Somosk\u0151i Bence, Cseh S\u00e1ndor 2022. 01.11.<\/p> <p>G\u00c9NNET-21 Konferencia, G\u00f6d\u00f6ll\u0151 &#8211; Kutyasperma fagyaszt\u00e1s \u00e9s a fagyasztott sperma felhaszn\u00e1l\u00e1sa- Bacsa M\u00f3nika, Cseh S\u00e1ndor 2018.06.07.<\/p> <p>&nbsp;<\/p> <p><strong>Poszter:<\/strong><\/p> <p>Kutya spermafagyaszt\u00f3 oldatok \u00f6sszehasonl\u00edt\u00f3 vizsg\u00e1lata &#8211; Bacsa M\u00f3nika1*, Bakony Mikolt2, T\u00f6r\u00f6k D\u00f3ra1, Somosk\u0151i Bence1,\u00a0M\u00fcller Linda1, Keresztes Zsuzsanna1, Cseh S\u00e1ndor1 I. Magyar Agr\u00e1rtudom\u00e1nyi Doktoranduszok Szimp\u00f3ziuma Debrecen, 2023 febr 24-25. \u00c1llatorvosi- \u00e9s \u00e1llatteny\u00e9szt\u00e9si tudom\u00e1nyok poszter alszekci\u00f3n 1. helyez\u00e9st \u00e9rt el.<\/p> <p><strong>TDK, szakdolgozat:<\/strong><\/p> <p>TDK- 2018 nov.21 <b>\u00a0Verebes D\u00f3ra VI. \u00e9vfolyam (\u00e1o)<\/b><br \/> <i><\/i><i>K\u00fcl\u00f6nb\u00f6z\u0151 ivarz\u00e1s-szinkroniz\u00e1l\u00e1si technik\u00e1k hat\u00e9konys\u00e1g\u00e1nak \u00f6sszehasonl\u00edt\u00e1sa juhokban teny\u00e9szszezonban<\/i>\u00a0(<a href=\"https:\/\/tdk.univet.hu\/tdk2018.php?id=942&amp;ev=2018\">\u00f6sszefoglal\u00f3<\/a>)<br \/> \u00c1llatorvostudom\u00e1nyi Egyetem, Sz\u00fcl\u00e9szeti \u00e9s Szaporod\u00e1sbiol\u00f3giai Tansz\u00e9k<br \/> T\u00e9mavezet\u0151: Dr. Bacsa M\u00f3nika<\/p> <p>TDK- 2021. nov 17. <b>Peth\u0151 Dorottya Kinga VI. \u00e9vfolyam (\u00e1o)<\/b><br \/> <i>Kutya sperma mint\u00e1k h\u0171tve t\u00e1rol\u00e1s\u00e1val kapcsolatos vizsg\u00e1latok<\/i>\u00a0(<a href=\"https:\/\/tdk.univet.hu\/tdk2021.php?id=1240&amp;ev=2021\">\u00f6sszefoglal\u00f3<\/a>)<br \/> \u00c1llatorvostudom\u00e1nyi Egyetem, Sz\u00fcl\u00e9szeti \u00e9s Szaporod\u00e1sbiol\u00f3giai Tansz\u00e9k<br \/> T\u00e9mavezet\u0151k: Dr. Bacsa M\u00f3nika, T\u00f6r\u00f6k D\u00f3ra, Dr. Cseh S\u00e1ndor<\/p> <p>TDK- 2022.nov.16. <b>\u00a0M\u00e9sz\u00e1ros Eszter Luca VI. \u00e9vfolyam (\u00e1o)<\/b><br \/> <i>Kutya spermafagyaszt\u00e1si protokollok \u00f6sszehasonl\u00edt\u00e1sa<\/i>\u00a0(<a href=\"https:\/\/tdk.univet.hu\/tdk2022.php?id=1375&amp;ev=2022\">\u00f6sszefoglal\u00f3<\/a>)<br \/> \u00c1llatorvostudom\u00e1nyi Egyetem, Sz\u00fcl\u00e9szeti \u00e9s Szaporod\u00e1sbiol\u00f3giai Tansz\u00e9k<br \/> T\u00e9mavezet\u0151k: Dr. Bacsa M\u00f3nika, Dr. Cseh S\u00e1ndor<\/p> <p>TDK- 2025. nov. 19. <b>Horv\u00e1th N\u00f3ra Dorina VI. \u00e9vfolyam (\u00e1o)<\/b><br \/> <i>Mell\u00e9khere-eredet\u0171 kutyasperma fagyaszt\u00e1sa<\/i>\u00a0(<a href=\"https:\/\/tdk.univet.hu\/2025eloadasok.php?id=1691&amp;ev=2025\">\u00f6sszefoglal\u00f3<\/a>)<br \/> \u00c1llatorvostudom\u00e1nyi Egyetem, Sz\u00fcl\u00e9szeti Tansz\u00e9k \u00e9s Haszon\u00e1llat-gy\u00f3gy\u00e1szati Klinika<br \/> T\u00e9mavezet\u0151: Dr. Bacsa M\u00f3nika<\/p> <p>Szakdolgozatosok:<\/p> <p><strong>Borsodi Bogl\u00e1rka<\/strong> &#8211; Kutyasperma centrifug\u00e1l\u00e1si m\u00f3dszerek \u00f6sszehasonl\u00edt\u00f3 vizsg\u00e1lata- 2023 T\u00e9mavezet\u0151k: Bacsa M\u00f3nika, Cseh S\u00e1ndor<\/p> <p><strong>Phillipp Blendinger<\/strong>&#8211; Study of factors affecting artificial insemination with frozen- thawed semen in dogs<br \/> in a clinical patient population- 2024 T\u00e9mavezet\u0151: Bacsa M\u00f3nika<\/p> <p><strong>Anna-Catharina Olbrich<\/strong>&#8211; The role and function of the prostatic fluid and the seminal plasma in dogs in artificial insemination- 2024 T\u00e9mavezet\u0151: Bacsa M\u00f3nika<\/p> <p>K\u00e1das Dorka- Az infertilit\u00e1s okai kan kuty\u00e1kban &#8211; irodalmi \u00f6sszefoglal\u00f3- Lead\u00e1si hat\u00e1rid\u0151: 2026 november<\/p> <p>K\u00f6vi Eszter- Kisspeptinek hat\u00e1s\u00e1nak \u00f6sszehasonl\u00edt\u00e1sa szarvasmarh\u00e1ban \u00e9s kisk\u00e9r\u0151dz\u0151kben- Lead\u00e1si hat\u00e1rid\u0151: 2026 november<\/p> <p>Nyeste Luca- A mikrom\u0171anyag-szennyez\u00e9s hat\u00e1sa a n\u0151nem\u0171 \u00e1llatok \u00e9s n\u0151k fertilit\u00e1s\u00e1ra: Irodalmi \u00e1ttekint\u00e9s- Lead\u00e1si hat\u00e1rid\u0151: 2026 november<\/p> <p>Zs\u00e1ri Blanka- A mikrom\u0171anyag-szennyez\u00e9s hat\u00e1sa a h\u00edmnem\u0171 \u00e1llatok \u00e9s f\u00e9rfiak fertilit\u00e1s\u00e1ra: Irodalmi \u00e1ttekint\u00e9s- Lead\u00e1si hat\u00e1rid\u0151: 2026 november<\/p> <p>&nbsp;<\/p>","protected":false},"excerpt":{"rendered":"<p>Tansz\u00e9ki \u00e1llatorvos, Phd-hallgat\u00f3. Kutat\u00e1si t\u00e9m\u00e1ja a kutyasperma fagyaszt\u00e1sa \u00e9s a m\u00e9lyh\u0171t\u00f6tt sperma \u00e9letk\u00e9pess\u00e9g\u00e9t befoly\u00e1sol\u00f3 t\u00e9nyez\u0151k szab\u00e1lyoz\u00e1sa. Androl\u00f3giai laborat\u00f3riumi szolg\u00e1ltat\u00e1st v\u00e9gez a Kis\u00e1llatklinika Sz\u00fcl\u00e9szeti r\u00e9szleg\u00e9vel egy\u00fcttm\u0171k\u00f6dve. A Tansz\u00e9ken oktatott Szaporod\u00e1sbiol\u00f3gia \u00e9s biotechnol\u00f3gia tant\u00e1rgy egyik oktat\u00f3ja, oktat\u00e1si felel\u0151se, illetve a IV. \u00e9vfolyam ny\u00e1ri Orvosl\u00e1si gyakorlat\u00e1nak szervez\u0151je. Androl\u00f3gia laborat\u00f3rium Publik\u00e1ci\u00f3k: Bacsa M\u00f3nika1*, T\u00f6r\u00f6k D\u00f3ra1, Bakony Mikolt2, Somosk\u0151i Bence1,<\/p>\n","protected":false},"author":5824,"featured_media":0,"parent":858,"menu_order":211,"comment_status":"closed","ping_status":"closed","template":"","meta":{"_acf_changed":false,"footnotes":""},"categories":[56],"tags":[],"class_list":["post-3529","page","type-page","status-publish","hentry","category-munkatarsak"],"acf":[],"_links":{"self":[{"href":"https:\/\/univet.hu\/hu\/wp-json\/wp\/v2\/pages\/3529","targetHints":{"allow":["GET"]}}],"collection":[{"href":"https:\/\/univet.hu\/hu\/wp-json\/wp\/v2\/pages"}],"about":[{"href":"https:\/\/univet.hu\/hu\/wp-json\/wp\/v2\/types\/page"}],"author":[{"embeddable":true,"href":"https:\/\/univet.hu\/hu\/wp-json\/wp\/v2\/users\/5824"}],"replies":[{"embeddable":true,"href":"https:\/\/univet.hu\/hu\/wp-json\/wp\/v2\/comments?post=3529"}],"version-history":[{"count":5,"href":"https:\/\/univet.hu\/hu\/wp-json\/wp\/v2\/pages\/3529\/revisions"}],"predecessor-version":[{"id":204513,"href":"https:\/\/univet.hu\/hu\/wp-json\/wp\/v2\/pages\/3529\/revisions\/204513"}],"up":[{"embeddable":true,"href":"https:\/\/univet.hu\/hu\/wp-json\/wp\/v2\/pages\/858"}],"wp:attachment":[{"href":"https:\/\/univet.hu\/hu\/wp-json\/wp\/v2\/media?parent=3529"}],"wp:term":[{"taxonomy":"category","embeddable":true,"href":"https:\/\/univet.hu\/hu\/wp-json\/wp\/v2\/categories?post=3529"},{"taxonomy":"post_tag","embeddable":true,"href":"https:\/\/univet.hu\/hu\/wp-json\/wp\/v2\/tags?post=3529"}],"curies":[{"name":"wp","href":"https:\/\/api.w.org\/{rel}","templated":true}]}}