{"id":3544,"date":"2016-08-01T13:08:00","date_gmt":"2016-08-01T11:08:00","guid":{"rendered":"http:\/\/univet.hu\/egyetem\/munkatarsak\/bakonyi-gyozo\/"},"modified":"2026-03-26T10:55:34","modified_gmt":"2026-03-26T09:55:34","slug":"bakonyi-gyozo","status":"publish","type":"page","link":"https:\/\/univet.hu\/hu\/egyetem\/munkatarsak\/bakonyi-gyozo\/","title":{"rendered":"Bakonyi Gy\u0151z\u0151"},"content":{"rendered":"<p><strong>Bemutatkoz\u00e1s<\/strong><\/p> <p>2011 \u00f3ta dolgozom a Tansz\u00e9k virol\u00f3giai csoportj\u00e1ban. Feladataim k\u00f6z\u00e9 tartozik a be\u00e9rkezett mint\u00e1k feldolgoz\u00e1sa, nukleinsav kivon\u00e1s, PCR vizsg\u00e1latok elv\u00e9gz\u00e9se. Ezen k\u00edv\u00fcl beseg\u00edtek a virol\u00f3gi\u00e1val kapcsolatos Neptun \u00e9s Moodle adminisztr\u00e1ci\u00f3ba is.<\/p> <p>&nbsp;<\/p>","protected":false},"excerpt":{"rendered":"<p>Bemutatkoz\u00e1s 2011 \u00f3ta dolgozom a Tansz\u00e9k virol\u00f3giai csoportj\u00e1ban. Feladataim k\u00f6z\u00e9 tartozik a be\u00e9rkezett mint\u00e1k feldolgoz\u00e1sa, nukleinsav kivon\u00e1s, PCR vizsg\u00e1latok elv\u00e9gz\u00e9se. Ezen k\u00edv\u00fcl beseg\u00edtek a virol\u00f3gi\u00e1val kapcsolatos Neptun \u00e9s Moodle adminisztr\u00e1ci\u00f3ba is. &nbsp;<\/p>\n","protected":false},"author":5824,"featured_media":0,"parent":858,"menu_order":212,"comment_status":"closed","ping_status":"closed","template":"","meta":{"_acf_changed":false,"footnotes":""},"categories":[56],"tags":[],"class_list":["post-3544","page","type-page","status-publish","hentry","category-munkatarsak"],"acf":[],"_links":{"self":[{"href":"https:\/\/univet.hu\/hu\/wp-json\/wp\/v2\/pages\/3544","targetHints":{"allow":["GET"]}}],"collection":[{"href":"https:\/\/univet.hu\/hu\/wp-json\/wp\/v2\/pages"}],"about":[{"href":"https:\/\/univet.hu\/hu\/wp-json\/wp\/v2\/types\/page"}],"author":[{"embeddable":true,"href":"https:\/\/univet.hu\/hu\/wp-json\/wp\/v2\/users\/5824"}],"replies":[{"embeddable":true,"href":"https:\/\/univet.hu\/hu\/wp-json\/wp\/v2\/comments?post=3544"}],"version-history":[{"count":2,"href":"https:\/\/univet.hu\/hu\/wp-json\/wp\/v2\/pages\/3544\/revisions"}],"predecessor-version":[{"id":204358,"href":"https:\/\/univet.hu\/hu\/wp-json\/wp\/v2\/pages\/3544\/revisions\/204358"}],"up":[{"embeddable":true,"href":"https:\/\/univet.hu\/hu\/wp-json\/wp\/v2\/pages\/858"}],"wp:attachment":[{"href":"https:\/\/univet.hu\/hu\/wp-json\/wp\/v2\/media?parent=3544"}],"wp:term":[{"taxonomy":"category","embeddable":true,"href":"https:\/\/univet.hu\/hu\/wp-json\/wp\/v2\/categories?post=3544"},{"taxonomy":"post_tag","embeddable":true,"href":"https:\/\/univet.hu\/hu\/wp-json\/wp\/v2\/tags?post=3544"}],"curies":[{"name":"wp","href":"https:\/\/api.w.org\/{rel}","templated":true}]}}