{"id":35465,"date":"2019-02-26T11:06:25","date_gmt":"2019-02-26T10:06:25","guid":{"rendered":"https:\/\/univet.hu\/?page_id=35465"},"modified":"2026-03-25T16:48:27","modified_gmt":"2026-03-25T15:48:27","slug":"pasztory-kovacs-szilvia","status":"publish","type":"page","link":"https:\/\/univet.hu\/hu\/egyetem\/munkatarsak\/pasztory-kovacs-szilvia\/","title":{"rendered":"P\u00e1sztory-Kov\u00e1cs Szilvia"},"content":{"rendered":"<p><b><span data-contrast=\"auto\">Bemutatkoz\u00e1s:<\/span><\/b><span data-ccp-props=\"{&quot;134233117&quot;:true,&quot;134233118&quot;:true,&quot;201341983&quot;:0,&quot;335559739&quot;:160,&quot;335559740&quot;:240}\">\u00a0<\/span><\/p> <p><span data-contrast=\"auto\">Dr. P\u00e1sztory-Kov\u00e1cs Szilvia vagyok, az Zool\u00f3giai Tansz\u00e9k tudom\u00e1nyos munkat\u00e1rsa. A tansz\u00e9ken mesterk\u00e9pz\u00e9sben r\u00e9sztvev\u0151k sz\u00e1m\u00e1ra Cikkolvas\u00f3 szemin\u00e1rium kurzust tartok. A\u00a0kutat\u00f3 zool\u00f3gusok sz\u00e1m\u00e1ra az \u00d6kol\u00f3gia alapjai, a Popul\u00e1ci\u00f3genetika, a Probl\u00e9mafelismer\u0151 terepgyakorlat \u00e9s a Term\u00e9szetv\u00e9delmi biol\u00f3gia t\u00e1rgyak oktat\u00e1s\u00e1t \u00e9s szervez\u00e9s\u00e9t v\u00e9gzem. Kutat\u00e1si \u00e9rdekl\u0151d\u00e9si ter\u00fcletem jelenleg ragadoz\u00f3madarak popul\u00e1ci\u00f3genetik\u00e1ja \u00e9s popul\u00e1ci\u00f3dinamik\u00e1ja. <\/span><span data-ccp-props=\"{&quot;134233117&quot;:true,&quot;134233118&quot;:true,&quot;201341983&quot;:0,&quot;335559739&quot;:160,&quot;335559740&quot;:240}\">\u00a0<\/span><\/p> <p><span data-contrast=\"auto\">\u202f<\/span><span data-ccp-props=\"{&quot;134233117&quot;:true,&quot;134233118&quot;:true,&quot;201341983&quot;:0,&quot;335559739&quot;:160,&quot;335559740&quot;:240}\">\u00a0<\/span><\/p> <p><b><span data-contrast=\"auto\">F\u0151bb kutat\u00e1si ter\u00fcletek:<\/span><\/b><span data-ccp-props=\"{&quot;134233117&quot;:true,&quot;134233118&quot;:true,&quot;201341983&quot;:0,&quot;335559739&quot;:160,&quot;335559740&quot;:240}\">\u00a0<\/span><\/p> <ul> <li data-leveltext=\"\uf0b7\" data-font=\"Symbol\" data-listid=\"1\" data-list-defn-props=\"{&quot;335552541&quot;:1,&quot;335559684&quot;:-2,&quot;335559685&quot;:720,&quot;335559991&quot;:360,&quot;469769226&quot;:&quot;Symbol&quot;,&quot;469769242&quot;:[8226],&quot;469777803&quot;:&quot;left&quot;,&quot;469777804&quot;:&quot;\uf0b7&quot;,&quot;469777815&quot;:&quot;multilevel&quot;}\" data-aria-posinset=\"1\" data-aria-level=\"1\"><span data-contrast=\"auto\">\u00c9nekesmadarak hossz\u00fat\u00e1v\u00fa gy\u0171r\u0171z\u00e9si adatsorainak elemz\u00e9se statisztikai m\u00f3dszerekkel<\/span><span data-ccp-props=\"{&quot;134233117&quot;:true,&quot;134233118&quot;:true,&quot;201341983&quot;:0,&quot;335559739&quot;:160,&quot;335559740&quot;:240}\">\u00a0<\/span><\/li> <li data-leveltext=\"\uf0b7\" data-font=\"Symbol\" data-listid=\"1\" data-list-defn-props=\"{&quot;335552541&quot;:1,&quot;335559684&quot;:-2,&quot;335559685&quot;:720,&quot;335559991&quot;:360,&quot;469769226&quot;:&quot;Symbol&quot;,&quot;469769242&quot;:[8226],&quot;469777803&quot;:&quot;left&quot;,&quot;469777804&quot;:&quot;\uf0b7&quot;,&quot;469777815&quot;:&quot;multilevel&quot;}\" data-aria-posinset=\"1\" data-aria-level=\"1\"><span data-contrast=\"auto\">Madarak morfol\u00f3giai b\u00e9lyegek alapj\u00e1n t\u00f6rt\u00e9n\u0151 statisztikai ivarmeghat\u00e1roz\u00e1sa \u00e9s valid\u00e1l\u00e1sa molekul\u00e1ris m\u00f3dszerekkel<\/span><span data-ccp-props=\"{&quot;134233117&quot;:true,&quot;134233118&quot;:true,&quot;201341983&quot;:0,&quot;335559739&quot;:160,&quot;335559740&quot;:240}\">\u00a0<\/span><\/li> <li data-leveltext=\"\uf0b7\" data-font=\"Symbol\" data-listid=\"1\" data-list-defn-props=\"{&quot;335552541&quot;:1,&quot;335559684&quot;:-2,&quot;335559685&quot;:720,&quot;335559991&quot;:360,&quot;469769226&quot;:&quot;Symbol&quot;,&quot;469769242&quot;:[8226],&quot;469777803&quot;:&quot;left&quot;,&quot;469777804&quot;:&quot;\uf0b7&quot;,&quot;469777815&quot;:&quot;multilevel&quot;}\" data-aria-posinset=\"1\" data-aria-level=\"1\"><span data-contrast=\"auto\">Parlagi sas popul\u00e1ci\u00f3genetik\u00e1ja \u00e9s filogeogr\u00e1fi\u00e1ja, kel\u00e9si \u00e9s k\u00f6lt\u00e9si diszperzi\u00f3s mozg\u00e1sai<\/span><span data-ccp-props=\"{&quot;134233117&quot;:true,&quot;134233118&quot;:true,&quot;201341983&quot;:0,&quot;335559739&quot;:160,&quot;335559740&quot;:240}\">\u00a0<\/span><\/li> <li data-leveltext=\"\uf0b7\" data-font=\"Symbol\" data-listid=\"1\" data-list-defn-props=\"{&quot;335552541&quot;:1,&quot;335559684&quot;:-2,&quot;335559685&quot;:720,&quot;335559991&quot;:360,&quot;469769226&quot;:&quot;Symbol&quot;,&quot;469769242&quot;:[8226],&quot;469777803&quot;:&quot;left&quot;,&quot;469777804&quot;:&quot;\uf0b7&quot;,&quot;469777815&quot;:&quot;multilevel&quot;}\" data-aria-posinset=\"1\" data-aria-level=\"1\"><span data-contrast=\"auto\">Parlagi sas t\u00e1pl\u00e1l\u00e9k\u00f6sszet\u00e9tel\u00e9nek vizsg\u00e1lata Magyarorsz\u00e1gon az elm\u00falt 40 \u00e9vben<\/span><span data-ccp-props=\"{&quot;134233117&quot;:true,&quot;134233118&quot;:true,&quot;201341983&quot;:0,&quot;335559739&quot;:160,&quot;335559740&quot;:240}\">\u00a0<\/span><\/li> <li data-leveltext=\"\uf0b7\" data-font=\"Symbol\" data-listid=\"1\" data-list-defn-props=\"{&quot;335552541&quot;:1,&quot;335559684&quot;:-2,&quot;335559685&quot;:720,&quot;335559991&quot;:360,&quot;469769226&quot;:&quot;Symbol&quot;,&quot;469769242&quot;:[8226],&quot;469777803&quot;:&quot;left&quot;,&quot;469777804&quot;:&quot;\uf0b7&quot;,&quot;469777815&quot;:&quot;multilevel&quot;}\" data-aria-posinset=\"1\" data-aria-level=\"1\"><span data-contrast=\"auto\">A parlagi sas K\u00e1rp\u00e1t-medencei \u00e1llom\u00e1ny\u00e1nak popul\u00e1ci\u00f3-\u00e9letk\u00e9pess\u00e9gi elemz\u00e9se (PVA)<\/span><span data-ccp-props=\"{&quot;134233117&quot;:true,&quot;134233118&quot;:true,&quot;201341983&quot;:0,&quot;335559739&quot;:160,&quot;335559740&quot;:240}\">\u00a0<\/span><\/li> <li data-leveltext=\"\uf0b7\" data-font=\"Symbol\" data-listid=\"1\" data-list-defn-props=\"{&quot;335552541&quot;:1,&quot;335559684&quot;:-2,&quot;335559685&quot;:720,&quot;335559991&quot;:360,&quot;469769226&quot;:&quot;Symbol&quot;,&quot;469769242&quot;:[8226],&quot;469777803&quot;:&quot;left&quot;,&quot;469777804&quot;:&quot;\uf0b7&quot;,&quot;469777815&quot;:&quot;multilevel&quot;}\" data-aria-posinset=\"1\" data-aria-level=\"1\"><span data-contrast=\"auto\">K\u00f6lt\u0151 madarak t\u00fal\u00e9l\u00e9s\u00e9nek becsl\u00e9se parlagi sasn\u00e1l<\/span><span data-ccp-props=\"{&quot;134233117&quot;:true,&quot;134233118&quot;:true,&quot;201341983&quot;:0,&quot;335559739&quot;:160,&quot;335559740&quot;:240}\">\u00a0<\/span><\/li> <li data-leveltext=\"\uf0b7\" data-font=\"Symbol\" data-listid=\"1\" data-list-defn-props=\"{&quot;335552541&quot;:1,&quot;335559684&quot;:-2,&quot;335559685&quot;:720,&quot;335559991&quot;:360,&quot;469769226&quot;:&quot;Symbol&quot;,&quot;469769242&quot;:[8226],&quot;469777803&quot;:&quot;left&quot;,&quot;469777804&quot;:&quot;\uf0b7&quot;,&quot;469777815&quot;:&quot;multilevel&quot;}\" data-aria-posinset=\"1\" data-aria-level=\"1\"><span data-contrast=\"auto\">Rokonelker\u00fcl\u00e9s \u00e9s belteny\u00e9szt\u00e9s becsl\u00e9se parlagi sasn\u00e1l<\/span><span data-ccp-props=\"{&quot;134233117&quot;:true,&quot;134233118&quot;:true,&quot;201341983&quot;:0,&quot;335559739&quot;:160,&quot;335559740&quot;:240}\">\u00a0<\/span><\/li> <li data-leveltext=\"\uf0b7\" data-font=\"Symbol\" data-listid=\"1\" data-list-defn-props=\"{&quot;335552541&quot;:1,&quot;335559684&quot;:-2,&quot;335559685&quot;:720,&quot;335559991&quot;:360,&quot;469769226&quot;:&quot;Symbol&quot;,&quot;469769242&quot;:[8226],&quot;469777803&quot;:&quot;left&quot;,&quot;469777804&quot;:&quot;\uf0b7&quot;,&quot;469777815&quot;:&quot;multilevel&quot;}\" data-aria-posinset=\"1\" data-aria-level=\"1\"><span data-contrast=\"auto\">A nem-invaz\u00edv mintav\u00e9teli m\u00f3dszer megb\u00edzhat\u00f3s\u00e1g\u00e1nak elemz\u00e9se ragadoz\u00f3madarak popul\u00e1ci\u00f3dinamikai vizsg\u00e1lataiban<\/span><span data-ccp-props=\"{&quot;134233117&quot;:true,&quot;134233118&quot;:true,&quot;201341983&quot;:0,&quot;335559739&quot;:160,&quot;335559740&quot;:240}\">\u00a0<\/span><\/li> <li data-leveltext=\"\uf0b7\" data-font=\"Symbol\" data-listid=\"1\" data-list-defn-props=\"{&quot;335552541&quot;:1,&quot;335559684&quot;:-2,&quot;335559685&quot;:720,&quot;335559991&quot;:360,&quot;469769226&quot;:&quot;Symbol&quot;,&quot;469769242&quot;:[8226],&quot;469777803&quot;:&quot;left&quot;,&quot;469777804&quot;:&quot;\uf0b7&quot;,&quot;469777815&quot;:&quot;multilevel&quot;}\" data-aria-posinset=\"1\" data-aria-level=\"1\"><span data-contrast=\"auto\">Parlagi sas \u00e9s a pusztai sas hibridiz\u00e1ci\u00f3ja<\/span><span data-ccp-props=\"{&quot;134233117&quot;:true,&quot;134233118&quot;:true,&quot;201341983&quot;:0,&quot;335559739&quot;:160,&quot;335559740&quot;:240}\">\u00a0<\/span><\/li> <\/ul> <p><span data-contrast=\"auto\">\u202f<\/span><span data-ccp-props=\"{&quot;134233117&quot;:true,&quot;134233118&quot;:true,&quot;201341983&quot;:0,&quot;335559739&quot;:160,&quot;335559740&quot;:240}\">\u00a0<\/span><\/p> <p><b><span data-contrast=\"auto\">T\u00e9mavezet\u00e9s<\/span><\/b><span data-ccp-props=\"{&quot;134233117&quot;:true,&quot;134233118&quot;:true,&quot;201341983&quot;:0,&quot;335559739&quot;:160,&quot;335559740&quot;:240}\">\u00a0<\/span><\/p> <p><span data-contrast=\"auto\">MSc hallgat\u00f3k: 5<\/span><\/p> <p><span data-contrast=\"auto\">BSc hallgat\u00f3k: 5<\/span><span data-ccp-props=\"{&quot;134233117&quot;:true,&quot;134233118&quot;:true,&quot;201341983&quot;:0,&quot;335559739&quot;:160,&quot;335559740&quot;:240}\">\u00a0<\/span><\/p> <p><span data-contrast=\"auto\">TDK dolgozatok: 5<\/span><span data-ccp-props=\"{&quot;134233117&quot;:true,&quot;134233118&quot;:true,&quot;201341983&quot;:0,&quot;335559739&quot;:160,&quot;335559740&quot;:240}\">\u00a0<\/span><\/p> <p><span data-contrast=\"auto\">\u202f<\/span><span data-ccp-props=\"{&quot;134233117&quot;:true,&quot;134233118&quot;:true,&quot;201341983&quot;:0,&quot;335559739&quot;:160,&quot;335559740&quot;:240}\">\u00a0<\/span><\/p> <p><b><span data-contrast=\"auto\">V\u00e1laszthat\u00f3 szakdolgozati t\u00e9m\u00e1k<\/span><\/b>:<\/p> <ul> <li><span data-contrast=\"auto\">Nyugati, nem-vonul\u00f3 parlagisas-popul\u00e1ci\u00f3k genetikai diverzit\u00e1s\u00e1nak \u00e9s filogeogr\u00e1fi\u00e1j\u00e1nak vizsg\u00e1lata<\/span><span data-ccp-props=\"{&quot;134233117&quot;:true,&quot;134233118&quot;:true,&quot;201341983&quot;:0,&quot;335559739&quot;:160,&quot;335559740&quot;:240}\">\u00a0<\/span><\/li> <li><span data-contrast=\"auto\">Parlagisas-fi\u00f3k\u00e1k ivarar\u00e1ny\u00e1nak v\u00e1ltoz\u00e1sai az elm\u00falt 15 \u00e9vben \u00e9s az ezt befoly\u00e1sol\u00f3 \u00f6kol\u00f3giai t\u00e9nyez\u0151k felder\u00edt\u00e9se.<\/span><span data-ccp-props=\"{&quot;134233117&quot;:true,&quot;134233118&quot;:true,&quot;201341983&quot;:0,&quot;335559739&quot;:160,&quot;335559740&quot;:240}\">\u00a0<\/span><\/li> <\/ul> <p>&nbsp;<\/p> <p><b><span data-contrast=\"auto\">El\u0151rehalad\u00e1s<\/span><\/b>:<\/p> <p><b><span data-contrast=\"auto\">2013-\u202f<\/span><\/b><span data-contrast=\"auto\">\u202f\u00c1llatorvostudom\u00e1nyi Egyetem, Zool\u00f3giai Tansz\u00e9k<\/span><span data-ccp-props=\"{&quot;134233117&quot;:true,&quot;134233118&quot;:true,&quot;201341983&quot;:0,&quot;335559739&quot;:160,&quot;335559740&quot;:240}\">\u00a0<\/span><\/p> <p><span data-contrast=\"auto\">2013\u00a0\u00a0\u00a0\u00a0\u00a0\u00a0\u00a0\u00a0 \u202f\u202f\u202f\u202f\u202f\u202f PhD, \u00c1llatorvostudom\u00e1nyi Egyetem<\/span><span data-ccp-props=\"{&quot;134233117&quot;:true,&quot;134233118&quot;:true,&quot;201341983&quot;:0,&quot;335559739&quot;:160,&quot;335559740&quot;:240}\">\u00a0<\/span><\/p> <p><span data-contrast=\"auto\">2007-2013\u202f\u202f\u202f\u202f\u202f\u202f \u00c1llatorvostudom\u00e1nyi Egyetem, Biomatematikai \u00e9s Sz\u00e1m\u00edt\u00e1stechnikai Tansz\u00e9k<\/span><span data-ccp-props=\"{&quot;134233117&quot;:true,&quot;134233118&quot;:true,&quot;201341983&quot;:0,&quot;335559739&quot;:160,&quot;335559740&quot;:240}\">\u00a0<\/span><\/p> <p><span data-contrast=\"auto\">2002-2007\u202f \u202f \u202f \u202f\u00c1llatorvostudom\u00e1nyi Egyetem, alkalmazott zool\u00f3gus<\/span><\/p> <p>&nbsp;<\/p> <p><b><span data-contrast=\"auto\">Publik\u00e1ci\u00f3s lista <\/span><\/b><\/p> <p><a href=\"https:\/\/m2.mtmt.hu\/gui2\/?type=authors&amp;mode=browse&amp;sel=authors10019806\">MTMT2<\/a> | <a href=\"https:\/\/scholar.google.hu\/citations?hl=hu&amp;user=_DMELjcAAAAJ\">Google Scholar<\/a> | <a href=\"https:\/\/orcid.org\/0000-0002-0260-4356\">ORCID<\/a><\/p> <p><span data-ccp-props=\"{&quot;134233117&quot;:true,&quot;134233118&quot;:true,&quot;201341983&quot;:0,&quot;335559739&quot;:160,&quot;335559740&quot;:240}\">\u00a0<\/span><\/p>","protected":false},"excerpt":{"rendered":"<p>Bemutatkoz\u00e1s:\u00a0 Dr. P\u00e1sztory-Kov\u00e1cs Szilvia vagyok, az Zool\u00f3giai Tansz\u00e9k tudom\u00e1nyos munkat\u00e1rsa. A tansz\u00e9ken mesterk\u00e9pz\u00e9sben r\u00e9sztvev\u0151k sz\u00e1m\u00e1ra Cikkolvas\u00f3 szemin\u00e1rium kurzust tartok. A\u00a0kutat\u00f3 zool\u00f3gusok sz\u00e1m\u00e1ra az \u00d6kol\u00f3gia alapjai, a Popul\u00e1ci\u00f3genetika, a Probl\u00e9mafelismer\u0151 terepgyakorlat \u00e9s a Term\u00e9szetv\u00e9delmi biol\u00f3gia t\u00e1rgyak oktat\u00e1s\u00e1t \u00e9s szervez\u00e9s\u00e9t v\u00e9gzem. Kutat\u00e1si \u00e9rdekl\u0151d\u00e9si ter\u00fcletem jelenleg ragadoz\u00f3madarak popul\u00e1ci\u00f3genetik\u00e1ja \u00e9s popul\u00e1ci\u00f3dinamik\u00e1ja. \u00a0 \u202f\u00a0 F\u0151bb kutat\u00e1si ter\u00fcletek:\u00a0 \u00c9nekesmadarak hossz\u00fat\u00e1v\u00fa gy\u0171r\u0171z\u00e9si<\/p>\n","protected":false},"author":5824,"featured_media":0,"parent":858,"menu_order":37,"comment_status":"closed","ping_status":"closed","template":"","meta":{"_acf_changed":false,"footnotes":""},"categories":[],"tags":[],"class_list":["post-35465","page","type-page","status-publish","hentry"],"acf":[],"_links":{"self":[{"href":"https:\/\/univet.hu\/hu\/wp-json\/wp\/v2\/pages\/35465","targetHints":{"allow":["GET"]}}],"collection":[{"href":"https:\/\/univet.hu\/hu\/wp-json\/wp\/v2\/pages"}],"about":[{"href":"https:\/\/univet.hu\/hu\/wp-json\/wp\/v2\/types\/page"}],"author":[{"embeddable":true,"href":"https:\/\/univet.hu\/hu\/wp-json\/wp\/v2\/users\/5824"}],"replies":[{"embeddable":true,"href":"https:\/\/univet.hu\/hu\/wp-json\/wp\/v2\/comments?post=35465"}],"version-history":[{"count":4,"href":"https:\/\/univet.hu\/hu\/wp-json\/wp\/v2\/pages\/35465\/revisions"}],"predecessor-version":[{"id":204345,"href":"https:\/\/univet.hu\/hu\/wp-json\/wp\/v2\/pages\/35465\/revisions\/204345"}],"up":[{"embeddable":true,"href":"https:\/\/univet.hu\/hu\/wp-json\/wp\/v2\/pages\/858"}],"wp:attachment":[{"href":"https:\/\/univet.hu\/hu\/wp-json\/wp\/v2\/media?parent=35465"}],"wp:term":[{"taxonomy":"category","embeddable":true,"href":"https:\/\/univet.hu\/hu\/wp-json\/wp\/v2\/categories?post=35465"},{"taxonomy":"post_tag","embeddable":true,"href":"https:\/\/univet.hu\/hu\/wp-json\/wp\/v2\/tags?post=35465"}],"curies":[{"name":"wp","href":"https:\/\/api.w.org\/{rel}","templated":true}]}}