{"id":35477,"date":"2019-02-26T11:15:57","date_gmt":"2019-02-26T10:15:57","guid":{"rendered":"https:\/\/univet.hu\/?page_id=35477"},"modified":"2026-03-24T14:33:33","modified_gmt":"2026-03-24T13:33:33","slug":"berekmeri-eszter","status":"publish","type":"page","link":"https:\/\/univet.hu\/hu\/egyetem\/munkatarsak\/berekmeri-eszter\/","title":{"rendered":"Berekm\u00e9ri Eszter"},"content":{"rendered":"<p><span data-contrast=\"auto\"><strong>Bemutatkoz\u00e1s:<\/strong><\/span><\/p> <p><span data-contrast=\"auto\">Dr. Berekm\u00e9ri Eszter vagyok, az Zool\u00f3giai Tansz\u00e9k tudom\u00e1nyos munkat\u00e1rsa. A tansz\u00e9ken a kutat\u00f3 zool\u00f3gus hallgat\u00f3k sz\u00e1m\u00e1ra az \u00d6sszehasonl\u00edt\u00f3 \u00e1llatszervezettan \u00e9s a Biol\u00f3giai antropol\u00f3gia t\u00e1rgyak oktat\u00e1s\u00e1t \u00e9s szervez\u00e9s\u00e9t v\u00e9gzem, valamint Programoz\u00e1st tan\u00edtok (B t\u00e1rgy). F\u0151leg az idegrendszer-\u00e9rz\u00e9kszervi m\u0171k\u00f6d\u00e9sek ir\u00e1nt \u00e9rdekl\u0151d\u00f6m, ezek modellez\u00e9s\u00e9vel foglalkozom. A fels\u0151oktat\u00e1si feladatokon t\u00fal r\u00e9szt veszek az \u00c1TE <a href=\"https:\/\/univet.hu\/hu\/2022\/07\/19\/emelt-szintu-erettsegi-vizsgara-felkeszito-tanfolyam-indul\/\">magyar<\/a>\u00a0egyetemi el\u0151k\u00e9sz\u00edt\u0151i programjaiban is.<br \/> <\/span><\/p> <p><span data-ccp-props=\"{&quot;201341983&quot;:0,&quot;335559739&quot;:160,&quot;335559740&quot;:259}\">\u00a0<\/span><\/p> <p><b><\/b><span data-ccp-props=\"{&quot;201341983&quot;:0,&quot;335559739&quot;:160,&quot;335559740&quot;:259}\"><strong>F\u0151bb kutat\u00e1si ter\u00fcletek:<\/strong><\/span><\/p> <p><span data-contrast=\"auto\">Az eg\u00e9r bels\u0151 f\u00fcl t\u00e1maszt\u00f3sejtjeiben v\u00e9gbemen\u0151 purinerg-jel\u00e1tviteli rendszer induk\u00e1lta Ca2+ jelek felder\u00edt\u00e9se<\/span><span data-ccp-props=\"{&quot;201341983&quot;:0,&quot;335559739&quot;:160,&quot;335559740&quot;:259}\">\u00a0<\/span><\/p> <p><span data-contrast=\"auto\">Evol\u00faci\u00f3s &#8211; <\/span><span data-contrast=\"auto\">\u00f6kol\u00f3giai<\/span><span data-contrast=\"auto\"> idegrendszeri adapt\u00e1ci\u00f3k felder\u00edt\u00e9se<\/span><span data-ccp-props=\"{&quot;201341983&quot;:0,&quot;335559739&quot;:160,&quot;335559740&quot;:259}\">\u00a0<\/span><\/p> <p>&nbsp;<\/p> <p><strong>T\u00e9mavezet\u00e9s:<\/strong><\/p> <p>\u00c1llatorvostan hallgat\u00f3: 11 v\u00e9gezett, 2 folyamatban<\/p> <p>Biol\u00f3gia B.Sc.: 1 v\u00e9gzett<\/p> <p>Biol\u00f3gus M.Sc.: 1 folyamatban<\/p> <p>&nbsp;<\/p> <p><strong>V\u00e1laszthat\u00f3 szakdolgozati t\u00e9m\u00e1k:<\/strong><\/p> <p>A bels\u0151f\u00fclbeli t\u00e1maszt\u00f3sejtek Ca2+ jel\u00e1tvitel\u00e9nek modellez\u00e9se, a postnat\u00e1lis fejl\u0151d\u00e9si v\u00e1ltoz\u00e1sok felfed\u00e9se.<\/p> <p>A Deiters sejtek bels\u0151f\u00fcli elrendez\u0151d\u00e9s\u00e9nek, tonot\u00f3pi\u00e1j\u00e1nak vizsg\u00e1lata.<\/p> <p>Sejten bel\u00fcli Ca2+ jelek terjed\u00e9se.<\/p> <p><span data-ccp-props=\"{&quot;201341983&quot;:0,&quot;335559739&quot;:160,&quot;335559740&quot;:259}\">\u00a0<\/span><\/p> <p><b><\/b><span data-ccp-props=\"{&quot;201341983&quot;:0,&quot;335559739&quot;:160,&quot;335559740&quot;:259}\"><strong>El\u0151rehalad\u00e1s<\/strong>:<\/span><\/p> <p><span data-contrast=\"auto\"><strong>2020 \u2013<\/strong> \u00c1llatorvostudom\u00e1nyi Egyetem, Zool\u00f3giai (kor\u00e1bban \u00d6kol\u00f3giai) Tansz\u00e9k, tudom\u00e1nyos munkat\u00e1rs<\/span><span data-ccp-props=\"{&quot;201341983&quot;:0,&quot;335559739&quot;:160,&quot;335559740&quot;:259}\">\u00a0<\/span><\/p> <p><span data-contrast=\"auto\">2018 \u2013 2020<\/span> <span data-contrast=\"auto\">\u00c1llatorvostudom\u00e1nyi Egyetem, \u00d6kol\u00f3giai Tansz\u00e9k, tudom\u00e1nyos seg\u00e9dmunkat\u00e1rs<\/span><span data-ccp-props=\"{&quot;201341983&quot;:0,&quot;335559739&quot;:160,&quot;335559740&quot;:259}\">\u00a0<\/span><\/p> <p><span data-contrast=\"auto\">2015 \u2013 2018 <\/span> <span data-contrast=\"auto\">Semmelweis Egyetem, Farmakol\u00f3giai \u00e9s Farmakoter\u00e1pi\u00e1s Int\u00e9zet<\/span><span data-ccp-props=\"{&quot;201341983&quot;:0,&quot;335559739&quot;:160,&quot;335559740&quot;:259}\">\u00a0<\/span><\/p> <p><span data-ccp-props=\"{&quot;201341983&quot;:0,&quot;335559739&quot;:160,&quot;335559740&quot;:259}\">\u00a0<\/span><\/p> <p><b><span data-contrast=\"auto\">Szakmai szevezeti tags\u00e1g(ok):<\/span><\/b><span data-ccp-props=\"{&quot;201341983&quot;:0,&quot;335559739&quot;:160,&quot;335559740&quot;:259}\">\u00a0<\/span><\/p> <p><span data-contrast=\"auto\">2015-2018 &#8211; Magyar Farmakol\u00f3giai T\u00e1rsas\u00e1g<\/span><span data-ccp-props=\"{&quot;201341983&quot;:0,&quot;335559739&quot;:160,&quot;335559740&quot;:259}\">\u00a0<\/span><\/p> <p><span data-contrast=\"auto\">2017- Magyar Idegtudom\u00e1nyi T\u00e1rsas\u00e1g<\/span><span data-ccp-props=\"{&quot;201341983&quot;:0,&quot;335559739&quot;:160,&quot;335559740&quot;:259}\">\u00a0<\/span><\/p> <p><span data-ccp-props=\"{&quot;201341983&quot;:0,&quot;335559739&quot;:160,&quot;335559740&quot;:259}\">\u00a0<\/span><\/p> <p><strong>Publik\u00e1ci\u00f3s lista<\/strong>:<\/p> <p><a href=\"https:\/\/m2.mtmt.hu\/gui2\/?type=authors&amp;mode=browse&amp;sel=10052116\">MTMT2<\/a> <a href=\"https:\/\/scholar.google.hu\/citations?hl=hu&amp;user=AAJg-PUAAAAJ\">| Google Scholar<\/a> | <a href=\"https:\/\/orcid.org\/0000-0002-9752-7882\">ORCID<\/a><\/p>","protected":false},"excerpt":{"rendered":"<p>Bemutatkoz\u00e1s: Dr. Berekm\u00e9ri Eszter vagyok, az Zool\u00f3giai Tansz\u00e9k tudom\u00e1nyos munkat\u00e1rsa. A tansz\u00e9ken a kutat\u00f3 zool\u00f3gus hallgat\u00f3k sz\u00e1m\u00e1ra az \u00d6sszehasonl\u00edt\u00f3 \u00e1llatszervezettan \u00e9s a Biol\u00f3giai antropol\u00f3gia t\u00e1rgyak oktat\u00e1s\u00e1t \u00e9s szervez\u00e9s\u00e9t v\u00e9gzem, valamint Programoz\u00e1st tan\u00edtok (B t\u00e1rgy). F\u0151leg az idegrendszer-\u00e9rz\u00e9kszervi m\u0171k\u00f6d\u00e9sek ir\u00e1nt \u00e9rdekl\u0151d\u00f6m, ezek modellez\u00e9s\u00e9vel foglalkozom. A fels\u0151oktat\u00e1si feladatokon t\u00fal r\u00e9szt veszek az \u00c1TE magyar\u00a0egyetemi el\u0151k\u00e9sz\u00edt\u0151i programjaiban is.<\/p>\n","protected":false},"author":5824,"featured_media":0,"parent":858,"menu_order":37,"comment_status":"closed","ping_status":"closed","template":"","meta":{"_acf_changed":false,"footnotes":""},"categories":[],"tags":[],"class_list":["post-35477","page","type-page","status-publish","hentry"],"acf":[],"_links":{"self":[{"href":"https:\/\/univet.hu\/hu\/wp-json\/wp\/v2\/pages\/35477","targetHints":{"allow":["GET"]}}],"collection":[{"href":"https:\/\/univet.hu\/hu\/wp-json\/wp\/v2\/pages"}],"about":[{"href":"https:\/\/univet.hu\/hu\/wp-json\/wp\/v2\/types\/page"}],"author":[{"embeddable":true,"href":"https:\/\/univet.hu\/hu\/wp-json\/wp\/v2\/users\/5824"}],"replies":[{"embeddable":true,"href":"https:\/\/univet.hu\/hu\/wp-json\/wp\/v2\/comments?post=35477"}],"version-history":[{"count":4,"href":"https:\/\/univet.hu\/hu\/wp-json\/wp\/v2\/pages\/35477\/revisions"}],"predecessor-version":[{"id":204130,"href":"https:\/\/univet.hu\/hu\/wp-json\/wp\/v2\/pages\/35477\/revisions\/204130"}],"up":[{"embeddable":true,"href":"https:\/\/univet.hu\/hu\/wp-json\/wp\/v2\/pages\/858"}],"wp:attachment":[{"href":"https:\/\/univet.hu\/hu\/wp-json\/wp\/v2\/media?parent=35477"}],"wp:term":[{"taxonomy":"category","embeddable":true,"href":"https:\/\/univet.hu\/hu\/wp-json\/wp\/v2\/categories?post=35477"},{"taxonomy":"post_tag","embeddable":true,"href":"https:\/\/univet.hu\/hu\/wp-json\/wp\/v2\/tags?post=35477"}],"curies":[{"name":"wp","href":"https:\/\/api.w.org\/{rel}","templated":true}]}}