{"id":35481,"date":"2019-02-26T11:17:56","date_gmt":"2019-02-26T10:17:56","guid":{"rendered":"https:\/\/univet.hu\/?page_id=35481"},"modified":"2026-02-10T03:58:30","modified_gmt":"2026-02-10T02:58:30","slug":"takacs-vago_hunor","status":"publish","type":"page","link":"https:\/\/univet.hu\/hu\/egyetem\/munkatarsak\/takacs-vago_hunor\/","title":{"rendered":"Tak\u00e1cs-V\u00e1g\u00f3 Hunor"},"content":{"rendered":"<p><strong>Bemutatkoz\u00e1s<\/strong><\/p> <p>Tak\u00e1cs-V\u00e1g\u00f3 Hunor vagyok, PhD-hallgat\u00f3 a Zool\u00f3giai Tansz\u00e9ken. Doktori munk\u00e1m keret\u00e9ben a P\u00e1pua \u00daj-Guinea sziget\u00e9n \u00e9l\u0151 ugr\u00f3p\u00f3kokat vizsg\u00e1lom, ezen bel\u00fcl is a f\u0151 \u00e9rdekl\u0151d\u00e9si k\u00f6r\u00f6m az itt \u00e9l\u0151 rendk\u00edv\u00fcl \u00e9rdekes <em>Bathippus<\/em> nemzets\u00e9gbe tartoz\u00f3 ugr\u00f3p\u00f3kok, illetve a szigeten \u00e9l\u0151 hangyaut\u00e1nz\u00f3 fajok. Kutat\u00e1som f\u0151 ir\u00e1nyai az itt \u00e9l\u0151 fajok taxon\u00f3miai vizsg\u00e1lata, fajok le\u00edr\u00e1sa, illetve a szexu\u00e1lis szelekci\u00f3 vizsg\u00e1lata ezeken a p\u00f3kokon.<\/p> <p>&nbsp;<\/p> <p><strong>F\u0151bb kutat\u00e1si ter\u00fcletek:<\/strong><\/p> <ul> <li><em>Bathippus<\/em> \u00e9s <em>Canama<\/em> nemzets\u00e9gbe tartoz\u00f3 fajok le\u00edr\u00e1sa<\/li> <li>Hangyaut\u00e1nz\u00f3 <em>Myrmarachne<\/em> fajok le\u00edr\u00e1sa a szigetr\u0151l<\/li> <li>A Mt. Wilhelm ugr\u00f3p\u00f3k faun\u00e1j\u00e1nak felt\u00e1r\u00e1sa<\/li> <li>Szexu\u00e1lis szelekci\u00f3 vizsg\u00e1lata az \u00daj-Guineai ugr\u00f3p\u00f3kokon<\/li> <\/ul> <p>&nbsp;<\/p> <p><strong>El\u0151rehalad\u00e1s:<\/strong><\/p> <p><strong>2023 \u2013<\/strong>\u00a0: \u00c1llatorvostudom\u00e1nyi Egyetem, \u00c1llatorvostudom\u00e1nyi Doktori Iskola, PhD-hallgat\u00f3<\/p> <p>2021 \u2013 2023: \u00c1llatorvostudom\u00e1nyi Egyetem, okleveles biol\u00f3gus<\/p> <p>2018 \u2013 2021: \u00c1llatorvostudom\u00e1nyi Egyetem, biol\u00f3gia alapszak<\/p> <p>&nbsp;<\/p> <p><strong>Publication list:<\/strong><\/p> <p>Herczeg, D., Holly, D., K\u00e1sler, A., B\u00f3kony, V., Papp, T., Tak\u00e1cs\u2010V\u00e1g\u00f3, H., &#8230; &amp; Hettyey, A. (2023). Amphibian larvae benefit from a warm environment under simultaneous threat from chytridiomycosis and ranavirosis.\u00a0<em>Oikos<\/em>,\u00a0<em>2023<\/em>(11), e09953.<\/p> <p>Szinet\u00e1r Cs, Tak\u00e1cs-V\u00e1g\u00f3 H, Eichardt J (2024) [Occurrence of\u00a0<em>Theotima minutissima<\/em>\u00a0(Petrunkevitch, 1929) in Hungary (Araneae: Ochyroceratidae). Establishment in Europe of an introduced species from Southeast Asia].\u00a0<em>Biol\u00f3gia Savaria Term\u00e9szettudom\u00e1nyi \u00e9s Sporttudom\u00e1nyi K\u00f6zlem\u00e9nyek<\/em><strong>\u00a021<\/strong>: 105-112.<\/p> <p>&nbsp;<\/p> <p>ORCID: <a href=\"https:\/\/orcid.org\/0009-0003-7837-1979\">https:\/\/orcid.org\/0009-0003-7837-1979<\/a><\/p> <p>Googlescholar: <a href=\"https:\/\/scholar.google.com\/citations?user=7AiPtGkAAAAJ&amp;hl=hu&amp;oi=ao\">https:\/\/scholar.google.com\/citations?user=7AiPtGkAAAAJ&amp;hl=hu&amp;oi=ao<\/a><\/p>","protected":false},"excerpt":{"rendered":"<p>Bemutatkoz\u00e1s Tak\u00e1cs-V\u00e1g\u00f3 Hunor vagyok, PhD-hallgat\u00f3 a Zool\u00f3giai Tansz\u00e9ken. Doktori munk\u00e1m keret\u00e9ben a P\u00e1pua \u00daj-Guinea sziget\u00e9n \u00e9l\u0151 ugr\u00f3p\u00f3kokat vizsg\u00e1lom, ezen bel\u00fcl is a f\u0151 \u00e9rdekl\u0151d\u00e9si k\u00f6r\u00f6m az itt \u00e9l\u0151 rendk\u00edv\u00fcl \u00e9rdekes Bathippus nemzets\u00e9gbe tartoz\u00f3 ugr\u00f3p\u00f3kok, illetve a szigeten \u00e9l\u0151 hangyaut\u00e1nz\u00f3 fajok. Kutat\u00e1som f\u0151 ir\u00e1nyai az itt \u00e9l\u0151 fajok taxon\u00f3miai vizsg\u00e1lata, fajok le\u00edr\u00e1sa, illetve a szexu\u00e1lis szelekci\u00f3<\/p>\n","protected":false},"author":5824,"featured_media":0,"parent":858,"menu_order":37,"comment_status":"closed","ping_status":"closed","template":"","meta":{"_acf_changed":false,"footnotes":""},"categories":[],"tags":[],"class_list":["post-35481","page","type-page","status-publish","hentry"],"acf":[],"_links":{"self":[{"href":"https:\/\/univet.hu\/hu\/wp-json\/wp\/v2\/pages\/35481","targetHints":{"allow":["GET"]}}],"collection":[{"href":"https:\/\/univet.hu\/hu\/wp-json\/wp\/v2\/pages"}],"about":[{"href":"https:\/\/univet.hu\/hu\/wp-json\/wp\/v2\/types\/page"}],"author":[{"embeddable":true,"href":"https:\/\/univet.hu\/hu\/wp-json\/wp\/v2\/users\/5824"}],"replies":[{"embeddable":true,"href":"https:\/\/univet.hu\/hu\/wp-json\/wp\/v2\/comments?post=35481"}],"version-history":[{"count":1,"href":"https:\/\/univet.hu\/hu\/wp-json\/wp\/v2\/pages\/35481\/revisions"}],"predecessor-version":[{"id":199478,"href":"https:\/\/univet.hu\/hu\/wp-json\/wp\/v2\/pages\/35481\/revisions\/199478"}],"up":[{"embeddable":true,"href":"https:\/\/univet.hu\/hu\/wp-json\/wp\/v2\/pages\/858"}],"wp:attachment":[{"href":"https:\/\/univet.hu\/hu\/wp-json\/wp\/v2\/media?parent=35481"}],"wp:term":[{"taxonomy":"category","embeddable":true,"href":"https:\/\/univet.hu\/hu\/wp-json\/wp\/v2\/categories?post=35481"},{"taxonomy":"post_tag","embeddable":true,"href":"https:\/\/univet.hu\/hu\/wp-json\/wp\/v2\/tags?post=35481"}],"curies":[{"name":"wp","href":"https:\/\/api.w.org\/{rel}","templated":true}]}}