{"id":35484,"date":"2019-02-26T11:24:14","date_gmt":"2019-02-26T10:24:14","guid":{"rendered":"https:\/\/univet.hu\/?page_id=35484"},"modified":"2026-02-10T03:58:29","modified_gmt":"2026-02-10T02:58:29","slug":"szuts-tamas","status":"publish","type":"page","link":"https:\/\/univet.hu\/hu\/egyetem\/munkatarsak\/szuts-tamas\/","title":{"rendered":"Sz\u0171ts Tam\u00e1s"},"content":{"rendered":"<p><strong>Bemutatkoz\u00e1s<\/strong><\/p> <p align=\"justify\">Dr. Sz\u0171ts Tam\u00e1s vagyok, a Zol\u00f3giai Tansz\u00e9k f\u0151munkat\u00e1rsa. A tansz\u00e9ken a BSc-sek sz\u00e1m\u00e1ra a Biogeogr\u00e1fia, Zootaxon\u00f3mia \u00e9s Terepgyakorlat III t\u00e1rgyak oktat\u00e1s\u00e1t \u00e9s szervez\u00e9s\u00e9t v\u00e9gzem. Mesterk\u00e9pz\u00e9sben r\u00e9sztvev\u0151k sz\u00e1m\u00e1ra R\u00e9szletes taxon\u00f3mia, Egzotikus Zool\u00f3gia, Mikroszk\u00f3pos f\u00e9nyk\u00e9pez\u00e9s \u00e9s Molekul\u00e1ris Zool\u00f3gia kurzust tartok. Sz\u00e9les kutat\u00e1si \u00e9rdekl\u0151d\u00e9si ter\u00fcletem a p\u00f3kok taxon\u00f3miai, rendszertani kutat\u00e1sa, illetve biogeogr\u00e1fi\u00e1juk \u00e9s evol\u00faci\u00f3juk mint\u00e1zatainak felder\u00edt\u00e9se \u00e9s \u00e9rtelmez\u00e9se. A fels\u0151oktat\u00e1si feladatokon t\u00fal r\u00e9szt veszek az \u00c1TE <a href=\"https:\/\/univet.hu\/hu\/2022\/07\/19\/emelt-szintu-erettsegi-vizsgara-felkeszito-tanfolyam-indul\/\">magyar<\/a> \u00e9s <a href=\"https:\/\/univet.hu\/en\/education\/admission\/online-preparatory-program\/\">angol<\/a> egyetemi el\u0151k\u00e9sz\u00edt\u0151i programjaiban is.<\/p> <p>&nbsp;<\/p> <p><strong>F\u0151bb kutat\u00e1si ter\u00fcletek:<\/strong><\/p> <ul> <li>tr\u00f3pusi p\u00f3kok (Afrika, \u00daj Guinea, K\u00f6zel Kelet) taxon\u00f3mi\u00e1ja<\/li> <li>hazai p\u00f3kok taxon\u00f3miai rev\u00edzi\u00f3ja<\/li> <li>k\u00fcl\u00f6nb\u00f6z\u0151 p\u00f3kcsal\u00e1dok (fojt\u00f3p\u00f3kok, bikap\u00f3kok, keresztesp\u00f3kok, ugr\u00f3p\u00f3kok) rendszertana<\/li> <li>a p\u00f3kok evol\u00faci\u00f3ja \u00e9s biogeogr\u00e1fi\u00e1ja<\/li> <li>molekul\u00e1ris taxon\u00f3mia<\/li> <\/ul> <p>&nbsp;<\/p> <p><strong>T\u00e9mavezet\u00e9s<\/strong><\/p> <p>PhD Hallgat\u00f3k: 1<\/p> <p>MSc hallgat\u00f3k: 3<\/p> <p>BSc hallgat\u00f3k: 8<\/p> <p>TDK dolgozatok: 3<\/p> <p>&nbsp;<\/p> <p><strong>V\u00e1laszthat\u00f3 szakdolgozati t\u00e9m\u00e1k<\/strong><\/p> <p>\u00daj-Kaled\u00f3nia ugr\u00f3p\u00f3kjainak vizsg\u00e1lata (taxon\u00f3mia, DNS b\u00e1rk\u00f3d)<\/p> <p>\u00daj-Guinea ugr\u00f3p\u00f3kjainak vizsg\u00e1lata (taxon\u00f3mia, DNS b\u00e1rk\u00f3d)<\/p> <p>Bikap\u00f3kok molekul\u00e1ris taxon\u00f3mi\u00e1ja<\/p> <p>Ugr\u00f3p\u00f3kivarszerv evol\u00faci\u00f3 vizsg\u00e1lata<\/p> <p>Keresztesp\u00f3k-f\u00e9l\u00e9k fon\u00f3szem\u00f6lcsevol\u00faci\u00f3ja<\/p> <p>&nbsp;<\/p> <p><strong>El\u0151rehalad\u00e1s<\/strong><\/p> <p><strong>2019-\u00a0\u00a0<\/strong>\u00a0\u00c1llatorvostudom\u00e1nyi Eegyetem, Zool\u00f3giai tansz\u00e9k<\/p> <p>2018<span style=\"color: #ffffff;\">\u00a02017\u00a0\u00a0\u00a0\u00a0\u00a0\u00a0<\/span>\u00a0Habilit\u00e1ci\u00f3, \u00c1llatorvostudom\u00e1nyi Egyetem<\/p> <p>2011-2018\u00a0 \u00a0 \u00a0 \u00a0ELTE SEK, Biol\u00f3giai Tansz\u00e9k<\/p> <p>2010- 2011\u00a0\u00a0\u00a0\u00a0\u00a0\u00a0 California Academy of Sciences, Schlinger Arachnology Postdoctoral Research Fellow<\/p> <p>2009<span style=\"color: #ffffff;\">&#8211; 2017\u00a0\u00a0\u00a0\u00a0\u00a0\u00a0<\/span>\u00a0Carlsberg Postdoctoral Research Fellow,\u00a0Department of Entomology, Zoological Museum and University of Copenhagen<\/p> <p>2006-2008\u00a0 \u00a0 \u00a0 \u00a0Marie Curie Postdoctoral Researcher, Department of Entomology, Zoological Museum and University of Copenhagen<\/p> <p>1999-2005\u00a0\u00a0\u00a0\u00a0\u00a0\u00a0 Magyar Term\u00e9szettudom\u00e1nyi M\u00fazeum \u00c1llatt\u00e1r<\/p> <p>1999-2004\u00a0\u00a0\u00a0\u00a0\u00a0\u00a0 MTA TKI Zootaxon\u00f3miai Kutat\u00f3csoport<\/p> <p>1994-1999\u00a0 \u00a0 \u00a0 \u00a0J\u00f3zsef Atilla Tudom\u00e1nyegyetem\u00a0 okleveles biol\u00f3gus<\/p> <p>&nbsp;<\/p> <p><strong>Publik\u00e1ci\u00f3s lista (Top10)\u00a0<\/strong><a href=\"https:\/\/m2.mtmt.hu\/gui2\/?type=authors&amp;mode=browse&amp;sel=10011793\">MTMT<\/a> | <a href=\"https:\/\/scholar.google.com\/citations?user=O6q_iRUAAAAJ&amp;hl=en&amp;oi=ao\">Google Scholar<\/a> |\u00a0<a href=\"https:\/\/orcid.org\/0000-0001-8954-0641\">ORCID<\/a><\/p> <p><strong>Sz\u0171ts, T.<\/strong>, Zhang, J. X., Gall\u00e9-Szpisjak, N. &amp; De Bakker, D.\u00a0Jumping spiders (Araneae: Salticidae) of the Papua New Guinean Mount Wilhelm and surrounding mountains. In:\u00a0Robillard, T., Legendre, F., Villemant, C. &amp; Leponce, M. (eds.)\u00a0<i>Insects of Mount Wilhelm, Papua New Guinea &#8211; volume 2<\/i>.\u00a0<i>M\u00e9moires du Mus\u00e9um national d\u2019Histoire naturelle<\/i>\u00a02020;\u00a0214: 521-555.<\/p> <p>Weso\u0142owska W, <strong>Sz\u0171ts T.\u00a0<\/strong>A revision of the genus Pochyta Simon, with descriptions of new species (Araneae: Salticidae: Thiratoscirtina). <em>Zootaxa<\/em>. 2021 Oct 13;5052(1):1-41. doi:10.11646\/zootaxa.5052.1.1<\/p> <p>Maddison WP, <strong>Sz\u0171ts T<\/strong>. Myrmarachnine jumping spiders of the new subtribe Levieina from Papua New Guinea (Araneae, Salticidae, Myrmarachnini). <em>ZooKeys<\/em>. 2019 842:85. doi:10.3897\/zookeys.842.32970<\/p> <p>Zamani A, Altin \u00c7A, <strong>Sz\u0171ts T<\/strong>. A black sheep in Eresus (Araneae: Eresidae): taxonomic notes on the ladybird spiders of Iran and Turkey, with a new species. <em>Zootaxa<\/em>. 2020 4851(3):zootaxa-4851. doi:10.11646\/zootaxa.4851.3.6<\/p> <p>Scharff N, Coddington JA, Blackledge TA, Agnarsson I, Framenau VW, <strong>Sz\u0171ts T<\/strong>, Hayashi CY, Dimitrov D. Phylogeny of the orb\u2010weaving spider family Araneidae (Araneae: Araneoidea). <em>Cladistics<\/em>. 2020 36(1):1-21. doi:10.1111\/cla.12382<\/p> <p>Miller JA, Griswold CE, Scharff N, \u0158ez\u00e1\u010d M, <strong>Sz\u0171ts T<\/strong>, Marhabaie M. The velvet spiders: an atlas of the Eresidae (Arachnida, Araneae). <em>ZooKeys<\/em>. 2012 (195):1-144. doi:10.3897\/zookeys.195.2342<\/p> <p>Chousou\u2010Polydouri N, Carmichael A, <strong>Sz\u0171ts T<\/strong>, Saucedo A, Gillespie R, Griswold C, Wood HM. Giant Goblins above the waves at the southern end of the world: The biogeography of the spider family Orsolobidae (Araneae, Dysderoidea). <em>Journal of Biogeography<\/em>. 2019; 46(2):332-42. doi:10.1111\/jbi.13487<\/p> <p>Blackledge TA, Scharff N, Coddington JA, <strong>Sz\u0171ts T<\/strong>, Wenzel JW, Hayashi CY, Agnarsson I. Reconstructing web evolution and spider diversification in the molecular era. <em>Proceedings of the National Academy of Sciences<\/em>. 2009; 106(13):5229-34. doi:10.1073\/pnas.0901377106<\/p> <p>Sz\u0171ts T, Zalai B, Villepoux O, Buchholz S, Eichardt J, Zhukovets E, Oger P, Szinetar C. On the identity of the Palearctic species of the wolf spider genus Trebacosa (Araneae: Lycosidae). Zootaxa. 2017; 4216(4): 4216. doi:10.11646\/zootaxa.4216.4.6<\/p> <p>Wheeler WC, Coddington JA, Crowley LM, Dimitrov D, Goloboff PA, Griswold CE, Hormiga G, Prendini L, Ram\u00edrez MJ, Sierwald P, Almeida\u2010Silva L. &#8230; <strong>Sz\u0171ts, T.<\/strong> &#8230; The spider tree of life: phylogeny of Araneae based on target\u2010gene analyses from an extensive taxon sampling. <em>Cladistics<\/em>. 2017; 33(6):574-616. doi:10.1111\/cla.12182<\/p> <p>&nbsp;<\/p> <p>(Friss\u00edtve: 2022. szeptember 15)<\/p>","protected":false},"excerpt":{"rendered":"<p>Bemutatkoz\u00e1s Dr. Sz\u0171ts Tam\u00e1s vagyok, a Zol\u00f3giai Tansz\u00e9k f\u0151munkat\u00e1rsa. A tansz\u00e9ken a BSc-sek sz\u00e1m\u00e1ra a Biogeogr\u00e1fia, Zootaxon\u00f3mia \u00e9s Terepgyakorlat III t\u00e1rgyak oktat\u00e1s\u00e1t \u00e9s szervez\u00e9s\u00e9t v\u00e9gzem. Mesterk\u00e9pz\u00e9sben r\u00e9sztvev\u0151k sz\u00e1m\u00e1ra R\u00e9szletes taxon\u00f3mia, Egzotikus Zool\u00f3gia, Mikroszk\u00f3pos f\u00e9nyk\u00e9pez\u00e9s \u00e9s Molekul\u00e1ris Zool\u00f3gia kurzust tartok. Sz\u00e9les kutat\u00e1si \u00e9rdekl\u0151d\u00e9si ter\u00fcletem a p\u00f3kok taxon\u00f3miai, rendszertani kutat\u00e1sa, illetve biogeogr\u00e1fi\u00e1juk \u00e9s evol\u00faci\u00f3juk mint\u00e1zatainak felder\u00edt\u00e9se \u00e9s<\/p>\n","protected":false},"author":5824,"featured_media":0,"parent":858,"menu_order":37,"comment_status":"closed","ping_status":"closed","template":"","meta":{"_acf_changed":false,"footnotes":""},"categories":[],"tags":[],"class_list":["post-35484","page","type-page","status-publish","hentry"],"acf":[],"_links":{"self":[{"href":"https:\/\/univet.hu\/hu\/wp-json\/wp\/v2\/pages\/35484","targetHints":{"allow":["GET"]}}],"collection":[{"href":"https:\/\/univet.hu\/hu\/wp-json\/wp\/v2\/pages"}],"about":[{"href":"https:\/\/univet.hu\/hu\/wp-json\/wp\/v2\/types\/page"}],"author":[{"embeddable":true,"href":"https:\/\/univet.hu\/hu\/wp-json\/wp\/v2\/users\/5824"}],"replies":[{"embeddable":true,"href":"https:\/\/univet.hu\/hu\/wp-json\/wp\/v2\/comments?post=35484"}],"version-history":[{"count":1,"href":"https:\/\/univet.hu\/hu\/wp-json\/wp\/v2\/pages\/35484\/revisions"}],"predecessor-version":[{"id":199477,"href":"https:\/\/univet.hu\/hu\/wp-json\/wp\/v2\/pages\/35484\/revisions\/199477"}],"up":[{"embeddable":true,"href":"https:\/\/univet.hu\/hu\/wp-json\/wp\/v2\/pages\/858"}],"wp:attachment":[{"href":"https:\/\/univet.hu\/hu\/wp-json\/wp\/v2\/media?parent=35484"}],"wp:term":[{"taxonomy":"category","embeddable":true,"href":"https:\/\/univet.hu\/hu\/wp-json\/wp\/v2\/categories?post=35484"},{"taxonomy":"post_tag","embeddable":true,"href":"https:\/\/univet.hu\/hu\/wp-json\/wp\/v2\/tags?post=35484"}],"curies":[{"name":"wp","href":"https:\/\/api.w.org\/{rel}","templated":true}]}}