{"id":3553,"date":"2017-09-28T11:03:00","date_gmt":"2017-09-28T09:03:00","guid":{"rendered":"http:\/\/univet.hu\/egyetem\/munkatarsak\/balajtine-almasi-monika\/"},"modified":"2026-02-10T04:02:51","modified_gmt":"2026-02-10T03:02:51","slug":"balajtine-almasi-monika","status":"publish","type":"page","link":"https:\/\/univet.hu\/hu\/egyetem\/munkatarsak\/balajtine-almasi-monika\/","title":{"rendered":"Balajtin\u00e9 Alm\u00e1si M\u00f3nika"},"content":{"rendered":"<h2>Bemutatkoz\u00e1s<\/h2> <div> <p>szerz\u0151d\u00e9sk\u00f6t\u00e9st ig\u00e9nyl\u0151 beszerz\u00e9sek int\u00e9z\u00e9se<\/p> <p>nemzetk\u00f6zi utaz\u00e1sszervez\u00e9s<\/p> <\/div>","protected":false},"excerpt":{"rendered":"<p>Bemutatkoz\u00e1s szerz\u0151d\u00e9sk\u00f6t\u00e9st ig\u00e9nyl\u0151 beszerz\u00e9sek int\u00e9z\u00e9se nemzetk\u00f6zi utaz\u00e1sszervez\u00e9s<\/p>\n","protected":false},"author":5824,"featured_media":0,"parent":858,"menu_order":212,"comment_status":"closed","ping_status":"closed","template":"","meta":{"_acf_changed":false,"footnotes":""},"categories":[56],"tags":[],"class_list":["post-3553","page","type-page","status-publish","hentry","category-munkatarsak"],"acf":[],"_links":{"self":[{"href":"https:\/\/univet.hu\/hu\/wp-json\/wp\/v2\/pages\/3553","targetHints":{"allow":["GET"]}}],"collection":[{"href":"https:\/\/univet.hu\/hu\/wp-json\/wp\/v2\/pages"}],"about":[{"href":"https:\/\/univet.hu\/hu\/wp-json\/wp\/v2\/types\/page"}],"author":[{"embeddable":true,"href":"https:\/\/univet.hu\/hu\/wp-json\/wp\/v2\/users\/5824"}],"replies":[{"embeddable":true,"href":"https:\/\/univet.hu\/hu\/wp-json\/wp\/v2\/comments?post=3553"}],"version-history":[{"count":1,"href":"https:\/\/univet.hu\/hu\/wp-json\/wp\/v2\/pages\/3553\/revisions"}],"predecessor-version":[{"id":199684,"href":"https:\/\/univet.hu\/hu\/wp-json\/wp\/v2\/pages\/3553\/revisions\/199684"}],"up":[{"embeddable":true,"href":"https:\/\/univet.hu\/hu\/wp-json\/wp\/v2\/pages\/858"}],"wp:attachment":[{"href":"https:\/\/univet.hu\/hu\/wp-json\/wp\/v2\/media?parent=3553"}],"wp:term":[{"taxonomy":"category","embeddable":true,"href":"https:\/\/univet.hu\/hu\/wp-json\/wp\/v2\/categories?post=3553"},{"taxonomy":"post_tag","embeddable":true,"href":"https:\/\/univet.hu\/hu\/wp-json\/wp\/v2\/tags?post=3553"}],"curies":[{"name":"wp","href":"https:\/\/api.w.org\/{rel}","templated":true}]}}