{"id":35591,"date":"2019-02-27T15:17:09","date_gmt":"2019-02-27T14:17:09","guid":{"rendered":"https:\/\/univet.hu\/?page_id=35591"},"modified":"2021-01-28T14:48:03","modified_gmt":"2021-01-28T13:48:03","slug":"angol-nyelvvizsga-elokeszito-2","status":"publish","type":"page","link":"https:\/\/univet.hu\/hu\/oktatas\/kurzusok\/angol-nyelvvizsga-elokeszito-2\/","title":{"rendered":"Angol nyelvvizsga-el\u0151k\u00e9sz\u00edt\u0151"},"content":{"rendered":"<p>A hallgat\u00f3k nyelvi k\u00e9szs\u00e9geinek (\u00edr\u00e1sbeli, sz\u00f3beli, olvasott-, illetve hallott sz\u00f6veg\u00e9rt\u00e9s) angol k\u00f6z\u00e9pfok\u00fa (B2 szint\u0171) nyelvvizsga szintre fejleszt\u00e9se, a tanul\u00f3i auton\u00f3mia er\u0151s\u00edt\u00e9se.<\/p>","protected":false},"excerpt":{"rendered":"<p>A hallgat\u00f3k nyelvi k\u00e9szs\u00e9geinek (\u00edr\u00e1sbeli, sz\u00f3beli, olvasott-, illetve hallott sz\u00f6veg\u00e9rt\u00e9s) angol k\u00f6z\u00e9pfok\u00fa (B2 szint\u0171) nyelvvizsga szintre fejleszt\u00e9se, a tanul\u00f3i auton\u00f3mia er\u0151s\u00edt\u00e9se.<\/p>\n","protected":false},"author":3837,"featured_media":0,"parent":677,"menu_order":163,"comment_status":"closed","ping_status":"closed","template":"","meta":{"_acf_changed":false,"footnotes":""},"categories":[],"tags":[],"class_list":["post-35591","page","type-page","status-publish","hentry"],"acf":[],"_links":{"self":[{"href":"https:\/\/univet.hu\/hu\/wp-json\/wp\/v2\/pages\/35591","targetHints":{"allow":["GET"]}}],"collection":[{"href":"https:\/\/univet.hu\/hu\/wp-json\/wp\/v2\/pages"}],"about":[{"href":"https:\/\/univet.hu\/hu\/wp-json\/wp\/v2\/types\/page"}],"author":[{"embeddable":true,"href":"https:\/\/univet.hu\/hu\/wp-json\/wp\/v2\/users\/3837"}],"replies":[{"embeddable":true,"href":"https:\/\/univet.hu\/hu\/wp-json\/wp\/v2\/comments?post=35591"}],"version-history":[{"count":0,"href":"https:\/\/univet.hu\/hu\/wp-json\/wp\/v2\/pages\/35591\/revisions"}],"up":[{"embeddable":true,"href":"https:\/\/univet.hu\/hu\/wp-json\/wp\/v2\/pages\/677"}],"wp:attachment":[{"href":"https:\/\/univet.hu\/hu\/wp-json\/wp\/v2\/media?parent=35591"}],"wp:term":[{"taxonomy":"category","embeddable":true,"href":"https:\/\/univet.hu\/hu\/wp-json\/wp\/v2\/categories?post=35591"},{"taxonomy":"post_tag","embeddable":true,"href":"https:\/\/univet.hu\/hu\/wp-json\/wp\/v2\/tags?post=35591"}],"curies":[{"name":"wp","href":"https:\/\/api.w.org\/{rel}","templated":true}]}}