{"id":35598,"date":"2019-02-27T15:41:41","date_gmt":"2019-02-27T14:41:41","guid":{"rendered":"https:\/\/univet.hu\/?page_id=35598"},"modified":"2020-09-21T16:02:56","modified_gmt":"2020-09-21T14:02:56","slug":"francia-nyelv-az-idegennyelvu-kepzesben-resztvevo-hallgatok-szamara","status":"publish","type":"page","link":"https:\/\/univet.hu\/hu\/oktatas\/kurzusok\/francia-nyelv-az-idegennyelvu-kepzesben-resztvevo-hallgatok-szamara\/","title":{"rendered":"Francia nyelv az Idegennyelv\u0171 K\u00e9pz\u00e9sben r\u00e9sztvev\u0151 hallgat\u00f3k sz\u00e1m\u00e1ra"},"content":{"rendered":"<p>A tant\u00e1rgy c\u00e9lja:<\/p> <p>A francia nyelv alapjainak besz\u00e9dcentrikus megismertet\u00e9se az idegen nyelv\u0171 k\u00e9pz\u00e9sben r\u00e9sztvev\u0151 hallgat\u00f3kkal. A n\u00e9gy nyelvi alapk\u00e9szs\u00e9get a kommunikat\u00edv, funkcion\u00e1lis \u00e9s struktur\u00e1lis nyelvoktat\u00e1s alapelveinek egy\u00fcttes figyelembev\u00e9tel\u00e9vel fejlesztj\u00fck, \u00fagy, hogy a hangs\u00faly mindig a sz\u00f3beli kommunik\u00e1ci\u00f3n van, de fontos szerepet kap az orsz\u00e1gismeret oktat\u00e1sa is.<\/p>","protected":false},"excerpt":{"rendered":"<p>A tant\u00e1rgy c\u00e9lja: A francia nyelv alapjainak besz\u00e9dcentrikus megismertet\u00e9se az idegen nyelv\u0171 k\u00e9pz\u00e9sben r\u00e9sztvev\u0151 hallgat\u00f3kkal. A n\u00e9gy nyelvi alapk\u00e9szs\u00e9get a kommunikat\u00edv, funkcion\u00e1lis \u00e9s struktur\u00e1lis nyelvoktat\u00e1s alapelveinek egy\u00fcttes figyelembev\u00e9tel\u00e9vel fejlesztj\u00fck, \u00fagy, hogy a hangs\u00faly mindig a sz\u00f3beli kommunik\u00e1ci\u00f3n van, de fontos szerepet kap az orsz\u00e1gismeret oktat\u00e1sa is.<\/p>\n","protected":false},"author":3837,"featured_media":0,"parent":677,"menu_order":0,"comment_status":"closed","ping_status":"closed","template":"","meta":{"_acf_changed":false,"footnotes":""},"categories":[],"tags":[],"class_list":["post-35598","page","type-page","status-publish","hentry"],"acf":[],"_links":{"self":[{"href":"https:\/\/univet.hu\/hu\/wp-json\/wp\/v2\/pages\/35598","targetHints":{"allow":["GET"]}}],"collection":[{"href":"https:\/\/univet.hu\/hu\/wp-json\/wp\/v2\/pages"}],"about":[{"href":"https:\/\/univet.hu\/hu\/wp-json\/wp\/v2\/types\/page"}],"author":[{"embeddable":true,"href":"https:\/\/univet.hu\/hu\/wp-json\/wp\/v2\/users\/3837"}],"replies":[{"embeddable":true,"href":"https:\/\/univet.hu\/hu\/wp-json\/wp\/v2\/comments?post=35598"}],"version-history":[{"count":0,"href":"https:\/\/univet.hu\/hu\/wp-json\/wp\/v2\/pages\/35598\/revisions"}],"up":[{"embeddable":true,"href":"https:\/\/univet.hu\/hu\/wp-json\/wp\/v2\/pages\/677"}],"wp:attachment":[{"href":"https:\/\/univet.hu\/hu\/wp-json\/wp\/v2\/media?parent=35598"}],"wp:term":[{"taxonomy":"category","embeddable":true,"href":"https:\/\/univet.hu\/hu\/wp-json\/wp\/v2\/categories?post=35598"},{"taxonomy":"post_tag","embeddable":true,"href":"https:\/\/univet.hu\/hu\/wp-json\/wp\/v2\/tags?post=35598"}],"curies":[{"name":"wp","href":"https:\/\/api.w.org\/{rel}","templated":true}]}}