{"id":3562,"date":"2018-01-24T12:48:00","date_gmt":"2018-01-24T11:48:00","guid":{"rendered":"http:\/\/univet.hu\/egyetem\/munkatarsak\/balka-gyula\/"},"modified":"2026-03-06T09:37:10","modified_gmt":"2026-03-06T08:37:10","slug":"balka-gyula","status":"publish","type":"page","link":"https:\/\/univet.hu\/hu\/egyetem\/munkatarsak\/balka-gyula\/","title":{"rendered":"Balka Gyula"},"content":{"rendered":"<p style=\"text-align: center\"><b><span data-contrast=\"none\"><span style=\"font-size: 14pt\">Bemutatkoz\u00e1s<\/span>\u00a0\u00a0\u00a0<\/span><\/b><span data-ccp-props=\"{&quot;134233118&quot;:true,&quot;201341983&quot;:0,&quot;335559739&quot;:160,&quot;335559740&quot;:240}\">\u00a0<\/span><\/p> <p><span data-contrast=\"none\">\u00c1llatorvosi diplom\u00e1mat 2003-ban vehettem \u00e1t az akkori Szent Istv\u00e1n Egyetem \u00c1llatorvostudom\u00e1nyi Kar\u00e1n. Ezt k\u00f6vet\u0151en Rusvai Mikl\u00f3s Prof. t\u00e9mavezet\u00e9s\u00e9vel 2004 szeptember\u00e9t\u0151l PhD-hallgat\u00f3k\u00e9nt, ezt k\u00f6vet\u0151en 2007-t\u0151l eleinte klinikai \u00e1llatorvosk\u00e9nt, majd adjunktusk\u00e9nt, jelenleg pedig egyetemi docensk\u00e9nt dolgozom az \u00c1llatorvostudom\u00e1nyi Egyetem Patol\u00f3giai Tansz\u00e9k\u00e9n, ahol a kezdetekt\u0151l akt\u00edvan r\u00e9szt veszek a diagnosztikai munk\u00e1ban, az oktat\u00e1sban, illetve a kutat\u00e1sban. Jelenleg harmad- \u00e9s negyed\u00e9ves hallgat\u00f3knak k\u00f3rbonctani, plen\u00e1ris \u00e9s k\u00f3rsz\u00f6vettani gyakorlatokat, valamint el\u0151ad\u00e1sokat tartok magyar \u00e9s angol nyelven.<\/span><span data-ccp-props=\"{&quot;134233118&quot;:true,&quot;201341983&quot;:0,&quot;335559739&quot;:160,&quot;335559740&quot;:240}\">\u00a0<\/span><\/p> <p><b><span data-contrast=\"none\">F\u0151bb kutat\u00e1si ter\u00fcletek:<\/span><\/b><span data-ccp-props=\"{&quot;134233118&quot;:true,&quot;201341983&quot;:0,&quot;335559739&quot;:160,&quot;335559740&quot;:240}\">\u00a0<\/span><\/p> <ul> <li data-leveltext=\"-\" data-font=\"Source Sans Pro\" data-listid=\"2\" data-aria-posinset=\"10\" data-aria-level=\"1\"><span data-contrast=\"none\">A PRRS diagnosztik\u00e1ja, a fert\u0151z\u00e9s sor\u00e1n kialakul\u00f3 t\u00fcd\u0151elv\u00e1ltoz\u00e1sok vizsg\u00e1lata, modellez\u00e9se, ill. az anyai\/magzati placenta szerepe a v\u00edrus transzplacent\u00e1ris terjed\u00e9s\u00e9ben \u00e9s az ott kialakul\u00f3 elv\u00e1ltoz\u00e1sok jellemz\u00e9se<\/span><span data-ccp-props=\"{&quot;134233118&quot;:true,&quot;201341983&quot;:0,&quot;335559739&quot;:160,&quot;335559740&quot;:240}\">\u00a0<\/span><\/li> <li data-leveltext=\"-\" data-font=\"Source Sans Pro\" data-listid=\"2\" data-aria-posinset=\"10\" data-aria-level=\"1\"><span data-contrast=\"none\">Az atipikus sert\u00e9s-pestisv\u00edrus, a sert\u00e9s-parainfluenzav\u00edrus 1, a 3-as t\u00edpus\u00fa sert\u00e9scirkov\u00edrus \u00e9s az egyes parvov\u00edrusok elterjedts\u00e9g\u00e9nek vizsg\u00e1lata haz\u00e1nkban, a fert\u0151z\u00e9sek \u00e1llom\u00e1nyon bel\u00fcli dinamik\u00e1ja \u00e9s az \u00e9rintett \u00e1llatokban kialakult elv\u00e1ltoz\u00e1sok jellemz\u00e9se<\/span><span data-ccp-props=\"{&quot;134233118&quot;:true,&quot;201341983&quot;:0,&quot;335559739&quot;:160,&quot;335559740&quot;:240}\">\u00a0<\/span><\/li> <\/ul> <ul> <li data-leveltext=\"-\" data-font=\"Source Sans Pro\" data-listid=\"2\" data-aria-posinset=\"10\" data-aria-level=\"1\"><span data-contrast=\"none\">\u00dan. harmadik gener\u00e1ci\u00f3s (Nanopore) szekvenciameghat\u00e1roz\u00e1si m\u00f3dszerek alkalmaz\u00e1sa a sert\u00e9s v\u00edrusos betegs\u00e9geinek molekul\u00e1ris diagnosztik\u00e1j\u00e1ban<\/span><span data-ccp-props=\"{&quot;134233118&quot;:true,&quot;201341983&quot;:0,&quot;335559739&quot;:160,&quot;335559740&quot;:240}\">\u00a0<\/span><\/li> <li data-leveltext=\"-\" data-font=\"Source Sans Pro\" data-listid=\"2\" data-aria-posinset=\"10\" data-aria-level=\"1\"><span data-contrast=\"none\">Fel\u00fcleti plazmon-rezonancia elv\u00e9n m\u0171k\u00f6d\u0151 gyorsdiagnosztikai rendszer fejleszt\u00e9se sert\u00e9sek egyes v\u00edrusos betegs\u00e9geinek kimutat\u00e1s\u00e1ra<\/span><span data-ccp-props=\"{&quot;134233118&quot;:true,&quot;201341983&quot;:0,&quot;335559739&quot;:160,&quot;335559740&quot;:240}\">\u00a0<\/span><\/li> <li data-leveltext=\"-\" data-font=\"Source Sans Pro\" data-listid=\"2\" data-aria-posinset=\"10\" data-aria-level=\"1\"><span data-contrast=\"none\">\u00daj m\u00f3dszerekkel c\u00e9lbajuttatott antituberkulotikus gy\u00f3gyszerek, ill. vakcin\u00e1k fejleszt\u00e9se, azok \u00e1llatmodellben val\u00f3 kipr\u00f3b\u00e1l\u00e1s\u00e1nak k\u00f3rsz\u00f6vettani\u00a0 h\u00e1ttere<\/span><span data-ccp-props=\"{&quot;134233118&quot;:true,&quot;201341983&quot;:0,&quot;335559739&quot;:160,&quot;335559740&quot;:240}\">\u00a0<\/span><\/li> <li data-leveltext=\"-\" data-font=\"Source Sans Pro\" data-listid=\"2\" data-aria-posinset=\"10\" data-aria-level=\"1\"><span data-contrast=\"none\">A COVID-19 sor\u00e1n kialakul\u00f3 elv\u00e1ltoz\u00e1sok vizsg\u00e1lata h\u00f6rcs\u00f6gmodellben, valamint a COVID-19 elleni gy\u00f3gyszerfejleszt\u00e9s<\/span><span data-ccp-props=\"{&quot;134233118&quot;:true,&quot;201341983&quot;:0,&quot;335559739&quot;:160,&quot;335559740&quot;:240}\">\u00a0<\/span><\/li> <\/ul> <p><span data-ccp-props=\"{&quot;134233118&quot;:true,&quot;201341983&quot;:0,&quot;335559739&quot;:160,&quot;335559740&quot;:240}\">\u00a0<\/span><b><span data-contrast=\"none\">El\u0151rehalad\u00e1s:<\/span><\/b><span data-ccp-props=\"{&quot;134233118&quot;:true,&quot;201341983&quot;:0,&quot;335559739&quot;:160,&quot;335559740&quot;:240}\">\u00a0<\/span><\/p> <p><span data-contrast=\"none\">\u00c9retts\u00e9gi:<\/span> <span data-contrast=\"none\">Czuczor Gergely Benc\u00e9s Gimn\u00e1zium, Gy\u0151r, 1998<\/span><span data-ccp-props=\"{&quot;134233118&quot;:true,&quot;201341983&quot;:0,&quot;335559739&quot;:160,&quot;335559740&quot;:240}\">\u00a0<\/span><\/p> <p><span data-contrast=\"none\">Fels\u0151fok\u00fa k\u00e9pz\u00e9s:\u00a0<\/span><span data-ccp-props=\"{&quot;134233118&quot;:true,&quot;201341983&quot;:0,&quot;335559739&quot;:160,&quot;335559740&quot;:240}\">\u00a0<\/span><\/p> <p><span data-contrast=\"none\">SZIE \u00c1OTK<\/span> <span data-contrast=\"none\">\u2013<\/span> <span data-contrast=\"none\">\u00c1llatorvosdoktor, 2003, 30\/2003<\/span><span data-ccp-props=\"{&quot;134233118&quot;:true,&quot;201341983&quot;:0,&quot;335559739&quot;:160,&quot;335559740&quot;:240}\">\u00a0<\/span><\/p> <p><span data-contrast=\"none\">SZIE \u00c1OTK<\/span> <span data-contrast=\"none\">\u2013<\/span> <span data-contrast=\"none\">Fels\u0151fok\u00fa Vadgazd\u00e1lkod\u00e1si K\u00e9pz\u00e9s, 2003<\/span><span data-ccp-props=\"{&quot;134233118&quot;:true,&quot;201341983&quot;:0,&quot;335559739&quot;:160,&quot;335559740&quot;:240}\">\u00a0<\/span><\/p> <p><span data-contrast=\"none\">Tudom\u00e1nyos el\u0151remenetel:<\/span><span data-ccp-props=\"{&quot;134233118&quot;:true,&quot;201341983&quot;:0,&quot;335559739&quot;:160,&quot;335559740&quot;:240}\">\u00a0<\/span><\/p> <p><span data-contrast=\"none\">SZIE \u00c1OTK<\/span> <span data-contrast=\"none\">\u2013<\/span> <span data-contrast=\"none\">PhD, 2009, 5\/2009<\/span><span data-ccp-props=\"{&quot;134233118&quot;:true,&quot;201341983&quot;:0,&quot;335559739&quot;:160,&quot;335559740&quot;:240}\">\u00a0<\/span><\/p> <p><span data-contrast=\"none\">SZIE \u00c1OTK<\/span> <span data-contrast=\"none\">\u2013<\/span> <span data-contrast=\"none\">Habilit\u00e1ci\u00f3, 1\/2016<\/span><span data-ccp-props=\"{&quot;134233118&quot;:true,&quot;201341983&quot;:0,&quot;335559739&quot;:160,&quot;335559740&quot;:240}\">\u00a0<\/span><\/p> <p><span data-contrast=\"none\">Tov\u00e1bbk\u00e9pz\u00e9sek:\u00a0<\/span><span data-ccp-props=\"{&quot;134233118&quot;:true,&quot;201341983&quot;:0,&quot;335559739&quot;:160,&quot;335559740&quot;:240}\">\u00a0<\/span><\/p> <p><span data-contrast=\"none\">\u00c1TE<\/span> <span data-contrast=\"none\">\u2013<\/span> <span data-contrast=\"none\">Sert\u00e9s-eg\u00e9szs\u00e9g\u00fcgyi szak\u00e1llatorvos (2017)<\/span><span data-ccp-props=\"{&quot;134233118&quot;:true,&quot;201341983&quot;:0,&quot;335559739&quot;:160,&quot;335559740&quot;:240}\">\u00a0<\/span><\/p> <p><b><span data-contrast=\"none\">Szakmai szervezeti tags\u00e1g<\/span><\/b><span data-ccp-props=\"{&quot;134233118&quot;:true,&quot;201341983&quot;:0,&quot;335559739&quot;:160,&quot;335559740&quot;:240}\">\u00a0<\/span><\/p> <table data-tablestyle=\"MsoTableGrid\" data-tablelook=\"1184\"> <tbody> <tr> <td style=\"text-align: center\" data-celllook=\"0\"><b><span data-contrast=\"none\">Bizotts\u00e1g neve<\/span><\/b><span data-ccp-props=\"{&quot;134233118&quot;:true,&quot;201341983&quot;:0,&quot;335551550&quot;:2,&quot;335551620&quot;:2,&quot;335559740&quot;:259}\">\u00a0<\/span><\/td> <td style=\"text-align: center\" data-celllook=\"0\"><b><span data-contrast=\"none\">Id\u0151<\/span><\/b><span data-ccp-props=\"{&quot;134233118&quot;:true,&quot;201341983&quot;:0,&quot;335551550&quot;:2,&quot;335551620&quot;:2,&quot;335559740&quot;:259}\">\u00a0<\/span><\/td> <td style=\"text-align: center\" data-celllook=\"0\"><b><span data-contrast=\"none\">Tiszts\u00e9g<\/span><\/b><span data-ccp-props=\"{&quot;134233118&quot;:true,&quot;201341983&quot;:0,&quot;335551550&quot;:2,&quot;335551620&quot;:2,&quot;335559740&quot;:259}\">\u00a0<\/span><\/td> <\/tr> <tr> <td style=\"text-align: center\" data-celllook=\"0\"><span data-contrast=\"none\">Magyar Sert\u00e9seg\u00e9szs\u00e9g\u00fcgyi T\u00e1rsas\u00e1g<\/span><span data-ccp-props=\"{&quot;134233118&quot;:true,&quot;201341983&quot;:0,&quot;335559740&quot;:259}\">\u00a0<\/span><\/td> <td style=\"text-align: center\" data-celllook=\"0\"><span data-contrast=\"none\">2018\u2013<\/span><span data-ccp-props=\"{&quot;134233118&quot;:true,&quot;201341983&quot;:0,&quot;335559740&quot;:259}\">\u00a0<\/span><\/td> <td style=\"text-align: center\" data-celllook=\"0\"><span data-contrast=\"none\">konferenciaszervez\u0151 bizotts\u00e1g tagja<\/span><span data-ccp-props=\"{&quot;134233118&quot;:true,&quot;201341983&quot;:0,&quot;335559740&quot;:259}\">\u00a0<\/span><\/td> <\/tr> <tr> <td style=\"text-align: center\" data-celllook=\"0\"><span data-contrast=\"none\">Eur\u00f3pai Sert\u00e9seg\u00e9szs\u00e9g\u00fcgyi T\u00e1rsas\u00e1g (EAPHM)<\/span><span data-ccp-props=\"{&quot;134233118&quot;:true,&quot;201341983&quot;:0,&quot;335559740&quot;:259}\">\u00a0<\/span><\/td> <td style=\"text-align: center\" data-celllook=\"0\"><span data-contrast=\"none\">2016\u2013<\/span><span data-ccp-props=\"{&quot;134233118&quot;:true,&quot;201341983&quot;:0,&quot;335559740&quot;:259}\">\u00a0<\/span><\/td> <td style=\"text-align: center\" data-celllook=\"0\"><span data-contrast=\"none\">tag<\/span><span data-ccp-props=\"{&quot;134233118&quot;:true,&quot;201341983&quot;:0,&quot;335559740&quot;:259}\">\u00a0<\/span><\/td> <\/tr> <tr> <td style=\"text-align: center\" data-celllook=\"0\"><span data-contrast=\"none\">Amerikai Sert\u00e9seg\u00e9szs\u00e9g\u00fcgyi \u00c1llatorvosok Szervezete (AASV)<\/span><span data-ccp-props=\"{&quot;134233118&quot;:true,&quot;201341983&quot;:0,&quot;335559740&quot;:259}\">\u00a0<\/span><\/td> <td style=\"text-align: center\" data-celllook=\"0\"><span data-contrast=\"none\">2016\u2013<\/span><span data-ccp-props=\"{&quot;134233118&quot;:true,&quot;201341983&quot;:0,&quot;335559740&quot;:259}\">\u00a0<\/span><\/td> <td style=\"text-align: center\" data-celllook=\"0\"><span data-contrast=\"none\">tag<\/span><span data-ccp-props=\"{&quot;134233118&quot;:true,&quot;201341983&quot;:0,&quot;335559740&quot;:259}\">\u00a0<\/span><\/td> <\/tr> <\/tbody> <\/table> <p><span data-ccp-props=\"{&quot;134233118&quot;:true,&quot;201341983&quot;:0,&quot;335559739&quot;:160,&quot;335559740&quot;:240}\">\u00a0<\/span><\/p> <p><b><span data-contrast=\"none\">Eddigi szakdolgozat\/TDK hallgat\u00f3k sz\u00e1ma: 8<\/span><\/b><span data-ccp-props=\"{&quot;134233118&quot;:true,&quot;201341983&quot;:0,&quot;335559739&quot;:160,&quot;335559740&quot;:240}\">\u00a0<\/span><\/p> <table style=\"width: 17.8539%\" data-tablestyle=\"MsoTableGrid\" data-tablelook=\"1184\"> <tbody> <tr> <td style=\"width: 44.8858%\" data-celllook=\"0\"><b><span data-contrast=\"none\">PhD-hallgat\u00f3 neve<\/span><\/b><span data-ccp-props=\"{&quot;134233118&quot;:true,&quot;201341983&quot;:0,&quot;335551550&quot;:2,&quot;335551620&quot;:2,&quot;335559740&quot;:259}\">\u00a0<\/span><\/td> <td style=\"width: 53.3178%\" data-celllook=\"0\"><b><span data-contrast=\"none\">Fokozatszerz\u00e9s \u00e9ve<\/span><\/b><span data-ccp-props=\"{&quot;134233118&quot;:true,&quot;201341983&quot;:0,&quot;335551550&quot;:2,&quot;335551620&quot;:2,&quot;335559740&quot;:259}\">\u00a0<\/span><\/td> <\/tr> <tr> <td style=\"width: 44.8858%\" data-celllook=\"0\"><span data-contrast=\"none\">Szilasi Anna<\/span><span data-ccp-props=\"{&quot;134233118&quot;:true,&quot;201341983&quot;:0,&quot;335559740&quot;:259}\">\u00a0<\/span><\/td> <td style=\"width: 53.3178%\" data-celllook=\"0\"><span data-contrast=\"none\">sikeres v\u00e9d\u00e9s \u00e9ve: 2021<\/span><span data-ccp-props=\"{&quot;134233118&quot;:true,&quot;201341983&quot;:0,&quot;335559740&quot;:259}\">\u00a0<\/span><\/td> <\/tr> <tr> <td style=\"width: 44.8858%\" data-celllook=\"0\"><span data-contrast=\"none\">D\u00e9nes Lilla<\/span><span data-ccp-props=\"{&quot;134233118&quot;:true,&quot;201341983&quot;:0,&quot;335559740&quot;:259}\">\u00a0<\/span><\/td> <td style=\"width: 53.3178%\" data-celllook=\"0\"><span data-contrast=\"none\">sikeres v\u00e9d\u00e9s \u00e9ve: 2022<\/span><span data-ccp-props=\"{&quot;134233118&quot;:true,&quot;201341983&quot;:0,&quot;335559740&quot;:259}\">\u00a0<\/span><\/td> <\/tr> <tr> <td style=\"width: 44.8858%\" data-celllook=\"0\"><span data-contrast=\"none\">Igriczi Barbara<\/span><span data-ccp-props=\"{&quot;134233118&quot;:true,&quot;201341983&quot;:0,&quot;335559740&quot;:259}\">\u00a0<\/span><\/td> <td style=\"width: 53.3178%\" data-celllook=\"0\"><span data-contrast=\"none\">sikeres v\u00e9d\u00e9s \u00e9ve: 2025<\/span><span data-ccp-props=\"{&quot;134233118&quot;:true,&quot;201341983&quot;:0,&quot;335559740&quot;:259}\">\u00a0<\/span><\/td> <\/tr> <tr> <td style=\"width: 44.8858%\" data-celllook=\"0\"><span data-contrast=\"none\">Horv\u00e1th D\u00e1vid G\u00e9za<\/span><span data-ccp-props=\"{&quot;134233118&quot;:true,&quot;201341983&quot;:0,&quot;335559740&quot;:259}\">\u00a0<\/span><\/td> <td style=\"width: 53.3178%\" data-celllook=\"0\"><span data-contrast=\"none\">sikeres v\u00e9d\u00e9s \u00e9ve: 2025<\/span><span data-ccp-props=\"{&quot;134233118&quot;:true,&quot;201341983&quot;:0,&quot;335559740&quot;:259}\">\u00a0<\/span><\/td> <\/tr> <\/tbody> <\/table> <p><span data-ccp-props=\"{&quot;134233118&quot;:true,&quot;201341983&quot;:0,&quot;335559739&quot;:160,&quot;335559740&quot;:240}\">\u00a0<\/span><\/p> <p><b><span data-contrast=\"none\">Publik\u00e1ci\u00f3s lista (Top10) id\u0151rendben<\/span><\/b><span data-ccp-props=\"{&quot;134233118&quot;:true,&quot;201341983&quot;:0,&quot;335559739&quot;:160,&quot;335559740&quot;:240}\">\u00a0<\/span><\/p> <p><span data-contrast=\"none\">MTMT:\u202f\u00a0<\/span><span data-ccp-props=\"{&quot;134233118&quot;:true,&quot;201341983&quot;:0,&quot;335551550&quot;:2,&quot;335551620&quot;:2,&quot;335559739&quot;:160,&quot;335559740&quot;:240}\">\u00a0<\/span><\/p> <table style=\"height: 511px\" width=\"1312\"> <tbody> <tr style=\"height: 136px\"> <td style=\"width: 31.0333px;height: 136px\">1.<\/td> <td style=\"width: 1264.97px;height: 136px\"> <p><span data-contrast=\"auto\">Denes, L ; Horvath, DG* ; Duran, O ; Ratkhjen, PH ; Kraft, C ; Acs, B ; Szasz, AM ; Rumenapf, T ; Papp, M ; Ladinig, A ; <\/span><b><span data-contrast=\"auto\">Balka, G<\/span><\/b><\/p> <p><span data-contrast=\"auto\">In Situ Hybridization of PRRSV-1 Combined with Digital Image Analysis in Lung Tissues of Pigs Challenged with PRRSV-1<\/span><span data-ccp-props=\"{&quot;201341983&quot;:0,&quot;335559739&quot;:160,&quot;335559740&quot;:259}\">\u00a0<\/span><\/p> <p><span data-contrast=\"auto\">VETERINARY SCIENCES 8 : 10 Paper: 235 , 11 p. (2021)<\/span><span data-ccp-props=\"{&quot;201341983&quot;:0,&quot;335559739&quot;:160,&quot;335559740&quot;:259}\">\u00a0<\/span><\/td> <\/tr> <tr style=\"height: 136px\"> <td style=\"width: 31.0333px;height: 136px\">2.<\/td> <td style=\"width: 1264.97px;height: 136px\"> <p><span data-contrast=\"auto\">Denes, L ; Ruedas-Torres, I ; Szilasi, A ; <\/span><b><span data-contrast=\"auto\">Balka, G<\/span><\/b><\/p> <p><span data-contrast=\"auto\">Detection and localization of atypical porcine pestivirus in the testicles of naturally infected, congenital tremor affected piglets<\/span><span data-ccp-props=\"{&quot;201341983&quot;:0,&quot;335559739&quot;:160,&quot;335559740&quot;:259}\">\u00a0<\/span><\/p> <p><span data-contrast=\"auto\">TRANSBOUNDARY AND EMERGING DISEASES Paper: DOI10.1111\/tbed.14355 (2021)<\/span><span data-ccp-props=\"{&quot;201341983&quot;:0,&quot;335559739&quot;:160,&quot;335559740&quot;:259}\">\u00a0<\/span><\/td> <\/tr> <tr style=\"height: 99px\"> <td style=\"width: 31.0333px;height: 99px\">3.<\/td> <td style=\"width: 1264.97px;height: 99px\"> <p><span data-contrast=\"auto\">Horv\u00e1ti, Kata ; Fodor, Kinga ; P\u00e1lyi, Bernadett ; Henczk\u00f3, Judit ; <\/span><b><span data-contrast=\"auto\">Balka, Gyula<\/span><\/b><span data-contrast=\"auto\"> ; Gyulai, Gerg\u0151 ; Kiss, \u00c9va ; Biri-Kov\u00e1cs, Be\u00e1ta ; Senoner, Zsuzsanna ; B\u0151sze, Szilvia<\/span><\/p> <p><span data-contrast=\"auto\">Novel Assay Platform to Evaluate Intracellular Killing of Mycobacterium tuberculosis: In Vitro and In Vivo Validation<\/span><span data-ccp-props=\"{&quot;201341983&quot;:0,&quot;335559739&quot;:160,&quot;335559740&quot;:259}\">\u00a0<\/span><\/p> <p><span data-contrast=\"auto\">FRONTIERS IN IMMUNOLOGY 12 (2021)<\/span><span data-ccp-props=\"{&quot;201341983&quot;:0,&quot;335559739&quot;:160,&quot;335559740&quot;:259}\">\u00a0<\/span><\/td> <\/tr> <tr style=\"height: 24px\"> <td style=\"width: 31.0333px;height: 24px\">4.<\/td> <td style=\"width: 1264.97px;height: 24px\"> <p><span data-contrast=\"auto\">Kreutzmann, H ; Duerlinger, S ; Knecht, C ; Koch, M ; Cabana, M ; Torrent, G ; Balasch, M ; Taylor, LP ; <\/span><b><span data-contrast=\"auto\">Balka, G<\/span><\/b><span data-contrast=\"auto\"> ; Gerner, W et al.<\/span><\/p> <p><span data-contrast=\"auto\">Efficacy of a Modified Live Virus Vaccine against Porcine Reproductive and Respiratory Syndrome Virus 1 (PRRSV-1) Administered to 1-Day-Old Piglets in Front of Heterologous PRRSV-1 Challenge<\/span><span data-ccp-props=\"{&quot;201341983&quot;:0,&quot;335559739&quot;:160,&quot;335559740&quot;:259}\">\u00a0<\/span><\/p> <p><span data-contrast=\"auto\">PATHOGENS 10 : 10 p. 1342 (2021)<\/span><span data-ccp-props=\"{&quot;201341983&quot;:0,&quot;335559739&quot;:160,&quot;335559740&quot;:259}\">\u00a0<\/span><\/td> <\/tr> <tr style=\"height: 24px\"> <td style=\"width: 31.0333px;height: 24px\">5.<\/td> <td style=\"width: 1264.97px;height: 24px\"> <p><span data-contrast=\"auto\">D\u00e9nes, Lilla ; Cs\u00e1gola, Attila ; Sch\u00f6nhardt, Kitti ; Halas, M\u00e1t\u00e9 ; Solymosi, Norbert ; <\/span><b><span data-contrast=\"auto\">Balka, Gyula<\/span><\/b><\/p> <p><span data-contrast=\"auto\">First report of porcine parainfluenza virus 1 (species Porcine respirovirus 1) in Europe<\/span><span data-ccp-props=\"{&quot;201341983&quot;:0,&quot;335559739&quot;:160,&quot;335559740&quot;:259}\">\u00a0<\/span><\/p> <p><span data-contrast=\"auto\">TRANSBOUNDARY AND EMERGING DISEASES 00 Paper: tbed.13869 (2020)<\/span><span data-ccp-props=\"{&quot;201341983&quot;:0,&quot;335559739&quot;:160,&quot;335559740&quot;:259}\">\u00a0<\/span><\/td> <\/tr> <tr style=\"height: 24px\"> <td style=\"width: 31.0333px;height: 24px\">6.<\/td> <td style=\"width: 1264.97px;height: 24px\"> <p><span data-contrast=\"auto\">Szilasi, Anna ; Denes, Lilla ; Jakab, Csaba ; Erdelyi, Ildiko ; Resende, Talita ; Vannucci, Fabio ; Csomor, Judit ; Mandoki, Mira ; <\/span><b><span data-contrast=\"auto\">Balka, Gyula<\/span><\/b><\/p> <p><span data-contrast=\"auto\">In situ hybridization of feline leukemia virus in a primary neural B-cell lymphoma<\/span><span data-ccp-props=\"{&quot;201341983&quot;:0,&quot;335559739&quot;:160,&quot;335559740&quot;:259}\">\u00a0<\/span><\/p> <p><span data-contrast=\"auto\">JOURNAL OF VETERINARY DIAGNOSTIC INVESTIGATION 32 : 3 pp. 454-457. , 4 p. (2020)<\/span><span data-ccp-props=\"{&quot;201341983&quot;:0,&quot;335559739&quot;:160,&quot;335559740&quot;:259}\">\u00a0<\/span><\/td> <\/tr> <tr style=\"height: 24px\"> <td style=\"width: 31.0333px;height: 24px\">7.<\/td> <td style=\"width: 1264.97px;height: 24px\"> <p><span data-contrast=\"auto\">Horv\u00e1ti, Kata ; P\u00e1lyi, Bernadett ; Henczk\u00f3, Judit ; <\/span><b><span data-contrast=\"auto\">Balka, Gyula<\/span><\/b><span data-contrast=\"auto\"> ; Szab\u00f3, Eleon\u00f3ra ; Farkas, Viktor ; Biri-Kov\u00e1cs, Be\u00e1ta ; Szeder, B\u00e1lint ; Fodor, Kinga<\/span><\/p> <p><span data-contrast=\"auto\">A Convenient Synthetic Method to Improve Immunogenicity of Mycobacterium tuberculosis Related T-Cell Epitope Peptides<\/span><span data-ccp-props=\"{&quot;201341983&quot;:0,&quot;335559739&quot;:160,&quot;335559740&quot;:259}\">\u00a0<\/span><\/p> <p><span data-contrast=\"auto\">VACCINES (BASEL) 7 : 3 p. 101 (2019)<\/span><span data-ccp-props=\"{&quot;201341983&quot;:0,&quot;335559739&quot;:160,&quot;335559740&quot;:259}\">\u00a0<\/span><\/td> <\/tr> <tr style=\"height: 24px\"> <td style=\"width: 31.0333px;height: 24px\">8.<\/td> <td style=\"width: 1264.97px;height: 24px\"> <p><span data-contrast=\"auto\">Novosel, Dinko ; Tuboly, Tamas ; <\/span><b><span data-contrast=\"auto\">Balka, Gyula<\/span><\/b><span data-contrast=\"auto\"> ; Szeredi, Levente ; Lojkic, Ivana ; Jungic, Andreja ; Acinger-Rogic, Zaklin ; Ait-Ali, Tahar ; Csagola, Attila<\/span><\/p> <p><span data-contrast=\"auto\">Evidence of CPV2c introgression into Croatia and novel insights into phylogeny and cell tropism<\/span><span data-ccp-props=\"{&quot;201341983&quot;:0,&quot;335559739&quot;:160,&quot;335559740&quot;:259}\">\u00a0<\/span><\/p> <p><span data-contrast=\"auto\">SCIENTIFIC REPORTS 9 : 1 Paper: 16909 (2019)<\/span><span data-ccp-props=\"{&quot;201341983&quot;:0,&quot;335559739&quot;:160,&quot;335559740&quot;:259}\">\u00a0<\/span><\/td> <\/tr> <tr style=\"height: 10px\"> <td style=\"width: 31.0333px;height: 10px\">9.<\/td> <td style=\"width: 1264.97px;height: 10px\"> <p><b><span data-contrast=\"auto\">Balka, G<\/span><\/b><span data-contrast=\"auto\"> ; Podgorska, K ; Brar, MS ; Balint, A ; Cadar, D ; Celer, V ; Denes, L ; Dirbakova, Z ; Jedryczko, A ; Marton, L et al.<\/span><\/p> <p><span data-contrast=\"auto\">Genetic diversity of PRRSV 1 in Central Eastern Europe in 1994-2014: origin and evolution of the virus in the region<\/span><span data-ccp-props=\"{&quot;201341983&quot;:0,&quot;335559739&quot;:160,&quot;335559740&quot;:259}\">\u00a0<\/span><\/p> <p><span data-contrast=\"auto\">SCIENTIFIC REPORTS 8 Paper: 7811 (2018)<\/span><span data-ccp-props=\"{&quot;201341983&quot;:0,&quot;335559739&quot;:160,&quot;335559740&quot;:259}\">\u00a0<\/span><\/td> <\/tr> <tr style=\"height: 10px\"> <td style=\"width: 31.0333px;height: 10px\">10.<\/td> <td style=\"width: 1264.97px;height: 10px\"> <p><span data-contrast=\"auto\">D\u00e9nes, Lilla ; Biksi, Imre ; Albert, Mih\u00e1ly ; Szeredi, Levente ; G Knapp, D\u00e1niel ; Szilasi, Anna ; B\u00e1lint, \u00c1d\u00e1m ; <\/span><b><span data-contrast=\"auto\">Balka, Gyula<\/span><\/b><\/p> <p><span data-contrast=\"auto\">Detection and phylogenetic characterization of atypical porcine pestivirus strains in Hungary<\/span><span data-ccp-props=\"{&quot;201341983&quot;:0,&quot;335559739&quot;:160,&quot;335559740&quot;:259}\">\u00a0<\/span><\/p> <p><span data-contrast=\"auto\">TRANSBOUNDARY AND EMERGING DISEASES 65 : 6 pp. 2039-2042. , 4 p. (2018)<\/span><span data-ccp-props=\"{&quot;201341983&quot;:0,&quot;335559739&quot;:160,&quot;335559740&quot;:259}\">\u00a0<\/span><\/td> <\/tr> <\/tbody> <\/table> <p>&nbsp;<\/p>","protected":false},"excerpt":{"rendered":"<p>Bemutatkoz\u00e1s\u00a0\u00a0\u00a0\u00a0 \u00c1llatorvosi diplom\u00e1mat 2003-ban vehettem \u00e1t az akkori Szent Istv\u00e1n Egyetem \u00c1llatorvostudom\u00e1nyi Kar\u00e1n. Ezt k\u00f6vet\u0151en Rusvai Mikl\u00f3s Prof. t\u00e9mavezet\u00e9s\u00e9vel 2004 szeptember\u00e9t\u0151l PhD-hallgat\u00f3k\u00e9nt, ezt k\u00f6vet\u0151en 2007-t\u0151l eleinte klinikai \u00e1llatorvosk\u00e9nt, majd adjunktusk\u00e9nt, jelenleg pedig egyetemi docensk\u00e9nt dolgozom az \u00c1llatorvostudom\u00e1nyi Egyetem Patol\u00f3giai Tansz\u00e9k\u00e9n, ahol a kezdetekt\u0151l akt\u00edvan r\u00e9szt veszek a diagnosztikai munk\u00e1ban, az oktat\u00e1sban, illetve a kutat\u00e1sban. Jelenleg<\/p>\n","protected":false},"author":5824,"featured_media":0,"parent":858,"menu_order":212,"comment_status":"closed","ping_status":"closed","template":"","meta":{"_acf_changed":false,"footnotes":""},"categories":[56],"tags":[],"class_list":["post-3562","page","type-page","status-publish","hentry","category-munkatarsak"],"acf":[],"_links":{"self":[{"href":"https:\/\/univet.hu\/hu\/wp-json\/wp\/v2\/pages\/3562","targetHints":{"allow":["GET"]}}],"collection":[{"href":"https:\/\/univet.hu\/hu\/wp-json\/wp\/v2\/pages"}],"about":[{"href":"https:\/\/univet.hu\/hu\/wp-json\/wp\/v2\/types\/page"}],"author":[{"embeddable":true,"href":"https:\/\/univet.hu\/hu\/wp-json\/wp\/v2\/users\/5824"}],"replies":[{"embeddable":true,"href":"https:\/\/univet.hu\/hu\/wp-json\/wp\/v2\/comments?post=3562"}],"version-history":[{"count":2,"href":"https:\/\/univet.hu\/hu\/wp-json\/wp\/v2\/pages\/3562\/revisions"}],"predecessor-version":[{"id":202406,"href":"https:\/\/univet.hu\/hu\/wp-json\/wp\/v2\/pages\/3562\/revisions\/202406"}],"up":[{"embeddable":true,"href":"https:\/\/univet.hu\/hu\/wp-json\/wp\/v2\/pages\/858"}],"wp:attachment":[{"href":"https:\/\/univet.hu\/hu\/wp-json\/wp\/v2\/media?parent=3562"}],"wp:term":[{"taxonomy":"category","embeddable":true,"href":"https:\/\/univet.hu\/hu\/wp-json\/wp\/v2\/categories?post=3562"},{"taxonomy":"post_tag","embeddable":true,"href":"https:\/\/univet.hu\/hu\/wp-json\/wp\/v2\/tags?post=3562"}],"curies":[{"name":"wp","href":"https:\/\/api.w.org\/{rel}","templated":true}]}}