{"id":3568,"date":"2017-04-04T16:55:00","date_gmt":"2017-04-04T14:55:00","guid":{"rendered":"http:\/\/univet.hu\/egyetem\/munkatarsak\/balogh-eva\/"},"modified":"2026-02-10T04:02:53","modified_gmt":"2026-02-10T03:02:53","slug":"balogh-eva","status":"publish","type":"page","link":"https:\/\/univet.hu\/hu\/egyetem\/munkatarsak\/balogh-eva\/","title":{"rendered":"Balogh \u00c9va"},"content":{"rendered":"<p style=\"text-align: center;\"><strong>Bemutatkoz\u00e1s\u00a0\u00a0 <\/strong><\/p> <p>2000-ben lettem kutat\u00f3 biol\u00f3gusb\u00f3l \u00e1llatorvos, az\u00f3ta az Egyetemen dolgozom oktat\u00f3k\u00e9nt \u00e9s klinikusk\u00e9nt. Magyar \u00e9s idegen nyelv\u0171 hallgat\u00f3inknak tartok el\u0151ad\u00e1sokat, gyakorlatokat \u00e1ltal\u00e1nos belgy\u00f3gy\u00e1szati \u00e9s neurol\u00f3giai t\u00e9m\u00e1kb\u00f3l magyar \u00e9s angol nyelven. Klinikusk\u00e9nt r\u00e9szt veszek a betegell\u00e1t\u00e1sban, els\u0151sorban neurol\u00f3giai eredet\u0171 megbetegs\u00e9gek, epilepszi\u00e1s p\u00e1ciensek vizsg\u00e1lat\u00e1ban \u00e9s kezel\u00e9s\u00e9ben, ahol integrat\u00edv m\u00f3don igyekszem megk\u00f6zel\u00edteni a betegeket a hossz\u00fat\u00e1v\u00fa eredm\u00e9nyek el\u00e9r\u00e9s\u00e9nek ig\u00e9ny\u00e9vel. Folytatok kutat\u00f3munk\u00e1t, emellett sz\u00e1mos k\u00fclf\u00f6ldi \u00e9s hazai tanulm\u00e1ny\u00faton \u00e9s tanfolyamon vettem r\u00e9szt a betegs\u00e9g \u00e9s gy\u00f3gy\u00edt\u00e1s soksz\u00edn\u0171s\u00e9g\u00e9nek meg\u00e9rt\u00e9se \u00e9s a ter\u00e1pi\u00e1s lehet\u0151s\u00e9geim sz\u00e9les\u00edt\u00e9se c\u00e9lj\u00e1b\u00f3l.<\/p> <p>Tudom\u00e1nyos fokozat:\u00a0PhD (2010): Oralis antidiabetikumok haszn\u00e1lhat\u00f3s\u00e1ga \u00e9s a cardiovascularis sz\u00f6v\u0151dm\u00e9nyek kialakul\u00e1s\u00e1ban szerepet j\u00e1tsz\u00f3 egyes t\u00e9nyez\u0151k vizsg\u00e1lata kuty\u00e1k alloxannal kiv\u00e1ltott diabetes mellitus\u00e1ban<\/p> <p><strong>Szakdolgozat\/TDK dolgozat\/szak\u00e1llatorvosi szakdolgozat t\u00e9mavezet\u00e9s:<\/strong><\/p> <ul> <li>2012:\u00a0 \u00a0 Az amil\u00e1z, mint lehets\u00e9ges param\u00e9ter macsk\u00e1k veseel\u00e9gtelens\u00e9g\u00e9nek korai diagnosztiz\u00e1l\u00e1s\u00e1ban (TDK -P\u00e9ntek Eszter)<\/li> <li>2014:\u00a0 \u00a0 Kuty\u00e1k bakteri\u00e1lis eredet\u0171 l\u00e9g\u00fati fert\u0151z\u00e9sei, antibiotikum ter\u00e1pia szempontjai (TDK -K\u00e1rp\u00e1ti Dalma)<\/li> <li>2016:\u00a0 \u00a0 Steroid responsive meningitis-arteritis: a retrospective study of 37 dogs from Hungary and Norway (szakdolgozat &#8211; Maylene Johansen)<\/li> <li>2017:\u00a0 \u00a0 \u00a0Kuty\u00e1k bakteri\u00e1lis eredet\u0171 h\u00fagyh\u00f3lyag gyullad\u00e1s\u00e1b\u00f3l izol\u00e1lt bakt\u00e9riumok rezisztencia viszonyainak vizsg\u00e1lata (TDK -Berecz Adrienn)<\/li> <li>2020:\u00a0 \u00a0 T\u00e1rol\u00e1si betegs\u00e9gek kuty\u00e1kban, k\u00fcl\u00f6n\u00f6s tekintettel a neuron\u00e1lis ceroid lipofuszcin\u00f3zisra (szakdolgozat &#8211; Szikszai Anna)<\/li> <li>2020:\u00a0 \u00a0 \u00a0Veterinary alternative therapies, an owner\u2019s perspective (szakdolgozat -Claudia Strassburg Frewin)<\/li> <li>2020:\u00a0 \u00a0 \u00a0Klinikai esetismertet\u00e9sek (szak\u00e1llatorvosi szakdolgozat &#8211; dr. P\u00f3cs Gabriella)<\/li> <li>2020:\u00a0 \u00a0 \u00a0Esetismertet\u00e9sek: 1. Epilepszia macsk\u00e1ban, 2. Addison-k\u00f3r kuty\u00e1ban, 3. Masticatory muscle myositis (r\u00e1g\u00f3izom gyullad\u00e1s) kuty\u00e1ban (szak\u00e1llatorvosi szakdolgozat &#8211; dr. V\u00e1raljai Orsolya)<\/li> <\/ul> <p><strong>D\u00edjak, p\u00e1ly\u00e1zatok:<\/strong><\/p> <p><strong>\u00a0<\/strong>2000 &#8211;\u00a0\u00a0Hajd\u00fa Guszt\u00e1v Alap\u00edtv\u00e1ny d\u00edj<\/p> <p>2003 &#8211;\u00a0NKB p\u00e1ly\u00e1zat<\/p> <p>2012, 2013\u00a02014, 2018\u00a0 &#8211;\u00a0\u00a0Erasmus \u00f6szt\u00f6nd\u00edj<\/p> <p>2014 &#8211;\u00a0Action Osterreich-Ungarn \u00f6szt\u00f6nd\u00edj<\/p> <p>2015 &#8211;<strong>\u00a0<\/strong>Kutat\u00f3 Kari P\u00e1ly\u00e1zat (KK-UK-2015\/12106)<\/p>","protected":false},"excerpt":{"rendered":"<p>Bemutatkoz\u00e1s\u00a0\u00a0 2000-ben lettem kutat\u00f3 biol\u00f3gusb\u00f3l \u00e1llatorvos, az\u00f3ta az Egyetemen dolgozom oktat\u00f3k\u00e9nt \u00e9s klinikusk\u00e9nt. Magyar \u00e9s idegen nyelv\u0171 hallgat\u00f3inknak tartok el\u0151ad\u00e1sokat, gyakorlatokat \u00e1ltal\u00e1nos belgy\u00f3gy\u00e1szati \u00e9s neurol\u00f3giai t\u00e9m\u00e1kb\u00f3l magyar \u00e9s angol nyelven. Klinikusk\u00e9nt r\u00e9szt veszek a betegell\u00e1t\u00e1sban, els\u0151sorban neurol\u00f3giai eredet\u0171 megbetegs\u00e9gek, epilepszi\u00e1s p\u00e1ciensek vizsg\u00e1lat\u00e1ban \u00e9s kezel\u00e9s\u00e9ben, ahol integrat\u00edv m\u00f3don igyekszem megk\u00f6zel\u00edteni a betegeket a hossz\u00fat\u00e1v\u00fa eredm\u00e9nyek el\u00e9r\u00e9s\u00e9nek<\/p>\n","protected":false},"author":5824,"featured_media":0,"parent":858,"menu_order":212,"comment_status":"closed","ping_status":"closed","template":"","meta":{"_acf_changed":false,"footnotes":""},"categories":[56],"tags":[],"class_list":["post-3568","page","type-page","status-publish","hentry","category-munkatarsak"],"acf":[],"_links":{"self":[{"href":"https:\/\/univet.hu\/hu\/wp-json\/wp\/v2\/pages\/3568","targetHints":{"allow":["GET"]}}],"collection":[{"href":"https:\/\/univet.hu\/hu\/wp-json\/wp\/v2\/pages"}],"about":[{"href":"https:\/\/univet.hu\/hu\/wp-json\/wp\/v2\/types\/page"}],"author":[{"embeddable":true,"href":"https:\/\/univet.hu\/hu\/wp-json\/wp\/v2\/users\/5824"}],"replies":[{"embeddable":true,"href":"https:\/\/univet.hu\/hu\/wp-json\/wp\/v2\/comments?post=3568"}],"version-history":[{"count":1,"href":"https:\/\/univet.hu\/hu\/wp-json\/wp\/v2\/pages\/3568\/revisions"}],"predecessor-version":[{"id":199688,"href":"https:\/\/univet.hu\/hu\/wp-json\/wp\/v2\/pages\/3568\/revisions\/199688"}],"up":[{"embeddable":true,"href":"https:\/\/univet.hu\/hu\/wp-json\/wp\/v2\/pages\/858"}],"wp:attachment":[{"href":"https:\/\/univet.hu\/hu\/wp-json\/wp\/v2\/media?parent=3568"}],"wp:term":[{"taxonomy":"category","embeddable":true,"href":"https:\/\/univet.hu\/hu\/wp-json\/wp\/v2\/categories?post=3568"},{"taxonomy":"post_tag","embeddable":true,"href":"https:\/\/univet.hu\/hu\/wp-json\/wp\/v2\/tags?post=3568"}],"curies":[{"name":"wp","href":"https:\/\/api.w.org\/{rel}","templated":true}]}}