{"id":35706,"date":"2019-02-28T13:48:08","date_gmt":"2019-02-28T12:48:08","guid":{"rendered":"https:\/\/univet.hu\/?page_id=35706"},"modified":"2019-03-28T14:47:03","modified_gmt":"2019-03-28T13:47:03","slug":"kozbeszerzes-2019","status":"publish","type":"page","link":"https:\/\/univet.hu\/hu\/egyetem\/kozerdeku-adatok\/kozbeszerzes-2019\/","title":{"rendered":"K\u00f6zbeszerz\u00e9s 2019"},"content":{"rendered":"<h4>Az \u00c1llatorvostudm\u00e1nyi Egyetem 2019. \u00e9vi k\u00f6zbeszerz\u00e9si terve<\/h4> <p style=\"padding-left: 30px;\"><a href=\"https:\/\/univet.hu\/wp-content\/uploads\/2019\/03\/\u00c1llatorvostudom\u00e1nyi-Egyetem-2019-\u00e9vi-k\u00f6zbeszerz\u00e9si-terve.pdf\" data-replaced=\"true\" target=\"_blank\" rel=\"noopener\">Dokument\u00e1ci\u00f3<\/a><\/p> <h4>\u00c1llatorvostudom\u00e1nyi Egyetem, D\u00f3ra major fejleszt\u00e9s<\/h4> <p style=\"padding-left: 30px;\"><a href=\"https:\/\/univet.hu\/wp-content\/uploads\/2019\/02\/felhivas.pdf\" data-replaced=\"true\" target=\"_blank\" rel=\"noopener\">Aj\u00e1nlatt\u00e9teli felh\u00edv\u00e1s<\/a><\/p> <p style=\"padding-left: 30px;\"><a href=\"https:\/\/univet.hu\/wp-content\/uploads\/2019\/02\/K\u00f6zbeszerz\u00e9si-Dokumentum_\u00dcll\u0151ist\u00e1ll\u00f3kv\u00e9gs\u0151.doc\" data-replaced=\"true\" target=\"_blank\" rel=\"noopener\">K\u00f6zbeszerz\u00e9si dokument\u00e1ci\u00f3<\/a><\/p> <p style=\"padding-left: 30px;\"><strong>M\u0171szaki tartalom:<\/strong><\/p> <ul> <li style=\"padding-left: 30px;\"><a href=\"https:\/\/univet.hu\/wp-content\/uploads\/2019\/02\/I.-r\u00e9sz-Tervez\u00e9s-\u00e9p\u00edt\u00e9s-MT-190123.docx\" data-replaced=\"true\" target=\"_blank\" rel=\"noopener\">I. r\u00e9sz &#8211; Tervez\u00e9s \u00e9s \u00e9p\u00edt\u00e9s<\/a><\/li> <li style=\"padding-left: 30px;\"><a href=\"https:\/\/univet.hu\/wp-content\/uploads\/2019\/02\/II.-r\u00e9sz-\u00c9p\u00edt\u00e9s-fel\u00faj\u00edt\u00e1s-MT-190123.docx\" data-replaced=\"true\" target=\"_blank\" rel=\"noopener\">II. r\u00e9sz &#8211; \u00c9p\u00edt\u00e9s \u00e9s fel\u00faj\u00edt\u00e1s<\/a><\/li> <\/ul> <p>&nbsp;<\/p>","protected":false},"excerpt":{"rendered":"<p>Az \u00c1llatorvostudm\u00e1nyi Egyetem 2019. \u00e9vi k\u00f6zbeszerz\u00e9si terve Dokument\u00e1ci\u00f3 \u00c1llatorvostudom\u00e1nyi Egyetem, D\u00f3ra major fejleszt\u00e9s Aj\u00e1nlatt\u00e9teli felh\u00edv\u00e1s K\u00f6zbeszerz\u00e9si dokument\u00e1ci\u00f3 M\u0171szaki tartalom: I. r\u00e9sz &#8211; Tervez\u00e9s \u00e9s \u00e9p\u00edt\u00e9s II. r\u00e9sz &#8211; \u00c9p\u00edt\u00e9s \u00e9s fel\u00faj\u00edt\u00e1s &nbsp;<\/p>\n","protected":false},"author":7,"featured_media":0,"parent":1207,"menu_order":30,"comment_status":"closed","ping_status":"closed","template":"","meta":{"_acf_changed":false,"footnotes":""},"categories":[],"tags":[],"class_list":["post-35706","page","type-page","status-publish","hentry"],"acf":[],"_links":{"self":[{"href":"https:\/\/univet.hu\/hu\/wp-json\/wp\/v2\/pages\/35706","targetHints":{"allow":["GET"]}}],"collection":[{"href":"https:\/\/univet.hu\/hu\/wp-json\/wp\/v2\/pages"}],"about":[{"href":"https:\/\/univet.hu\/hu\/wp-json\/wp\/v2\/types\/page"}],"author":[{"embeddable":true,"href":"https:\/\/univet.hu\/hu\/wp-json\/wp\/v2\/users\/7"}],"replies":[{"embeddable":true,"href":"https:\/\/univet.hu\/hu\/wp-json\/wp\/v2\/comments?post=35706"}],"version-history":[{"count":0,"href":"https:\/\/univet.hu\/hu\/wp-json\/wp\/v2\/pages\/35706\/revisions"}],"up":[{"embeddable":true,"href":"https:\/\/univet.hu\/hu\/wp-json\/wp\/v2\/pages\/1207"}],"wp:attachment":[{"href":"https:\/\/univet.hu\/hu\/wp-json\/wp\/v2\/media?parent=35706"}],"wp:term":[{"taxonomy":"category","embeddable":true,"href":"https:\/\/univet.hu\/hu\/wp-json\/wp\/v2\/categories?post=35706"},{"taxonomy":"post_tag","embeddable":true,"href":"https:\/\/univet.hu\/hu\/wp-json\/wp\/v2\/tags?post=35706"}],"curies":[{"name":"wp","href":"https:\/\/api.w.org\/{rel}","templated":true}]}}