{"id":3571,"date":"2017-04-04T14:38:00","date_gmt":"2017-04-04T12:38:00","guid":{"rendered":"http:\/\/univet.hu\/egyetem\/munkatarsak\/balogh-marton\/"},"modified":"2026-02-10T04:00:33","modified_gmt":"2026-02-10T03:00:33","slug":"balogh-marton","status":"publish","type":"page","link":"https:\/\/univet.hu\/hu\/egyetem\/munkatarsak\/balogh-marton\/","title":{"rendered":"Balogh M\u00e1rton"},"content":{"rendered":"<p style=\"text-align: center;\"><span style=\"font-size: 14pt;\"><strong>Bemutatkoz\u00e1s\u00a0\u00a0 <\/strong><\/span><\/p> <p>Tanulm\u00e1nyaimat 2010-ben fejeztem be az \u00c1llatorvostudom\u00e1nyi Egyetemen (akkor Szent Istv\u00e1n Egyetem, \u00c1llatorvostudom\u00e1nyi Kar).\u00a0 2010 szeptembere \u00f3ta vagyok az egyetem Belgy\u00f3gy\u00e1szati Tansz\u00e9k \u00e9s Klinik\u00e1j\u00e1nak munkat\u00e1rsa, klinikai munk\u00e1mat a M\u0171szeres Diagnosztikai Egys\u00e9g Endoszk\u00f3pos Laborat\u00f3rium\u00e1ban v\u00e9gzem, szakter\u00fcletem a kis\u00e1llatok f\u00fcl\u00e9szete.\u00a0 2013 \u00e1prilisa \u00f3ta a Veterinary Information Network munkat\u00e1rsa is vagyok.<\/p> <p><strong>F\u0151bb kutat\u00e1si ter\u00fcletek:<\/strong><\/p> <ul> <li>F\u00fcl\u00e9szet<\/li> <li>Oktat\u00e1stechnika<\/li> <li>Digit\u00e1lis Fonokardiogr\u00e1fia<\/li> <\/ul> <p><strong>El\u0151rehalad\u00e1s<\/strong><\/p> <p>2014-ben kezdtem el a PHD k\u00e9pz\u00e9st, amit v\u00e1rhat\u00f3an 2022 nyar\u00e1n fejezek be<\/p> <p><strong>Eddigi szakdolgozat\/TDK hallgat\u00f3k sz\u00e1ma<\/strong><\/p> <p>18<\/p> <p><strong>Publik\u00e1ci\u00f3s lista\u00a0<\/strong><\/p> <table style=\"height: 182px;\" width=\"1261\"> <tbody> <tr> <td style=\"width: 30.0156px;\">1.<\/td> <td style=\"width: 1214.98px;\">Balogh M, Rishniw M, V\u00f6r\u00f6s K. Remote Teaching of Canine Cardiac Auscultation Using Digital Phonocardiograms. J Vet Med Educ. 2022 Jan 31. doi: 10.3138\/jvme-2021-0097. Epub ahead of print. PMID: 35100100.<\/td> <\/tr> <tr> <td style=\"width: 30.0156px;\">2.<\/td> <td style=\"width: 1214.98px;\">Balogh M, Koch F, Siver L, Krima A, V\u00f6r\u00f6s K. Digital phonocardiography of cardiac arrhythmias in dogs &#8211; Preliminary experiences. Acta Vet Hung. 2021 Jul 6;69(2):116-124. doi: 10.1556\/004.2021.00024. PMID: 34270460.<\/td> <\/tr> <tr> <td style=\"width: 30.0156px;\">3.<\/td> <td style=\"width: 1214.98px;\">Nolan MW, Balogh M, Waltman SS. Teaching Tip: Virtual Oncology Clinic. J Vet Med Educ. 2019 Fall;46(3):367-371. doi: 10.3138\/jvme.0817-107r. Epub 2019 Feb 5. PMID: 30721107.<\/td> <\/tr> <tr> <td style=\"width: 30.0156px;\">4.<\/td> <td style=\"width: 1214.98px;\">Balogh M. Applying games technology to veterinary teaching. Vet Rec. 2014 Jan 18;174(3):63-4. doi: 10.1136\/vr.g151. PMID: 24443465.<\/td> <\/tr> <tr> <td style=\"width: 30.0156px;\">5.<\/td> <td style=\"width: 1214.98px;\">N\u00f3gr\u00e1di AL, Balogh M. Establishment of methodology for non-invasive electrocardiographic measurements in turtles and tortoises. Acta Vet Hung. 2018 Sep;66(3):365-375. doi: 10.1556\/004.2018.033. PMID: 30264618.<\/td> <\/tr> <tr> <td style=\"width: 30.0156px;\">6.<\/td> <td style=\"width: 1214.98px;\">Ps\u00e1der R, Balogh M, P\u00e1pa K, Sterczer \u00c1, Luk\u00e1cs Z, Harnos A. Occurrence of Spirocerca lupi Infection in Hungarian Dogs Referred for Gastroscopy. Parasitol Res. 2017 Aug;116(Suppl 1):99-108. doi: 10.1007\/s00436-017-5496-9. PMID: 28717955.<\/td> <\/tr> <\/tbody> <\/table> <p>&nbsp;<\/p> <p><a href=\"http:\/\/www.univet.hu\/units\/belgyogyaszat\/vp\/index.html\" target=\"_blank\" rel=\"noopener\" data-replaced=\"true\">Saj\u00e1t honlap<\/a><\/p>","protected":false},"excerpt":{"rendered":"<p>Bemutatkoz\u00e1s\u00a0\u00a0 Tanulm\u00e1nyaimat 2010-ben fejeztem be az \u00c1llatorvostudom\u00e1nyi Egyetemen (akkor Szent Istv\u00e1n Egyetem, \u00c1llatorvostudom\u00e1nyi Kar).\u00a0 2010 szeptembere \u00f3ta vagyok az egyetem Belgy\u00f3gy\u00e1szati Tansz\u00e9k \u00e9s Klinik\u00e1j\u00e1nak munkat\u00e1rsa, klinikai munk\u00e1mat a M\u0171szeres Diagnosztikai Egys\u00e9g Endoszk\u00f3pos Laborat\u00f3rium\u00e1ban v\u00e9gzem, szakter\u00fcletem a kis\u00e1llatok f\u00fcl\u00e9szete.\u00a0 2013 \u00e1prilisa \u00f3ta a Veterinary Information Network munkat\u00e1rsa is vagyok. F\u0151bb kutat\u00e1si ter\u00fcletek: F\u00fcl\u00e9szet Oktat\u00e1stechnika Digit\u00e1lis Fonokardiogr\u00e1fia<\/p>\n","protected":false},"author":5824,"featured_media":0,"parent":858,"menu_order":211,"comment_status":"closed","ping_status":"closed","template":"","meta":{"_acf_changed":false,"footnotes":""},"categories":[56],"tags":[],"class_list":["post-3571","page","type-page","status-publish","hentry","category-munkatarsak"],"acf":[],"_links":{"self":[{"href":"https:\/\/univet.hu\/hu\/wp-json\/wp\/v2\/pages\/3571","targetHints":{"allow":["GET"]}}],"collection":[{"href":"https:\/\/univet.hu\/hu\/wp-json\/wp\/v2\/pages"}],"about":[{"href":"https:\/\/univet.hu\/hu\/wp-json\/wp\/v2\/types\/page"}],"author":[{"embeddable":true,"href":"https:\/\/univet.hu\/hu\/wp-json\/wp\/v2\/users\/5824"}],"replies":[{"embeddable":true,"href":"https:\/\/univet.hu\/hu\/wp-json\/wp\/v2\/comments?post=3571"}],"version-history":[{"count":1,"href":"https:\/\/univet.hu\/hu\/wp-json\/wp\/v2\/pages\/3571\/revisions"}],"predecessor-version":[{"id":199578,"href":"https:\/\/univet.hu\/hu\/wp-json\/wp\/v2\/pages\/3571\/revisions\/199578"}],"up":[{"embeddable":true,"href":"https:\/\/univet.hu\/hu\/wp-json\/wp\/v2\/pages\/858"}],"wp:attachment":[{"href":"https:\/\/univet.hu\/hu\/wp-json\/wp\/v2\/media?parent=3571"}],"wp:term":[{"taxonomy":"category","embeddable":true,"href":"https:\/\/univet.hu\/hu\/wp-json\/wp\/v2\/categories?post=3571"},{"taxonomy":"post_tag","embeddable":true,"href":"https:\/\/univet.hu\/hu\/wp-json\/wp\/v2\/tags?post=3571"}],"curies":[{"name":"wp","href":"https:\/\/api.w.org\/{rel}","templated":true}]}}