{"id":3598,"date":"2017-10-02T14:32:00","date_gmt":"2017-10-02T12:32:00","guid":{"rendered":"http:\/\/univet.hu\/egyetem\/munkatarsak\/baska-ferenc\/"},"modified":"2026-02-10T03:59:48","modified_gmt":"2026-02-10T02:59:48","slug":"baska-ferenc","status":"publish","type":"page","link":"https:\/\/univet.hu\/hu\/egyetem\/munkatarsak\/baska-ferenc\/","title":{"rendered":"Baska Ferenc"},"content":{"rendered":"<p><strong>Bemutatkoz\u00e1s:<\/strong><\/p> <p>1960. okt\u00f3ber 18-\u00e1n sz\u00fclettem Pilisv\u00f6r\u00f6sv\u00e1ron. 1978-ben kezdtem meg tanulm\u00e1nyaimat az \u00c1llatorvostudom\u00e1nyi Egyetemen, ahol 1983-ban \u201e<em>summa cum laude\u201d<\/em> min\u0151s\u00edt\u00e9ssel diplom\u00e1ztam. Az \u00e1llatorvos-doktori oklev\u00e9l megszerz\u00e9s\u00e9t k\u00f6vet\u0151en posztgradu\u00e1lis k\u00e9pz\u00e9s keret\u00e9ben az ELTE-n \u201ealkalmazott zool\u00f3gusi\u201d diplom\u00e1t is szereztem. Az \u00e1llatorvosi munk\u00e1mat 1983-t\u00f3l az MTA \u00c1llatorvos-tudom\u00e1nyi Kutat\u00f3int\u00e9zet\u00e9ben kezdtem meg, majd 1999-t\u0151l a SZIE \u00c1llatorvos-tudom\u00e1nyi Kar K\u00f3rbonctani \u00e9s Igazs\u00e1g\u00fcgyi \u00c1llatorvostani Tansz\u00e9k\u00e9n folytattam, ahol oktat\u00e1si, kutat\u00e1si \u00e9s diagnosztikai munk\u00e1m mellett a \u201eHalpatol\u00f3gia\u201d \u00e9s t\u00f6bb fakultat\u00edv tant\u00e1rgy oktat\u00e1si feladatait is ell\u00e1ttam magyar, angol nyelveken. 1994-ben kandid\u00e1tusi (CSc &#8211; k\u00e9s\u0151bb PhD) fokozatot szereztem, majd 2000-ben habilit\u00e1ltam. 2017-t\u0151l csatlakoztam az Egzotikus\u00e1llat \u00e9s Vadeg\u00e9szs\u00e9g\u00fcgyi Tansz\u00e9khez, amelynek a haldiagnosztikai oszt\u00e1ly\u00e1t vezetem \u00e9s oktatom tov\u00e1bb a tant\u00e1rgyaimat magyar, angol \u00e9s n\u00e9met nyelveken.<\/p> <p>2020-t\u00f3l a halpatol\u00f3giai ter\u00fcleten v\u00e9gzett nemzetk\u00f6zileg kiemelked\u0151 kutat\u00e1si eredm\u00e9nyeim alapj\u00e1n a \u201eEuropean College of Aquatic Animal Health\u201d (ECAAH) <em>de facto Diplomate<\/em> tagjak\u00e9nt ismertek el.<\/p> <p>A gradu\u00e1lis k\u00e9pz\u00e9sben a halak eg\u00e9szs\u00e9gv\u00e9delm\u00e9vel kapcsolatos tant\u00e1rgyak (gradu\u00e1lis \u00e9s fakultat\u00edv) oktat\u00e1s\u00e1nak a folyamatos fejleszt\u00e9s\u00e9vel foglalkozom. 1989-t\u0151l megh\u00edvott szakemberk\u00e9nt oktattam k\u00fclf\u00f6ldi egyetemeken is, mint p\u00e9ld\u00e1ul N\u00e9metorsz\u00e1gban a drezdai, m\u00fcncheni (LMU), hannoveri (Ti-HO), Ausztri\u00e1ban a b\u00e9csi, Izraelben a Negev sivatagi (Ben-Gurion) egyetemeken, de oktattam Ir\u00e1nban \u00e9s \u00dczbegiszt\u00e1nban is. Anyanyelvem mellett akt\u00edvan haszn\u00e1lom az angol, a n\u00e9met \u00e9s az orosz nyelvet oktat\u00f3- \u00e9s kutat\u00f3munk\u00e1mban.<\/p> <p>Eddigi munk\u00e1m sor\u00e1n mintegy 140 szakmai k\u00f6zlem\u00e9nyem, t\u00f6bb hazai \u00e9s nemzetk\u00f6zi szint\u00e9ren megjelent szakk\u00f6nyvem vagy k\u00f6nyv fejezetem sz\u00fcletett. Publik\u00e1ci\u00f3s \u00e9s oktat\u00e1si tev\u00e9kenys\u00e9gem elismer\u00e9s\u00e9\u00fcl d\u00edjakban \u00e9s kit\u00fcntet\u00e9sekben r\u00e9szes\u00fcltem.<\/p> <p><strong>F\u0151bb kutat\u00e1si ter\u00fcletek:<\/strong><\/p> <ul> <li>Halk\u00f3rtani \u00e9s halparazitol\u00f3giai vizsg\u00e1latok<\/li> <li>Limnol\u00f3gia<\/li> <li>Gy\u00f3gykezel\u00e9si \u00e9s megel\u0151zi lehet\u0151s\u00e9gek a halgazd\u00e1lkod\u00e1sban<\/li> <\/ul> <p><strong>El\u0151rehalad\u00e1s:<\/strong><\/p> <table style=\"width: 621px;height: 183px\"> <tbody> <tr> <td style=\"width: 204.734px\">1983<\/td> <td style=\"width: 400.266px\">\u00c1llatorvos-doktor<\/td> <\/tr> <tr> <td style=\"width: 204.734px\">1994<\/td> <td style=\"width: 400.266px\">Kandid\u00e1tusi fokozat (\u00e1llatorvos-tudom\u00e1nyok)<\/td> <\/tr> <tr> <td style=\"width: 204.734px\">1995<\/td> <td style=\"width: 400.266px\">Alkalmazott zool\u00f3gusi diploma (ELTE)<\/td> <\/tr> <tr> <td style=\"width: 204.734px\">2000<\/td> <td style=\"width: 400.266px\">Habilit\u00e1ci\u00f3<\/td> <\/tr> <tr> <td style=\"width: 204.734px\">2020<\/td> <td style=\"width: 400.266px\">European Collage of Aquatic Animal Health diplomate<\/td> <\/tr> <\/tbody> <\/table> <p>&nbsp;<\/p> <p><strong>Szakmai szervezeti tags\u00e1g<\/strong><\/p> <table style=\"height: 297px\" width=\"892\"> <tbody> <tr> <td style=\"width: 464.375px;text-align: center\"><strong>Bizotts\u00e1g neve<\/strong><\/td> <td style=\"width: 92.5469px;text-align: center\"><strong>Id\u0151<\/strong><\/td> <td style=\"width: 313.078px;text-align: center\"><strong>Tiszts\u00e9g<\/strong><\/td> <\/tr> <tr> <td style=\"width: 464.375px;text-align: center\">European Collage of Aquatic Animal Health diplomate<\/td> <td style=\"width: 92.5469px;text-align: center\">2020-<\/td> <td style=\"width: 313.078px;text-align: center\">tag<\/td> <\/tr> <tr> <td style=\"width: 464.375px;text-align: center\">Magyar \u00c1llatorvosi Kamara<\/td> <td style=\"width: 92.5469px;text-align: center\">2004-<\/td> <td style=\"width: 313.078px;text-align: center\">tag<\/td> <\/tr> <tr> <td style=\"width: 464.375px;text-align: center\">Magyar Parazitol\u00f3gusok T\u00e1rsas\u00e1ga<\/td> <td style=\"width: 92.5469px;text-align: center\">1983-<\/td> <td style=\"width: 313.078px;text-align: center\">tag<\/td> <\/tr> <\/tbody> <\/table> <p><strong>\u00a0<\/strong><strong>Eddigi szakdolgozat\/TDK hallgat\u00f3k sz\u00e1ma<\/strong><\/p> <table style=\"height: 20px\" width=\"886\"> <tbody> <tr style=\"height: 10px\"> <td style=\"width: 199.141px;height: 10px\"><strong>Szakdolgozati t\u00e9mavezet\u0151i tev\u00e9kenys\u00e9g<\/strong><\/td> <td style=\"width: 199.141px;height: 10px\"><strong>SzIE Mez\u0151gazdas\u00e1gi Kar (magyar nyelven)<\/strong><\/td> <td style=\"width: 229.844px;height: 10px\"> <p><strong>SzIE \u00c1llatorvos-tudom\u00e1nyi Kar,<\/strong><\/p> <p><strong>\u00c1llatorvostudom\u00e1nyi Egyetem<\/strong><\/p> <p><strong>(magyar nyelven)<\/strong><\/td> <td style=\"width: 229.875px;height: 10px\"> <p><strong>SzIE \u00c1llatorvos-tudom\u00e1nyi Kar,<\/strong><\/p> <p><strong>\u00c1llatorvostudom\u00e1nyi Egyetem<\/strong><\/p> <p><strong>(angol nyelven)<\/strong><\/td> <\/tr> <tr style=\"height: 10px\"> <td style=\"width: 199.141px;height: 10px\">Szakdolgozatok sz\u00e1ma<\/td> <td style=\"width: 199.141px;height: 10px\">4<\/td> <td style=\"width: 229.844px;height: 10px\">23<\/td> <td style=\"width: 229.875px;height: 10px\">27<\/td> <\/tr> <\/tbody> <\/table> <p>&nbsp;<\/p> <table style=\"height: 79px\"> <tbody> <tr style=\"height: 23px\"> <td style=\"height: 23px;width: 201px\"><strong>TDK t\u00e9mavezet\u0151i tev\u00e9kenys\u00e9g<\/strong><\/td> <td style=\"height: 23px;width: 201px\"><strong>Magyar nyelven<\/strong><\/td> <td style=\"height: 23px;width: 201px\"><strong>Angol nyelven<\/strong><\/td> <\/tr> <tr style=\"height: 56px\"> <td style=\"height: 56px;width: 201px\">TDK t\u00e9mavezet\u0151<\/td> <td style=\"height: 56px;width: 201px\">14<\/td> <td style=\"height: 56px;width: 201px\">&#8211;<\/td> <\/tr> <\/tbody> <\/table> <p><strong>PhD hallgat\u00f3k:<\/strong><\/p> <table> <tbody> <tr> <td width=\"153\">\u00a0<strong>PhD t\u00e9mavezet\u0151i tev\u00e9kenys\u00e9g<\/strong><\/td> <td colspan=\"2\" width=\"159\"><strong>PhD fokozatott szerzett<\/strong><\/td> <td colspan=\"2\" width=\"159\"><strong>Folyamatban lev\u0151 elj\u00e1r\u00e1s<\/strong><\/td> <td width=\"134\"><strong>Megkezdett, majd \u00e1tadott t\u00e9mavezet\u00e9s<\/strong><\/td> <\/tr> <tr> <td width=\"153\"><strong>\u00a0<\/strong><\/td> <td width=\"79\"><strong>50%-os vezet\u00e9s<\/strong><\/td> <td width=\"79\"><strong>100%-os vezet\u00e9s<\/strong><\/td> <td width=\"79\"><strong>50%-os vezet\u00e9s<\/strong><\/td> <td width=\"79\"><strong>100%-os vezet\u00e9s<\/strong><\/td> <td width=\"134\"><strong>50%-os vezet\u00e9s<\/strong><\/td> <\/tr> <tr> <td width=\"153\">PhD t\u00e9mavezet\u00e9sek<\/td> <td width=\"79\">0<\/td> <td width=\"79\">1<\/td> <td width=\"79\">1<\/td> <td width=\"79\">&#8211;<\/td> <td width=\"134\">&#8211;<\/td> <\/tr> <\/tbody> <\/table> <p>&nbsp;<\/p> <p><strong>Publik\u00e1ci\u00f3s lista (Top10)<\/strong>:<\/p> <table style=\"height: 318px\" width=\"900\"> <tbody> <tr> <td style=\"width: 21.0156px\">1.<\/td> <td style=\"width: 862.984px\"> <p>Adamek Mikolaj ,\u00a0<u>Baska Ferenc\u00a0<\/u>, Vincze Boglarka , Steinhagen Dieter<\/p> <p>Carp edema virus from three genogroups is present in common carp in Hungary<\/p> <p><strong><em>JOURNAL OF FISH DISEASES\u00a0<\/em><\/strong>41:(3)\u00a0Paper 10.1111\/jfd.12744.\u00a0(2017)<\/td> <\/tr> <tr> <td style=\"width: 21.0156px\">2.<\/td> <td style=\"width: 862.984px\"> <p>Hornok S , Fed\u00e1k A ,\u00a0<u>Baska F\u00a0<\/u>, Basso W , Dencs\u0151 L , T\u00f3th G , Szeredi L , Abonyi T , D\u00e9nes B<\/p> <p>Vector-borne transmission of Besnoitia besnoiti by blood-sucking and secretophagous flies: epidemiological and clinicopathological implications<\/p> <p><strong><em>PARASITES AND VECTORS\u00a0<\/em><\/strong>8:\u00a0Paper 450. 6 p.\u00a0(2015)<\/td> <\/tr> <tr> <td style=\"width: 21.0156px\">3.<\/td> <td style=\"width: 862.984px\"> <p><u>Baska F\u00a0<\/u>, Voronin V N , Eszterbauer E , M\u00fcller L , Marton Sz , Moln\u00e1r K<\/p> <p>Occurrence of two myxosporean species, Myxobolus hakyi sp. n. and Hoferellus pulvinatus sp. n., in Pangasianodon hypophthalmus fry imported from Thailand to Europe as ornamental fish<\/p> <p><strong><em>PARASITOLOGY RESEARCH\u00a0<\/em><\/strong>105:\u00a0pp. 1391-1398.\u00a0(2009)<\/td> <\/tr> <tr> <td style=\"width: 21.0156px\">4.<\/td> <td style=\"width: 862.984px\"> <p>Moln\u00e1r K , Ostoros GY ,\u00a0<u>Baska F<\/u><\/p> <p>Cross-infection experiments confirm the host specificity of Goussia spp. (Eimeriidae: Apicomplexa) parasitizing cyprinid fish<\/p> <p><strong><em>ACTA PROTOZOOLOGICA\u00a0<\/em><\/strong>44:\u00a0pp. 43-49.\u00a0(2005)<\/td> <\/tr> <tr> <td style=\"width: 21.0156px\">5.<\/td> <td style=\"width: 862.984px\"> <p>Sallo F , Eberhard ML , Fok E ,\u00a0<u>Baska F\u00a0<\/u>, Hatvani I<\/p> <p>Zoonotic intravitreal Onchocerca in Hungary<\/p> <p><strong><em>OPHTHALMOLOGY\u00a0<\/em><\/strong>112:(3)\u00a0pp. 502-504.\u00a0(2005)<\/td> <\/tr> <tr> <td style=\"width: 21.0156px\">6.<\/td> <td style=\"width: 862.984px\"> <p>Sures B , Thielen F ,\u00a0<u>Baska F\u00a0<\/u>, Messerschmidt J , von Bohlen A<\/p> <p>The intestinal parasite Pomphorhynchus laevis as a sensitive accumulation indicator for the platinum group metals Pt, Pd, and Rh<\/p> <p><strong><em>ENVIRONMENTAL RESEARCH\u00a0<\/em><\/strong>98:(1)\u00a0pp. 83-88.\u00a0(2005)<\/td> <\/tr> <tr> <td style=\"width: 21.0156px\">7.<\/td> <td style=\"width: 862.984px\"> <p>Thielen F , Zimmermann S ,\u00a0<u>Baska F\u00a0<\/u>, Taraschewski H , Sures B<\/p> <p>The intestinal parasite Pomphorhynchus laevis (Acanthocephala) from barbel as a bioindicator for metal pollution in the Danube River near Budapest, Hungary<\/p> <p><strong><em>ENVIRONMENTAL POLLUTION\u00a0<\/em><\/strong>129:(3)\u00a0pp. 421-429.\u00a0(2004)<\/td> <\/tr> <tr> <td style=\"width: 21.0156px\">8.<\/td> <td style=\"width: 862.984px\"> <p>Egyed L,\u00a0<u>Baska F<\/u><\/p> <p>Histological lesions in vascular tissues of bovine herpesvirus type 4 infected rabbits<\/p> <p><strong><em>VETERINARY MICROBIOLOGY\u00a0<\/em><\/strong>91:(1)\u00a0pp. 1-10.\u00a0(2003)<\/td> <\/tr> <tr> <td style=\"width: 21.0156px\">9.<\/td> <td style=\"width: 862.984px\"> <p>Eszterbauer E , Sz\u00e9kely Cs , Moln\u00e1r K ,\u00a0<u>Baska F<\/u><\/p> <p>Development of Myxobolus bramae (Myxosporea: Myxobolidae) in an oligochaete alternate host, Tubifex tubifex<\/p> <p><strong><em>JOURNAL OF FISH DISEASES\u00a0<\/em><\/strong>23:\u00a0pp. 19-25.\u00a0(2000)<\/td> <\/tr> <tr> <td style=\"width: 21.0156px\">10.<\/td> <td style=\"width: 862.984px\"> <p><u>Baska F\u00a0<\/u>, Masoumian M<\/p> <p>Myxobolus molnari sp n and M-mokhayeri sp n (Myxosporea, Myxozoa) infecting a Mesopotamian fish, Capoeta trutta Heckel, 1843<\/p> <p><strong><em>ACTA PROTOZOOLOGICA\u00a0<\/em><\/strong>35:(2)\u00a0pp. 151-156.\u00a0(1998)<\/td> <\/tr> <\/tbody> <\/table> <p>&nbsp;<\/p>","protected":false},"excerpt":{"rendered":"<p>Bemutatkoz\u00e1s: 1960. okt\u00f3ber 18-\u00e1n sz\u00fclettem Pilisv\u00f6r\u00f6sv\u00e1ron. 1978-ben kezdtem meg tanulm\u00e1nyaimat az \u00c1llatorvostudom\u00e1nyi Egyetemen, ahol 1983-ban \u201esumma cum laude\u201d min\u0151s\u00edt\u00e9ssel diplom\u00e1ztam. Az \u00e1llatorvos-doktori oklev\u00e9l megszerz\u00e9s\u00e9t k\u00f6vet\u0151en posztgradu\u00e1lis k\u00e9pz\u00e9s keret\u00e9ben az ELTE-n \u201ealkalmazott zool\u00f3gusi\u201d diplom\u00e1t is szereztem. Az \u00e1llatorvosi munk\u00e1mat 1983-t\u00f3l az MTA \u00c1llatorvos-tudom\u00e1nyi Kutat\u00f3int\u00e9zet\u00e9ben kezdtem meg, majd 1999-t\u0151l a SZIE \u00c1llatorvos-tudom\u00e1nyi Kar K\u00f3rbonctani \u00e9s Igazs\u00e1g\u00fcgyi \u00c1llatorvostani<\/p>\n","protected":false},"author":5824,"featured_media":0,"parent":858,"menu_order":210,"comment_status":"closed","ping_status":"closed","template":"","meta":{"_acf_changed":false,"footnotes":""},"categories":[56],"tags":[],"class_list":["post-3598","page","type-page","status-publish","hentry","category-munkatarsak"],"acf":[],"_links":{"self":[{"href":"https:\/\/univet.hu\/hu\/wp-json\/wp\/v2\/pages\/3598","targetHints":{"allow":["GET"]}}],"collection":[{"href":"https:\/\/univet.hu\/hu\/wp-json\/wp\/v2\/pages"}],"about":[{"href":"https:\/\/univet.hu\/hu\/wp-json\/wp\/v2\/types\/page"}],"author":[{"embeddable":true,"href":"https:\/\/univet.hu\/hu\/wp-json\/wp\/v2\/users\/5824"}],"replies":[{"embeddable":true,"href":"https:\/\/univet.hu\/hu\/wp-json\/wp\/v2\/comments?post=3598"}],"version-history":[{"count":1,"href":"https:\/\/univet.hu\/hu\/wp-json\/wp\/v2\/pages\/3598\/revisions"}],"predecessor-version":[{"id":181632,"href":"https:\/\/univet.hu\/hu\/wp-json\/wp\/v2\/pages\/3598\/revisions\/181632"}],"up":[{"embeddable":true,"href":"https:\/\/univet.hu\/hu\/wp-json\/wp\/v2\/pages\/858"}],"wp:attachment":[{"href":"https:\/\/univet.hu\/hu\/wp-json\/wp\/v2\/media?parent=3598"}],"wp:term":[{"taxonomy":"category","embeddable":true,"href":"https:\/\/univet.hu\/hu\/wp-json\/wp\/v2\/categories?post=3598"},{"taxonomy":"post_tag","embeddable":true,"href":"https:\/\/univet.hu\/hu\/wp-json\/wp\/v2\/tags?post=3598"}],"curies":[{"name":"wp","href":"https:\/\/api.w.org\/{rel}","templated":true}]}}