{"id":36053,"date":"2019-03-06T12:18:22","date_gmt":"2019-03-06T11:18:22","guid":{"rendered":"https:\/\/univet.hu\/?page_id=36053"},"modified":"2024-12-09T10:59:41","modified_gmt":"2024-12-09T09:59:41","slug":"arlista","status":"publish","type":"page","link":"https:\/\/univet.hu\/hu\/egyetem\/szervezeti-egysegek\/patologiai-tanszek\/arlista\/","title":{"rendered":"\u00c1rlista"},"content":{"rendered":"<p>A csatolm\u00e1nyokban megtal\u00e1lhat\u00f3 az \u00e1ltalunk v\u00e9gzett szolg\u00e1ltat\u00e1sok d\u00edjaz\u00e1sa (brutt\u00f3). <strong>2025. janu\u00e1r 1-j\u00e9t\u0151l \u00e1raink megv\u00e1ltoztak<\/strong>, k\u00e9rj\u00fck sz\u00edves meg\u00e9rt\u00e9s\u00fcket ezzel kapcsolatban!<\/p>","protected":false},"excerpt":{"rendered":"<p>A csatolm\u00e1nyokban megtal\u00e1lhat\u00f3 az \u00e1ltalunk v\u00e9gzett szolg\u00e1ltat\u00e1sok d\u00edjaz\u00e1sa (brutt\u00f3). 2025. janu\u00e1r 1-j\u00e9t\u0151l \u00e1raink megv\u00e1ltoztak, k\u00e9rj\u00fck sz\u00edves meg\u00e9rt\u00e9s\u00fcket ezzel kapcsolatban!<\/p>\n","protected":false},"author":3837,"featured_media":0,"parent":3374,"menu_order":0,"comment_status":"closed","ping_status":"closed","template":"","meta":{"_acf_changed":false,"footnotes":""},"categories":[],"tags":[],"class_list":["post-36053","page","type-page","status-publish","hentry"],"acf":[],"_links":{"self":[{"href":"https:\/\/univet.hu\/hu\/wp-json\/wp\/v2\/pages\/36053","targetHints":{"allow":["GET"]}}],"collection":[{"href":"https:\/\/univet.hu\/hu\/wp-json\/wp\/v2\/pages"}],"about":[{"href":"https:\/\/univet.hu\/hu\/wp-json\/wp\/v2\/types\/page"}],"author":[{"embeddable":true,"href":"https:\/\/univet.hu\/hu\/wp-json\/wp\/v2\/users\/3837"}],"replies":[{"embeddable":true,"href":"https:\/\/univet.hu\/hu\/wp-json\/wp\/v2\/comments?post=36053"}],"version-history":[{"count":0,"href":"https:\/\/univet.hu\/hu\/wp-json\/wp\/v2\/pages\/36053\/revisions"}],"up":[{"embeddable":true,"href":"https:\/\/univet.hu\/hu\/wp-json\/wp\/v2\/pages\/3374"}],"wp:attachment":[{"href":"https:\/\/univet.hu\/hu\/wp-json\/wp\/v2\/media?parent=36053"}],"wp:term":[{"taxonomy":"category","embeddable":true,"href":"https:\/\/univet.hu\/hu\/wp-json\/wp\/v2\/categories?post=36053"},{"taxonomy":"post_tag","embeddable":true,"href":"https:\/\/univet.hu\/hu\/wp-json\/wp\/v2\/tags?post=36053"}],"curies":[{"name":"wp","href":"https:\/\/api.w.org\/{rel}","templated":true}]}}