{"id":3619,"date":"2016-08-01T13:15:00","date_gmt":"2016-08-01T11:15:00","guid":{"rendered":"http:\/\/univet.hu\/egyetem\/munkatarsak\/bersenyi-andras\/"},"modified":"2026-02-10T03:59:50","modified_gmt":"2026-02-10T02:59:50","slug":"bersenyi-andras","status":"publish","type":"page","link":"https:\/\/univet.hu\/hu\/egyetem\/munkatarsak\/bersenyi-andras\/","title":{"rendered":"Bers\u00e9nyi Andr\u00e1s"},"content":{"rendered":"<p style=\"text-align: center\"><strong><span style=\"font-size: 14pt\">Bemutatkoz\u00e1s<\/span><\/strong><\/p> <p>V\u00c9GZETTS\u00c9G: \u00e1llatorvos-doktor (\u00c1llatorvostudom\u00e1nyi Egyetem, Bp.,1987)<\/p> <p>TUDOM\u00c1NYOS FOKOZAT: PhD, 2004, SzIE, G\u00f6d\u00f6ll\u0151<\/p> <div> <div> <p>SZAKTER\u00dcLET: H\u00e1zi\u00e1llatok, valamint kedvtel\u00e9sb\u0151l tartott \u00e1llatok takarm\u00e1nyoz\u00e1sa, dietetik\u00e1ja<\/p> <p>SPECIALIZ\u00c1CI\u00d3: Labor\u00e1llat-tudom\u00e1ny \u00e9s k\u00eds\u00e9rlettervez\u00e9s, \u00c1llatorvos-tudom\u00e1nyi Egyetem, 1996<\/p> <p>NYELVISMERET: angol<\/p> <p>TUDOM\u00c1NYOS T\u00c1RSAS\u00c1GI TAGS\u00c1G:<\/p> <p>&#8211; SZIE \u00c1OTK Munkahelyi \u00c1llatk\u00edserleti Bizotts\u00e1g, titk\u00e1r;<br \/> &#8211; MTA Mikroelem Bizotts\u00e1ga;<br \/> &#8211; Labor\u00e1llat-tudom\u00e1ny T\u00e1rsas\u00e1g<br \/> &#8211; World Rabbit Science Association magyar tagozat<br \/> &#8211; Magyar Biol\u00f3giai T\u00e1rsas\u00e1g<\/p> <\/div> <div> <p>OKTAT\u00c1S:<\/p> <p>&#8211; Takarm\u00e1nyoz\u00e1stan \u00e9s Labor\u00e1llat-tudom\u00e1ny el\u0151ad\u00e1sok tart\u00e1sa;<br \/> &#8211; Gyakorlatok tart\u00e1sa magyar \u00e9s angol k\u00e9pz\u00e9s keret\u00e9ben;<br \/> &#8211; Fakultat\u00edv t\u00e1rgyak oktat\u00e1sa;<br \/> &#8211; Tov\u00e1bbk\u00e9pz\u0151 el\u0151ad\u00e1sok \u00e9s gyakorlatok tart\u00e1sa;<br \/> &#8211; Labor\u00e1llat-tanfolyam,<br \/> &#8211; PhD-k\u00e9pz\u00e9s, L\u00f3gy\u00f3gy\u00e1sz klinikus szak\u00e1llatorvos k\u00e9pz\u00e9s.<\/p> <\/div> <p><strong>F\u0151bb kutat\u00e1si ter\u00fcletek:<\/strong><\/p> <ul> <li>rovarfeh\u00e9rj\u00e9k takarm\u00e1nyoz\u00e1si c\u00e9l\u00fa felhaszn\u00e1l\u00e1sa<\/li> <li>toxikus elemek vizsg\u00e1lata a t\u00e1pl\u00e1l\u00e9kl\u00e1ncban<\/li> <li>kedvtel\u00e9sb\u0151l tartott \u00e1llatok aktu\u00e1lis dietetikai k\u00e9rd\u00e9sei<\/li> <li>\u00faj takarm\u00e1nyok alkalmaz\u00e1sa brojlercsirk\u00e9n\u00e9l<\/li> <\/ul> <p><strong>El\u0151rehalad\u00e1s<\/strong><\/p> <p>\u00c1llatorvos-tudom\u00e1nyi Egyetem, Budapest (1982 &#8211; 1987)<\/p> <p>az \u00c1llatorvosi-tudom\u00e1nyok Doktora (PhD) (2004)<\/p> <p>EU-akkredit\u00e1lt Labor\u00e1llat-tudom\u00e1ny \u00e9s k\u00eds\u00e9rlettervez\u00e9s (1996)<\/p> <p>Szent Istv\u00e1n Egyetem Bab\u00e9rkoszor\u00fa Arany fokozat kit\u00fcntet\u00e9s (2009)<\/p> <p>&nbsp;<\/p> <p><strong>Szakmai szervezeti tags\u00e1g<\/strong><\/p> <table style=\"height: 163px\" width=\"949\"> <tbody> <tr> <td style=\"width: 495.633px;text-align: center\"><strong>Bizotts\u00e1g neve<\/strong><\/td> <td style=\"width: 98.8333px;text-align: center\"><strong>Id\u0151<\/strong><\/td> <td style=\"width: 334.133px;text-align: center\"><strong>tiszts\u00e9g<\/strong><\/td> <\/tr> <tr style=\"height: 50px\"> <td style=\"width: 495.633px;height: 50px;text-align: center\">\u00c1TE Munkahelyi \u00c1llatj\u00f3l\u00e9ti Bizotts\u00e1ga (M\u00c1B)<\/td> <td style=\"width: 98.8333px;height: 50px;text-align: center\">2001-<\/td> <td style=\"width: 334.133px;height: 50px;text-align: center\">titk\u00e1r<\/td> <\/tr> <tr style=\"height: 56px\"> <td style=\"width: 495.633px;height: 56px;text-align: center\">World Rabbit Science Association<\/td> <td style=\"width: 98.8333px;height: 56px;text-align: center\">1992-<\/td> <td style=\"width: 334.133px;height: 56px;text-align: center\">tag<\/td> <\/tr> <tr style=\"height: 57px\"> <td style=\"width: 495.633px;height: 57px;text-align: center\">Labor\u00e1llat-tudom\u00e1ny T\u00e1rsas\u00e1g<\/td> <td style=\"width: 98.8333px;height: 57px;text-align: center\">2002-<\/td> <td style=\"width: 334.133px;height: 57px;text-align: center\">tag<\/td> <\/tr> <\/tbody> <\/table> <p><strong>\u00a0<\/strong><\/p> <p><strong>Eddigi szakdolgozat\/TDK hallgat\u00f3k sz\u00e1ma<\/strong><\/p> <p>35 szakdolgozat\/5 TDK<\/p> <table width=\"569\"> <tbody> <tr> <td colspan=\"2\" width=\"569\"><strong>PhD-hallgat\u00f3k<\/strong><\/td> <\/tr> <\/tbody> <\/table> <p><strong>Publik\u00e1ci\u00f3s lista (Top10)<\/strong><\/p> <p>MTMT:<\/p> <\/div> <table style=\"height: 344px\" width=\"945\"> <tbody> <tr style=\"height: 128px\"> <td style=\"width: 27px;height: 128px\">1.<\/td> <td style=\"width: 903.2px;height: 128px\">Legnardi, Matteo; Baranyay, Henrik,Simon, Csan\u00e1d, <a href=\"https:\/\/m2.mtmt.hu\/gui2\/?type=authors&amp;mode=browse&amp;sel=10037228\">Moln\u00e1r, J\u00e1nos<\/a>; Bijlsma, Tiede, Cecchinato, Mattia, <a href=\"https:\/\/m2.mtmt.hu\/gui2\/?type=authors&amp;mode=browse&amp;sel=10000613\">G\u00e1sp\u00e1rdy, Andr\u00e1s<\/a>, <a href=\"https:\/\/m2.mtmt.hu\/gui2\/?type=authors&amp;mode=browse&amp;sel=10012274\">Bers\u00e9nyi, Andr\u00e1s<\/a>, Tucciarone, Claudia Maria, Franzo, Giovanni: <a href=\"https:\/\/m2.mtmt.hu\/gui2\/?mode=browse&amp;params=publication;32131187\">Infectious Bronchitis Hatchery Vaccination: Comparison between Traditional Spray Administration and a Newly Developed Gel Delivery System in Field Conditions<\/a>, VETERINARY SCIENCES, 8.8Paper: 145(2021)<\/td> <\/tr> <tr style=\"height: 24px\"> <td style=\"width: 27px;height: 24px\">2.<\/td> <td style=\"width: 903.2px;height: 24px\">Szabo, Jozsef, <a href=\"https:\/\/m2.mtmt.hu\/gui2\/?type=authors&amp;mode=browse&amp;sel=10003187\">Maroti, Gergely<\/a>, <a href=\"https:\/\/m2.mtmt.hu\/gui2\/?type=authors&amp;mode=browse&amp;sel=10017846\">Solymosi, Norbert<\/a>, <a href=\"https:\/\/m2.mtmt.hu\/gui2\/?type=authors&amp;mode=browse&amp;sel=10022798\">Andrasofszky, Emese<\/a>, <a href=\"https:\/\/m2.mtmt.hu\/gui2\/?type=authors&amp;mode=browse&amp;sel=10002074\">Tuboly, Tamas<\/a>, <a href=\"https:\/\/m2.mtmt.hu\/gui2\/?type=authors&amp;mode=browse&amp;sel=10012274\">Bersenyi, Andras<\/a>, Bruckner, Geza, <a href=\"https:\/\/m2.mtmt.hu\/gui2\/?type=authors&amp;mode=browse&amp;sel=10002299\">Hullar, Istvan<\/a> : <a href=\"https:\/\/m2.mtmt.hu\/gui2\/?mode=browse&amp;params=publication;32155099\">Fructose, glucose and fat interrelationships with metabolic pathway regulation and effects on the gut microbiota<\/a>. ACTA VETERINARIA HUNGARICA,69. 2pp. 134-156., 23 p.(2021)<\/td> <\/tr> <tr style=\"height: 24px\"> <td style=\"width: 27px;height: 24px\">3.<\/td> <td style=\"width: 903.2px;height: 24px\"><a href=\"https:\/\/m2.mtmt.hu\/gui2\/?type=authors&amp;mode=browse&amp;sel=10043859\">Kors\u00f3s, Gabriella<\/a>, <a href=\"https:\/\/m2.mtmt.hu\/gui2\/?type=authors&amp;mode=browse&amp;sel=10012751\">Kulcs\u00e1r, Margit<\/a>, Szab\u00f3n\u00e9 Benyeda, Zs\u00f3fia, <a href=\"https:\/\/m2.mtmt.hu\/gui2\/?type=authors&amp;mode=browse&amp;sel=10008188\">Gl\u00e1vits, R\u00f3bert<\/a>, <a href=\"https:\/\/m2.mtmt.hu\/gui2\/?type=authors&amp;mode=browse&amp;sel=10012274\">Bers\u00e9nyi, Andr\u00e1s<\/a>, <a href=\"https:\/\/m2.mtmt.hu\/gui2\/?type=authors&amp;mode=browse&amp;sel=10000613\">G\u00e1sp\u00e1rdy, Andr\u00e1s<\/a>, <a href=\"https:\/\/m2.mtmt.hu\/gui2\/?type=authors&amp;mode=browse&amp;sel=10002392\">Gy\u00f6rgy Fekete, S\u00e1ndor<\/a>: <a href=\"https:\/\/m2.mtmt.hu\/gui2\/?mode=browse&amp;params=publication;30812172\">The effect of noise and music on young meat chickens\u2019 behaviour and stress state<\/a>. JOURNAL OF DAIRY, VETERINARY AND ANIMAL RESEARCH (JDVAR)8: 3pp. 146-151. (2019)<\/td> <\/tr> <tr style=\"height: 24px\"> <td style=\"width: 27px;height: 24px\">4.<\/td> <td style=\"width: 903.2px;height: 24px\"><a href=\"https:\/\/m2.mtmt.hu\/gui2\/?type=authors&amp;mode=browse&amp;sel=10023378\">Jerzsele, \u00c1<\/a>, <a href=\"https:\/\/m2.mtmt.hu\/gui2\/?type=authors&amp;mode=browse&amp;sel=10052060\">Karancsi, Z<\/a>, <a href=\"https:\/\/m2.mtmt.hu\/gui2\/?type=authors&amp;mode=browse&amp;sel=10023380\">P\u00e1szti-Gere, E<\/a>, <a href=\"https:\/\/m2.mtmt.hu\/gui2\/?type=authors&amp;mode=browse&amp;sel=10002325\">Sterczer, \u00c1<\/a>, <a href=\"https:\/\/m2.mtmt.hu\/gui2\/?type=authors&amp;mode=browse&amp;sel=10012274\">Bers\u00e9nyi, A<\/a>, <a href=\"https:\/\/m2.mtmt.hu\/gui2\/?type=authors&amp;mode=browse&amp;sel=10023155\">Fodor, K<\/a>, Szab\u00f3, D, <a href=\"https:\/\/m2.mtmt.hu\/gui2\/?type=authors&amp;mode=browse&amp;sel=10002293\">Vajdovich, P<\/a>: <a href=\"https:\/\/m2.mtmt.hu\/gui2\/?mode=browse&amp;params=publication;3335540\">Effects of p.o. administered xylitol in cats<\/a>: JOURNAL OF VETERINARY PHARMACOLOGY AND THERAPEUTICS41:3pp. 409-414., 6 p.(2018)<\/td> <\/tr> <tr style=\"height: 24px\"> <td style=\"width: 27px;height: 24px\">5.<\/td> <td style=\"width: 903.2px;height: 24px\"><a href=\"https:\/\/m2.mtmt.hu\/gui2\/?type=authors&amp;mode=browse&amp;sel=10023453\">O, Kutasi<\/a>, <a href=\"https:\/\/m2.mtmt.hu\/gui2\/?type=authors&amp;mode=browse&amp;sel=10022798\">E, Andrasofszky<\/a>, <a href=\"https:\/\/m2.mtmt.hu\/gui2\/?type=authors&amp;mode=browse&amp;sel=10002374\">O, Szenci<\/a>, <a href=\"https:\/\/m2.mtmt.hu\/gui2\/?type=authors&amp;mode=browse&amp;sel=10012274\">A, Bersenyi<\/a>, <a href=\"https:\/\/m2.mtmt.hu\/gui2\/?type=authors&amp;mode=browse&amp;sel=10013310\">I, Siller<\/a>, <a href=\"https:\/\/m2.mtmt.hu\/gui2\/?type=authors&amp;mode=browse&amp;sel=10059191\">T, Abonyi<\/a>: <a href=\"https:\/\/m2.mtmt.hu\/gui2\/?mode=browse&amp;params=publication;3211544\">Foxtail grass (Setaria viridis)-induced ulcerative stomatitis-gingivitis resembling viral vesicular stomatitis in horses<\/a>. LIVESTOCK SCIENCE215pp. 41-45., 5 p. (2018)<\/td> <\/tr> <tr style=\"height: 24px\"> <td style=\"width: 27px;height: 24px\">6.<\/td> <td style=\"width: 903.2px;height: 24px\"><a href=\"https:\/\/m2.mtmt.hu\/gui2\/?type=authors&amp;mode=browse&amp;sel=10012274\">Bers\u00e9nyi, Andr\u00e1s<\/a>, <a href=\"https:\/\/m2.mtmt.hu\/gui2\/?type=authors&amp;mode=browse&amp;sel=10023155\">Fodor, Kinga<\/a>, <a href=\"https:\/\/m2.mtmt.hu\/gui2\/?type=authors&amp;mode=browse&amp;sel=10043859\">Kors\u00f3s, Gabriella<\/a>, <a href=\"https:\/\/m2.mtmt.hu\/gui2\/?type=authors&amp;mode=browse&amp;sel=10002392\">Fekete, S\u00e1ndor Gy\u00f6rgy<\/a>:<a href=\"https:\/\/m2.mtmt.hu\/gui2\/?mode=browse&amp;params=publication;3390343\">Az emberi \u00e9relmeszesed\u00e9s (atherosclerosis) \u00e1llati modelljei : Irodalmi \u00f6sszefoglal\u00f3<\/a>. MAGYAR \u00c1LLATORVOSOK LAPJA 140: 6 pp. 375-383. (2018)<\/td> <\/tr> <tr style=\"height: 24px\"> <td style=\"width: 27px;height: 24px\">7.<\/td> <td style=\"width: 903.2px;height: 24px\">O Kutasi, E Andrasofszky, O Szenci, A Bersenyi, I Siller, T Abonyi: Foxtail grass (Setaria viridis)-induced ulcerative stomatitis-gingivitis resembling viral vesicular stomatitis in horses. LIVESTOCK SCIENCE, (2017)<\/td> <\/tr> <tr style=\"height: 24px\"> <td style=\"width: 27px;height: 24px\">8.<\/td> <td style=\"width: 903.2px;height: 24px\">Szab\u00f3 J\u00f3zsef, Vucskits Andr\u00e1s Valentin, Berta Erzs\u00e9bet, Andr\u00e1sofszky Emese, Bers\u00e9nyi Andr\u00e1s, Hull\u00e1r Istv\u00e1n: Effect of fulvic and humic acids on iron and manganese homeostasis in rats. <em>ACTA VETERINARIA HUNGARICA <\/em>65:(1) pp. 66-80. (2017)<\/td> <\/tr> <tr style=\"height: 24px\"> <td style=\"width: 27px;height: 24px\">9.<\/td> <td style=\"width: 903.2px;height: 24px\">Vucskits, A.V., Hull\u00e1r, I., Bers\u00e9nyi, A., Andr\u00e1sofszky, E., Kulcs\u00e1r, M., Szab\u00f3, J.: Effect of fulvic and humic acids on performance, immune response and thyroid function in rats. J. Anim. Physiol. a. Anim. Nutr., 94<strong>:<\/strong>(6):721-728. (2010)<\/td> <\/tr> <tr style=\"height: 24px\"> <td style=\"width: 27px;height: 24px\">10.<\/td> <td style=\"width: 903.2px;height: 24px\">A. Bers\u00e9nyi, Erzs\u00e9bet Berta, I. K\u00e1d\u00e1r, R. Gl\u00e1vits, M. Szil\u00e1gyi and S. Gy. Fekete: Effects of high dietary molybdenum in rabbits. ACTA VETERINARIA HUNGARICA 56:(1) pp. 41-55. (2008)<\/td> <\/tr> <\/tbody> <\/table> <p>&nbsp;<\/p> <div> <p>&nbsp;<\/p> <p>&nbsp;<\/p> <\/div>","protected":false},"excerpt":{"rendered":"<p>Bemutatkoz\u00e1s V\u00c9GZETTS\u00c9G: \u00e1llatorvos-doktor (\u00c1llatorvostudom\u00e1nyi Egyetem, Bp.,1987) TUDOM\u00c1NYOS FOKOZAT: PhD, 2004, SzIE, G\u00f6d\u00f6ll\u0151 SZAKTER\u00dcLET: H\u00e1zi\u00e1llatok, valamint kedvtel\u00e9sb\u0151l tartott \u00e1llatok takarm\u00e1nyoz\u00e1sa, dietetik\u00e1ja SPECIALIZ\u00c1CI\u00d3: Labor\u00e1llat-tudom\u00e1ny \u00e9s k\u00eds\u00e9rlettervez\u00e9s, \u00c1llatorvos-tudom\u00e1nyi Egyetem, 1996 NYELVISMERET: angol TUDOM\u00c1NYOS T\u00c1RSAS\u00c1GI TAGS\u00c1G: &#8211; SZIE \u00c1OTK Munkahelyi \u00c1llatk\u00edserleti Bizotts\u00e1g, titk\u00e1r; &#8211; MTA Mikroelem Bizotts\u00e1ga; &#8211; Labor\u00e1llat-tudom\u00e1ny T\u00e1rsas\u00e1g &#8211; World Rabbit Science Association magyar tagozat &#8211; Magyar<\/p>\n","protected":false},"author":5824,"featured_media":0,"parent":858,"menu_order":210,"comment_status":"closed","ping_status":"closed","template":"","meta":{"_acf_changed":false,"footnotes":""},"categories":[56],"tags":[],"class_list":["post-3619","page","type-page","status-publish","hentry","category-munkatarsak"],"acf":[],"_links":{"self":[{"href":"https:\/\/univet.hu\/hu\/wp-json\/wp\/v2\/pages\/3619","targetHints":{"allow":["GET"]}}],"collection":[{"href":"https:\/\/univet.hu\/hu\/wp-json\/wp\/v2\/pages"}],"about":[{"href":"https:\/\/univet.hu\/hu\/wp-json\/wp\/v2\/types\/page"}],"author":[{"embeddable":true,"href":"https:\/\/univet.hu\/hu\/wp-json\/wp\/v2\/users\/5824"}],"replies":[{"embeddable":true,"href":"https:\/\/univet.hu\/hu\/wp-json\/wp\/v2\/comments?post=3619"}],"version-history":[{"count":1,"href":"https:\/\/univet.hu\/hu\/wp-json\/wp\/v2\/pages\/3619\/revisions"}],"predecessor-version":[{"id":197899,"href":"https:\/\/univet.hu\/hu\/wp-json\/wp\/v2\/pages\/3619\/revisions\/197899"}],"up":[{"embeddable":true,"href":"https:\/\/univet.hu\/hu\/wp-json\/wp\/v2\/pages\/858"}],"wp:attachment":[{"href":"https:\/\/univet.hu\/hu\/wp-json\/wp\/v2\/media?parent=3619"}],"wp:term":[{"taxonomy":"category","embeddable":true,"href":"https:\/\/univet.hu\/hu\/wp-json\/wp\/v2\/categories?post=3619"},{"taxonomy":"post_tag","embeddable":true,"href":"https:\/\/univet.hu\/hu\/wp-json\/wp\/v2\/tags?post=3619"}],"curies":[{"name":"wp","href":"https:\/\/api.w.org\/{rel}","templated":true}]}}