{"id":3625,"date":"2016-11-29T15:45:00","date_gmt":"2016-11-29T14:45:00","guid":{"rendered":"http:\/\/univet.hu\/egyetem\/munkatarsak\/biksi-imre\/"},"modified":"2026-02-10T03:59:50","modified_gmt":"2026-02-10T02:59:50","slug":"biksi-imre","status":"publish","type":"page","link":"https:\/\/univet.hu\/hu\/egyetem\/munkatarsak\/biksi-imre\/","title":{"rendered":"Biksi Imre"},"content":{"rendered":"<p>Oktat\u00e1si tev\u00e9kenys\u00e9g:<\/p> <p>\u2013 \u00e1ltal\u00e1nos \u00e9s r\u00e9szletes patol\u00f3gia | magyar \u00e9s angol nyelv\u0171 k\u00e9pz\u00e9s<\/p> <p>\u2013 nagy\u00e1llat-patol\u00f3gia gyakorlatok | IV. \u00e9vfolyam, magyar \u00e9s angol nyelv\u0171 k\u00e9pz\u00e9s<\/p> <p>\u2013 nagy\u00e1llat-diagnosztika gyakorlatok | 11. f\u00e9l\u00e9v, magyar \u00e9s angol nyelv\u0171 k\u00e9pz\u00e9s<\/p> <p>\u2013 diplomamunk\u00e1k vezet\u00e9se | magyar \u00e9s angol nyelv\u0171 k\u00e9pz\u00e9s<\/p> <p>\u00c9rdekl\u0151d\u00e9si ter\u00fclet: nagy\u00fczemi sert\u00e9s\u00e1llom\u00e1nyok \u00e1llateg\u00e9szs\u00e9g\u00fcgyi menedzsmentje \u00e9s laborat\u00f3riumi diagnosztik\u00e1ja<\/p> <p>Publik\u00e1ci\u00f3s tev\u00e9kenys\u00e9g:\u00a0el\u00e9rhet\u0151 a www.researchgate.net weblapon<\/p>","protected":false},"excerpt":{"rendered":"<p>Oktat\u00e1si tev\u00e9kenys\u00e9g: \u2013 \u00e1ltal\u00e1nos \u00e9s r\u00e9szletes patol\u00f3gia | magyar \u00e9s angol nyelv\u0171 k\u00e9pz\u00e9s \u2013 nagy\u00e1llat-patol\u00f3gia gyakorlatok | IV. \u00e9vfolyam, magyar \u00e9s angol nyelv\u0171 k\u00e9pz\u00e9s \u2013 nagy\u00e1llat-diagnosztika gyakorlatok | 11. f\u00e9l\u00e9v, magyar \u00e9s angol nyelv\u0171 k\u00e9pz\u00e9s \u2013 diplomamunk\u00e1k vezet\u00e9se | magyar \u00e9s angol nyelv\u0171 k\u00e9pz\u00e9s \u00c9rdekl\u0151d\u00e9si ter\u00fclet: nagy\u00fczemi sert\u00e9s\u00e1llom\u00e1nyok \u00e1llateg\u00e9szs\u00e9g\u00fcgyi menedzsmentje \u00e9s laborat\u00f3riumi diagnosztik\u00e1ja Publik\u00e1ci\u00f3s tev\u00e9kenys\u00e9g:\u00a0el\u00e9rhet\u0151<\/p>\n","protected":false},"author":5824,"featured_media":0,"parent":858,"menu_order":210,"comment_status":"closed","ping_status":"closed","template":"","meta":{"_acf_changed":false,"footnotes":""},"categories":[56],"tags":[],"class_list":["post-3625","page","type-page","status-publish","hentry","category-munkatarsak"],"acf":[],"_links":{"self":[{"href":"https:\/\/univet.hu\/hu\/wp-json\/wp\/v2\/pages\/3625","targetHints":{"allow":["GET"]}}],"collection":[{"href":"https:\/\/univet.hu\/hu\/wp-json\/wp\/v2\/pages"}],"about":[{"href":"https:\/\/univet.hu\/hu\/wp-json\/wp\/v2\/types\/page"}],"author":[{"embeddable":true,"href":"https:\/\/univet.hu\/hu\/wp-json\/wp\/v2\/users\/5824"}],"replies":[{"embeddable":true,"href":"https:\/\/univet.hu\/hu\/wp-json\/wp\/v2\/comments?post=3625"}],"version-history":[{"count":1,"href":"https:\/\/univet.hu\/hu\/wp-json\/wp\/v2\/pages\/3625\/revisions"}],"predecessor-version":[{"id":199524,"href":"https:\/\/univet.hu\/hu\/wp-json\/wp\/v2\/pages\/3625\/revisions\/199524"}],"up":[{"embeddable":true,"href":"https:\/\/univet.hu\/hu\/wp-json\/wp\/v2\/pages\/858"}],"wp:attachment":[{"href":"https:\/\/univet.hu\/hu\/wp-json\/wp\/v2\/media?parent=3625"}],"wp:term":[{"taxonomy":"category","embeddable":true,"href":"https:\/\/univet.hu\/hu\/wp-json\/wp\/v2\/categories?post=3625"},{"taxonomy":"post_tag","embeddable":true,"href":"https:\/\/univet.hu\/hu\/wp-json\/wp\/v2\/tags?post=3625"}],"curies":[{"name":"wp","href":"https:\/\/api.w.org\/{rel}","templated":true}]}}