{"id":36341,"date":"2019-03-12T13:56:05","date_gmt":"2019-03-12T12:56:05","guid":{"rendered":"https:\/\/univet.hu\/?page_id=36341"},"modified":"2024-12-23T02:10:16","modified_gmt":"2024-12-23T01:10:16","slug":"letoltheto-dokumentumok","status":"publish","type":"page","link":"https:\/\/univet.hu\/hu\/letoltheto-dokumentumok\/","title":{"rendered":"Let\u00f6lthet\u0151 dokumentumok"},"content":{"rendered":"<p><a href=\"https:\/\/univet.hu\/wp-content\/uploads\/2019\/04\/Jelentkez\u00e9si-lap.3.0.doc\" data-replaced=\"true\">Jelentkez\u00e9si lap<\/a><\/p> <p><a href=\"https:\/\/univet.hu\/wp-content\/uploads\/2019\/04\/egyseges_kepzesi_tajekoztato.2020.tavasz.pdf\" data-replaced=\"true\">K\u00e9pz\u00e9si t\u00e1j\u00e9koztat\u00f3<\/a><\/p> <p><a href=\"https:\/\/univet.hu\/wp-content\/uploads\/2019\/04\/F20-TKK-altalanoskerelem.20170914-.doc\" data-replaced=\"true\">K\u00e9relem formanyomtatv\u00e1ny<\/a><\/p> <p><a href=\"https:\/\/univet.hu\/wp-content\/uploads\/2019\/04\/Szakmai-alkalmass\u00e1gi-orvosi-velemeny.docx\" data-replaced=\"true\">Szakmai alkalmass\u00e1gi orvosi v\u00e9lem\u00e9ny nyomtatv\u00e1nyminta<\/a><\/p> <p><a href=\"https:\/\/univet.hu\/wp-content\/uploads\/2019\/04\/K\u00fcldet\u00e9snyilatkozat.pdf\" data-replaced=\"true\">Az \u00c1llatorvostudom\u00e1nyi Egyetem k\u00fcldet\u00e9snyilatkozata<\/a><\/p> <p><a href=\"https:\/\/univet.hu\/wp-content\/uploads\/2019\/04\/Tan\u00fas\u00edtv\u00e1ny_magyar_\u00c1llatorvostudom\u00e1nyi-Egyetem_ISO9001.pdf\" data-replaced=\"true\">\u00c1llatorvostudom\u00e1nyi Egyetem min\u0151s\u00e9gpolitikai tan\u00fas\u00edtv\u00e1ny<\/a><\/p> <p><a href=\"https:\/\/univet.hu\/wp-content\/uploads\/2019\/04\/reklamacios_jegyzokonyv_.pdf\" data-replaced=\"true\">Reklam\u00e1ci\u00f3s jegyz\u0151k\u00f6nyv<\/a><\/p> <p><a href=\"https:\/\/univet.hu\/wp-content\/uploads\/2019\/04\/Termek.jpg\" data-replaced=\"true\">T\u00e9rk\u00e9p<\/a><\/p> <p>&nbsp;<\/p> <p><strong>\u00c1llatorvostudom\u00e1nyi Egyetem, Tanulm\u00e1nyi Oszt\u00e1ly, Tov\u00e1bbk\u00e9pz\u00e9si Csoport<\/strong><\/p> <p>1078, Budapest, Istv\u00e1n utca 2. O.\u00a0 \u00e9p\u00fclet<\/p> <p><strong>Szem\u0151k Szilvia<br \/> <\/strong><\/p> <p>Tel.: +36-(1)-478-4100 \/ 8883 mell\u00e9k<\/p> <p>e-mail: <a class=\"decrypt\" rel=\"t{fnpl\/t{jmwjbAvojwfu\/iv\" href=\"javascript:void(0);\">[Kattintson az emailc\u00edmhez]<\/a><\/p>","protected":false},"excerpt":{"rendered":"<p>Jelentkez\u00e9si lap K\u00e9pz\u00e9si t\u00e1j\u00e9koztat\u00f3 K\u00e9relem formanyomtatv\u00e1ny Szakmai alkalmass\u00e1gi orvosi v\u00e9lem\u00e9ny nyomtatv\u00e1nyminta Az \u00c1llatorvostudom\u00e1nyi Egyetem k\u00fcldet\u00e9snyilatkozata \u00c1llatorvostudom\u00e1nyi Egyetem min\u0151s\u00e9gpolitikai tan\u00fas\u00edtv\u00e1ny Reklam\u00e1ci\u00f3s jegyz\u0151k\u00f6nyv T\u00e9rk\u00e9p &nbsp; \u00c1llatorvostudom\u00e1nyi Egyetem, Tanulm\u00e1nyi Oszt\u00e1ly, Tov\u00e1bbk\u00e9pz\u00e9si Csoport 1078, Budapest, Istv\u00e1n utca 2. O.\u00a0 \u00e9p\u00fclet Szem\u0151k Szilvia Tel.: +36-(1)-478-4100 \/ 8883 mell\u00e9k e-mail: [Kattintson az emailc\u00edmhez]<\/p>\n","protected":false},"author":7,"featured_media":0,"parent":0,"menu_order":270,"comment_status":"closed","ping_status":"closed","template":"","meta":{"_acf_changed":false,"footnotes":""},"categories":[],"tags":[],"class_list":["post-36341","page","type-page","status-publish","hentry"],"acf":[],"_links":{"self":[{"href":"https:\/\/univet.hu\/hu\/wp-json\/wp\/v2\/pages\/36341","targetHints":{"allow":["GET"]}}],"collection":[{"href":"https:\/\/univet.hu\/hu\/wp-json\/wp\/v2\/pages"}],"about":[{"href":"https:\/\/univet.hu\/hu\/wp-json\/wp\/v2\/types\/page"}],"author":[{"embeddable":true,"href":"https:\/\/univet.hu\/hu\/wp-json\/wp\/v2\/users\/7"}],"replies":[{"embeddable":true,"href":"https:\/\/univet.hu\/hu\/wp-json\/wp\/v2\/comments?post=36341"}],"version-history":[{"count":1,"href":"https:\/\/univet.hu\/hu\/wp-json\/wp\/v2\/pages\/36341\/revisions"}],"predecessor-version":[{"id":171702,"href":"https:\/\/univet.hu\/hu\/wp-json\/wp\/v2\/pages\/36341\/revisions\/171702"}],"wp:attachment":[{"href":"https:\/\/univet.hu\/hu\/wp-json\/wp\/v2\/media?parent=36341"}],"wp:term":[{"taxonomy":"category","embeddable":true,"href":"https:\/\/univet.hu\/hu\/wp-json\/wp\/v2\/categories?post=36341"},{"taxonomy":"post_tag","embeddable":true,"href":"https:\/\/univet.hu\/hu\/wp-json\/wp\/v2\/tags?post=36341"}],"curies":[{"name":"wp","href":"https:\/\/api.w.org\/{rel}","templated":true}]}}