{"id":3652,"date":"2016-06-18T11:34:00","date_gmt":"2016-06-18T09:34:00","guid":{"rendered":"http:\/\/univet.hu\/egyetem\/munkatarsak\/boronkaine-dr-bellus-ibolya\/"},"modified":"2026-02-10T04:00:35","modified_gmt":"2026-02-10T03:00:35","slug":"boronkaine-dr-bellus-ibolya","status":"publish","type":"page","link":"https:\/\/univet.hu\/hu\/egyetem\/munkatarsak\/boronkaine-dr-bellus-ibolya\/","title":{"rendered":"Boronkai Iv\u00e1nn\u00e9 Dr. Bellus Ibolya"},"content":{"rendered":"<p style=\"text-align: center;\"><span style=\"font-size: 14pt;\"><strong>Bemutatkoz\u00e1s<\/strong><\/span><\/p> <p>Dr. Bellus Ibolya 1950-ben sz\u00fcletett. Magyar\u2014latin szakon v\u00e9gzett 1974-ben a J\u00f3zsef Attila Tudom\u00e1nyegyetemen, Szegeden. Ugyanitt szerzett b\u00f6lcs\u00e9szdoktori c\u00edmet summa cum laude min\u0151s\u00edt\u00e9ssel A r\u00f3mai nemzeti v\u00edgj\u00e1t\u00e9k (fabula togata) c\u00edm\u0171 disszert\u00e1ci\u00f3j\u00e1val. K\u00f6z\u00e9piskol\u00e1ban, a P\u00e1zm\u00e1ny P\u00e9ter Katolikus Egyetemen, az E\u00f6tv\u00f6s Koll\u00e9giumban tan\u00edtott latin nyelvet. 1977-t\u0151l a Magyar Tudom\u00e1nyos Akad\u00e9mia \u00d3kortudom\u00e1nyi Kutat\u00f3csoportj\u00e1nak tudom\u00e1nyos munkat\u00e1rsa, majd 1981-t\u0151l a Magyarorsz\u00e1gi K\u00f6z\u00e9pkori Latins\u00e1g Sz\u00f3t\u00e1r\u00e1nak szerkeszt\u0151je, tudom\u00e1nyos f\u0151munkat\u00e1rsa. N\u00e9met, orosz, olasz \u00e9s angol nyelvb\u0151l \u00e1llami nyelvvizsg\u00e1t tett.<\/p> <p>Publik\u00e1ci\u00f3i f\u0151k\u00e9nt a k\u00f6z\u00e9pkori irodalommal kapcsolatosak. Sz\u00e1mos m\u0171ford\u00edt\u00e1sa l\u00e1tott napvil\u00e1got, t\u00f6bbek k\u00f6z\u00f6tt: \u00c1rp\u00e1d-h\u00e1zi Szent Margit legr\u00e9gebbi legend\u00e1ja, \u00c1rp\u00e1d-h\u00e1zi Szent Erzs\u00e9bet szentt\u00e9avat\u00e1si jegyz\u0151k\u00f6nyve, K\u00e9pes kr\u00f3nika, K\u00f6z\u00e9pkori oklevelek, Thur\u00f3czy J\u00e1nos: A magyarok kr\u00f3nik\u00e1ja, Vit\u00e9z J\u00e1nos levelei \u00e9s politikai besz\u00e9dei.<\/p> <p>Nyugd\u00edjba vonul\u00e1sa \u00f3ta (2010) tan\u00edt az \u00c1llatorvostudom\u00e1nyi Egyetemen n\u00e9met hallgat\u00f3kat latin nyelvre.<\/p>","protected":false},"excerpt":{"rendered":"<p>Bemutatkoz\u00e1s Dr. Bellus Ibolya 1950-ben sz\u00fcletett. Magyar\u2014latin szakon v\u00e9gzett 1974-ben a J\u00f3zsef Attila Tudom\u00e1nyegyetemen, Szegeden. Ugyanitt szerzett b\u00f6lcs\u00e9szdoktori c\u00edmet summa cum laude min\u0151s\u00edt\u00e9ssel A r\u00f3mai nemzeti v\u00edgj\u00e1t\u00e9k (fabula togata) c\u00edm\u0171 disszert\u00e1ci\u00f3j\u00e1val. K\u00f6z\u00e9piskol\u00e1ban, a P\u00e1zm\u00e1ny P\u00e9ter Katolikus Egyetemen, az E\u00f6tv\u00f6s Koll\u00e9giumban tan\u00edtott latin nyelvet. 1977-t\u0151l a Magyar Tudom\u00e1nyos Akad\u00e9mia \u00d3kortudom\u00e1nyi Kutat\u00f3csoportj\u00e1nak tudom\u00e1nyos munkat\u00e1rsa, majd 1981-t\u0151l a<\/p>\n","protected":false},"author":5824,"featured_media":0,"parent":858,"menu_order":211,"comment_status":"closed","ping_status":"closed","template":"","meta":{"_acf_changed":false,"footnotes":""},"categories":[56],"tags":[],"class_list":["post-3652","page","type-page","status-publish","hentry","category-munkatarsak"],"acf":[],"_links":{"self":[{"href":"https:\/\/univet.hu\/hu\/wp-json\/wp\/v2\/pages\/3652","targetHints":{"allow":["GET"]}}],"collection":[{"href":"https:\/\/univet.hu\/hu\/wp-json\/wp\/v2\/pages"}],"about":[{"href":"https:\/\/univet.hu\/hu\/wp-json\/wp\/v2\/types\/page"}],"author":[{"embeddable":true,"href":"https:\/\/univet.hu\/hu\/wp-json\/wp\/v2\/users\/5824"}],"replies":[{"embeddable":true,"href":"https:\/\/univet.hu\/hu\/wp-json\/wp\/v2\/comments?post=3652"}],"version-history":[{"count":1,"href":"https:\/\/univet.hu\/hu\/wp-json\/wp\/v2\/pages\/3652\/revisions"}],"predecessor-version":[{"id":199581,"href":"https:\/\/univet.hu\/hu\/wp-json\/wp\/v2\/pages\/3652\/revisions\/199581"}],"up":[{"embeddable":true,"href":"https:\/\/univet.hu\/hu\/wp-json\/wp\/v2\/pages\/858"}],"wp:attachment":[{"href":"https:\/\/univet.hu\/hu\/wp-json\/wp\/v2\/media?parent=3652"}],"wp:term":[{"taxonomy":"category","embeddable":true,"href":"https:\/\/univet.hu\/hu\/wp-json\/wp\/v2\/categories?post=3652"},{"taxonomy":"post_tag","embeddable":true,"href":"https:\/\/univet.hu\/hu\/wp-json\/wp\/v2\/tags?post=3652"}],"curies":[{"name":"wp","href":"https:\/\/api.w.org\/{rel}","templated":true}]}}