{"id":36564,"date":"2019-03-19T08:18:28","date_gmt":"2019-03-19T07:18:28","guid":{"rendered":"https:\/\/univet.hu\/?page_id=36564"},"modified":"2026-02-10T03:58:36","modified_gmt":"2026-02-10T02:58:36","slug":"albert-ervin","status":"publish","type":"page","link":"https:\/\/univet.hu\/hu\/egyetem\/munkatarsak\/albert-ervin\/","title":{"rendered":"Albert Ervin"},"content":{"rendered":"<p style=\"text-align: center;\"><span style=\"font-size: 14pt;\"><b>Bemutatkoz\u00e1s\u00a0\u00a0<\/b><\/span><\/p> <p>A patol\u00f3gia gradu\u00e1lis oktat\u00e1s\u00e1ban 2015 \u00f3ta v\u00e1llalok szerepet magyar \u00e9s angol nyelv\u0171 negyed\u00e9ves gyakorlatok, illetve plen\u00e1ris gyakorlatok, valamint 2019 \u00f3ta harmad\u00e9ves tantermi el\u0151ad\u00e1sok tart\u00e1s\u00e1val. A napi rutinban dolgoz\u00f3 laborat\u00f3riumi \u00e1llatorvosk\u00e9nt a gyakorlat-orient\u00e1lt patol\u00f3giai, valamint k\u00f3rbonctani-diagnosztikai szeml\u00e9letet \u00e9s az ezeken alapul\u00f3 gyakorlati k\u00e9szs\u00e9gek megszerz\u00e9s\u00e9t igyekszem az oktat\u00f3i tev\u00e9kenys\u00e9gem f\u00f3kusz\u00e1ba helyezni.<\/p> <p>Kutat\u00e1si tev\u00e9kenys\u00e9gem els\u0151sorban a gazdas\u00e1gi haszon\u00e1llatok \u00e9s lovak rutin laborat\u00f3riumi diagnosztik\u00e1j\u00e1hoz kapcsol\u00f3dik. Emellett foglalkoztat a bakteri\u00e1lis k\u00f3rokoz\u00f3k alkalmazkod\u00e1s\u00e1nak folyamata, amelyhez a gazdafaj-specifikuss\u00e1g v\u00e1ltoz\u00e1sa \u00e9s az antimikrobi\u00e1lis rezisztencia k\u00e9rd\u00e9sk\u00f6re is hozz\u00e1tartozik. T\u00e9m\u00e1inkr\u00f3l b\u0151vebben a <a href=\"https:\/\/univet.hu\/hu\/egyetem\/szervezeti-egysegek\/patologiai-tanszek\/hadik\/\">Haszon\u00e1llat Diagnosztikai K\u00f6zpont<\/a> oldal\u00e1n \u00edrunk.<\/p> <p><strong>F\u0151bb kutat\u00e1si ter\u00fcletek:<\/strong><\/p> <p>\u00b7 Molekul\u00e1ris biol\u00f3giai tesztek fejleszt\u00e9se \u00e9s alkalmaz\u00e1suk lehet\u0151s\u00e9gei a rutin \u00e1llatorvosi laborat\u00f3riumi diagnosztik\u00e1ban<\/p> <p>\u00b7 Lovakb\u00f3l, haszon\u00e1llatokb\u00f3l \u00e9s a vel\u00fck kapcsolatba ker\u00fcl\u0151 emberekb\u0151l izol\u00e1lt meticillin rezisztens <em>Staphylococcus aureus<\/em> t\u00f6rzsek vizsg\u00e1lata<\/p> <p>\u00b7 Nagy\u00e1llatokb\u00f3l izol\u00e1lt patog\u00e9n bakt\u00e9riumok molekul\u00e1ris epidemiol\u00f3gi\u00e1j\u00e1nak, valamint antimikrobi\u00e1lis rezisztenci\u00e1j\u00e1nak vizsg\u00e1lata<\/p> <p><strong>El\u0151rehalad\u00e1s:<\/strong><\/p> <p>\u00c1llatorvos-doktor, SZIE \u00c1llatorvos-tudom\u00e1nyi Kar, 2013<\/p> <p>Sert\u00e9seg\u00e9szs\u00e9g\u00fcgyi-szak\u00e1llatorvos, \u00c1llatorvostudom\u00e1nyi Egyetem, 2017<\/p> <p>Ph.D., \u00c1llatorvostudom\u00e1nyi Egyetem, 2023<\/p> <p><strong>Eddigi szakdolgozat\/TDK hallgat\u00f3k sz\u00e1ma:<\/strong><\/p> <p>13 gradu\u00e1lis diplomamunka, 10 TDK-munka, 1 szak\u00e1llatorvosi diplomamunka (k\u00e9r\u0151dz\u0151-eg\u00e9szs\u00e9g\u00fcgyi k\u00e9pz\u00e9s)<\/p> <p>Publik\u00e1ci\u00f3s lista (Top10)<\/p> <p>Az aktu\u00e1lis publik\u00e1ci\u00f3s lista el\u00e9rhet\u0151 az mtmt.hu, illetve a researchgate.net weboldalakon.<\/p>","protected":false},"excerpt":{"rendered":"<p>Bemutatkoz\u00e1s\u00a0\u00a0 A patol\u00f3gia gradu\u00e1lis oktat\u00e1s\u00e1ban 2015 \u00f3ta v\u00e1llalok szerepet magyar \u00e9s angol nyelv\u0171 negyed\u00e9ves gyakorlatok, illetve plen\u00e1ris gyakorlatok, valamint 2019 \u00f3ta harmad\u00e9ves tantermi el\u0151ad\u00e1sok tart\u00e1s\u00e1val. A napi rutinban dolgoz\u00f3 laborat\u00f3riumi \u00e1llatorvosk\u00e9nt a gyakorlat-orient\u00e1lt patol\u00f3giai, valamint k\u00f3rbonctani-diagnosztikai szeml\u00e9letet \u00e9s az ezeken alapul\u00f3 gyakorlati k\u00e9szs\u00e9gek megszerz\u00e9s\u00e9t igyekszem az oktat\u00f3i tev\u00e9kenys\u00e9gem f\u00f3kusz\u00e1ba helyezni. Kutat\u00e1si tev\u00e9kenys\u00e9gem els\u0151sorban a gazdas\u00e1gi<\/p>\n","protected":false},"author":5824,"featured_media":0,"parent":858,"menu_order":38,"comment_status":"closed","ping_status":"closed","template":"","meta":{"_acf_changed":false,"footnotes":""},"categories":[],"tags":[],"class_list":["post-36564","page","type-page","status-publish","hentry"],"acf":[],"_links":{"self":[{"href":"https:\/\/univet.hu\/hu\/wp-json\/wp\/v2\/pages\/36564","targetHints":{"allow":["GET"]}}],"collection":[{"href":"https:\/\/univet.hu\/hu\/wp-json\/wp\/v2\/pages"}],"about":[{"href":"https:\/\/univet.hu\/hu\/wp-json\/wp\/v2\/types\/page"}],"author":[{"embeddable":true,"href":"https:\/\/univet.hu\/hu\/wp-json\/wp\/v2\/users\/5824"}],"replies":[{"embeddable":true,"href":"https:\/\/univet.hu\/hu\/wp-json\/wp\/v2\/comments?post=36564"}],"version-history":[{"count":1,"href":"https:\/\/univet.hu\/hu\/wp-json\/wp\/v2\/pages\/36564\/revisions"}],"predecessor-version":[{"id":199483,"href":"https:\/\/univet.hu\/hu\/wp-json\/wp\/v2\/pages\/36564\/revisions\/199483"}],"up":[{"embeddable":true,"href":"https:\/\/univet.hu\/hu\/wp-json\/wp\/v2\/pages\/858"}],"wp:attachment":[{"href":"https:\/\/univet.hu\/hu\/wp-json\/wp\/v2\/media?parent=36564"}],"wp:term":[{"taxonomy":"category","embeddable":true,"href":"https:\/\/univet.hu\/hu\/wp-json\/wp\/v2\/categories?post=36564"},{"taxonomy":"post_tag","embeddable":true,"href":"https:\/\/univet.hu\/hu\/wp-json\/wp\/v2\/tags?post=36564"}],"curies":[{"name":"wp","href":"https:\/\/api.w.org\/{rel}","templated":true}]}}