{"id":3664,"date":"2016-08-01T13:29:00","date_gmt":"2016-08-01T11:29:00","guid":{"rendered":"http:\/\/univet.hu\/egyetem\/munkatarsak\/brydl-endre\/"},"modified":"2026-02-10T04:00:36","modified_gmt":"2026-02-10T03:00:36","slug":"brydl-endre","status":"publish","type":"page","link":"https:\/\/univet.hu\/hu\/egyetem\/munkatarsak\/brydl-endre\/","title":{"rendered":"Brydl Endre"},"content":{"rendered":"<p style=\"text-align: center;\"><strong><span style=\"font-size: 14pt;\">Bemutatkoz\u00e1s<\/span><br \/> <\/strong><\/p> <p>Dr. Brydl Endre 1943. okt\u00f3ber 21-\u00e9n sz\u00fcletett Gy\u0151rben, agr\u00e1r\u00e9rtelmis\u00e9gi csal\u00e1dban. N\u0151s, k\u00e9t nagykor\u00fa l\u00e1nya van.<\/p> <p><strong>V\u00e9gzetts\u00e9g<\/strong>:<\/p> <p>\u00c1llatorvos doktor (Oklev\u00e9l kelte: 1967. szeptember 9., sz\u00e1ma: 62\/1967).<\/p> <p>Szarvasmarha-eg\u00e9szs\u00e9g\u00fcgyi szak\u00e1llatorvos (Oklev\u00e9l kelte: 1973. okt\u00f3ber 1., sz\u00e1ma: 8\/1973).<\/p> <p><strong>Tudom\u00e1nyos fokozat:<\/strong><\/p> <p>Az \u00e1llatorvos-tudom\u00e1ny kandid\u00e1tusa (1996; 16.512).<\/p> <p>Habilit\u00e1lt doktor (2002; 1\/2002).<\/p> <p>Diplomate of European College of Bovine Health Management 2003<\/p> <p>&nbsp;<\/p> <p><strong>Munkahelyek:\u00a0\u00a0\u00a0\u00a0\u00a0\u00a0\u00a0\u00a0\u00a0\u00a0\u00a0 <\/strong><\/p> <ol start=\"1967\"> <li>szeptember-november: Szarvasi K\u00eds\u00e9rleti \u00c1llami Gazdas\u00e1g, \u00e1llatorvos gyakornok.<\/li> <li>dec. 1 &#8211; 1981. nov. 30.: R\u00e9pcelaki Nagymez\u0151 Mez\u0151gazdas\u00e1gi Termel\u0151sz\u00f6vetkezet, \u00fczemi \u00e1llatorvos, f\u0151\u00e1llatteny\u00e9szt\u0151.<\/li> <\/ol> <p>1981-1985: Kaposv\u00e1ri Szarvasmarha-teny\u00e9szt\u0151 K\u00f6z\u00f6s V\u00e1llalat \u00e1llateg\u00e9szs\u00e9g\u00fcgyi oszt\u00e1ly vezet\u0151, igazgat\u00f3helyettes.<\/p> <p>1981-1985: \u00c1llatorvostudom\u00e1nyi Egyetem, \u00c1llathigi\u00e9niai Tansz\u00e9k, k\u00fcls\u0151 tudom\u00e1nyos munkat\u00e1rs.<\/p> <p>1985-1987: \u00c1llatorvos-tudom\u00e1nyi Egyetem, \u00c1llathigi\u00e9niai Tansz\u00e9k, tudom\u00e1nyos munkat\u00e1rs.<\/p> <p>1988-1990: \u00c1llatorvostudom\u00e1nyi Egyetem, K\u00f6zponti Laborat\u00f3rium megb\u00edzott vezet\u0151.<\/p> <p>1991-2013: \u00c1llatorvostudom\u00e1nyi Egyetem, \u00c1llathigi\u00e9niai Tansz\u00e9k, tudom\u00e1nyos munkat\u00e1rs, tudom\u00e1nyos f\u0151munkat\u00e1rs, tansz\u00e9kvezet\u0151 helyettes, egyetemi docens, egyetemi mag\u00e1ntan\u00e1r, tansz\u00e9kvezet\u0151 egyetemi tan\u00e1r, Professor Emeritus.<\/p> <p><strong>\u00a0<\/strong><\/p> <p><strong>Oktat\u00e1s:<\/strong><\/p> <p>1978-1985: megh\u00edvott el\u0151ad\u00f3, \u00c1llatorvos-tudom\u00e1nyi Egyetem.<\/p> <p>1985-2013: \u00c1llathigi\u00e9nia tant\u00e1rgy elm\u00e9leti \u00e9s gyakorlati oktat\u00e1s \u00e9s vizsg\u00e1ztat\u00e1s.<\/p> <p>1990-2013: vend\u00e9gel\u0151ad\u00f3 a Kaposv\u00e1ri Egyetem \u00c1llattudom\u00e1nyi Kar.<\/p> <p>1994-2013: szarvasmarha\u2011\u00e1llom\u00e1nyeg\u00e9szs\u00e9gtan oktat\u00f3 \u00e9s egyik alap\u00edt\u00f3.<\/p> <p>1995 \u00c1llathigi\u00e9niai Tansz\u00e9k, szarvasmarha \u00e1llom\u00e1ny-eg\u00e9szs\u00e9gtani csoport alap\u00edt\u00e1sa.<\/p> <p>2003 szarvasmarha \u00e1llom\u00e1ny-eg\u00e9szs\u00e9gtani gyakorlat bevezet\u00e9se.<\/p> <p>2003 \u201eA szarvasmarhatart\u00e1s higi\u00e9ni\u00e1ja \u00e9s \u00e1llom\u00e1ny-eg\u00e9szs\u00e9gtana\u201d c. k\u00f6nyvr\u00e9szlet, szerkeszt\u0151, \u00edr\u00f3 (In: Rafai P\u00e1l, Brydl Endre, Nagy Gyula: A sert\u00e9s-, a szarvasmarha- \u00e9s a h\u00e1zity\u00faktart\u00e1s higi\u00e9ni\u00e1ja \u00e9s \u00e1llom\u00e1ny-eg\u00e9szs\u00e9gtana, Agroinform Kiad\u00f3 \u00e9s Nyomda, Budapest, 2003).<\/p> <p><strong>\u00a0<\/strong><\/p> <p><strong>F\u0151bb kutat\u00e1si ter\u00fcletek:<\/strong><\/p> <ul> <li>Szarvasmarha-\u00e1llom\u00e1nyok takarm\u00e1nyoz\u00e1si hib\u00e1k \u00e1ltal okozott anyag\u00adfor\u00adgal\u00admi zavarainak \u00e1llom\u00e1nydiagnosztik\u00e1ja, valamint az anyagforgalmi betegs\u00e9gek megel\u0151z\u00e9se.<\/li> <\/ul> <p><strong>\u00a0<\/strong><\/p> <p><strong>El\u0151rehalad\u00e1s<\/strong><\/p> <p>Dr. G\u00f6nye S\u00e1ndorral \u00e9s Dr. S\u00e1lyi G\u00e1borral k\u00f6z\u00f6sen dolgozt\u00e1k ki a nagy\u00fczemi szarvasmarha-\u00e1llom\u00e1nyok takarm\u00e1nyoz\u00e1si \u00e9s \u00e1llateg\u00e9szs\u00e9g\u00fcgyi \u00e9rt\u00e9kel\u00e9si rendszer\u00e9t, amellyel 1987-ben miniszteri k\u00fcl\u00f6nd\u00edjat nyertek.<\/p> <p>Az \u00c1TE \u00c1llathigi\u00e9niai, \u00c1llom\u00e1ny-eg\u00e9szs\u00e9gtani Tansz\u00e9k \u00e9s Mobil Klinika anyagcsere laborat\u00f3rium\u00e1nak alap\u00edt\u00e1sa \u00e9s a kutat\u00f3-fejleszt\u0151 munka gyakorlatba val\u00f3 bevezet\u00e9se.<\/p> <p><strong>\u00a0<\/strong><\/p> <p><strong>Szakmai szervezeti tags\u00e1g<\/strong><\/p> <p>Magyar Agr\u00e1rtudom\u00e1nyi Egyes\u00fclet \u00c1llatorvosok<\/p> <p>T\u00e1rsas\u00e1ga Vas megyei szervezete\u00a0\u00a0\u00a0\u00a0\u00a0\u00a0\u00a0\u00a0\u00a0\u00a0\u00a0\u00a0\u00a0\u00a0\u00a0\u00a0\u00a0\u00a0\u00a0\u00a0 \u00a0\u00a0\u00a0\u00a0\u00a0\u00a0\u00a0\u00a0\u00a0\u00a0\u00a0\u00a0\u00a0\u00a0\u00a0\u00a0\u00a0\u00a0\u00a0 \u00a0\u00a0\u00a0\u00a0\u00a01977-1981\u00a0\u00a0\u00a0\u00a0\u00a0\u00a0\u00a0\u00a0\u00a0\u00a0\u00a0\u00a0\u00a0\u00a0\u00a0 \u00a0\u00a0\u00a0\u00a0eln\u00f6khelyettes<\/p> <p>Magyar \u00c1llatorvosok Lapja Szerkeszt\u0151 Bizotts\u00e1g\u00a0\u00a0\u00a0 \u00a0\u00a0\u00a0\u00a0\u00a0\u00a0\u00a0\u00a0\u00a0\u00a0\u00a0\u00a0\u00a0\u00a0\u00a0\u00a01977-1986\u00a0\u00a0\u00a0\u00a0\u00a0\u00a0\u00a0\u00a0\u00a0\u00a0\u00a0\u00a0\u00a0\u00a0\u00a0 \u00a0\u00a0\u00a0\u00a0tag<\/p> <p>\u00c1llatorvostudom\u00e1nyi Egyetem Kutat\u00e1si, M\u0171szer\u00fcgyi \u00e9s<\/p> <p>Szaktan\u00e1csad\u00e1si Bizotts\u00e1g \u00a0\u00a0\u00a0\u00a0\u00a0\u00a0\u00a0\u00a0\u00a0\u00a0\u00a0\u00a0\u00a0\u00a0\u00a0\u00a0\u00a0\u00a0\u00a0\u00a0\u00a0\u00a0\u00a0\u00a0\u00a0\u00a0\u00a0\u00a0\u00a0\u00a0\u00a0\u00a0\u00a0\u00a0\u00a0\u00a0\u00a0\u00a0\u00a0\u00a0\u00a0\u00a0\u00a0\u00a0\u00a0\u00a0\u00a0\u00a0\u00a0\u00a0\u00a0\u00a0\u00a0 \u00a0\u00a0\u00a0\u00a0\u00a01986-1987\u00a0\u00a0\u00a0\u00a0\u00a0\u00a0\u00a0\u00a0\u00a0\u00a0\u00a0\u00a0\u00a0\u00a0\u00a0\u00a0\u00a0\u00a0\u00a0 tag<\/p> <p>\u00c1llatorvostudom\u00e1nyi Egyetem Biotechnol\u00f3giai-<\/p> <p>biotechnikai Bizotts\u00e1g Takarm\u00e1nyoz\u00e1s-\u00e9lettani \u00e9s<\/p> <p>Takarm\u00e1nykezel\u00e9si Albizotts\u00e1g\u00a0\u00a0\u00a0 \u00a0\u00a0\u00a0\u00a0\u00a0\u00a0\u00a0\u00a0\u00a0\u00a0\u00a0\u00a0\u00a0\u00a0\u00a0\u00a0\u00a0\u00a0\u00a0\u00a0\u00a0\u00a0\u00a0\u00a0\u00a0\u00a0\u00a0\u00a0\u00a0\u00a0\u00a0\u00a0\u00a0\u00a0\u00a0\u00a0\u00a0\u00a0\u00a0\u00a0\u00a0 \u00a0\u00a0\u00a0\u00a0\u00a0\u00a01988-1989 \u00a0\u00a0\u00a0\u00a0\u00a0\u00a0\u00a0\u00a0\u00a0\u00a0\u00a0\u00a0\u00a0\u00a0\u00a0\u00a0\u00a0\u00a0\u00a0\u00a0titk\u00e1r<\/p> <p>International Society for Animal Hygiene\u00a0\u00a0\u00a0\u00a0\u00a0\u00a0\u00a0\u00a0\u00a0\u00a0\u00a0\u00a0\u00a0 \u00a0\u00a0\u00a0\u00a0\u00a0\u00a0\u00a0\u00a0\u00a0\u00a0\u00a0\u00a0\u00a0\u00a0\u00a0\u00a0\u00a0\u00a0\u00a0 1991\u20112011 \u00a0\u00a0\u00a0\u00a0\u00a0\u00a0\u00a0\u00a0\u00a0\u00a0\u00a0\u00a0\u00a0\u00a0\u00a0\u00a0 \u00a0\u00a0\u00a0\u00a0nemzeti k\u00e9pvisel\u0151<\/p> <p>International Society for Animal Hygiene\u00a0\u00a0\u00a0\u00a0\u00a0\u00a0\u00a0\u00a0\u00a0\u00a0\u00a0\u00a0\u00a0\u00a0\u00a0\u00a0\u00a0\u00a0\u00a0\u00a0\u00a0\u00a0\u00a0\u00a0\u00a0\u00a0\u00a0 \u00a0\u00a0\u00a0\u00a0\u00a0 2015-\u00a0\u00a0\u00a0\u00a0\u00a0\u00a0\u00a0\u00a0\u00a0\u00a0\u00a0\u00a0\u00a0\u00a0\u00a0\u00a0\u00a0\u00a0\u00a0\u00a0\u00a0\u00a0\u00a0\u00a0\u00a0\u00a0\u00a0 \u00a0\u00a0\u00a0 tiszteletbeli tag<\/p> <p>Magyar Tudom\u00e1nyos Akad\u00e9mia\u00a0\u00a0\u00a0\u00a0\u00a0\u00a0\u00a0\u00a0\u00a0\u00a0\u00a0\u00a0\u00a0\u00a0\u00a0\u00a0\u00a0\u00a0\u00a0\u00a0\u00a0\u00a0\u00a0\u00a0\u00a0\u00a0\u00a0\u00a0\u00a0\u00a0\u00a0\u00a0\u00a0\u00a0\u00a0\u00a0\u00a0\u00a0\u00a0\u00a0\u00a0\u00a0\u00a0\u00a0 \u00a0\u00a0\u00a0\u00a0\u00a0 1996-\u00a0\u00a0\u00a0\u00a0\u00a0\u00a0\u00a0\u00a0\u00a0\u00a0\u00a0\u00a0\u00a0\u00a0\u00a0\u00a0\u00a0\u00a0\u00a0\u00a0\u00a0\u00a0\u00a0\u00a0\u00a0\u00a0\u00a0 \u00a0\u00a0\u00a0 k\u00f6ztest\u00fcleti tag<\/p> <p>Magyar Buiatrikusok T\u00e1rsas\u00e1ga\u00a0\u00a0\u00a0\u00a0\u00a0\u00a0\u00a0\u00a0\u00a0\u00a0\u00a0\u00a0\u00a0 \u00a0\u00a0\u00a0\u00a0\u00a0\u00a0\u00a0\u00a0\u00a0\u00a0\u00a0\u00a0\u00a0\u00a0\u00a0 \u00a0\u00a0\u00a0\u00a0\u00a0\u00a0\u00a0\u00a0\u00a0\u00a0\u00a0\u00a0\u00a0\u00a0 \u00a0\u00a0\u00a0\u00a0\u00a0\u00a01997-\u00a0\u00a0\u00a0\u00a0\u00a0\u00a0\u00a0\u00a0\u00a0\u00a0\u00a0\u00a0\u00a0\u00a0\u00a0\u00a0\u00a0\u00a0\u00a0\u00a0\u00a0\u00a0\u00a0\u00a0\u00a0\u00a0\u00a0 \u00a0\u00a0\u00a0\u00a0 titk\u00e1r<\/p> <p>Magyar \u00c1llathigi\u00e9nia \u00e9s K\u00f6rnyezetv\u00e9delmi T\u00e1rsas\u00e1g\u00a0\u00a0\u00a0\u00a0\u00a0\u00a0\u00a0\u00a0\u00a0\u00a0\u00a0\u00a0\u00a0 1998-2019\u00a0\u00a0 \u00a0\u00a0\u00a0\u00a0\u00a0\u00a0\u00a0\u00a0\u00a0\u00a0\u00a0\u00a0\u00a0 \u00a0\u00a0\u00a0\u00a0\u00a0eln\u00f6k<\/p> <p>Magyar Orsz\u00e1gos \u00c1llatorvos Egyes\u00fclet\u00a0\u00a0\u00a0\u00a0\u00a0\u00a0\u00a0\u00a0\u00a0\u00a0\u00a0\u00a0\u00a0\u00a0\u00a0\u00a0\u00a0 \u00a0\u00a0\u00a0\u00a0\u00a0\u00a0\u00a0\u00a0\u00a0\u00a0\u00a0\u00a0\u00a0\u00a0\u00a0\u00a0\u00a0\u00a0\u00a0\u00a0 2011-2006\u00a0\u00a0\u00a0\u00a0\u00a0\u00a0\u00a0\u00a0\u00a0\u00a0\u00a0\u00a0\u00a0\u00a0\u00a0\u00a0\u00a0\u00a0\u00a0\u00a0 \u00a0eln\u00f6ks\u00e9gi tag<\/p> <p>Diplomat of the European Collage of Bovine<\/p> <p>Health Management\u00a0\u00a0\u00a0\u00a0\u00a0\u00a0\u00a0\u00a0\u00a0\u00a0\u00a0\u00a0\u00a0\u00a0\u00a0\u00a0\u00a0\u00a0\u00a0\u00a0\u00a0\u00a0\u00a0\u00a0\u00a0\u00a0\u00a0\u00a0\u00a0\u00a0\u00a0\u00a0\u00a0\u00a0\u00a0\u00a0\u00a0\u00a0\u00a0\u00a0\u00a0\u00a0\u00a0\u00a0\u00a0\u00a0\u00a0\u00a0\u00a0\u00a0\u00a0\u00a0\u00a0\u00a0\u00a0\u00a0\u00a0\u00a0\u00a0\u00a0\u00a0\u00a0\u00a0\u00a0 \u00a0\u00a0\u00a0\u00a0\u00a0 2003-<\/p> <p>XXV. Jubilee World Buiatrics Congress<\/p> <p>Scientific Committee \u00a0\u00a0\u00a0\u00a0\u00a0\u00a0\u00a0\u00a0\u00a0\u00a0\u00a0\u00a0\u00a0\u00a0\u00a0\u00a0\u00a0\u00a0\u00a0\u00a0\u00a0\u00a0\u00a0\u00a0\u00a0\u00a0\u00a0\u00a0\u00a0\u00a0\u00a0\u00a0\u00a0\u00a0\u00a0\u00a0\u00a0\u00a0\u00a0\u00a0\u00a0\u00a0\u00a0\u00a0\u00a0\u00a0\u00a0\u00a0\u00a0\u00a0\u00a0\u00a0\u00a0\u00a0\u00a0\u00a0\u00a0\u00a0\u00a0\u00a0\u00a0\u00a0\u00a0\u00a0\u00a0\u00a0\u00a02006-2008\u00a0\u00a0\u00a0\u00a0\u00a0\u00a0\u00a0\u00a0\u00a0\u00a0\u00a0\u00a0\u00a0\u00a0\u00a0\u00a0\u00a0\u00a0\u00a0\u00a0\u00a0\u00a0 eln\u00f6k<\/p> <p>XXVII. World Buiatrics Congress<\/p> <p>Scientific Committee \u00a0\u00a0\u00a0\u00a0\u00a0\u00a0\u00a0\u00a0\u00a0\u00a0\u00a0\u00a0\u00a0\u00a0\u00a0\u00a0\u00a0\u00a0\u00a0\u00a0\u00a0\u00a0\u00a0\u00a0\u00a0\u00a0\u00a0\u00a0\u00a0\u00a0\u00a0\u00a0\u00a0\u00a0\u00a0\u00a0\u00a0\u00a0\u00a0\u00a0\u00a0\u00a0\u00a0\u00a0\u00a0\u00a0\u00a0\u00a0\u00a0\u00a0\u00a0\u00a0\u00a0\u00a0\u00a0\u00a0\u00a0\u00a0\u00a0\u00a0\u00a0\u00a0\u00a0 \u00a0\u00a0\u00a0\u00a0\u00a0\u00a02010-2012 \u00a0\u00a0\u00a0\u00a0\u00a0\u00a0\u00a0\u00a0\u00a0\u00a0\u00a0\u00a0\u00a0\u00a0\u00a0\u00a0 \u00a0\u00a0\u00a0\u00a0\u00a0\u00a0tag<\/p> <p>XVI Nemzetk\u00f6zi \u00c1llathigi\u00e9niai Kongresszus<\/p> <p>Tudom\u00e1nyos Bizotts\u00e1g\u00a0\u00a0\u00a0\u00a0\u00a0\u00a0\u00a0\u00a0\u00a0\u00a0\u00a0\u00a0\u00a0\u00a0\u00a0\u00a0\u00a0\u00a0\u00a0\u00a0\u00a0\u00a0\u00a0\u00a0\u00a0\u00a0\u00a0\u00a0\u00a0\u00a0\u00a0\u00a0\u00a0\u00a0\u00a0\u00a0\u00a0\u00a0\u00a0\u00a0\u00a0\u00a0\u00a0\u00a0\u00a0\u00a0\u00a0\u00a0\u00a0\u00a0\u00a0\u00a0\u00a0\u00a0\u00a0\u00a0\u00a0\u00a0\u00a0\u00a0 \u00a0\u00a0 \u00a0\u00a0\u00a02011-2013\u00a0\u00a0\u00a0\u00a0\u00a0\u00a0\u00a0\u00a0\u00a0\u00a0\u00a0\u00a0\u00a0\u00a0\u00a0\u00a0\u00a0\u00a0\u00a0\u00a0\u00a0\u00a0\u00a0 tag<\/p> <p>MTA Agr\u00e1rtudom\u00e1nyi Oszt\u00e1ly<\/p> <p>\u00c1llatorvos-tudom\u00e1nyi Bizotts\u00e1g\u00a0\u00a0\u00a0\u00a0\u00a0\u00a0\u00a0\u00a0\u00a0\u00a0\u00a0\u00a0\u00a0\u00a0\u00a0\u00a0\u00a0\u00a0\u00a0\u00a0\u00a0\u00a0\u00a0\u00a0\u00a0\u00a0\u00a0\u00a0\u00a0 \u00a0\u00a0\u00a0\u00a0\u00a0\u00a0\u00a0\u00a0\u00a0\u00a0\u00a0\u00a0\u00a0\u00a0 \u00a0\u00a0\u00a0\u00a0\u00a0 2014-2016\u00a0\u00a0\u00a0\u00a0\u00a0\u00a0\u00a0\u00a0\u00a0\u00a0\u00a0\u00a0\u00a0\u00a0\u00a0\u00a0\u00a0\u00a0\u00a0\u00a0\u00a0\u00a0\u00a0 tag<\/p> <p>\u00c1llatorvostudom\u00e1nyi Egyetem Doktori Iskola \u00a0\u00a0\u00a0\u00a0\u00a0\u00a0\u00a0\u00a0\u00a0\u00a0\u00a0\u00a0\u00a0\u00a0\u00a0\u00a0\u00a0\u00a0 \u00a0\u00a0\u00a0\u00a0\u00a0\u00a01996-\u00a0\u00a0\u00a0\u00a0\u00a0\u00a0\u00a0\u00a0\u00a0\u00a0\u00a0\u00a0\u00a0\u00a0\u00a0\u00a0\u00a0\u00a0\u00a0\u00a0\u00a0\u00a0\u00a0\u00a0\u00a0\u00a0\u00a0 \u00a0 \u00a0\u00a0\u00a0\u00a0\u00a0tag<\/p> <p>Debreceni Agr\u00e1rtudom\u00e1nyi Egyetem<\/p> <p>\u00c1llatteny\u00e9szt\u00e9si Doktori Iskola \u00a0\u00a0\u00a0\u00a0\u00a0\u00a0\u00a0\u00a0\u00a0\u00a0\u00a0\u00a0\u00a0\u00a0\u00a0\u00a0 \u00a0\u00a0\u00a0\u00a0\u00a0\u00a0\u00a0\u00a0\u00a0\u00a0\u00a0\u00a0\u00a0\u00a0\u00a0\u00a0\u00a0\u00a0\u00a0\u00a0\u00a0\u00a0\u00a0\u00a0\u00a0\u00a0\u00a0\u00a0\u00a0\u00a0\u00a0\u00a0\u00a0\u00a0\u00a02008-2012\u00a0\u00a0\u00a0\u00a0\u00a0\u00a0\u00a0\u00a0\u00a0\u00a0\u00a0\u00a0\u00a0\u00a0\u00a0\u00a0\u00a0\u00a0\u00a0\u00a0\u00a0\u00a0\u00a0\u00a0 tag<\/p> <p>Kaposv\u00e1ri Egyetem \u00c1llattudom\u00e1nyi Doktori Iskola\u00a0\u00a0\u00a0\u00a0\u00a0\u00a0\u00a0\u00a0\u00a0\u00a0 \u00a0\u00a0\u00a0\u00a0\u00a0\u00a0 2008-2013\u00a0\u00a0\u00a0\u00a0\u00a0\u00a0\u00a0\u00a0\u00a0\u00a0\u00a0\u00a0\u00a0\u00a0\u00a0\u00a0\u00a0 \u00a0\u00a0\u00a0\u00a0\u00a0\u00a0\u00a0 tag<\/p> <p><strong>\u00a0<\/strong><\/p> <p><strong>Kit\u00fcntet\u00e9sek, szakmai elismer\u00e9sek:<\/strong><\/p> <p>Mez\u0151gazdas\u00e1g Kiv\u00e1l\u00f3 Dolgoz\u00f3ja\u00a0\u00a0\u00a0\u00a0\u00a0\u00a0\u00a0\u00a0\u00a0\u00a0\u00a0\u00a0\u00a0\u00a0\u00a0\u00a0\u00a0\u00a0\u00a0\u00a0\u00a0\u00a0\u00a0\u00a0\u00a0\u00a0\u00a0\u00a0\u00a0\u00a0\u00a0\u00a0\u00a0\u00a0\u00a0\u00a0\u00a0\u00a0\u00a0\u00a0\u00a0\u00a0\u00a0 1976<\/p> <p>Kiv\u00e1l\u00f3 Munk\u00e1\u00e9rt miniszteri kit\u00fcntet\u00e9s\u00a0\u00a0\u00a0\u00a0\u00a0\u00a0\u00a0\u00a0\u00a0\u00a0\u00a0\u00a0\u00a0\u00a0\u00a0\u00a0\u00a0\u00a0 1984<\/p> <p>Miniszteri k\u00fcl\u00f6nd\u00edj (Dr. G\u00f6nye S\u00e1ndorral \u00e9s<\/p> <p>Dr. S\u00e1lyi G\u00e1borral)\u00a0\u00a0\u00a0\u00a0\u00a0\u00a0\u00a0\u00a0\u00a0\u00a0 \u00a0\u00a0\u00a0\u00a0\u00a0\u00a0\u00a0\u00a0\u00a0\u00a0\u00a0\u00a0\u00a0\u00a0\u00a0\u00a0\u00a0\u00a0\u00a0\u00a0\u00a0\u00a0\u00a0\u00a0\u00a0\u00a0\u00a0\u00a0\u00a0\u00a0\u00a0\u00a0\u00a0\u00a0\u00a0\u00a0\u00a0\u00a0\u00a0\u00a0\u00a0\u00a0\u00a0 1987<\/p> <p>Rektori dics\u00e9ret\u00a0\u00a0\u00a0\u00a0\u00a0\u00a0\u00a0\u00a0\u00a0\u00a0\u00a0\u00a0\u00a0\u00a0 \u00a0\u00a0\u00a0\u00a0\u00a0\u00a0\u00a0\u00a0\u00a0\u00a0\u00a0\u00a0\u00a0\u00a0\u00a0\u00a0\u00a0\u00a0\u00a0\u00a0\u00a0\u00a0\u00a0\u00a0\u00a0\u00a0\u00a0\u00a0\u00a0\u00a0\u00a0\u00a0\u00a0\u00a0\u00a0\u00a0\u00a0\u00a0\u00a0\u00a0\u00a0\u00a0 1989<\/p> <p>Egyetemi mag\u00e1ntan\u00e1ri c\u00edm SzIE\u00a0\u00a0\u00a0\u00a0\u00a0\u00a0\u00a0\u00a0\u00a0\u00a0\u00a0\u00a0\u00a0\u00a0\u00a0\u00a0\u00a0\u00a0\u00a0\u00a0\u00a0\u00a0\u00a0\u00a0\u00a0\u00a0\u00a0\u00a0 2004<\/p> <p>Magyar K\u00f6zt\u00e1rsas\u00e1gi \u00c9rdemrend Lovagkereszt \u00a0 2005<\/p> <p>Tolnay S\u00e1ndor szakmai d\u00edj\u00a0\u00a0\u00a0\u00a0\u00a0\u00a0\u00a0\u00a0\u00a0\u00a0\u00a0\u00a0\u00a0\u00a0\u00a0\u00a0\u00a0\u00a0\u00a0\u00a0\u00a0\u00a0\u00a0\u00a0\u00a0\u00a0\u00a0\u00a0\u00a0\u00a0\u00a0\u00a0\u00a0\u00a0\u00a0\u00a0\u00a0\u00a0\u00a0\u00a0 2018<\/p> <p><strong>Eddigi szakdolgozat\/TDK hallgat\u00f3k sz\u00e1ma<\/strong><\/p> <p>Szakdolgozat\u00e1nak t\u00e9mavezet\u00e9s\u00a0\u00a0\u00a0\u00a0\u00a0\u00a0\u00a0\u00a0\u00a0\u00a0\u00a0\u00a0\u00a0\u00a0\u00a0\u00a0\u00a0\u00a0\u00a0\u00a0\u00a0\u00a0\u00a0\u00a0\u00a0\u00a0\u00a0\u00a0\u00a0\u00a0\u00a0\u00a0\u00a0\u00a0\u00a0\u00a0\u00a0\u00a0\u00a0\u00a0\u00a0\u00a0\u00a0\u00a0\u00a0 223<\/p> <p>TDK dolgozat t\u00e9mavezet\u00e9s (Varga Tam\u00e1s, 2006)\u00a0\u00a0\u00a0\u00a0\u00a0\u00a0\u00a0\u00a0\u00a0\u00a0\u00a0\u00a0\u00a0\u00a0\u00a0\u00a0\u00a0\u00a0\u00a0\u00a0\u00a0\u00a0\u00a0\u00a0\u00a0\u00a0\u00a0\u00a0\u00a0 \u00a0\u00a0\u00a0\u00a0 1<\/p> <p>&nbsp;<\/p> <table width=\"569\"> <tbody> <tr> <td colspan=\"2\" width=\"569\"><strong>PhD-hallgat\u00f3k<\/strong><\/td> <\/tr> <tr> <td width=\"359\"> <p>Dr. K\u00f6nyves L\u00e1szl\u00f3 (t\u00e1rst\u00e9mavezet\u0151), \u00c1TE (2009)<\/p> <p>Dr. Jurkovich Viktor, (t\u00e1rst\u00e9mavezet\u0151) \u00c1TE (2007)<\/p> <p>Tadeusz Gudaj Ryszard (t\u00e1rst\u00e9mavezet\u0151), Debrecen (2013)<\/p> <p>Dr. Kov\u00e1cs P\u00e9ter (t\u00e1rst\u00e9mavezet\u0151), \u00c1TE &#8211; folyamatban<\/p> <p>Hejel P\u00e9ter (t\u00e9ma bizotts\u00e1gi tag), \u00c1TE (2021)<\/p> <p>&nbsp;<\/td> <td width=\"210\"><\/td> <\/tr> <\/tbody> <\/table> <p><strong>Publik\u00e1ci\u00f3s lista (Top10)<\/strong><\/p> <p>MTMT:\u00a0https:\/\/m2.mtmt.hu\/gui2\/?type=authors&amp;mode=browse&amp;sel=10002375<\/p> <p>&nbsp;<\/p> <p>&nbsp;<\/p> <div> <p>&nbsp;<\/p> <\/div> <p><a href=\"http:\/\/www.univet.hu\/units\/Allathig\/BE.htm\" target=\"_blank\" rel=\"noopener\" data-replaced=\"true\">Saj\u00e1t honlap<\/a><\/p>","protected":false},"excerpt":{"rendered":"<p>Bemutatkoz\u00e1s Dr. Brydl Endre 1943. okt\u00f3ber 21-\u00e9n sz\u00fcletett Gy\u0151rben, agr\u00e1r\u00e9rtelmis\u00e9gi csal\u00e1dban. N\u0151s, k\u00e9t nagykor\u00fa l\u00e1nya van. V\u00e9gzetts\u00e9g: \u00c1llatorvos doktor (Oklev\u00e9l kelte: 1967. szeptember 9., sz\u00e1ma: 62\/1967). Szarvasmarha-eg\u00e9szs\u00e9g\u00fcgyi szak\u00e1llatorvos (Oklev\u00e9l kelte: 1973. okt\u00f3ber 1., sz\u00e1ma: 8\/1973). Tudom\u00e1nyos fokozat: Az \u00e1llatorvos-tudom\u00e1ny kandid\u00e1tusa (1996; 16.512). Habilit\u00e1lt doktor (2002; 1\/2002). Diplomate of European College of Bovine Health Management 2003<\/p>\n","protected":false},"author":5824,"featured_media":0,"parent":858,"menu_order":211,"comment_status":"closed","ping_status":"closed","template":"","meta":{"_acf_changed":false,"footnotes":""},"categories":[56],"tags":[],"class_list":["post-3664","page","type-page","status-publish","hentry","category-munkatarsak"],"acf":[],"_links":{"self":[{"href":"https:\/\/univet.hu\/hu\/wp-json\/wp\/v2\/pages\/3664","targetHints":{"allow":["GET"]}}],"collection":[{"href":"https:\/\/univet.hu\/hu\/wp-json\/wp\/v2\/pages"}],"about":[{"href":"https:\/\/univet.hu\/hu\/wp-json\/wp\/v2\/types\/page"}],"author":[{"embeddable":true,"href":"https:\/\/univet.hu\/hu\/wp-json\/wp\/v2\/users\/5824"}],"replies":[{"embeddable":true,"href":"https:\/\/univet.hu\/hu\/wp-json\/wp\/v2\/comments?post=3664"}],"version-history":[{"count":1,"href":"https:\/\/univet.hu\/hu\/wp-json\/wp\/v2\/pages\/3664\/revisions"}],"predecessor-version":[{"id":199584,"href":"https:\/\/univet.hu\/hu\/wp-json\/wp\/v2\/pages\/3664\/revisions\/199584"}],"up":[{"embeddable":true,"href":"https:\/\/univet.hu\/hu\/wp-json\/wp\/v2\/pages\/858"}],"wp:attachment":[{"href":"https:\/\/univet.hu\/hu\/wp-json\/wp\/v2\/media?parent=3664"}],"wp:term":[{"taxonomy":"category","embeddable":true,"href":"https:\/\/univet.hu\/hu\/wp-json\/wp\/v2\/categories?post=3664"},{"taxonomy":"post_tag","embeddable":true,"href":"https:\/\/univet.hu\/hu\/wp-json\/wp\/v2\/tags?post=3664"}],"curies":[{"name":"wp","href":"https:\/\/api.w.org\/{rel}","templated":true}]}}