{"id":36751,"date":"2019-03-18T14:23:27","date_gmt":"2019-03-18T13:23:27","guid":{"rendered":"https:\/\/univet.hu\/?page_id=36751"},"modified":"2025-09-04T14:53:58","modified_gmt":"2025-09-04T12:53:58","slug":"antimikrobialis-szerek-helyes-hasznalata","status":"publish","type":"page","link":"https:\/\/univet.hu\/hu\/oktatas\/kurzusok\/antimikrobialis-szerek-helyes-hasznalata\/","title":{"rendered":"Antimikrobi\u00e1lis szerek helyes haszn\u00e1lata"},"content":{"rendered":"<p>A tant\u00e1rgy keretein bel\u00fcl r\u00e9szletesen bemutat\u00e1sra ker\u00fcl korunk egyik legnagyobb k\u00f6z- \u00e9s \u00e1llateg\u00e9szs\u00e9g\u00fcgyi, valamint \u00e9lelmiszerbiztons\u00e1gi probl\u00e9m\u00e1ja: az antimikrobi\u00e1lis rezisztencia. Az alapok elsaj\u00e1t\u00edt\u00e1s\u00e1t k\u00f6vet\u0151en a hallgat\u00f3k \u00e9rtelmezni tudj\u00e1k, hogy minek a k\u00f6vetkezt\u00e9ben terjedtek el az antibakteri\u00e1lis szerekkel szemben rezisztens bakt\u00e9riumt\u00f6rzsek, illetve mi az oka annak, hogy sz\u00e1muk folyamatosan n\u00f6vekszik. Ezzel egy\u00fcttesen az antibakteri\u00e1lis szerek felhaszn\u00e1l\u00e1s\u00e1nak m\u00e9rt\u00e9k\u00e9t \u00e9s \u00fctem\u00e9t mutatja be a tant\u00e1rgy az elm\u00falt \u00e9vtizedekre visszamen\u0151leg. Emellett a k\u00f6z- \u00e9s \u00e1llateg\u00e9szs\u00e9g\u00fcgyben, illetve \u00e9lelmiszerbiztons\u00e1gi szempontb\u00f3l leggyakrabban el\u0151fordul\u00f3, multirezisztens bakt\u00e9riumt\u00f6rzsek (ESBL-termel\u0151 E. coli, MRSA, MRSP, VRSA, VRE, MACI) is bemutat\u00e1sra ker\u00fclnek. Bemutat\u00e1sra ker\u00fclnek az antibiotikumok alkalmaz\u00e1s\u00e1nak \u00e1ltal\u00e1nos ir\u00e1nyelvei, vagyis a farmakokinetikai \u00e9s farmakodin\u00e1miai szempontok, a farmakokinetikai\/farmakodin\u00e1miai anal\u00edzis jelent\u0151s\u00e9ge, illetve a hat\u00f3anyagok hum\u00e1neg\u00e9szs\u00e9g\u00fcgyi fontoss\u00e1ga. A tant\u00e1rgy tov\u00e1bbi el\u0151ad\u00e1sai sor\u00e1n \u00e1llatfajonk\u00e9nt ker\u00fclnek megbesz\u00e9l\u00e9sre a prudens antibiotikum felhaszn\u00e1l\u00e1s szab\u00e1lyai \u00e9s felt\u00e9telei a legfontosabb bakteri\u00e1lis eredet\u0171 megbeteged\u00e9sek eset\u00e9ben. V\u00e9geredm\u00e9ny\u00fcl a hallgat\u00f3k k\u00e9pess\u00e9 v\u00e1lnak a leghat\u00e9konyabb \u00e9s hum\u00e1neg\u00e9szs\u00e9g\u00fcgyi szempontb\u00f3l legbiztons\u00e1gosabb \u00e1llatgy\u00f3gy\u00e1szati c\u00e9lra sz\u00e1nt antibakteri\u00e1lis ter\u00e1pi\u00e1k fel\u00e1ll\u00edt\u00e1s\u00e1ra, amelyek jelent\u0151s\u00e9ge nem csak az bakteri\u00e1lis megbeteged\u00e9sben szenved\u0151 \u00e1llatok klinikai javul\u00e1s\u00e1t biztos\u00edtja, de minimaliz\u00e1lja az es\u00e9ly\u00e9t, a ter\u00e1pia sor\u00e1n, az antibakteri\u00e1lis szerekkel szemben rezisztens bakt\u00e9riumt\u00f6rzsek szelekci\u00f3j\u00e1nak.<\/p>","protected":false},"excerpt":{"rendered":"<p>A tant\u00e1rgy keretein bel\u00fcl r\u00e9szletesen bemutat\u00e1sra ker\u00fcl korunk egyik legnagyobb k\u00f6z- \u00e9s \u00e1llateg\u00e9szs\u00e9g\u00fcgyi, valamint \u00e9lelmiszerbiztons\u00e1gi probl\u00e9m\u00e1ja: az antimikrobi\u00e1lis rezisztencia. Az alapok elsaj\u00e1t\u00edt\u00e1s\u00e1t k\u00f6vet\u0151en a hallgat\u00f3k \u00e9rtelmezni tudj\u00e1k, hogy minek a k\u00f6vetkezt\u00e9ben terjedtek el az antibakteri\u00e1lis szerekkel szemben rezisztens bakt\u00e9riumt\u00f6rzsek, illetve mi az oka annak, hogy sz\u00e1muk folyamatosan n\u00f6vekszik. Ezzel egy\u00fcttesen az antibakteri\u00e1lis szerek felhaszn\u00e1l\u00e1s\u00e1nak m\u00e9rt\u00e9k\u00e9t<\/p>\n","protected":false},"author":3837,"featured_media":0,"parent":677,"menu_order":0,"comment_status":"closed","ping_status":"closed","template":"","meta":{"_acf_changed":false,"footnotes":""},"categories":[],"tags":[],"class_list":["post-36751","page","type-page","status-publish","hentry"],"acf":[],"_links":{"self":[{"href":"https:\/\/univet.hu\/hu\/wp-json\/wp\/v2\/pages\/36751","targetHints":{"allow":["GET"]}}],"collection":[{"href":"https:\/\/univet.hu\/hu\/wp-json\/wp\/v2\/pages"}],"about":[{"href":"https:\/\/univet.hu\/hu\/wp-json\/wp\/v2\/types\/page"}],"author":[{"embeddable":true,"href":"https:\/\/univet.hu\/hu\/wp-json\/wp\/v2\/users\/3837"}],"replies":[{"embeddable":true,"href":"https:\/\/univet.hu\/hu\/wp-json\/wp\/v2\/comments?post=36751"}],"version-history":[{"count":3,"href":"https:\/\/univet.hu\/hu\/wp-json\/wp\/v2\/pages\/36751\/revisions"}],"predecessor-version":[{"id":190025,"href":"https:\/\/univet.hu\/hu\/wp-json\/wp\/v2\/pages\/36751\/revisions\/190025"}],"up":[{"embeddable":true,"href":"https:\/\/univet.hu\/hu\/wp-json\/wp\/v2\/pages\/677"}],"wp:attachment":[{"href":"https:\/\/univet.hu\/hu\/wp-json\/wp\/v2\/media?parent=36751"}],"wp:term":[{"taxonomy":"category","embeddable":true,"href":"https:\/\/univet.hu\/hu\/wp-json\/wp\/v2\/categories?post=36751"},{"taxonomy":"post_tag","embeddable":true,"href":"https:\/\/univet.hu\/hu\/wp-json\/wp\/v2\/tags?post=36751"}],"curies":[{"name":"wp","href":"https:\/\/api.w.org\/{rel}","templated":true}]}}