{"id":3679,"date":"2017-04-03T14:52:00","date_gmt":"2017-04-03T12:52:00","guid":{"rendered":"http:\/\/univet.hu\/egyetem\/munkatarsak\/cseh-sandor\/"},"modified":"2026-02-10T04:00:37","modified_gmt":"2026-02-10T03:00:37","slug":"cseh-sandor","status":"publish","type":"page","link":"https:\/\/univet.hu\/hu\/egyetem\/munkatarsak\/cseh-sandor\/","title":{"rendered":"Cseh S\u00e1ndor"},"content":{"rendered":"<p>&nbsp;<\/p> <h2>Bemutatkoz\u00e1s<\/h2> <div> <p>Fogad\u00f3\u00f3ra: P\u00e9ntek 9:00-11:00<\/p> <p><a href=\"https:\/\/vm.mtmt.hu\/www\/?r=Vmy3Ry2GAi6LLGMMfgOBruxeUo8I1lY2#\" data-replaced=\"true\">Publik\u00e1ci\u00f3s lista<\/a><\/p> <\/div> <h2>Tev\u00e9kenys\u00e9g<\/h2> <div> <p>El\u0151ad\u00e1sok \u00e9s alkalmank\u00e9nt gyakorlatok tart\u00e1sa magyar \u00e9s angol nyelven az \u00e1llatorvosi alapk\u00e9pz\u00e9sben, a szak\u00e1llatorvos-k\u00e9pz\u00e9sben, tov\u00e1bb\u00e1 a biol\u00f3gus \u00e9s biotechnol\u00f3gus BSc \u00e9s MSc k\u00e9pz\u00e9sben.<\/p> <\/div>","protected":false},"excerpt":{"rendered":"<p>&nbsp; Bemutatkoz\u00e1s Fogad\u00f3\u00f3ra: P\u00e9ntek 9:00-11:00 Publik\u00e1ci\u00f3s lista Tev\u00e9kenys\u00e9g El\u0151ad\u00e1sok \u00e9s alkalmank\u00e9nt gyakorlatok tart\u00e1sa magyar \u00e9s angol nyelven az \u00e1llatorvosi alapk\u00e9pz\u00e9sben, a szak\u00e1llatorvos-k\u00e9pz\u00e9sben, tov\u00e1bb\u00e1 a biol\u00f3gus \u00e9s biotechnol\u00f3gus BSc \u00e9s MSc k\u00e9pz\u00e9sben.<\/p>\n","protected":false},"author":5824,"featured_media":0,"parent":858,"menu_order":211,"comment_status":"closed","ping_status":"closed","template":"","meta":{"_acf_changed":false,"footnotes":""},"categories":[56],"tags":[],"class_list":["post-3679","page","type-page","status-publish","hentry","category-munkatarsak"],"acf":[],"_links":{"self":[{"href":"https:\/\/univet.hu\/hu\/wp-json\/wp\/v2\/pages\/3679","targetHints":{"allow":["GET"]}}],"collection":[{"href":"https:\/\/univet.hu\/hu\/wp-json\/wp\/v2\/pages"}],"about":[{"href":"https:\/\/univet.hu\/hu\/wp-json\/wp\/v2\/types\/page"}],"author":[{"embeddable":true,"href":"https:\/\/univet.hu\/hu\/wp-json\/wp\/v2\/users\/5824"}],"replies":[{"embeddable":true,"href":"https:\/\/univet.hu\/hu\/wp-json\/wp\/v2\/comments?post=3679"}],"version-history":[{"count":1,"href":"https:\/\/univet.hu\/hu\/wp-json\/wp\/v2\/pages\/3679\/revisions"}],"predecessor-version":[{"id":188437,"href":"https:\/\/univet.hu\/hu\/wp-json\/wp\/v2\/pages\/3679\/revisions\/188437"}],"up":[{"embeddable":true,"href":"https:\/\/univet.hu\/hu\/wp-json\/wp\/v2\/pages\/858"}],"wp:attachment":[{"href":"https:\/\/univet.hu\/hu\/wp-json\/wp\/v2\/media?parent=3679"}],"wp:term":[{"taxonomy":"category","embeddable":true,"href":"https:\/\/univet.hu\/hu\/wp-json\/wp\/v2\/categories?post=3679"},{"taxonomy":"post_tag","embeddable":true,"href":"https:\/\/univet.hu\/hu\/wp-json\/wp\/v2\/tags?post=3679"}],"curies":[{"name":"wp","href":"https:\/\/api.w.org\/{rel}","templated":true}]}}