{"id":36794,"date":"2019-03-19T08:50:38","date_gmt":"2019-03-19T07:50:38","guid":{"rendered":"https:\/\/univet.hu\/?page_id=36794"},"modified":"2026-02-10T03:58:45","modified_gmt":"2026-02-10T02:58:45","slug":"nemet-zoltan","status":"publish","type":"page","link":"https:\/\/univet.hu\/hu\/egyetem\/munkatarsak\/nemet-zoltan\/","title":{"rendered":"N\u00e9met Zolt\u00e1n L\u00e1szl\u00f3"},"content":{"rendered":"<p style=\"text-align: center;\"><b><span data-contrast=\"none\"><span style=\"font-size: 14pt;\">Bemutatkoz\u00e1s\u00a0\u00a0<\/span> <\/span><\/b><\/p> <p><strong>Oktat\u00e1si tev\u00e9kenys\u00e9g:\u00a0<\/strong><\/p> <p><span data-contrast=\"none\">\u2013 \u00e1ltal\u00e1nos \u00e9s r\u00e9szletes patol\u00f3gia | magyar \u00e9s angol nyelv\u0171 k\u00e9pz\u00e9s<\/span><span data-ccp-props=\"{&quot;134233118&quot;:true,&quot;201341983&quot;:0,&quot;335559739&quot;:160,&quot;335559740&quot;:240}\">\u00a0<\/span><\/p> <p><span data-contrast=\"none\">\u2013 nagy\u00e1llat-patol\u00f3gia gyakorlatok | IV. \u00e9vfolyam, magyar \u00e9s angol nyelv\u0171 k\u00e9pz\u00e9s<\/span><span data-ccp-props=\"{&quot;134233118&quot;:true,&quot;201341983&quot;:0,&quot;335559739&quot;:160,&quot;335559740&quot;:240}\">\u00a0<\/span><\/p> <p><span data-contrast=\"none\">\u2013 diploma- \u00e9s TDK-munk\u00e1k vezet\u00e9se | magyar \u00e9s angol nyelv\u0171 k\u00e9pz\u00e9s<\/span><span data-ccp-props=\"{&quot;134233118&quot;:true,&quot;201341983&quot;:0,&quot;335559739&quot;:160,&quot;335559740&quot;:240}\">\u00a0<\/span><\/p> <p><strong>\u00c9rdekl\u0151d\u00e9si ter\u00fclet:\u00a0<\/strong><\/p> <p><span data-contrast=\"none\">\u2013 nagy\u00fczemi ny\u00fal\u00e1llom\u00e1nyok \u00e1llateg\u00e9szs\u00e9g\u00fcgyi menedzsementje<\/span><span data-ccp-props=\"{&quot;134233118&quot;:true,&quot;201341983&quot;:0,&quot;335559739&quot;:160,&quot;335559740&quot;:240}\">\u00a0<\/span><\/p> <p><span data-contrast=\"none\">\u2013 haszon\u00e1llatk\u00e9nt tartott nyulak patol\u00f3giai diagnosztik\u00e1ja<\/span><span data-ccp-props=\"{&quot;134233118&quot;:true,&quot;201341983&quot;:0,&quot;335559739&quot;:160,&quot;335559740&quot;:240}\">\u00a0<\/span><\/p> <p><span data-ccp-props=\"{&quot;134233118&quot;:true,&quot;201341983&quot;:0,&quot;335559739&quot;:160,&quot;335559740&quot;:240}\">\u00a0<\/span><b><span data-contrast=\"none\">F\u0151bb kutat\u00e1si ter\u00fcletek:<\/span><\/b><span data-ccp-props=\"{&quot;134233118&quot;:true,&quot;201341983&quot;:0,&quot;335559739&quot;:160,&quot;335559740&quot;:240}\">\u00a0<\/span><\/p> <p><span data-contrast=\"none\">\u2013 haszon\u00e1llatok megbeteged\u00e9seinek bakteriol\u00f3giai diagnosztik\u00e1ja<\/span><span data-ccp-props=\"{&quot;134233118&quot;:true,&quot;201341983&quot;:0,&quot;335559739&quot;:160,&quot;335559740&quot;:240}\">\u00a0<\/span><\/p> <p><span data-contrast=\"none\">\u2013 haszon\u00e1llatokb\u00f3l izol\u00e1lt bakt\u00e9riumok genomikai vizsg\u00e1lata<\/span><span data-ccp-props=\"{&quot;134233118&quot;:true,&quot;201341983&quot;:0,&quot;335559739&quot;:160,&quot;335559740&quot;:240}\">\u00a0<\/span><\/p> <p><span data-contrast=\"none\">-agr\u00e1r-informatikai rendszerek fejleszt\u00e9se<\/span><span data-ccp-props=\"{&quot;134233118&quot;:true,&quot;201341983&quot;:0,&quot;335559739&quot;:160,&quot;335559740&quot;:240}\">\u00a0<\/span><\/p> <p>&nbsp;<\/p> <p><b><span data-contrast=\"none\">Publik\u00e1ci\u00f3s lista (Top10)<\/span><\/b><span data-ccp-props=\"{&quot;134233118&quot;:true,&quot;201341983&quot;:0,&quot;335559739&quot;:160,&quot;335559740&quot;:240}\">\u00a0<\/span><\/p> <p><span data-contrast=\"none\">MTMT:\u202f\u00a0<\/span><span data-ccp-props=\"{&quot;134233118&quot;:true,&quot;201341983&quot;:0,&quot;335551550&quot;:2,&quot;335551620&quot;:2,&quot;335559739&quot;:160,&quot;335559740&quot;:240}\">\u00a0<\/span><\/p> <table style=\"height: 517px;\" width=\"1257\"> <tbody> <tr style=\"height: 136px;\"> <td style=\"width: 27.0167px; height: 136px;\">1.<\/td> <td style=\"width: 1213.98px; height: 136px;\"> <p><a href=\"https:\/\/m2.mtmt.hu\/gui2\/?type=authors&amp;mode=browse&amp;sel=10023448\"><span data-contrast=\"none\">N\u00e9met, Z. <\/span><span data-contrast=\"none\">&#x2709;<\/span><\/a><span data-contrast=\"none\">\u202f;\u202f<\/span><a href=\"https:\/\/m2.mtmt.hu\/gui2\/?type=authors&amp;mode=browse&amp;sel=10040411\"><span data-contrast=\"none\">Albert, E.<\/span><\/a><span data-contrast=\"none\">\u202f;\u202f<\/span><a href=\"https:\/\/m2.mtmt.hu\/gui2\/?type=authors&amp;mode=browse&amp;sel=10001189\"><span data-contrast=\"none\">D\u00e1n, \u00c1.<\/span><\/a><span data-contrast=\"none\">\u202f;\u202f<\/span><a href=\"https:\/\/m2.mtmt.hu\/gui2\/?type=authors&amp;mode=browse&amp;sel=10023087\"><span data-contrast=\"none\">Balka, G.<\/span><\/a><span data-contrast=\"none\">\u202f;\u202f<\/span><a href=\"https:\/\/m2.mtmt.hu\/gui2\/?type=authors&amp;mode=browse&amp;sel=10020472\"><span data-contrast=\"none\">Szenes, \u00c1.<\/span><\/a><span data-contrast=\"none\">\u202f;\u202f<\/span><a href=\"https:\/\/m2.mtmt.hu\/gui2\/?type=authors&amp;mode=browse&amp;sel=10020845\"><span data-contrast=\"none\">Sipos, R.<\/span><\/a><span data-contrast=\"none\">\u202f;\u202fB\u00f3dizs, S.\u202f;\u202f<\/span><a href=\"https:\/\/m2.mtmt.hu\/gui2\/?type=authors&amp;mode=browse&amp;sel=10002319\"><span data-contrast=\"none\">Biksi, I.<\/span><\/a><span data-ccp-props=\"{&quot;201341983&quot;:0,&quot;335559739&quot;:160,&quot;335559740&quot;:240}\">\u00a0<\/span><\/p> <p><a href=\"https:\/\/m2.mtmt.hu\/gui2\/?mode=browse&amp;params=publication;31382129\"><span data-contrast=\"none\">Genomic analysis of staphylococcus aureus strains originating from hungarian rabbit farms reinforce the clonal origin of various virulence types<\/span><\/a><span data-ccp-props=\"{&quot;201341983&quot;:0,&quot;335559739&quot;:160,&quot;335559740&quot;:240}\">\u00a0<\/span><\/p> <p><span data-contrast=\"none\">ANIMALS\u202f10\u202f:\u202f7\u202fpp. 1-13. Paper: 1128 , 13 p.\u202f(2020)<\/span><span data-ccp-props=\"{&quot;201341983&quot;:0,&quot;335559739&quot;:160,&quot;335559740&quot;:240}\">\u00a0<\/span><\/td> <\/tr> <tr style=\"height: 160px;\"> <td style=\"width: 27.0167px; height: 160px;\">2.<\/td> <td style=\"width: 1213.98px; height: 160px;\"> <p><a href=\"https:\/\/m2.mtmt.hu\/gui2\/?type=authors&amp;mode=browse&amp;sel=10040411\"><span data-contrast=\"none\">Albert, Ervin<\/span><\/a><span data-contrast=\"none\">\u202f;\u202f<\/span><a href=\"https:\/\/m2.mtmt.hu\/gui2\/?type=authors&amp;mode=browse&amp;sel=10002319\"><span data-contrast=\"none\">Biksi, Imre<\/span><\/a><span data-contrast=\"none\">\u202f;\u202f<\/span><a href=\"https:\/\/m2.mtmt.hu\/gui2\/?type=authors&amp;mode=browse&amp;sel=10023448\"><span data-contrast=\"none\">Nemet, Zoltan<\/span><\/a><span data-contrast=\"none\">\u202f;\u202fCsuka, Edit\u202f;\u202fKelemen, Bernadett\u202f;\u202fMorvay, Flora\u202f;\u202f<\/span><a href=\"https:\/\/m2.mtmt.hu\/gui2\/?type=authors&amp;mode=browse&amp;sel=10011678\"><span data-contrast=\"none\">Bakos, Zoltan<\/span><\/a><span data-contrast=\"none\">\u202f;\u202f<\/span><a href=\"https:\/\/m2.mtmt.hu\/gui2\/?type=authors&amp;mode=browse&amp;sel=10002337\"><span data-contrast=\"none\">Bodo, Gabor<\/span><\/a><span data-contrast=\"none\">\u202f;\u202f<\/span><a href=\"https:\/\/m2.mtmt.hu\/gui2\/?type=authors&amp;mode=browse&amp;sel=10043699\"><span data-contrast=\"none\">Toth, Balazs<\/span><\/a><span data-contrast=\"none\">\u202f;\u202fCollaud, Alexandra\u202fet al.<\/span><span data-ccp-props=\"{&quot;201341983&quot;:0,&quot;335559739&quot;:160,&quot;335559740&quot;:240}\">\u00a0<\/span><\/p> <p><a href=\"https:\/\/m2.mtmt.hu\/gui2\/?mode=browse&amp;params=publication;30707431\"><span data-contrast=\"none\">Outbreaks of a Methicillin-Resistant Staphylococcus aureus Clone ST398-t011 in a Hungarian Equine Clinic: Emergence of Rifampicin and Chloramphenicol Resistance After Treatment with These Antibiotics<\/span><\/a><span data-ccp-props=\"{&quot;201341983&quot;:0,&quot;335559739&quot;:160,&quot;335559740&quot;:240}\">\u00a0<\/span><\/p> <p><span data-contrast=\"none\">MICROBIAL DRUG RESISTANCE\u202f25\u202f:\u202f8\u202fpp. 1219-1226. , 8 p.\u202f(2019)<\/span><span data-ccp-props=\"{&quot;201341983&quot;:0,&quot;335559739&quot;:160,&quot;335559740&quot;:240}\">\u00a0<\/span><\/td> <\/tr> <tr style=\"height: 37px;\"> <td style=\"width: 27.0167px; height: 37px;\">3.<\/td> <td style=\"width: 1213.98px; height: 37px;\"> <p><a href=\"https:\/\/m2.mtmt.hu\/gui2\/?type=authors&amp;mode=browse&amp;sel=10023448\"><span data-contrast=\"none\">N\u00e9met, Zolt\u00e1n L\u00e1szl\u00f3<\/span><\/a><span data-contrast=\"none\">\u202f;\u202fMagyar, K\u00e1roly Gy\u00f6rgy\u202f;\u202fAlbert, Mih\u00e1ly<\/span><span data-ccp-props=\"{&quot;201341983&quot;:0,&quot;335559739&quot;:160,&quot;335559740&quot;:240}\">\u00a0<\/span><\/p> <p><a href=\"https:\/\/m2.mtmt.hu\/gui2\/?mode=browse&amp;params=publication;31832148\"><span data-contrast=\"none\">Degenerat\u00edv izomsz\u00f6veti elv\u00e1ltoz\u00e1sok oktan\u00e1nak vizsg\u00e1lata nagy\u00fczemi broilercsirke-\u00e1llom\u00e1nyban<\/span><\/a><span data-ccp-props=\"{&quot;201341983&quot;:0,&quot;335559739&quot;:160,&quot;335559740&quot;:240}\">\u00a0<\/span><\/p> <p><span data-contrast=\"none\">MAGYAR \u00c1LLATORVOSOK LAPJA\u202f141\u202f:\u202f10\u202fpp. 597-606. , 10 p.\u202f(2019)<\/span><span data-ccp-props=\"{&quot;201341983&quot;:0,&quot;335559739&quot;:160,&quot;335559740&quot;:240}\">\u00a0<\/span><\/td> <\/tr> <tr style=\"height: 16px;\"> <td style=\"width: 27.0167px; height: 16px;\">34..<\/td> <td style=\"width: 1213.98px; height: 16px;\"> <p><a href=\"https:\/\/m2.mtmt.hu\/gui2\/?type=authors&amp;mode=browse&amp;sel=10023448\"><span data-contrast=\"none\">Nemet, Z<\/span><\/a><span data-contrast=\"none\">\u202f;\u202f<\/span><a href=\"https:\/\/m2.mtmt.hu\/gui2\/?type=authors&amp;mode=browse&amp;sel=10040411\"><span data-contrast=\"none\">Albert, E<\/span><\/a><span data-contrast=\"none\">\u202f;\u202f<\/span><a href=\"https:\/\/m2.mtmt.hu\/gui2\/?type=authors&amp;mode=browse&amp;sel=10035070\"><span data-contrast=\"none\">Nagy, T<\/span><\/a><span data-contrast=\"none\">\u202f;\u202f<\/span><a href=\"https:\/\/m2.mtmt.hu\/gui2\/?type=authors&amp;mode=browse&amp;sel=10012739\"><span data-contrast=\"none\">Olasz, F<\/span><\/a><span data-contrast=\"none\">\u202f;\u202f<\/span><a href=\"https:\/\/m2.mtmt.hu\/gui2\/?type=authors&amp;mode=browse&amp;sel=10000199\"><span data-contrast=\"none\">Barta, E<\/span><\/a><span data-contrast=\"none\">\u202f;\u202f<\/span><a href=\"https:\/\/m2.mtmt.hu\/gui2\/?type=authors&amp;mode=browse&amp;sel=10002663\"><span data-contrast=\"none\">Kiss, J<\/span><\/a><span data-contrast=\"none\">\u202f;\u202f<\/span><a href=\"https:\/\/m2.mtmt.hu\/gui2\/?type=authors&amp;mode=browse&amp;sel=10001189\"><span data-contrast=\"none\">Dan, A<\/span><\/a><span data-contrast=\"none\">\u202f;\u202f<\/span><a href=\"https:\/\/m2.mtmt.hu\/gui2\/?type=authors&amp;mode=browse&amp;sel=10002452\"><span data-contrast=\"none\">Banyai, K<\/span><\/a><span data-contrast=\"none\">\u202f;\u202fHermans, K\u202f;\u202f<\/span><a href=\"https:\/\/m2.mtmt.hu\/gui2\/?type=authors&amp;mode=browse&amp;sel=10002319\"><span data-contrast=\"none\">Biksi, I<\/span><\/a><span data-ccp-props=\"{&quot;201341983&quot;:0,&quot;335559739&quot;:160,&quot;335559740&quot;:240}\">\u00a0<\/span><\/p> <p><a href=\"https:\/\/m2.mtmt.hu\/gui2\/?mode=browse&amp;params=publication;3298316\"><span data-contrast=\"none\">Draft Genome Sequence of an Atypical Highly Virulent Rabbit Staphylococcus aureus Strain.<\/span><\/a><span data-ccp-props=\"{&quot;201341983&quot;:0,&quot;335559739&quot;:160,&quot;335559740&quot;:240}\">\u00a0<\/span><\/p> <p><span data-contrast=\"none\">GENOME ANNOUNCEMENTS\u202f5\u202f:\u202f42\u202fPaper: e01049-17\u202f(2017)<\/span><span data-ccp-props=\"{&quot;201341983&quot;:0,&quot;335559739&quot;:160,&quot;335559740&quot;:240}\">\u00a0<\/span><\/td> <\/tr> <tr style=\"height: 24px;\"> <td style=\"width: 27.0167px; height: 24px;\">5.<\/td> <td style=\"width: 1213.98px; height: 24px;\"> <p><a href=\"https:\/\/m2.mtmt.hu\/gui2\/?type=authors&amp;mode=browse&amp;sel=10023448\"><span data-contrast=\"none\">N\u00e9met, Zolt\u00e1n<\/span><\/a><span data-contrast=\"none\">\u202f;\u202f<\/span><a href=\"https:\/\/m2.mtmt.hu\/gui2\/?type=authors&amp;mode=browse&amp;sel=10040411\"><span data-contrast=\"none\">Albert, Ervin<\/span><\/a><span data-contrast=\"none\">\u202f;\u202f<\/span><a href=\"https:\/\/m2.mtmt.hu\/gui2\/?type=authors&amp;mode=browse&amp;sel=10018009\"><span data-contrast=\"none\">Nagy, Krisztina<\/span><\/a><span data-contrast=\"none\">\u202f;\u202fCsuka, Edit\u202f;\u202f<\/span><a href=\"https:\/\/m2.mtmt.hu\/gui2\/?type=authors&amp;mode=browse&amp;sel=10001189\"><span data-contrast=\"none\">D\u00e1n, \u00c1d\u00e1m<\/span><\/a><span data-contrast=\"none\">\u202f;\u202f<\/span><a href=\"https:\/\/m2.mtmt.hu\/gui2\/?type=authors&amp;mode=browse&amp;sel=10002374\"><span data-contrast=\"none\">Szenci, Ott\u00f3<\/span><\/a><span data-contrast=\"none\">\u202f;\u202fHermans, Katleen\u202f;\u202f<\/span><a href=\"https:\/\/m2.mtmt.hu\/gui2\/?type=authors&amp;mode=browse&amp;sel=10023087\"><span data-contrast=\"none\">Balka, Gyula<\/span><\/a><span data-contrast=\"none\">\u202f;\u202f<\/span><a href=\"https:\/\/m2.mtmt.hu\/gui2\/?type=authors&amp;mode=browse&amp;sel=10002319\"><span data-contrast=\"none\">Biksi, Imre<\/span><\/a><span data-ccp-props=\"{&quot;201341983&quot;:0,&quot;335559739&quot;:160,&quot;335559740&quot;:240}\">\u00a0<\/span><\/p> <p><a href=\"https:\/\/m2.mtmt.hu\/gui2\/?mode=browse&amp;params=publication;3106895\"><span data-contrast=\"none\">Virulence type and tissue tropism of Staphylococcus strains originating from Hungarian rabbit farms<\/span><\/a><span data-ccp-props=\"{&quot;201341983&quot;:0,&quot;335559739&quot;:160,&quot;335559740&quot;:240}\">\u00a0<\/span><\/p> <p><span data-contrast=\"none\">VETERINARY MICROBIOLOGY\u202f193\u202fpp. 1-6. , 6 p.\u202f(2016)<\/span><span data-ccp-props=\"{&quot;201341983&quot;:0,&quot;335559739&quot;:160,&quot;335559740&quot;:240}\">\u00a0<\/span><\/td> <\/tr> <tr style=\"height: 24px;\"> <td style=\"width: 27.0167px; height: 24px;\">6.<\/td> <td style=\"width: 1213.98px; height: 24px;\"> <p><span data-contrast=\"none\">Dip, R\u202f;\u202f<\/span><a href=\"https:\/\/m2.mtmt.hu\/gui2\/?type=authors&amp;mode=browse&amp;sel=10023448\"><span data-contrast=\"none\">Nemet, Z<\/span><\/a><span data-contrast=\"none\">\u202f;\u202fSchiessl, B\u202f;\u202fKlein, U\u202f;\u202fStrehlau, G<\/span><span data-ccp-props=\"{&quot;201341983&quot;:0,&quot;335559739&quot;:160,&quot;335559740&quot;:240}\">\u00a0<\/span><\/p> <p><a href=\"https:\/\/m2.mtmt.hu\/gui2\/?mode=browse&amp;params=publication;2981219\"><span data-contrast=\"none\">Efficacy and tolerability of early administration of valnemulin hydrochloride premix on epizootic rabbit enteropathy<\/span><\/a><span data-ccp-props=\"{&quot;201341983&quot;:0,&quot;335559739&quot;:160,&quot;335559740&quot;:240}\">\u00a0<\/span><\/p> <p><span data-contrast=\"none\">VETERINARY JOURNAL\u202f204\u202f:\u202f3\u202fpp. 309-314. , 6 p.\u202f(2015)<\/span><span data-ccp-props=\"{&quot;201341983&quot;:0,&quot;335559739&quot;:160,&quot;335559740&quot;:240}\">\u00a0<\/span><\/td> <\/tr> <tr style=\"height: 24px;\"> <td style=\"width: 27.0167px; height: 24px;\">7.<\/td> <td style=\"width: 1213.98px; height: 24px;\"> <p><a href=\"https:\/\/m2.mtmt.hu\/gui2\/?type=authors&amp;mode=browse&amp;sel=10023448\"><span data-contrast=\"none\">Nemet, Z<\/span><\/a><span data-contrast=\"none\">\u202f;\u202f<\/span><a href=\"https:\/\/m2.mtmt.hu\/gui2\/?type=authors&amp;mode=browse&amp;sel=10040411\"><span data-contrast=\"none\">Albert, E<\/span><\/a><span data-contrast=\"none\">\u202f;\u202f<\/span><a href=\"https:\/\/m2.mtmt.hu\/gui2\/?type=authors&amp;mode=browse&amp;sel=10035070\"><span data-contrast=\"none\">Nagy, T<\/span><\/a><span data-contrast=\"none\">\u202f;\u202f<\/span><a href=\"https:\/\/m2.mtmt.hu\/gui2\/?type=authors&amp;mode=browse&amp;sel=10012739\"><span data-contrast=\"none\">Olasz, F<\/span><\/a><span data-contrast=\"none\">\u202f;\u202f<\/span><a href=\"https:\/\/m2.mtmt.hu\/gui2\/?type=authors&amp;mode=browse&amp;sel=10000199\"><span data-contrast=\"none\">Barta, E<\/span><\/a><span data-contrast=\"none\">\u202f;\u202f<\/span><a href=\"https:\/\/m2.mtmt.hu\/gui2\/?type=authors&amp;mode=browse&amp;sel=10002663\"><span data-contrast=\"none\">Kiss, J<\/span><\/a><span data-contrast=\"none\">\u202f;\u202f<\/span><a href=\"https:\/\/m2.mtmt.hu\/gui2\/?type=authors&amp;mode=browse&amp;sel=10001189\"><span data-contrast=\"none\">Dan, A<\/span><\/a><span data-contrast=\"none\">\u202f;\u202f<\/span><a href=\"https:\/\/m2.mtmt.hu\/gui2\/?type=authors&amp;mode=browse&amp;sel=10002452\"><span data-contrast=\"none\">Banyai, K<\/span><\/a><span data-contrast=\"none\">\u202f;\u202fHermans, K\u202f;\u202f<\/span><a href=\"https:\/\/m2.mtmt.hu\/gui2\/?type=authors&amp;mode=browse&amp;sel=10002319\"><span data-contrast=\"none\">Biksi, I<\/span><\/a><span data-ccp-props=\"{&quot;201341983&quot;:0,&quot;335559739&quot;:160,&quot;335559740&quot;:240}\">\u00a0<\/span><\/p> <p><a href=\"https:\/\/m2.mtmt.hu\/gui2\/?mode=browse&amp;params=publication;2919201\"><span data-contrast=\"none\">Draft Genome Sequence of a Highly Virulent Rabbit Staphylococcus aureus Strain.<\/span><\/a><span data-ccp-props=\"{&quot;201341983&quot;:0,&quot;335559739&quot;:160,&quot;335559740&quot;:240}\">\u00a0<\/span><\/p> <p><span data-contrast=\"none\">GENOME ANNOUNCEMENTS\u202f3\u202f:\u202f4\u202fPaper: e00461-15 , 2 p.\u202f(2015)<\/span><span data-ccp-props=\"{&quot;201341983&quot;:0,&quot;335559739&quot;:160,&quot;335559740&quot;:240}\">\u00a0<\/span><\/td> <\/tr> <tr style=\"height: 24px;\"> <td style=\"width: 27.0167px; height: 24px;\">8.<\/td> <td style=\"width: 1213.98px; height: 24px;\"> <p><a href=\"https:\/\/m2.mtmt.hu\/gui2\/?type=authors&amp;mode=browse&amp;sel=10003063\"><span data-contrast=\"none\">S\u00e1ndor, Hornok<\/span><\/a><span data-contrast=\"none\">\u202f;\u202fAnita, Mester\u202f;\u202f<\/span><a href=\"https:\/\/m2.mtmt.hu\/gui2\/?type=authors&amp;mode=browse&amp;sel=10050807\"><span data-contrast=\"none\">N\u00f3ra, Tak\u00e1cs<\/span><\/a><span data-contrast=\"none\">\u202f;\u202f<\/span><a href=\"https:\/\/m2.mtmt.hu\/gui2\/?type=authors&amp;mode=browse&amp;sel=10009485\"><span data-contrast=\"none\">Ferenc, Baska<\/span><\/a><span data-contrast=\"none\">\u202f;\u202f<\/span><a href=\"https:\/\/m2.mtmt.hu\/gui2\/?type=authors&amp;mode=browse&amp;sel=10022991\"><span data-contrast=\"none\">G\u00e1bor, Majoros<\/span><\/a><span data-contrast=\"none\">\u202f;\u202f<\/span><a href=\"https:\/\/m2.mtmt.hu\/gui2\/?type=authors&amp;mode=browse&amp;sel=10002320\"><span data-contrast=\"none\">\u00c9va, Fok<\/span><\/a><span data-contrast=\"none\">\u202f;\u202f<\/span><a href=\"https:\/\/m2.mtmt.hu\/gui2\/?type=authors&amp;mode=browse&amp;sel=10002319\"><span data-contrast=\"none\">Imre, Biksi<\/span><\/a><span data-contrast=\"none\">\u202f;\u202f<\/span><a href=\"https:\/\/m2.mtmt.hu\/gui2\/?type=authors&amp;mode=browse&amp;sel=10023448\"><span data-contrast=\"none\">Zolt\u00e1n, N\u00e9met<\/span><\/a><span data-contrast=\"none\">\u202f;\u202f<\/span><a href=\"https:\/\/m2.mtmt.hu\/gui2\/?type=authors&amp;mode=browse&amp;sel=10013895\"><span data-contrast=\"none\">\u00c1kos, Horny\u00e1k<\/span><\/a><span data-contrast=\"none\">\u202f;\u202f<\/span><a href=\"https:\/\/m2.mtmt.hu\/gui2\/?type=authors&amp;mode=browse&amp;sel=10002240\"><span data-contrast=\"none\">Szil\u00e1rd, J\u00e1nosi<\/span><\/a><span data-contrast=\"none\">\u202fet al.<\/span><span data-ccp-props=\"{&quot;201341983&quot;:0,&quot;335559739&quot;:160,&quot;335559740&quot;:240}\">\u00a0<\/span><\/p> <p><a href=\"https:\/\/m2.mtmt.hu\/gui2\/?mode=browse&amp;params=publication;2818354\"><span data-contrast=\"none\">Sarcocystis-infection of cattle in Hungary<\/span><\/a><span data-ccp-props=\"{&quot;201341983&quot;:0,&quot;335559739&quot;:160,&quot;335559740&quot;:240}\">\u00a0<\/span><\/p> <p><span data-contrast=\"none\">PARASITES AND VECTORS\u202f8\u202fPaper: 69 , 6 p.\u202f(2015)<\/span><span data-ccp-props=\"{&quot;201341983&quot;:0,&quot;335559739&quot;:160,&quot;335559740&quot;:240}\">\u00a0<\/span><\/td> <\/tr> <tr style=\"height: 24px;\"> <td style=\"width: 27.0167px; height: 24px;\">9.<\/td> <td style=\"width: 1213.98px; height: 24px;\"> <p><a href=\"https:\/\/m2.mtmt.hu\/gui2\/?type=authors&amp;mode=browse&amp;sel=10023448\"><span data-contrast=\"none\">N\u00e9met, Zolt\u00e1n<\/span><\/a><span data-contrast=\"none\">\u202f;\u202f<\/span><a href=\"https:\/\/m2.mtmt.hu\/gui2\/?type=authors&amp;mode=browse&amp;sel=10002374\"><span data-contrast=\"none\">Szenci, Ott\u00f3<\/span><\/a><span data-contrast=\"none\">\u202f;\u202f<\/span><a href=\"https:\/\/m2.mtmt.hu\/gui2\/?type=authors&amp;mode=browse&amp;sel=10002319\"><span data-contrast=\"none\">Biksi, Imre<\/span><\/a><span data-ccp-props=\"{&quot;201341983&quot;:0,&quot;335559739&quot;:160,&quot;335559740&quot;:240}\">\u00a0<\/span><\/p> <p><a href=\"https:\/\/m2.mtmt.hu\/gui2\/?mode=browse&amp;params=publication;1820901\"><span data-contrast=\"none\">A h\u00e1ziny\u00fal staphylococcosisa : Irodalmi \u00e1ttekint\u00e9s \u00e9s hazai tapasztalatok: Irodalmi \u00e1ttekint\u00e9s \u00e9s hazai tapasztalatok Staphylococcosis in domestic rabbit. Literature review and domestic experiences<\/span><\/a><span data-ccp-props=\"{&quot;201341983&quot;:0,&quot;335559739&quot;:160,&quot;335559740&quot;:240}\">\u00a0<\/span><\/p> <p><span data-contrast=\"none\">MAGYAR \u00c1LLATORVOSOK LAPJA\u202f133\u202f:\u202f12\u202fpp. 720-726. , 7 p.\u202f(2011)<\/span><span data-ccp-props=\"{&quot;201341983&quot;:0,&quot;335559739&quot;:160,&quot;335559740&quot;:240}\">\u00a0<\/span><\/td> <\/tr> <tr style=\"height: 24px;\"> <td style=\"width: 27.0167px; height: 24px;\">10.<\/td> <td style=\"width: 1213.98px; height: 24px;\"> <p><a href=\"https:\/\/m2.mtmt.hu\/gui2\/?type=authors&amp;mode=browse&amp;sel=10023448\"><span data-contrast=\"none\">Z, N\u00e9met<\/span><\/a><span data-contrast=\"none\">\u202f;\u202f<\/span><a href=\"https:\/\/m2.mtmt.hu\/gui2\/?type=authors&amp;mode=browse&amp;sel=10002374\"><span data-contrast=\"none\">O, Szenci<\/span><\/a><span data-contrast=\"none\">\u202f;\u202f<\/span><a href=\"https:\/\/m2.mtmt.hu\/gui2\/?type=authors&amp;mode=browse&amp;sel=10023455\"><span data-contrast=\"none\">A, Horv\u00e1th<\/span><\/a><span data-contrast=\"none\">\u202f;\u202f<\/span><a href=\"https:\/\/m2.mtmt.hu\/gui2\/?type=authors&amp;mode=browse&amp;sel=10013169\"><span data-contrast=\"none\">L, Makrai<\/span><\/a><span data-contrast=\"none\">\u202f;\u202fT, Kis\u202f;\u202f<\/span><a href=\"https:\/\/m2.mtmt.hu\/gui2\/?type=authors&amp;mode=browse&amp;sel=10043699\"><span data-contrast=\"none\">B, T\u00f3th<\/span><\/a><span data-contrast=\"none\">\u202f;\u202f<\/span><a href=\"https:\/\/m2.mtmt.hu\/gui2\/?type=authors&amp;mode=browse&amp;sel=10002319\"><span data-contrast=\"none\">I, Biksi<\/span><\/a><span data-ccp-props=\"{&quot;201341983&quot;:0,&quot;335559739&quot;:160,&quot;335559740&quot;:240}\">\u00a0<\/span><\/p> <p><a href=\"https:\/\/m2.mtmt.hu\/gui2\/?mode=browse&amp;params=publication;1659391\"><span data-contrast=\"none\">Outbreak of Klebsiella oxytoca enterocolitis on a rabbit farm in Hungary<\/span><\/a><span data-ccp-props=\"{&quot;201341983&quot;:0,&quot;335559739&quot;:160,&quot;335559740&quot;:240}\">\u00a0<\/span><\/p> <p><span data-contrast=\"none\">VETERINARY RECORD\u202f168\u202f:\u202f9\u202fpp. 243-243. , 1 p.\u202f(2011)<\/span><span data-ccp-props=\"{&quot;201341983&quot;:0,&quot;335559739&quot;:160,&quot;335559740&quot;:240}\">\u00a0<\/span><\/td> <\/tr> <\/tbody> <\/table> <p>&nbsp;<\/p> <p>&nbsp;<\/p> <p>&nbsp;<\/p> <p>&nbsp;<\/p> <p>&nbsp;<\/p> <p>&nbsp;<\/p> <p>&nbsp;<\/p> <p>&nbsp;<\/p> <p><span data-ccp-props=\"{&quot;201341983&quot;:0,&quot;335559739&quot;:160,&quot;335559740&quot;:259}\">\u00a0<\/span><\/p> <p><span data-ccp-props=\"{&quot;201341983&quot;:0,&quot;335559739&quot;:160,&quot;335559740&quot;:259}\">\u00a0<\/span><\/p>","protected":false},"excerpt":{"rendered":"<p>Bemutatkoz\u00e1s\u00a0\u00a0 Oktat\u00e1si tev\u00e9kenys\u00e9g:\u00a0 \u2013 \u00e1ltal\u00e1nos \u00e9s r\u00e9szletes patol\u00f3gia | magyar \u00e9s angol nyelv\u0171 k\u00e9pz\u00e9s\u00a0 \u2013 nagy\u00e1llat-patol\u00f3gia gyakorlatok | IV. \u00e9vfolyam, magyar \u00e9s angol nyelv\u0171 k\u00e9pz\u00e9s\u00a0 \u2013 diploma- \u00e9s TDK-munk\u00e1k vezet\u00e9se | magyar \u00e9s angol nyelv\u0171 k\u00e9pz\u00e9s\u00a0 \u00c9rdekl\u0151d\u00e9si ter\u00fclet:\u00a0 \u2013 nagy\u00fczemi ny\u00fal\u00e1llom\u00e1nyok \u00e1llateg\u00e9szs\u00e9g\u00fcgyi menedzsementje\u00a0 \u2013 haszon\u00e1llatk\u00e9nt tartott nyulak patol\u00f3giai diagnosztik\u00e1ja\u00a0 \u00a0F\u0151bb kutat\u00e1si ter\u00fcletek:\u00a0 \u2013 haszon\u00e1llatok megbeteged\u00e9seinek<\/p>\n","protected":false},"author":5824,"featured_media":0,"parent":858,"menu_order":38,"comment_status":"closed","ping_status":"closed","template":"","meta":{"_acf_changed":false,"footnotes":""},"categories":[],"tags":[],"class_list":["post-36794","page","type-page","status-publish","hentry"],"acf":[],"_links":{"self":[{"href":"https:\/\/univet.hu\/hu\/wp-json\/wp\/v2\/pages\/36794","targetHints":{"allow":["GET"]}}],"collection":[{"href":"https:\/\/univet.hu\/hu\/wp-json\/wp\/v2\/pages"}],"about":[{"href":"https:\/\/univet.hu\/hu\/wp-json\/wp\/v2\/types\/page"}],"author":[{"embeddable":true,"href":"https:\/\/univet.hu\/hu\/wp-json\/wp\/v2\/users\/5824"}],"replies":[{"embeddable":true,"href":"https:\/\/univet.hu\/hu\/wp-json\/wp\/v2\/comments?post=36794"}],"version-history":[{"count":1,"href":"https:\/\/univet.hu\/hu\/wp-json\/wp\/v2\/pages\/36794\/revisions"}],"predecessor-version":[{"id":199493,"href":"https:\/\/univet.hu\/hu\/wp-json\/wp\/v2\/pages\/36794\/revisions\/199493"}],"up":[{"embeddable":true,"href":"https:\/\/univet.hu\/hu\/wp-json\/wp\/v2\/pages\/858"}],"wp:attachment":[{"href":"https:\/\/univet.hu\/hu\/wp-json\/wp\/v2\/media?parent=36794"}],"wp:term":[{"taxonomy":"category","embeddable":true,"href":"https:\/\/univet.hu\/hu\/wp-json\/wp\/v2\/categories?post=36794"},{"taxonomy":"post_tag","embeddable":true,"href":"https:\/\/univet.hu\/hu\/wp-json\/wp\/v2\/tags?post=36794"}],"curies":[{"name":"wp","href":"https:\/\/api.w.org\/{rel}","templated":true}]}}