{"id":3691,"date":"2016-08-01T13:53:00","date_gmt":"2016-08-01T11:53:00","guid":{"rendered":"http:\/\/univet.hu\/egyetem\/munkatarsak\/csiko-gyorgy\/"},"modified":"2026-02-10T04:00:37","modified_gmt":"2026-02-10T03:00:37","slug":"csiko-gyorgy","status":"publish","type":"page","link":"https:\/\/univet.hu\/hu\/egyetem\/munkatarsak\/csiko-gyorgy\/","title":{"rendered":"Csik\u00f3 Gy\u00f6rgy"},"content":{"rendered":"<p style=\"font-family: impact, sans-serif;\" align=\"justify\">Bemutatkoz\u00e1s<\/p> <p align=\"justify\">Tanulm\u00e1nyok, fokozatok:<\/p> <ul style=\"list-style-type: disc;\"> <li>\u00c1llatorvos doktor, 1987<\/li> <li>Alapfok\u00fa Sug\u00e1rv\u00e9delmi Vizsga (Budapesti M\u0171szaki Egyetem), 1992<\/li> <li>Az \u00c1llatorvos-tudom\u00e1nyok Kandid\u00e1tusa, 1997<\/li> <li>Szak\u00e1llatorvosi diploma, Kis\u00e1llatgy\u00f3gy\u00e1szat 2003<\/li> <li>Habilit\u00e1ci\u00f3 (Dr. Habil), 2009<\/li> <\/ul> <p>D\u00edjak, kit\u00fcntet\u00e9sek:<\/p> <ul style=\"list-style-type: disc;\"> <li>Miniszteri N\u00edv\u00f3-d\u00edj Orsz\u00e1gos Tudom\u00e1nyos Di\u00e1kk\u00f6ri Konferenci\u00e1n (OTDK) el\u00e9rt els\u0151 helyez\u00e9s\u00e9rt (1987)<\/li> <li>Legjobb gyakorlatvezet\u0151 1996\/97<\/li> <li>Szent Istv\u00e1n Egyetem Bab\u00e9rkoszor\u00fa, ez\u00fcst fokozat (2014)<\/li> <\/ul> <p>Tudom\u00e1nyos szakter\u00fclet\/kutat\u00e1si ter\u00fclet:<\/p> <ul> <li>Gy\u00f3gyszerek farmakokinetikai vizsg\u00e1lata, biokvivalencia<\/li> <li>Xenobiotikumok in vitro \u00e9s in vivo metabolizmus vizsg\u00e1lata<\/li> <li>Gy\u00f3gyszer sz\u00f6veti szermaradv\u00e1ny vizsg\u00e1latok<\/li> <li>Heveny \u00e9s f\u00e9lheveny toxikol\u00f3giai vizsg\u00e1latok laborat\u00f3riumi \u00e1llatokon<\/li> <li>C\u00e9l\u00e1llat toxikol\u00f3giai\/tolerancia vizsg\u00e1latok<\/li> <li>Kliniko-farmakol\u00f3giai vizsg\u00e1latok<\/li> <li>Antimikrobi\u00e1lis rezisztencia, antimikrob\u00e1s gy\u00f3gyszerek helyettes\u00edt\u00e9se<\/li> <\/ul> <hr align=\"center\" size=\"5\" width=\"60%\" \/> <p><span style=\"font-family: impact, sans-serif;\">El\u0151rehalad\u00e1s<\/span><\/p> <table style=\"height: 407px; width: 811px;\" width=\"811\"> <tbody> <tr style=\"height: 24px;\"> <td style=\"height: 24px; width: 178px; text-align: center; vertical-align: middle;\"> <p style=\"text-align: center;\"> <\/td> <td style=\"height: 24px; width: 617px; text-align: center; vertical-align: middle;\"> <p style=\"text-align: center;\"><strong>Phylaxia Rt.<\/strong><\/p> <\/td> <\/tr> <tr style=\"height: 56px;\"> <td style=\"width: 178px; text-align: center; height: 56px;\">1987-1989<\/td> <td style=\"width: 617px; height: 56px;\"> <p style=\"text-align: center;\">\u00e1llatorvos doktor<\/p> <\/td> <\/tr> <tr style=\"height: 80px;\"> <td style=\"height: 80px; width: 178px; text-align: center;\"><\/td> <td style=\"height: 80px; width: 617px; text-align: center;\"><strong>\u00c1llatorvostudom\u00e1nyi Egyetem Gy\u00f3gyszertani \u00e9s Toxikol\u00f3giai Tansz\u00e9k<\/strong><\/td> <\/tr> <tr style=\"height: 24px;\"> <td style=\"width: 178px; height: 24px; text-align: center;\">1989-1997<\/td> <td style=\"width: 617px; height: 24px; text-align: center;\">tudom\u00e1nyos m\u0171szaki \u00fcgyint\u00e9z\u0151<\/td> <\/tr> <tr style=\"height: 24px;\"> <td style=\"width: 178px; height: 24px; text-align: center;\">1997-1998<\/td> <td style=\"width: 617px; height: 24px; text-align: center;\">egyetemi tan\u00e1rseg\u00e9d<\/td> <\/tr> <tr style=\"height: 24px;\"> <td style=\"width: 178px; height: 23px; text-align: center;\">1998-2000<\/td> <td style=\"width: 617px; height: 23px; text-align: center;\">egyetemi adjunktus<\/td> <\/tr> <tr style=\"height: 48px;\"> <td style=\"width: 178px; text-align: center; height: 48px;\"><\/td> <td style=\"width: 617px; text-align: center; height: 48px;\"><strong>Szent Istv\u00e1n Egyetem, \u00c1llatorvos-tudom\u00e1nyi Kar Gy\u00f3gyszertani \u00e9s M\u00e9regtani Tansz\u00e9k<\/strong><\/td> <\/tr> <tr style=\"height: 24px;\"> <td style=\"width: 178px; height: 24px; text-align: center;\">2000-2010<\/td> <td style=\"width: 617px; height: 24px; text-align: center;\">egyetemi adjunktus<\/td> <\/tr> <tr style=\"height: 24px;\"> <td style=\"width: 178px; height: 24px; text-align: center;\">2010-2016<\/td> <td style=\"width: 617px; height: 24px; text-align: center;\">egyetemi docens<\/td> <\/tr> <tr style=\"height: 24px;\"> <td style=\"height: 24px; width: 178px; text-align: center;\"> <p style=\"text-align: center;\"> <\/td> <td style=\"height: 24px; width: 617px; text-align: center;\"> <p style=\"text-align: center;\"><strong>\u00c1llatorvostudom\u00e1nyi Egyetem Gy\u00f3gyszertani \u00e9s M\u00e9regtani Tansz\u00e9k<\/strong><\/p> <\/td> <\/tr> <tr style=\"height: 56px;\"> <td style=\"width: 178px; text-align: center; height: 56px;\">2016-<\/td> <td style=\"width: 617px; height: 56px;\"> <p style=\"text-align: center;\">egyetemi docens<\/p> <\/td> <\/tr> <\/tbody> <\/table> <hr align=\"center\" size=\"5\" width=\"60%\" \/> <p><strong>Fontosabb nemzetk\u00f6zi konferenci\u00e1k \u00e9s tov\u00e1bbk\u00e9pz\u00e9sek<\/strong><\/p> <ul> <li>International Congresses of the European Association of Veterinary Pharmacology and Toxicology (EAVPT) <ul style=\"list-style-type: square;\"> <li>1988 Budapest, Hungary<\/li> <li>1994 Edinburgh, UK<\/li> <li>2000 Jerusalem, Israel<\/li> <li>2012 Noordwijk, Netherlands<\/li> <li>2018 Wroclaw, Poland<\/li> <\/ul> <\/li> <li>21<sup>st<\/sup> European Symposium on Poultry Nutrition 2017 Salou\/Vila-seca, Spain<\/li> <li>9th International Conference on Antimicrobial Agents in Veterinary Medicine 2018 Rome, Italy<\/li> <li>Workshop on Biostatistics, 1990 Namur, Belgium<\/li> <li>TEMPUS International Training, 1992-1994 (h\u00e9t h\u00f3nap) Utrecht, Hollandia<\/li> <\/ul> <hr align=\"center\" size=\"5\" width=\"60%\" \/> <p><strong>Kutat\u00e1si p\u00e1ly\u00e1zatok<\/strong><\/p> <ul> <li>OTKA-p\u00e1ly\u00e1zatok: <ul style=\"list-style-type: square;\"> <li>2009-2011 A b\u00e9lh\u00e1msejtek oxidat\u00edv stressz okozta gyullad\u00e1s\u00e1nak g\u00e1tl\u00e1sa probiotikus tejsavbakt\u00e9riumokkal: hat\u00e1smechanizmus \u00e9s alkalmazhat\u00f3s\u00e1g antibiotikum-helyettes\u00edt\u0151 hozamfokoz\u00e1sra v\u00e1laszt\u00e1si malacokon<\/li> <li>2012-2014 A xenobiotikum anyagcsere oxidat\u00edv stressz okozta megv\u00e1ltoz\u00e1s\u00e1nak megel\u0151z\u00e9se sert\u00e9s b\u00e9l- \u00e9s m\u00e1jsejt ko-kult\u00fara modellen<\/li> <\/ul> <\/li> <li>EFOP-p\u00e1ly\u00e1zatok: <ul style=\"list-style-type: square;\"> <li>EFOP-3.6.1-16-2016-00024, c\u00edm: Intelligens szakosod\u00e1st szolg\u00e1l\u00f3 fejleszt\u00e9sek az \u00c1llatorvostudom\u00e1nyi Egyetem \u00e9s a Sz\u00e9chenyi Istv\u00e1n Egyetem Mez\u0151gazdas\u00e1g- \u00e9s \u00c9lelmiszertudom\u00e1nyi Kar\u00e1nak egy\u00fcttm\u0171k\u00f6d\u00e9s\u00e9ben<\/li> <li>EFOP-3.6.2-16-2017-00012, c\u00edm: Funkcion\u00e1lis, eg\u00e9szs\u00e9ges \u00e9s biztons\u00e1gos \u00e9lelmiszer term\u00e9kp\u00e1lya modell kidolgoz\u00e1sa a sz\u00e1nt\u00f3f\u00f6ldt\u0151l az asztalig elv alapj\u00e1n, tematikus kutat\u00e1si h\u00e1l\u00f3zatban<\/li> <\/ul> <\/li> <\/ul> <hr align=\"center\" size=\"5\" width=\"60%\" \/> <p><strong>Szakmai szervezeti tags\u00e1g<\/strong><\/p> <ul> <li>European Association for Veterinary Pharmacology and Toxicology (EAVPT), 1988-<\/li> <li>\u00c1llatorvosi Farmakoter\u00e1piai \u00e9s Toxikol\u00f3giai T\u00e1rsas\u00e1g, 1992-2009<\/li> <li>Magyar \u00c1llatorvosi Kamara, 1996-<\/li> <li>Agr\u00e1rminiszt\u00e9rium szak\u00e9rt\u0151je (toxikol\u00f3gia, klinikai gy\u00f3gyszertan), 1996-<\/li> <li>Magyar Tudom\u00e1nyos Akad\u00e9mia \u00c1llatk\u00eds\u00e9rleti Oszt\u00e1lyk\u00f6zi \u00c1lland\u00f3 Bizotts\u00e1g Titk\u00e1ra 2011-<\/li> <\/ul> <hr align=\"center\" size=\"5\" width=\"60%\" \/> <p><strong>Eddigi szakdolgozat\/TDK hallgat\u00f3k sz\u00e1ma: 42<\/strong><\/p> <table style=\"height: 122px;\" width=\"421\"> <tbody> <tr> <td style=\"width: 202px; text-align: center;\" colspan=\"2\"><strong>PhD-hallgat\u00f3k<\/strong><\/td> <\/tr> <tr> <td style=\"width: 202px; text-align: center;\">Dr. M\u00e1tis G\u00e1bor<\/td> <td style=\"width: 203px; text-align: center;\">2013<\/td> <\/tr> <tr> <td style=\"width: 202px; text-align: center;\">Kulcs\u00e1r Anna<\/td> <td style=\"width: 203px; text-align: center;\">2020<\/td> <\/tr> <tr> <td style=\"width: 202px; text-align: center;\">Pal\u00f3cz Orsolya<\/td> <td style=\"width: 203px; text-align: center;\">2021<\/td> <\/tr> <\/tbody> <\/table> <hr align=\"center\" size=\"5\" width=\"60%\" \/> <p><span style=\"font-family: impact, sans-serif;\">Publik\u00e1ci\u00f3s lista (Top10)<\/span><\/p> <p style=\"text-align: center;\">MTMT:\u00a0<a href=\"https:\/\/m2.mtmt.hu\/gui2\/?type=authors&amp;mode=browse&amp;sel=authors10003055\">https:\/\/m2.mtmt.hu\/gui2\/?type=authors&amp;mode=browse&amp;sel=authors10003055<\/a><\/p> <table style=\"height: 302px; width: 1140px;\" width=\"1140\"> <tbody> <tr style=\"height: 86px;\"> <td style=\"width: 36px; height: 86px; text-align: center;\">1.<\/td> <td style=\"width: 1088px; height: 86px;\">Pal\u00f3cz, Orsolya; Szita, G\u00e9za;<strong> Csik\u00f3, Gy\u00f6rgy: <\/strong>Alteration of avian hepatic cytochrome P450 gene expression and activity by certain feed additives, ACTA VETERINARIA HUNGARICA 67: 3 pp. 418-429. , 12 p. (2019)<strong> \u00a0<\/strong><a href=\"https:\/\/doi.org\/10.1556\/004.2019.042\">https:\/\/doi.org\/10.1556\/004.2019.042<\/a><\/td> <\/tr> <tr style=\"height: 54px;\"> <td style=\"width: 36px; height: 54px; text-align: center;\">2.<\/td> <td style=\"width: 1088px; height: 54px;\">Pal\u00f3cz, Orsolya; Szita, G\u00e9za;<strong> Csik\u00f3, Gy\u00f6rgy: <\/strong>Alteration in Inflammatory Responses and Cytochrome P450 Expression of Porcine Jejunal Cells by Drinking Water Supplements MEDIATORS OF INFLAMMATION 2019 Paper: 5420381, 6 p. (2019)\u00a0<a style=\"font-family: inherit; font-size: inherit;\" href=\"https:\/\/doi.org\/10.1155\/2019\/5420381\">https:\/\/doi.org\/10.1155\/2019\/5420381<\/a><\/td> <\/tr> <tr style=\"height: 54px;\"> <td style=\"width: 36px; height: 54px; text-align: center;\">3.<\/td> <td style=\"width: 1088px; height: 54px;\">Pal\u00f3cz, Orsolya; Farkas, Orsolya; Clayton, Paul;<strong> Csik\u00f3, Gy\u00f6rgy: <\/strong>Changes in cytochrome P450 gene expression and enzyme activity induced by xenobiotics in rabbits in vivo and in vitro WORLD RABBIT SCIENCE 25: 2 pp. 173-180., 8 p. (2017)\u00a0<a style=\"font-family: inherit; font-size: inherit;\" href=\"https:\/\/doi.org\/10.4995\/wrs.2017.4574\">https:\/\/doi.org\/10.4995\/wrs.2017.4574<\/a><\/td> <\/tr> <tr style=\"height: 54px;\"> <td style=\"width: 36px; height: 54px; text-align: center;\">4.<\/td> <td style=\"width: 1088px; height: 54px;\"><strong>Csik\u00f3, Gy; <\/strong>Nagy, G; M\u00e1tis, G; Neogr\u00e1dy, Zs; Kulcs\u00e1r, A; Jerzsele, \u00c1; Szek\u00e9r, K; G\u00e1lfi, P: Effects of dietary sodium butyrate on hepatic biotransformation and pharmacokinetics of erythromycin in chickens JOURNAL OF VETERINARY PHARMACOLOGY AND THERAPEUTICS 37: 4 pp. 406-412. , 7 p. (2014) <a href=\"https:\/\/doi.org\/10.1111\/jvp.12109\">https:\/\/doi.org\/10.1111\/jvp.12109<\/a><\/td> <\/tr> <tr style=\"height: 31px;\"> <td style=\"width: 36px; height: 31px; text-align: center;\">5.<\/td> <td style=\"width: 1088px; height: 31px;\">\u00a0Palocz, O; Gal, J; Clayton, P; Dinya, Z; Somogyi, Z; Juhasz, Cs;<strong style=\"font-family: inherit; font-size: inherit;\"> Csik\u00f3, Gy: <\/strong><span style=\"font-family: inherit; font-size: inherit;\">Alternative treatment of serious and mild Pasteurella multocida infection in New Zealand White rabbits. BMC VETERINARY RESEARCH 10: 1 Paper: 276, 7 p. (2014)\u00a0<\/span><a href=\"https:\/\/doi.org\/10.1186\/s12917-014-0276-6\">https:\/\/doi.org\/10.1186\/s12917-014-0276-6<\/a><\/td> <\/tr> <tr style=\"height: 23px;\"> <td style=\"width: 36px; height: 23px; text-align: center;\">6.<\/td> <td style=\"width: 1088px; height: 23px;\">Pal\u00f3cz Orsolya,<strong> Csik\u00f3 Gy\u00f6rgy:<\/strong> Az antibiotikumok t\u00falzott m\u00e9rt\u00e9k\u0171 haszn\u00e1lat\u00e1nak cs\u00f6kkent\u00e9s\u00e9t c\u00e9lz\u00f3 szerek az \u00e1llatteny\u00e9szt\u00e9si \u00e9s klinikai gyakorlatban: Irodalmi \u00e1ttekint\u00e9s: Reduction of the excessive use of antibiotics in animal husbandry and in clinical practice. Literature review, MAGYAR \u00c1LLATORVOSOK LAPJA 136:(3) pp. 177-183. (2014) <a href=\"https:\/\/matarka.hu\/cikk_list.php?fusz=119885\">https:\/\/matarka.hu\/cikk_list.php?fusz=119885<\/a><\/td> <\/tr> <tr> <td style=\"width: 36px; text-align: center;\">7.<\/td> <td style=\"width: 1088px;\">Kiss, R; Tirczka, T; Szita, G; Bernath, S;<strong> Csik\u00f3, Gy: <\/strong>Listeria monocytogenes food monitoring data and incidence of human listeriosis in Hungary, 2004 INTERNATIONAL JOURNAL OF FOOD MICROBIOLOGY 112:1 pp. 71-74., 4 p. (2006)\u00a0\u00a0\u00a0\u00a0 <a href=\"https:\/\/doi.org\/10.1016\/j.ijfoodmicro.2006.06.013\">https:\/\/doi.org\/10.1016\/j.ijfoodmicro.2006.06.013<\/a><\/td> <\/tr> <tr> <td style=\"width: 36px; text-align: center;\">8.<\/td> <td style=\"width: 1088px;\">R\u00e1tz, V; Laczay, P; M\u00f3ra, Zs;<strong> Csik\u00f3, Gy<\/strong>; Monostory, K; Vereczkey, L; Lehel, L; Semj\u00e9n, G: Recent studies on the effects of tiamulin and monensin on hepatic cytochrome P450 activities in chickens and turkeys JOURNAL OF VETERINARY PHARMACOLOGY AND THERAPEUTICS 20 pp. 415-418., 4 p. (1997)\u00a0<a href=\"https:\/\/doi.org\/10.1046\/j.1365-2885.1997.00092.x\">https:\/\/doi.org\/10.1046\/j.1365-2885.1997.00092.x<\/a><\/td> <\/tr> <tr> <td style=\"width: 36px; text-align: center;\">9.<\/td> <td style=\"width: 1088px;\"><strong>Csik\u00f3, Gy; <\/strong>Banhidi, Gy; Semjen, G; Laczay, P; Sandor, Gy; Lehel, J; Fekete, J: Metabolism and pharmacokinetics of albendazole after oral administration to chickens JOURNAL OF VETERINARY PHARMACOLOGY AND THERAPEUTICS 19: 4 pp. 322-325., 4 p. (1996) <a href=\"https:\/\/doi.org\/10.1111\/j.1365-2885.1996.tb00059.x\">https:\/\/doi.org\/10.1111\/j.1365-2885.1996.tb00059.x<\/a><\/td> <\/tr> <tr> <td style=\"width: 36px; text-align: center;\">10.<\/td> <td style=\"width: 1088px;\">Witkamp, RF; Nijmeijer, SM;<strong> Csik\u00f3, Gy; <\/strong>Vanmiert, ASJPAM: Tiamulin selectively inhibits oxidative hepatic-steroid and drug-metabolism in-vitro in the pig JOURNAL OF VETERINARY PHARMACOLOGY AND THERAPEUTICS 17: 4 pp. 317-322., 6 p. (1994)\u00a0<a href=\"https:\/\/pubmed.ncbi.nlm.nih.gov\/7966553\/\">https:\/\/pubmed.ncbi.nlm.nih.gov\/7966553\/<\/a><\/td> <\/tr> <\/tbody> <\/table> <p>&nbsp;<\/p> <p>(Friss\u00edtve: 2021. augusztus)<\/p>","protected":false},"excerpt":{"rendered":"<p>Bemutatkoz\u00e1s Tanulm\u00e1nyok, fokozatok: \u00c1llatorvos doktor, 1987 Alapfok\u00fa Sug\u00e1rv\u00e9delmi Vizsga (Budapesti M\u0171szaki Egyetem), 1992 Az \u00c1llatorvos-tudom\u00e1nyok Kandid\u00e1tusa, 1997 Szak\u00e1llatorvosi diploma, Kis\u00e1llatgy\u00f3gy\u00e1szat 2003 Habilit\u00e1ci\u00f3 (Dr. Habil), 2009 D\u00edjak, kit\u00fcntet\u00e9sek: Miniszteri N\u00edv\u00f3-d\u00edj Orsz\u00e1gos Tudom\u00e1nyos Di\u00e1kk\u00f6ri Konferenci\u00e1n (OTDK) el\u00e9rt els\u0151 helyez\u00e9s\u00e9rt (1987) Legjobb gyakorlatvezet\u0151 1996\/97 Szent Istv\u00e1n Egyetem Bab\u00e9rkoszor\u00fa, ez\u00fcst fokozat (2014) Tudom\u00e1nyos szakter\u00fclet\/kutat\u00e1si ter\u00fclet: Gy\u00f3gyszerek farmakokinetikai vizsg\u00e1lata, biokvivalencia<\/p>\n","protected":false},"author":5824,"featured_media":0,"parent":858,"menu_order":211,"comment_status":"closed","ping_status":"closed","template":"","meta":{"_acf_changed":false,"footnotes":""},"categories":[56],"tags":[],"class_list":["post-3691","page","type-page","status-publish","hentry","category-munkatarsak"],"acf":[],"_links":{"self":[{"href":"https:\/\/univet.hu\/hu\/wp-json\/wp\/v2\/pages\/3691","targetHints":{"allow":["GET"]}}],"collection":[{"href":"https:\/\/univet.hu\/hu\/wp-json\/wp\/v2\/pages"}],"about":[{"href":"https:\/\/univet.hu\/hu\/wp-json\/wp\/v2\/types\/page"}],"author":[{"embeddable":true,"href":"https:\/\/univet.hu\/hu\/wp-json\/wp\/v2\/users\/5824"}],"replies":[{"embeddable":true,"href":"https:\/\/univet.hu\/hu\/wp-json\/wp\/v2\/comments?post=3691"}],"version-history":[{"count":1,"href":"https:\/\/univet.hu\/hu\/wp-json\/wp\/v2\/pages\/3691\/revisions"}],"predecessor-version":[{"id":199586,"href":"https:\/\/univet.hu\/hu\/wp-json\/wp\/v2\/pages\/3691\/revisions\/199586"}],"up":[{"embeddable":true,"href":"https:\/\/univet.hu\/hu\/wp-json\/wp\/v2\/pages\/858"}],"wp:attachment":[{"href":"https:\/\/univet.hu\/hu\/wp-json\/wp\/v2\/media?parent=3691"}],"wp:term":[{"taxonomy":"category","embeddable":true,"href":"https:\/\/univet.hu\/hu\/wp-json\/wp\/v2\/categories?post=3691"},{"taxonomy":"post_tag","embeddable":true,"href":"https:\/\/univet.hu\/hu\/wp-json\/wp\/v2\/tags?post=3691"}],"curies":[{"name":"wp","href":"https:\/\/api.w.org\/{rel}","templated":true}]}}