{"id":3694,"date":"2018-02-01T12:20:00","date_gmt":"2018-02-01T11:20:00","guid":{"rendered":"http:\/\/univet.hu\/egyetem\/munkatarsak\/csintalan-csaba\/"},"modified":"2026-02-10T04:00:38","modified_gmt":"2026-02-10T03:00:38","slug":"csintalan-csaba","status":"publish","type":"page","link":"https:\/\/univet.hu\/hu\/egyetem\/munkatarsak\/csintalan-csaba\/","title":{"rendered":"Csintalan Csaba"},"content":{"rendered":"<p style=\"text-align: center\">\u00a0<strong>Bemutatkoz\u00e1s<\/strong><\/p> <p>Csintalan Csaba 1995-ben diplom\u00e1zott az \u00c1llatorvostudom\u00e1nyi Egyetemen summa cum laude min\u0151s\u00edt\u00e9ssel.<\/p> <p>1996 \u00f3ta dolgozik a T\u00f6rv\u00e9nysz\u00e9ki \u00c1llatorvostani \u00e9s Gazdas\u00e1gtudom\u00e1nyi tansz\u00e9ken. 25 \u00e9ve oktatja az \u00e1llateg\u00e9szs\u00e9g\u00fcgyi igazgat\u00e1stan \u00e9s a t\u00f6rv\u00e9nysz\u00e9ki (igazs\u00e1g\u00fcgyi) \u00e1llatorvostan tant\u00e1rgyakat magyar \u00e9s angol nyelven. R\u00e9szt vesz ezen k\u00edv\u00fcl az \u00e1llatv\u00e9delem \u00e9s az Eur\u00f3pai ismeretek tant\u00e1rgyak oktat\u00e1s\u00e1ban is.<\/p> <p>2001-ben francia nyelv\u0171 MBA diplom\u00e1t szerzett az Angers-i Mez\u0151gazdas\u00e1gi Egyetemi Sz\u00f6vets\u00e9g \u00e9s a G\u00f6d\u00f6ll\u0151i Agr\u00e1rtudom\u00e1nyi Egyetem \u00e1ltal szervezett Eur\u00f3pai Uni\u00f3 region\u00e1lis- \u00e9s agr\u00e1rpolitika k\u00e9pz\u00e9sen.<\/p> <p>2006-ban cum laude min\u0151s\u00edt\u00e9ssel jog\u00e1sz doktor diplom\u00e1t szerzett az E\u00f6tv\u00f6s Lor\u00e1nd Tudom\u00e1nyegyetem \u00c1llamigazgat\u00e1si- \u00e9s Jogi Kar\u00e1n.<\/p> <p>Kit\u0171n\u0151 eredm\u00e9nnyel v\u00e9gezte el az \u00c1llatorvostudom\u00e1nyi Egyetemen az Igazgat\u00e1si- \u00e9s j\u00e1rv\u00e1ny\u00fcgyi szak\u00e1llatorvos, az Egzotikus \u00e1llatok szak\u00e1llatorvosa, valamint a Kis\u00e1llatgy\u00f3gy\u00e1sz szak\u00e1llatorvos tov\u00e1bbk\u00e9pz\u00e9seket.<\/p> <p><strong>F\u0151bb kutat\u00e1si ter\u00fcletek:<\/strong><\/p> <ul> <li>az \u00e1llatorvos jogi \u00e9s etikai felel\u0151ss\u00e9ge<\/li> <li>a fert\u0151z\u0151 betegs\u00e9gek lek\u00fczd\u00e9s\u00e9nek jogi szab\u00e1lyoz\u00e1sa<\/li> <\/ul> <p><strong>Publik\u00e1ci\u00f3s lista (Top10)<\/strong><\/p> <table style=\"height: 338px\" width=\"936\"> <tbody> <tr> <td style=\"width: 21.025px;text-align: center\">1.<\/td> <td style=\"width: 900.175px;text-align: center\">Csintalan Cs. &#8211; Visnyei L. &#8211; Horv\u00e1th G.: Az \u00e1llatv\u00e1g\u00e1s vagy -le\u00f6l\u00e9s \u00e1llatv\u00e9delmi szab\u00e1lyai az Eur\u00f3pai Uni\u00f3ban. Magy. \u00c1o. Lapja, 1997. 119. 477-482.<\/td> <\/tr> <tr> <td style=\"width: 21.025px;text-align: center\">2.<\/td> <td style=\"width: 900.175px;text-align: center\">Csintalan Cs. &#8211; Visnyei L.: Adatok a nem konvencion\u00e1lis (alternat\u00edv) gy\u00f3gy\u00edt\u00f3 m\u00f3dszerek igazs\u00e1g\u00fcgyi \u00e1llatorvostani \u00e9s etikai meg\u00edt\u00e9l\u00e9s\u00e9hez II. A nemzetk\u00f6zi \u00e9s hazai szab\u00e1lyoz\u00e1s. Magy. \u00c1o. Lapja, 1998. 120. 354-359.<\/td> <\/tr> <tr> <td style=\"width: 21.025px;text-align: center\">3.<\/td> <td style=\"width: 900.175px;text-align: center\">Csintalan Cs. &#8211; Visnyei L.: Adatok a nem konvencion\u00e1lis (alternat\u00edv) gy\u00f3gy\u00edt\u00f3 m\u00f3dszerek igazs\u00e1g\u00fcgyi \u00e1llatorvostani \u00e9s etikai meg\u00edt\u00e9l\u00e9s\u00e9hez III. Az igazs\u00e1g\u00fcgyi \u00e1llatorvostani \u00e9s az etikai meg\u00edt\u00e9l\u00e9s szempontjai. Magy. \u00c1o. Lapja, 1998. 120. 552-556.<\/td> <\/tr> <tr> <td style=\"width: 21.025px;text-align: center\">4.<\/td> <td style=\"width: 900.175px;text-align: center\">Csintalan Cs. &#8211; Visnyei L.: Az \u00e1llatok v\u00e9delme sz\u00e1ll\u00edt\u00e1suk sor\u00e1n az Eur\u00f3pai Uni\u00f3ban. Magy. \u00c1o. Lapja, 1998. 120. 622-629.<\/td> <\/tr> <tr> <td style=\"width: 21.025px;text-align: center\">5.<\/td> <td style=\"width: 900.175px;text-align: center\">Csintalan Cs. &#8211; Visnyei L.: A borjak \u00e9s a ketreces toj\u00f3ty\u00fakok tart\u00e1s\u00e1nak \u00e1llatv\u00e9delmi k\u00f6vetelm\u00e9nyei az EU-ban. Magy. \u00c1o. Lapja, 1998. 120. 753-757.<\/td> <\/tr> <tr> <td style=\"width: 21.025px;text-align: center\">6.<\/td> <td style=\"width: 900.175px;text-align: center\">Visnyei L. &#8211; Horv\u00e1th G. &#8211; Csintalan Cs.: Az \u00e1llatorvosi m\u0171k\u00f6d\u00e9s v\u00e1ltoz\u00e1sa az \u00e1llatv\u00e9delmi jogszab\u00e1lyok hat\u00e1s\u00e1ra. Magy. \u00c1o. Lapja, 1999. 121. 306-308.<\/td> <\/tr> <tr> <td style=\"width: 21.025px;text-align: center\">7.<\/td> <td style=\"width: 900.175px;text-align: center\">Visnyei L. \u2013 Csintalan Cs. Az \u00e1llatk\u00eds\u00e9rletek jogi szab\u00e1lyoz\u00e1sa. Magy. \u00c1o- Lapja, 2006. 128. 239-245.<\/td> <\/tr> <tr> <td style=\"width: 21.025px;text-align: center\">8.<\/td> <td style=\"width: 900.175px;text-align: center\">\u00d3zsv\u00e1ri L. \u2013 Visnyei L. \u2013 Csintalan Cs.: A leukosismentes\u00edt\u00e9s n\u00e9h\u00e1ny \u00e1ltal\u00e1nos igazgat\u00e1si \u00e9s gazdas\u00e1gi k\u00e9rd\u00e9se egy k\u00e1rt\u00e9r\u00edt\u00e9si per kacs\u00e1n. Magy. \u00c1o. Lapja, 2006. 128. 579-586.<\/td> <\/tr> <tr> <td style=\"width: 21.025px;text-align: center\">9.<\/td> <td style=\"width: 900.175px;text-align: center\">Szab\u00e1ra \u00c1. \u2013 S\u00e1tori \u00c1. \u2013 Csintalan Cs. \u2013 Visnyei L. \u2013 \u00d3zsv\u00e1ri L.: A Salmonellosis elleni v\u00e9dekez\u00e9s jelent\u0151s\u00e9ge \u00e9s szab\u00e1lyoz\u00e1sa 2. Magy. \u00c1o. Lapja, 2010. 132. 398-408.<\/td> <\/tr> <tr> <td style=\"width: 21.025px;text-align: center\">10.<\/td> <td style=\"width: 900.175px;text-align: center\">Cs. <a href=\"https:\/\/pdf.manuscriptpro.com\/search\/Author-Csaba-Jakab\/1\/b326c982\">Jakab<\/a>, Gy. <a href=\"https:\/\/pdf.manuscriptpro.com\/search\/Author-Gyula-Balka\/1\/3881a296\">Balka<\/a>, \u00c1. Szab\u00e1ra, Cs. <a href=\"https:\/\/pdf.manuscriptpro.com\/search\/Author-Csintalan-Csaba\/1\/7b1760ae\">Csintalan<\/a>. P. Paz\u00e1r,: <a href=\"https:\/\/pdf.manuscriptpro.com\/search\/Abstract~24106747\/1\/eba393b8\/A-case-of-cutaneous-angiolipoleiomyoma-(angiomyolipoma)-in-a-budgerigar-(Melopsittacus-undulatus).\">A case of cutaneous angiolipoleiomyoma (angiomyolipoma) in a budgerigar (Melopsittacus undulatus).<\/a> <a href=\"https:\/\/pdf.manuscriptpro.com\/search\/Journal-Avian-Pathol\/1\/cd18da30\">Avian Pathol<\/a>ogy 2013, 42(6):511-515<\/td> <\/tr> <\/tbody> <\/table> <p>&nbsp;<\/p> <p>&nbsp;<\/p> <p>&nbsp;<\/p> <p>&nbsp;<\/p> <p>&nbsp;<\/p>","protected":false},"excerpt":{"rendered":"<p>\u00a0Bemutatkoz\u00e1s Csintalan Csaba 1995-ben diplom\u00e1zott az \u00c1llatorvostudom\u00e1nyi Egyetemen summa cum laude min\u0151s\u00edt\u00e9ssel. 1996 \u00f3ta dolgozik a T\u00f6rv\u00e9nysz\u00e9ki \u00c1llatorvostani \u00e9s Gazdas\u00e1gtudom\u00e1nyi tansz\u00e9ken. 25 \u00e9ve oktatja az \u00e1llateg\u00e9szs\u00e9g\u00fcgyi igazgat\u00e1stan \u00e9s a t\u00f6rv\u00e9nysz\u00e9ki (igazs\u00e1g\u00fcgyi) \u00e1llatorvostan tant\u00e1rgyakat magyar \u00e9s angol nyelven. R\u00e9szt vesz ezen k\u00edv\u00fcl az \u00e1llatv\u00e9delem \u00e9s az Eur\u00f3pai ismeretek tant\u00e1rgyak oktat\u00e1s\u00e1ban is. 2001-ben francia nyelv\u0171 MBA diplom\u00e1t<\/p>\n","protected":false},"author":5824,"featured_media":0,"parent":858,"menu_order":211,"comment_status":"closed","ping_status":"closed","template":"","meta":{"_acf_changed":false,"footnotes":""},"categories":[56],"tags":[],"class_list":["post-3694","page","type-page","status-publish","hentry","category-munkatarsak"],"acf":[],"_links":{"self":[{"href":"https:\/\/univet.hu\/hu\/wp-json\/wp\/v2\/pages\/3694","targetHints":{"allow":["GET"]}}],"collection":[{"href":"https:\/\/univet.hu\/hu\/wp-json\/wp\/v2\/pages"}],"about":[{"href":"https:\/\/univet.hu\/hu\/wp-json\/wp\/v2\/types\/page"}],"author":[{"embeddable":true,"href":"https:\/\/univet.hu\/hu\/wp-json\/wp\/v2\/users\/5824"}],"replies":[{"embeddable":true,"href":"https:\/\/univet.hu\/hu\/wp-json\/wp\/v2\/comments?post=3694"}],"version-history":[{"count":2,"href":"https:\/\/univet.hu\/hu\/wp-json\/wp\/v2\/pages\/3694\/revisions"}],"predecessor-version":[{"id":187788,"href":"https:\/\/univet.hu\/hu\/wp-json\/wp\/v2\/pages\/3694\/revisions\/187788"}],"up":[{"embeddable":true,"href":"https:\/\/univet.hu\/hu\/wp-json\/wp\/v2\/pages\/858"}],"wp:attachment":[{"href":"https:\/\/univet.hu\/hu\/wp-json\/wp\/v2\/media?parent=3694"}],"wp:term":[{"taxonomy":"category","embeddable":true,"href":"https:\/\/univet.hu\/hu\/wp-json\/wp\/v2\/categories?post=3694"},{"taxonomy":"post_tag","embeddable":true,"href":"https:\/\/univet.hu\/hu\/wp-json\/wp\/v2\/tags?post=3694"}],"curies":[{"name":"wp","href":"https:\/\/api.w.org\/{rel}","templated":true}]}}