{"id":3697,"date":"2017-09-28T11:25:00","date_gmt":"2017-09-28T09:25:00","guid":{"rendered":"http:\/\/univet.hu\/egyetem\/munkatarsak\/csipkesne-gyurcsik-krisztina\/"},"modified":"2026-02-10T04:00:38","modified_gmt":"2026-02-10T03:00:38","slug":"csipkesne-gyurcsik-krisztina","status":"publish","type":"page","link":"https:\/\/univet.hu\/hu\/egyetem\/munkatarsak\/csipkesne-gyurcsik-krisztina\/","title":{"rendered":"Csipk\u00e9sn\u00e9 Gyurcsik Krisztina"},"content":{"rendered":"<h2>Tev\u00e9kenys\u00e9g<\/h2> <div> <p>kiad\u00e1si szerz\u0151d\u00e9sek nyilv\u00e1ntart\u00e1sa, sz\u00e1ll\u00edt\u00f3i sz\u00e1ml\u00e1k ellen\u0151rz\u00e9se, iktat\u00e1sa, teljes\u00edt\u00e9sigazol\u00e1sok ellen\u0151rz\u00e9se<\/p> <\/div>","protected":false},"excerpt":{"rendered":"<p>Tev\u00e9kenys\u00e9g kiad\u00e1si szerz\u0151d\u00e9sek nyilv\u00e1ntart\u00e1sa, sz\u00e1ll\u00edt\u00f3i sz\u00e1ml\u00e1k ellen\u0151rz\u00e9se, iktat\u00e1sa, teljes\u00edt\u00e9sigazol\u00e1sok ellen\u0151rz\u00e9se<\/p>\n","protected":false},"author":5824,"featured_media":0,"parent":858,"menu_order":211,"comment_status":"closed","ping_status":"closed","template":"","meta":{"_acf_changed":false,"footnotes":""},"categories":[56],"tags":[],"class_list":["post-3697","page","type-page","status-publish","hentry","category-munkatarsak"],"acf":[],"_links":{"self":[{"href":"https:\/\/univet.hu\/hu\/wp-json\/wp\/v2\/pages\/3697","targetHints":{"allow":["GET"]}}],"collection":[{"href":"https:\/\/univet.hu\/hu\/wp-json\/wp\/v2\/pages"}],"about":[{"href":"https:\/\/univet.hu\/hu\/wp-json\/wp\/v2\/types\/page"}],"author":[{"embeddable":true,"href":"https:\/\/univet.hu\/hu\/wp-json\/wp\/v2\/users\/5824"}],"replies":[{"embeddable":true,"href":"https:\/\/univet.hu\/hu\/wp-json\/wp\/v2\/comments?post=3697"}],"version-history":[{"count":1,"href":"https:\/\/univet.hu\/hu\/wp-json\/wp\/v2\/pages\/3697\/revisions"}],"predecessor-version":[{"id":199587,"href":"https:\/\/univet.hu\/hu\/wp-json\/wp\/v2\/pages\/3697\/revisions\/199587"}],"up":[{"embeddable":true,"href":"https:\/\/univet.hu\/hu\/wp-json\/wp\/v2\/pages\/858"}],"wp:attachment":[{"href":"https:\/\/univet.hu\/hu\/wp-json\/wp\/v2\/media?parent=3697"}],"wp:term":[{"taxonomy":"category","embeddable":true,"href":"https:\/\/univet.hu\/hu\/wp-json\/wp\/v2\/categories?post=3697"},{"taxonomy":"post_tag","embeddable":true,"href":"https:\/\/univet.hu\/hu\/wp-json\/wp\/v2\/tags?post=3697"}],"curies":[{"name":"wp","href":"https:\/\/api.w.org\/{rel}","templated":true}]}}