{"id":37057,"date":"2019-03-26T21:34:06","date_gmt":"2019-03-26T20:34:06","guid":{"rendered":"https:\/\/univet.hu\/?page_id=37057"},"modified":"2024-01-17T10:20:35","modified_gmt":"2024-01-17T09:20:35","slug":"nograd-megyei-kormanyhivatal","status":"publish","type":"page","link":"https:\/\/univet.hu\/hu\/oktatas\/tanulmanyi-osztaly\/allasajanlatok\/nograd-megyei-kormanyhivatal\/","title":{"rendered":"N\u00f3gr\u00e1d Megyei Korm\u00e1nyhivatal"},"content":{"rendered":"<p>2024.01.17<\/p> <p><a href=\"https:\/\/univet.hu\/wp-content\/uploads\/2024\/01\/Allashirdetes_Egyetem.docx\">N\u00f3gr\u00e1d V\u00e1rmegye P\u00e1szt\u00f3i J\u00e1r\u00e1s &#8211; hat\u00f3s\u00e1gi \u00e1llatorvosi<\/a><\/p> <p>2022.02.13<\/p> <p><a href=\"https:\/\/univet.hu\/wp-content\/uploads\/2022\/02\/\u00c1ll\u00e1sp\u00e1ly\u00e1zat-Hat\u00f3s\u00e1gi-\u00c1llatorvos.pdf\">N\u00f3gr\u00e1d megyei Korm\u00e1nyhivatal &#8211; Hat\u00f3s\u00e1gi \u00e1llatorvos<\/a><\/p> <p>2021.03.10<\/p> <p><a href=\"https:\/\/univet.hu\/wp-content\/uploads\/2021\/03\/Plak\u00e1t-\u00e1llatorvos.pdf\">N\u00f3gr\u00e1d megyei Korm\u00e1nyhivatal &#8211; Hat\u00f3s\u00e1gi \u00e1llatorvos<\/a><\/p> <p>&#8212;&#8212;&#8212;&#8212;&#8212;&#8212;&#8212;&#8212;&#8212;&#8212;&#8212;&#8212;&#8212;&#8212;&#8212;&#8212;&#8212;&#8212;-<\/p> <p><strong>N\u00f3gr\u00e1d Megyei Korm\u00e1nyhivatal<\/strong><\/p> <p><strong>\u00a0<\/strong><\/p> <p><strong>\u00a0<\/strong>a Korm\u00e1nyzati igazgat\u00e1sr\u00f3l sz\u00f3l\u00f3 2018. \u00e9vi CXXV. tv. 83. \u00a7 (1) bek. alapj\u00e1n<\/p> <p>p\u00e1ly\u00e1zatot hirdet<\/p> <p><strong><br \/> P\u00e1szt\u00f3i J\u00e1r\u00e1si Hivatal <\/strong><\/p> <p><strong>\u00c9lelmiszerl\u00e1nc-biztons\u00e1gi \u00e9s \u00c1llateg\u00e9szs\u00e9g\u00fcgyi Oszt\u00e1ly<\/strong><\/p> <p><strong>hat\u00f3s\u00e1gi \u00e1llatorvos<\/strong><\/p> <p>munkak\u00f6r bet\u00f6lt\u00e9s\u00e9re.<\/p> <p><strong>A korm\u00e1nyzati szolg\u00e1lati jogviszony id\u0151tartama:<\/strong><\/p> <p>hat\u00e1rozatlan idej\u0171 korm\u00e1nyzati szolg\u00e1lati jogviszony<\/p> <p><strong>\u00a0 \u00a0 \u00a0 \u00a0 \u00a0 \u00a0 \u00a0 \u00a0 \u00a0 \u00a0 \u00a0 \u00a0 <\/strong><\/p> <p><strong>Foglalkoztat\u00e1s jellege: <\/strong><\/p> <p>Teljes munkaid\u0151<\/p> <p><strong>A munkav\u00e9gz\u00e9s helye:<\/strong><\/p> <p>N\u00f3gr\u00e1d megye, 3060 P\u00e1szt\u00f3, Vas\u00fat utca 21.<\/p> <p><strong>A k\u00f6zszolg\u00e1lati tisztvisel\u0151k k\u00e9pes\u00edt\u00e9si el\u0151\u00edr\u00e1sair\u00f3l sz\u00f3l\u00f3 29\/2012. (III. 7.) Korm. rendelet alapj\u00e1n a munkak\u00f6r bet\u00f6lt\u0151je \u00e1ltal ell\u00e1tand\u00f3 feladatk\u00f6r\u00f6k:<\/strong><\/p> <p>\u00c1llateg\u00e9szs\u00e9g\u00fcgyi \u00e9s \u00e9lelmiszerl\u00e1nc-biztons\u00e1gi feladatk\u00f6r<\/p> <p><strong>Ell\u00e1tand\u00f3 feladatok:<\/strong><\/p> <p>Hat\u00f3s\u00e1gi \u00e1llatorvosi feladatok ell\u00e1t\u00e1sa.<\/p> <p><strong>A munkak\u00f6rh\u00f6z tartoz\u00f3 f\u0151bb tev\u00e9kenys\u00e9gi k\u00f6r\u00f6k:<\/strong><\/p> <p>Jogszab\u00e1lyok alapj\u00e1n a N\u00f3gr\u00e1d Megyei Korm\u00e1nyhivatal P\u00e1szt\u00f3i J\u00e1r\u00e1si Hivatal Hat\u00f3s\u00e1gi \u00c9lelmiszerl\u00e1nc-biztons\u00e1gi \u00e9s \u00c1llateg\u00e9szs\u00e9g\u00fcgyi Oszt\u00e1ly\u00e1nak hat\u00e1sk\u00f6r\u00e9be utalt hat\u00f3s\u00e1gi \u00e1llatorvosi feladatok ell\u00e1t\u00e1sa<\/p> <p><strong>Jog\u00e1ll\u00e1s, illetm\u00e9ny \u00e9s juttat\u00e1sok:<\/strong><\/p> <p>A jog\u00e1ll\u00e1sra, az illetm\u00e9ny meg\u00e1llap\u00edt\u00e1s\u00e1ra \u00e9s a juttat\u00e1sokra a Korm\u00e1nyzati igazgat\u00e1sr\u00f3l sz\u00f3l\u00f3 2018. \u00e9vi CXXV. t\u00f6rv\u00e9ny rendelkez\u00e9sei, a(z) valamint a N\u00f3gr\u00e1d Megyei Korm\u00e1nyhivatal K\u00f6zszolg\u00e1lati Szab\u00e1lyzata az ir\u00e1nyad\u00f3k.<\/p> <p><strong>\u00a0 \u00a0 \u00a0 \u00a0 \u00a0 \u00a0 \u00a0 \u00a0 \u00a0 \u00a0 \u00a0 \u00a0 <\/strong><\/p> <p><strong>P\u00e1ly\u00e1zati felt\u00e9telek:<\/strong><\/p> <ul> <li>Magyar \u00e1llampolg\u00e1rs\u00e1g,<\/li> <li>Cselekv\u0151k\u00e9pess\u00e9g,<\/li> <li>B\u00fcntetlen el\u0151\u00e9let,<\/li> <li>Egyetem, \u00e1llatorvosi szakk\u00e9pzetts\u00e9g,<\/li> <li>Vagyonnyilatkozat t\u00e9teli elj\u00e1r\u00e1s lefolytat\u00e1sa,<\/li> <li>A p\u00e1ly\u00e1zathoz mell\u00e9kelni sz\u00fcks\u00e9ges a N\u00f3gr\u00e1d Megyei Korm\u00e1nyhivatal honlapj\u00e1n http:\/\/nmkh.hu\/nmkh27\/index.php \/oeneletrajzok el\u00e9r\u00e9si helyen tal\u00e1lhat\u00f3 adatv\u00e9delmi nyilatkozatot.<\/li> <\/ul> <p><strong>A p\u00e1ly\u00e1zat r\u00e9szek\u00e9nt beny\u00fajtand\u00f3 iratok, igazol\u00e1sok:<\/strong><\/p> <ul> <li>\u00d6n\u00e9letrajz, a 45\/2012. (III.20.) Korm. rendelet 1. sz. mell\u00e9klete szerinti adattartalommal; erk\u00f6lcsi bizony\u00edtv\u00e1ny; iskolai v\u00e9gzetts\u00e9get igazol\u00f3 dokumentumok m\u00e1solata; motiv\u00e1ci\u00f3s lev\u00e9l<\/li> <\/ul> <p><strong>A munkak\u00f6r bet\u00f6lthet\u0151s\u00e9g\u00e9nek id\u0151pontja:<\/strong><\/p> <p>A munkak\u00f6r a p\u00e1ly\u00e1zatok elb\u00edr\u00e1l\u00e1s\u00e1t k\u00f6vet\u0151en azonnal bet\u00f6lthet\u0151.<\/p> <p><strong>A p\u00e1ly\u00e1zat beny\u00fajt\u00e1s\u00e1nak hat\u00e1rideje:<\/strong> 2019. j\u00fanius 20.<\/p> <p>A p\u00e1ly\u00e1zati ki\u00edr\u00e1ssal kapcsolatosan tov\u00e1bbi inform\u00e1ci\u00f3t dr. Muzsnay \u00c1gnes Jogi \u00e9s Hum\u00e1npolitikai F\u0151oszt\u00e1ly f\u0151oszt\u00e1lyvezet\u0151 ny\u00fajt, a +36 32\/620-705 -os telefonsz\u00e1mon.<\/p> <p><strong>A p\u00e1ly\u00e1zatok beny\u00fajt\u00e1s\u00e1nak m\u00f3dja: <\/strong><\/p> <ul> <li>Postai \u00faton, a p\u00e1ly\u00e1zatnak a c\u00edm\u00e9re t\u00f6rt\u00e9n\u0151 megk\u00fcld\u00e9s\u00e9vel (N\u00f3gr\u00e1d Megyei Korm\u00e1nyhivatal Jogi \u00e9s Hum\u00e1npolitika F\u0151oszt\u00e1ly 3100 Salg\u00f3tarj\u00e1n, Zemlinszky Rezs\u0151 \u00fat 9. ). K\u00e9rj\u00fck a bor\u00edt\u00e9kon felt\u00fcntetni a p\u00e1ly\u00e1zati adatb\u00e1zisban szerepl\u0151 azonos\u00edt\u00f3 sz\u00e1mot: NO\/HUM\/194-2\/2019. , valamint a munkak\u00f6r megnevez\u00e9s\u00e9t: hat\u00f3s\u00e1gi \u00e1llatorvos.<\/li> <\/ul> <p><strong>vagy<\/strong><\/p> <ul> <li>Elektronikus \u00faton dr. Muzsnay \u00c1gnes f\u0151oszt\u00e1lyvezet\u0151 r\u00e9sz\u00e9re a <a class=\"decrypt\" rel=\"nv{tobz\/bhoftAophsbe\/hpw\/iv\" href=\"javascript:void(0);\">[Kattintson az emailc\u00edmhez]<\/a> E-mail c\u00edmen kereszt\u00fcl<\/li> <\/ul> <p><strong>vagy<\/strong><\/p> <ul> <li>Elektronikus \u00faton (adatv\u00e9delmi nyilatkozattal ell\u00e1tva) https:\/\/www.e-papir.hu\/ oldalon kereszt\u00fcl. <ul> <li>Szem\u00e9lyesen: dr. Muzsnay \u00c1gnes f\u0151oszt\u00e1lyvezet\u0151, N\u00f3gr\u00e1d megye, 3100 Salg\u00f3tarj\u00e1n, Zemlinszky Rezs\u0151 \u00fat 9. .<\/li> <\/ul> <\/li> <\/ul> <p><strong>\u00a0<\/strong><\/p> <p><strong>\u00a0<\/strong><\/p> <p><strong>A p\u00e1ly\u00e1zati elj\u00e1r\u00e1s, a p\u00e1ly\u00e1zat elb\u00edr\u00e1l\u00e1s\u00e1nak m\u00f3dja, rendje:<\/strong><\/p> <p>A p\u00e1ly\u00e1zat a korm\u00e1nyzati igazgat\u00e1sr\u00f3l sz\u00f3l\u00f3 2018. \u00e9vi CXXV. tv. hat\u00e1lya al\u00e1 esik, figyelembe v\u00e9ve a Kit. rendelkez\u00e9seit, \u00edgy a foglalkoztat\u00e1s korm\u00e1nyzati szolg\u00e1lati jogviszony keretei k\u00f6z\u00f6tt t\u00f6rt\u00e9nik.<\/p> <p><strong>A p\u00e1ly\u00e1zat elb\u00edr\u00e1l\u00e1s\u00e1nak hat\u00e1rideje:<\/strong> 2019. j\u00fanius 28.<\/p> <p><strong>A p\u00e1ly\u00e1zati ki\u00edr\u00e1s tov\u00e1bbi k\u00f6zz\u00e9t\u00e9tel\u00e9nek helye, ideje: <\/strong><\/p> <ul> <li>nmkh.hu &#8211; 2019. m\u00e1rcius 28.<\/li> <\/ul> <p><strong>A munk\u00e1ltat\u00f3val kapcsolatos egy\u00e9b l\u00e9nyeges inform\u00e1ci\u00f3:<\/strong><\/p> <p>A p\u00e1ly\u00e1zat beny\u00fajt\u00e1s\u00e1hoz sz\u00fcks\u00e9ges adatv\u00e9delmi nyilatkozat a N\u00f3gr\u00e1d Megyei Korm\u00e1nyhivatal honlapj\u00e1n http:\/\/nmkh.hu\/nmkh27\/index.php\/oeneletrajzok el\u00e9r\u00e9si helyr\u0151l t\u00f6lthet\u0151 le. A nyilatkozatot szem\u00e9lyes \u00e9s postai \u00faton t\u00f6rt\u00e9n\u0151 beny\u00fajt\u00e1s eset\u00e9n eredeti al\u00e1\u00edr\u00e1ssal kell ell\u00e1tni, E-pap\u00edron t\u00f6rt\u00e9n\u0151 beny\u00fajt\u00e1s eset\u00e9n pedig csatolm\u00e1nyk\u00e9nt mell\u00e9kelni sz\u00fcks\u00e9ges. Az E-pap\u00edr szolg\u00e1ltat\u00e1s ig\u00e9nybev\u00e9tele eset\u00e9n a p\u00e1ly\u00e1zatot a N\u00f3gr\u00e1d Megyei Korm\u00e1nyhivatal Jogi \u00e9s Hum\u00e1npolitikai F\u0151oszt\u00e1ly\u00e1hoz c\u00edmzetthez, egy\u00e9b t\u00e9macsoport, egy\u00e9b \u00fcgyt\u00edpus param\u00e9terek be\u00e1ll\u00edt\u00e1s\u00e1val kell megk\u00fcldeni.<\/p> <p><strong>A munk\u00e1ltat\u00f3val kapcsolatban tov\u00e1bbi inform\u00e1ci\u00f3t a www.nmkh.hu honlapon szerezhet. <\/strong><\/p>","protected":false},"excerpt":{"rendered":"<p>2024.01.17 N\u00f3gr\u00e1d V\u00e1rmegye P\u00e1szt\u00f3i J\u00e1r\u00e1s &#8211; hat\u00f3s\u00e1gi \u00e1llatorvosi 2022.02.13 N\u00f3gr\u00e1d megyei Korm\u00e1nyhivatal &#8211; Hat\u00f3s\u00e1gi \u00e1llatorvos 2021.03.10 N\u00f3gr\u00e1d megyei Korm\u00e1nyhivatal &#8211; Hat\u00f3s\u00e1gi \u00e1llatorvos &#8212;&#8212;&#8212;&#8212;&#8212;&#8212;&#8212;&#8212;&#8212;&#8212;&#8212;&#8212;&#8212;&#8212;&#8212;&#8212;&#8212;&#8212;- N\u00f3gr\u00e1d Megyei Korm\u00e1nyhivatal \u00a0 \u00a0a Korm\u00e1nyzati igazgat\u00e1sr\u00f3l sz\u00f3l\u00f3 2018. \u00e9vi CXXV. tv. 83. \u00a7 (1) bek. alapj\u00e1n p\u00e1ly\u00e1zatot hirdet P\u00e1szt\u00f3i J\u00e1r\u00e1si Hivatal \u00c9lelmiszerl\u00e1nc-biztons\u00e1gi \u00e9s \u00c1llateg\u00e9szs\u00e9g\u00fcgyi Oszt\u00e1ly hat\u00f3s\u00e1gi \u00e1llatorvos munkak\u00f6r bet\u00f6lt\u00e9s\u00e9re. A korm\u00e1nyzati<\/p>\n","protected":false},"author":5823,"featured_media":0,"parent":26415,"menu_order":112,"comment_status":"closed","ping_status":"closed","template":"","meta":{"_acf_changed":false,"footnotes":""},"categories":[],"tags":[],"class_list":["post-37057","page","type-page","status-publish","hentry"],"acf":[],"_links":{"self":[{"href":"https:\/\/univet.hu\/hu\/wp-json\/wp\/v2\/pages\/37057","targetHints":{"allow":["GET"]}}],"collection":[{"href":"https:\/\/univet.hu\/hu\/wp-json\/wp\/v2\/pages"}],"about":[{"href":"https:\/\/univet.hu\/hu\/wp-json\/wp\/v2\/types\/page"}],"author":[{"embeddable":true,"href":"https:\/\/univet.hu\/hu\/wp-json\/wp\/v2\/users\/5823"}],"replies":[{"embeddable":true,"href":"https:\/\/univet.hu\/hu\/wp-json\/wp\/v2\/comments?post=37057"}],"version-history":[{"count":0,"href":"https:\/\/univet.hu\/hu\/wp-json\/wp\/v2\/pages\/37057\/revisions"}],"up":[{"embeddable":true,"href":"https:\/\/univet.hu\/hu\/wp-json\/wp\/v2\/pages\/26415"}],"wp:attachment":[{"href":"https:\/\/univet.hu\/hu\/wp-json\/wp\/v2\/media?parent=37057"}],"wp:term":[{"taxonomy":"category","embeddable":true,"href":"https:\/\/univet.hu\/hu\/wp-json\/wp\/v2\/categories?post=37057"},{"taxonomy":"post_tag","embeddable":true,"href":"https:\/\/univet.hu\/hu\/wp-json\/wp\/v2\/tags?post=37057"}],"curies":[{"name":"wp","href":"https:\/\/api.w.org\/{rel}","templated":true}]}}