{"id":3706,"date":"2017-11-20T09:27:00","date_gmt":"2017-11-20T08:27:00","guid":{"rendered":"http:\/\/univet.hu\/egyetem\/munkatarsak\/darnay-livia\/"},"modified":"2026-03-25T10:26:25","modified_gmt":"2026-03-25T09:26:25","slug":"darnay-livia","status":"publish","type":"page","link":"https:\/\/univet.hu\/hu\/egyetem\/munkatarsak\/darnay-livia\/","title":{"rendered":"Darnay L\u00edvia"},"content":{"rendered":"<p style=\"text-align: center\"><strong><span style=\"font-size: 14pt\">Bemutatkoz\u00e1s\u00a0\u00a0<\/span> <\/strong><\/p> <p style=\"text-align: justify\">Dr. Darnay L\u00edvia Budapesten sz\u00fcletett, 2009-ben v\u00e9gzett a Budapesti Corvinus Egyetem \u00c9lelmiszertudom\u00e1nyi Kar\u00e1n, okleveles \u00e9lelmiszerm\u00e9rn\u00f6k szakon, \u00c9lelmiszerbiotechnol\u00f3gia szakir\u00e1nyon. Doktori kutat\u00e1sait 2011-ben kezdte, t\u00e9m\u00e1ja: Mikrobi\u00e1lis transzglutamin\u00e1z alkalmazhat\u00f3s\u00e1ga tej- \u00e9s h\u00fasipari term\u00e9kn\u00e9l. \u00c9lelmiszertudom\u00e1nyok Doktora c\u00edmet szerzett 2017-ben. \u00a0Az \u00c1llatorvostudom\u00e1nyi Egyetem \u00c9lelmiszer-higi\u00e9niai Tansz\u00e9k\u00e9n 2017 szeptembere \u00f3ta dolgozik. \u00a0Jelenleg a 2 f\u00e9l\u00e9ves \u00c9lelmiszer-higi\u00e9nia t\u00e1rgy egyik el\u0151ad\u00f3ja \u00e9s gyakorlattart\u00f3ja, oktat\u00e1si tev\u00e9kenys\u00e9ge mellett a Tansz\u00e9khez tartoz\u00f3 \u00c9lelmiszertechnol\u00f3gia Laborat\u00f3rium vezet\u0151je, ahol szerte\u00e1gaz\u00f3 kutat\u00e1sokat v\u00e9gez f\u0151leg \u00e1llati eredet\u0171 \u00e9lelmiszerek, azon bel\u00fcl is a tejterm\u00e9kek kapcs\u00e1n.<\/p> <p>&nbsp;<\/p> <p><strong>F\u0151bb kutat\u00e1si ter\u00fcletek: <\/strong><\/p> <ul> <li>K\u00fcl\u00f6nb\u00f6z\u0151 tejfajt\u00e1kb\u00f3l (szarvasmarha, kecske, szam\u00e1r, bivaly, teve) k\u00e9sz\u00fcl\u0151 ferment\u00e1lt tejterm\u00e9kek \u00e9s olt\u00f3s alvaszt\u00e1s\u00fa sajtok \u00e9lelmiszermin\u0151s\u00e9gi \u00e9s \u00e9lelmiszerbiztons\u00e1gi vonatkoz\u00e1sai<\/li> <li>Veg\u00e1n alap\u00fa term\u00e9kek fejleszt\u00e9se, h\u00fasut\u00e1nzatok<\/li> <li>Mikrobi\u00e1lis transzglutamin\u00e1z enzim szerepe az \u00e1llom\u00e1nykialak\u00edt\u00e1sban \u00e9s a biog\u00e9n aminok keletkez\u00e9s\u00e9ben<\/li> <\/ul> <p>&nbsp;<\/p> <p><strong>El\u0151rehalad\u00e1s<\/strong><\/p> <table style=\"height: 304px\" width=\"731\"> <tbody> <tr style=\"height: 53px\"> <td style=\"width: 175.5px;height: 53px;text-align: center\">\u00a0<strong>Munkahelyek<\/strong><\/td> <td style=\"width: 319.9px;height: 53px;text-align: center\"><strong>Int\u00e9zm\u00e9ny neve<\/strong><\/td> <td style=\"width: 213.6px;height: 53px;text-align: center\"><strong>Beoszt\u00e1s<\/strong><\/td> <\/tr> <tr style=\"height: 65px\"> <td style=\"width: 175.5px;height: 65px\">2019-<\/td> <td style=\"width: 319.9px;height: 65px\">\u00c1llatorvostudom\u00e1nyi Egyetem \u2013 \u00c9lelmiszer-higi\u00e9niai Tansz\u00e9k<\/td> <td style=\"width: 213.6px;height: 65px\"> <p>adjunktus,<\/p> <p>laborvezet\u0151<\/td> <\/tr> <tr style=\"height: 82px\"> <td style=\"width: 175.5px;height: 82px\">2017-2018<\/td> <td style=\"width: 319.9px;height: 82px\">\u00c1llatorvostudom\u00e1nyi Egyetem \u2013 \u00c9lelmiszer-higi\u00e9niai Tansz\u00e9k<\/td> <td style=\"width: 213.6px;height: 82px\">tansz\u00e9ki m\u00e9rn\u00f6k, laborvezet\u0151<\/td> <\/tr> <tr style=\"height: 104px\"> <td style=\"width: 175.5px;height: 104px\">2011-2017<\/td> <td style=\"width: 319.9px;height: 104px\">Szent Istv\u00e1n Egyetem \u2013 \u00c9lelmiszertudom\u00e1nyi Doktori Iskola<\/td> <td style=\"width: 213.6px;height: 104px\">PhD hallgat\u00f3<\/td> <\/tr> <\/tbody> <\/table> <p><strong>Szakmai szervezeti tags\u00e1g<\/strong><\/p> <table style=\"height: 56px;width: 725px\" width=\"612\"> <tbody> <tr style=\"height: 24px\"> <td style=\"height: 24px;width: 372.733px;text-align: center\"><strong>Bizotts\u00e1g neve<\/strong><\/td> <td style=\"height: 24px;width: 76.1667px;text-align: center\"><strong>Id\u0151<\/strong><\/td> <td style=\"height: 24px;width: 254.1px;text-align: center\"><strong>Tiszts\u00e9g<\/strong><\/td> <\/tr> <tr style=\"height: 32px\"> <td style=\"height: 32px;width: 372.733px\">MTA, \u00c9lelmiszer-tudom\u00e1nyi Bizotts\u00e1g<\/td> <td style=\"height: 32px;width: 76.1667px\">2018-<\/td> <td style=\"height: 32px;width: 254.1px\">K\u00f6ztest\u00fcleti tag<\/td> <\/tr> <\/tbody> <\/table> <p><strong>Eddigi szakdolgozat\/TDK hallgat\u00f3k sz\u00e1ma: 16<\/strong><\/p> <p>&nbsp;<\/p> <p><strong>Publik\u00e1ci\u00f3s lista (Top10)<\/strong><\/p> <p>MTMT:<\/p> <p><a href=\"https:\/\/m2.mtmt.hu\/gui2\/?type=authors&amp;mode=browse&amp;sel=authors10038684\">https:\/\/m2.mtmt.hu\/gui2\/?type=authors&amp;mode=browse&amp;sel=authors10038684<\/a><\/p> <p>&nbsp;<\/p> <p>&nbsp;<\/p> <p>&nbsp;<\/p> <p>&nbsp;<\/p>","protected":false},"excerpt":{"rendered":"<p>Bemutatkoz\u00e1s\u00a0\u00a0 Dr. Darnay L\u00edvia Budapesten sz\u00fcletett, 2009-ben v\u00e9gzett a Budapesti Corvinus Egyetem \u00c9lelmiszertudom\u00e1nyi Kar\u00e1n, okleveles \u00e9lelmiszerm\u00e9rn\u00f6k szakon, \u00c9lelmiszerbiotechnol\u00f3gia szakir\u00e1nyon. Doktori kutat\u00e1sait 2011-ben kezdte, t\u00e9m\u00e1ja: Mikrobi\u00e1lis transzglutamin\u00e1z alkalmazhat\u00f3s\u00e1ga tej- \u00e9s h\u00fasipari term\u00e9kn\u00e9l. \u00c9lelmiszertudom\u00e1nyok Doktora c\u00edmet szerzett 2017-ben. \u00a0Az \u00c1llatorvostudom\u00e1nyi Egyetem \u00c9lelmiszer-higi\u00e9niai Tansz\u00e9k\u00e9n 2017 szeptembere \u00f3ta dolgozik. \u00a0Jelenleg a 2 f\u00e9l\u00e9ves \u00c9lelmiszer-higi\u00e9nia t\u00e1rgy egyik el\u0151ad\u00f3ja \u00e9s gyakorlattart\u00f3ja,<\/p>\n","protected":false},"author":5824,"featured_media":0,"parent":858,"menu_order":211,"comment_status":"closed","ping_status":"closed","template":"","meta":{"_acf_changed":false,"footnotes":""},"categories":[56],"tags":[],"class_list":["post-3706","page","type-page","status-publish","hentry","category-munkatarsak"],"acf":[],"_links":{"self":[{"href":"https:\/\/univet.hu\/hu\/wp-json\/wp\/v2\/pages\/3706","targetHints":{"allow":["GET"]}}],"collection":[{"href":"https:\/\/univet.hu\/hu\/wp-json\/wp\/v2\/pages"}],"about":[{"href":"https:\/\/univet.hu\/hu\/wp-json\/wp\/v2\/types\/page"}],"author":[{"embeddable":true,"href":"https:\/\/univet.hu\/hu\/wp-json\/wp\/v2\/users\/5824"}],"replies":[{"embeddable":true,"href":"https:\/\/univet.hu\/hu\/wp-json\/wp\/v2\/comments?post=3706"}],"version-history":[{"count":3,"href":"https:\/\/univet.hu\/hu\/wp-json\/wp\/v2\/pages\/3706\/revisions"}],"predecessor-version":[{"id":204174,"href":"https:\/\/univet.hu\/hu\/wp-json\/wp\/v2\/pages\/3706\/revisions\/204174"}],"up":[{"embeddable":true,"href":"https:\/\/univet.hu\/hu\/wp-json\/wp\/v2\/pages\/858"}],"wp:attachment":[{"href":"https:\/\/univet.hu\/hu\/wp-json\/wp\/v2\/media?parent=3706"}],"wp:term":[{"taxonomy":"category","embeddable":true,"href":"https:\/\/univet.hu\/hu\/wp-json\/wp\/v2\/categories?post=3706"},{"taxonomy":"post_tag","embeddable":true,"href":"https:\/\/univet.hu\/hu\/wp-json\/wp\/v2\/tags?post=3706"}],"curies":[{"name":"wp","href":"https:\/\/api.w.org\/{rel}","templated":true}]}}