{"id":37091,"date":"2019-03-27T13:44:03","date_gmt":"2019-03-27T12:44:03","guid":{"rendered":"https:\/\/univet.hu\/?page_id=37091"},"modified":"2026-02-10T03:58:50","modified_gmt":"2026-02-10T02:58:50","slug":"kojer-judit","status":"publish","type":"page","link":"https:\/\/univet.hu\/hu\/egyetem\/munkatarsak\/kojer-judit\/","title":{"rendered":"Sebesztha-Kojer Judit"},"content":{"rendered":"<p><strong>Bemutatkoz\u00e1s\u00a0 <\/strong><\/p> <p>\u00c1llatorvosi diplom\u00e1mat <em>summa cum laude <\/em>min\u0151s\u00edt\u00e9ssel szereztem meg 2015-ben, ezzel p\u00e1rhuzamosan a fels\u0151fok\u00fa vad\u00e1szati \u00e9s vadgazd\u00e1lkod\u00e1si k\u00e9pz\u00e9st is elv\u00e9geztem az \u00c1llatorvostudom\u00e1nyi Egyetemen.<\/p> <p>A diplomaszerz\u00e9st k\u00f6vet\u0151en a L\u00f3gy\u00f3gy\u00e1szati Tansz\u00e9k \u00e9s Klinika munkat\u00e1rsa voltam klinikus \u00e1llatorvosk\u00e9nt, ahol lovak belgy\u00f3gy\u00e1szat\u00e1val \u00e9s aneszt\u00e9zi\u00e1j\u00e1val foglalkoztam, III. \u00e9s IV. \u00e9vfolyamos hallgat\u00f3kat oktattam angol \u00e9s magyar nyelven, emellett az \u00fcgyeleti feladatok ell\u00e1t\u00e1s\u00e1ban is r\u00e9szt vettem. K\u00e9s\u0151bb a klinika \u00e1llatorvosi laborj\u00e1nak vezet\u0151je lettem.<\/p> <p>2019-t\u0151l dolgozom az <span data-olk-copy-source=\"MessageBody\">Egzotikus\u00e1llat-, Vad-, Hal- \u00e9s M\u00e9heg\u00e9szs\u00e9g\u00fcgyi Tansz\u00e9k<\/span>en klinikus \u00e1llatorvosk\u00e9nt. Jelenleg az Egzotikus\u00e1llatok Gy\u00f3gy\u00e1szata szak\u00e1llatorvos k\u00e9pz\u00e9st v\u00e9gzem.<\/p> <p><strong>F\u0151bb kutat\u00e1si ter\u00fcletek<\/strong><\/p> <p><strong>El\u0151rehalad\u00e1s<\/strong><\/p> <p><strong>Szakmai szervezeti tags\u00e1g<\/strong><\/p> <p><strong>\u00a0<\/strong><strong>Eddigi szakdolgozat\/TDK hallgat\u00f3k sz\u00e1ma<\/strong><\/p> <p><strong>Publik\u00e1ci\u00f3s lista (Top10)<\/strong><\/p> <p>MTMT:<\/p> <table> <tbody> <tr> <td>1.<\/td> <td>Anna Linda N\u00f3gr\u00e1di, Judit Kojer, D\u00f3ra Csat\u00e1ri, Ian Cope, Tibor N\u00e9meth \u2013 Facial reconstructive surgery after tumour removal in a guinea pig (Cavia Porcellus) \u2013 Companion Animal, 2020, Vol. 26, No 1.<\/td> <\/tr> <tr> <td>2.<\/td> <td>Kojer J., Bakos Z. \u2013 Id\u00fclt vesebetegs\u00e9g lovakban: 7 klinikai eset bemutat\u00e1sa \u2013 Magyar \u00c1llatorvosok Lapja, 2020, Vol. 142. No. 8. 451-465.<\/td> <\/tr> <tr> <td>3.<\/td> <td>Kojer J., Sebesztha B., Bakos Z. \u2013 A paraffinolaj hat\u00e9konys\u00e1g\u00e1nak vizsg\u00e1lata lovak t\u00e1gremese-obstip\u00e1ci\u00f3j\u00e1nak gy\u00f3gykezel\u00e9s\u00e9ben \u2013 Magyar \u00c1llatorvosok Lapja, 2018, Vol. 140. No. 12. 707-713.<\/td> <\/tr> <\/tbody> <\/table> <p>&nbsp;<\/p> <p>&nbsp;<\/p>","protected":false},"excerpt":{"rendered":"<p>Bemutatkoz\u00e1s\u00a0 \u00c1llatorvosi diplom\u00e1mat summa cum laude min\u0151s\u00edt\u00e9ssel szereztem meg 2015-ben, ezzel p\u00e1rhuzamosan a fels\u0151fok\u00fa vad\u00e1szati \u00e9s vadgazd\u00e1lkod\u00e1si k\u00e9pz\u00e9st is elv\u00e9geztem az \u00c1llatorvostudom\u00e1nyi Egyetemen. A diplomaszerz\u00e9st k\u00f6vet\u0151en a L\u00f3gy\u00f3gy\u00e1szati Tansz\u00e9k \u00e9s Klinika munkat\u00e1rsa voltam klinikus \u00e1llatorvosk\u00e9nt, ahol lovak belgy\u00f3gy\u00e1szat\u00e1val \u00e9s aneszt\u00e9zi\u00e1j\u00e1val foglalkoztam, III. \u00e9s IV. \u00e9vfolyamos hallgat\u00f3kat oktattam angol \u00e9s magyar nyelven, emellett az \u00fcgyeleti feladatok<\/p>\n","protected":false},"author":5824,"featured_media":0,"parent":858,"menu_order":38,"comment_status":"closed","ping_status":"closed","template":"","meta":{"_acf_changed":false,"footnotes":""},"categories":[],"tags":[],"class_list":["post-37091","page","type-page","status-publish","hentry"],"acf":[],"_links":{"self":[{"href":"https:\/\/univet.hu\/hu\/wp-json\/wp\/v2\/pages\/37091","targetHints":{"allow":["GET"]}}],"collection":[{"href":"https:\/\/univet.hu\/hu\/wp-json\/wp\/v2\/pages"}],"about":[{"href":"https:\/\/univet.hu\/hu\/wp-json\/wp\/v2\/types\/page"}],"author":[{"embeddable":true,"href":"https:\/\/univet.hu\/hu\/wp-json\/wp\/v2\/users\/5824"}],"replies":[{"embeddable":true,"href":"https:\/\/univet.hu\/hu\/wp-json\/wp\/v2\/comments?post=37091"}],"version-history":[{"count":1,"href":"https:\/\/univet.hu\/hu\/wp-json\/wp\/v2\/pages\/37091\/revisions"}],"predecessor-version":[{"id":181673,"href":"https:\/\/univet.hu\/hu\/wp-json\/wp\/v2\/pages\/37091\/revisions\/181673"}],"up":[{"embeddable":true,"href":"https:\/\/univet.hu\/hu\/wp-json\/wp\/v2\/pages\/858"}],"wp:attachment":[{"href":"https:\/\/univet.hu\/hu\/wp-json\/wp\/v2\/media?parent=37091"}],"wp:term":[{"taxonomy":"category","embeddable":true,"href":"https:\/\/univet.hu\/hu\/wp-json\/wp\/v2\/categories?post=37091"},{"taxonomy":"post_tag","embeddable":true,"href":"https:\/\/univet.hu\/hu\/wp-json\/wp\/v2\/tags?post=37091"}],"curies":[{"name":"wp","href":"https:\/\/api.w.org\/{rel}","templated":true}]}}