{"id":3712,"date":"2018-04-17T10:36:00","date_gmt":"2018-04-17T08:36:00","guid":{"rendered":"http:\/\/univet.hu\/egyetem\/munkatarsak\/dekay-valeria-aranka\/"},"modified":"2026-02-10T04:00:20","modified_gmt":"2026-02-10T03:00:20","slug":"szabo-bernadett","status":"publish","type":"page","link":"https:\/\/univet.hu\/hu\/egyetem\/munkatarsak\/szabo-bernadett\/","title":{"rendered":"Szab\u00f3 Bernadett"},"content":{"rendered":"<p style=\"text-align: center\"><strong><span style=\"font-size: 14pt\">Bemutatkoz\u00e1s<\/span><\/strong><\/p> <p>2004-ben v\u00e9geztem a Budapesti M\u0171szaki \u00e9s Gazdas\u00e1gtudom\u00e1nyi Egyetem vegy\u00e9szm\u00e9rn\u00f6ki Kar\u00e1n okleveles biom\u00e9rn\u00f6kk\u00e9nt. N\u00e9h\u00e1ny \u00e9v Akad\u00e9miai kutat\u00f3munka ut\u00e1n ker\u00fcltem az \u00c1llatorvosi Egyetemre.<\/p> <p>Jelenleg a KONK tansz\u00e9k Laborat\u00f3rium\u00e1nak munk\u00e1j\u00e1t ir\u00e1ny\u00edtom. Emellett r\u00e9szt veszek a Labordiagnosztika tant\u00e1rgy oktat\u00e1s\u00e1ban, valamint a kis\u00e1llatgy\u00f3gy\u00e1sz asszisztens k\u00e9pz\u00e9sben. Sz\u00e1mos egyetemi \u00e9s egyetemen k\u00edv\u00fcli kutat\u00f3hellyel l\u00e9trej\u00f6tt egy\u00fcttm\u0171k\u00f6d\u00e9s laborat\u00f3riumi vizsg\u00e1latait koordin\u00e1lom.<\/p> <p><strong>F\u0151bb kutat\u00e1si ter\u00fcletek:<\/strong><\/p> <ul> <li>Onkol\u00f3gia: fotodinamikus ter\u00e1pia, ter\u00e1piarezisztanci\u00e1k<\/li> <\/ul> <p><strong>El\u0151rehalad\u00e1s<\/strong><\/p> <p><strong>Szakmai szervezeti tags\u00e1g<\/strong><\/p> <table style=\"height: 141px\" width=\"1010\"> <tbody> <tr> <td style=\"width: 528.05px\"><strong>Bizotts\u00e1g neve<\/strong><\/td> <td style=\"width: 105.483px\"><strong>Id\u0151<\/strong><\/td> <td style=\"width: 356.067px\"><strong>Tiszts\u00e9g<\/strong><\/td> <\/tr> <tr> <td style=\"width: 528.05px\">Magyar Labordiagnosztikai T\u00e1rsas\u00e1g<\/td> <td style=\"width: 105.483px\">2018<\/td> <td style=\"width: 356.067px\">rendes tag<\/td> <\/tr> <\/tbody> <\/table> <p><strong>Eddigi szakdolgozat\/TDK hallgat\u00f3k sz\u00e1ma<\/strong><\/p> <p>4<\/p> <table width=\"569\"> <tbody> <tr> <td colspan=\"2\" width=\"569\"><strong>PhD-hallgat\u00f3k<\/strong><\/td> <\/tr> <\/tbody> <\/table> <p>&nbsp;<\/p> <p><strong>Publik\u00e1ci\u00f3s lista (Top10)<\/strong><\/p> <p>MTMT:<\/p> <table style=\"height: 271px\" width=\"980\"> <tbody> <tr style=\"height: 28px\"> <td style=\"width: 35px;height: 28px;text-align: center\">1.<\/td> <td style=\"width: 930.2px;height: 28px;text-align: center\"><a href=\"https:\/\/m2.mtmt.hu\/api\/author\/10064539\">Koltai, Zs\u00f3fia<\/a> ; <a href=\"https:\/\/m2.mtmt.hu\/api\/author\/10047809\">Szab\u00f3, Bernadett<\/a> ; <a href=\"https:\/\/m2.mtmt.hu\/api\/author\/10002273\">Jakus, Judit<\/a> ; <a href=\"https:\/\/m2.mtmt.hu\/api\/author\/10002293\">Vajdovich, P\u00e9ter<\/a>:\u00a0\u00a0 <a href=\"https:\/\/m2.mtmt.hu\/api\/publication\/3402130\">Tyrosine kinase expression analyses in canine mammary gland tumours \u2013 A pilot study\u00a0<\/a>\u00a0\u00a0 ACTA VETERINARIA HUNGARICA66 : 2pp. 294-308. , 15 p. (2018)<\/td> <\/tr> <tr style=\"height: 19px\"> <td style=\"width: 35px;height: 19px;text-align: center\">2.<\/td> <td style=\"width: 930.2px;height: 19px;text-align: center\"><a href=\"https:\/\/m2.mtmt.hu\/api\/author\/10023177\">Cs\u00f6ndes, Judit<\/a> ; <a href=\"https:\/\/m2.mtmt.hu\/api\/author\/10023209\">Fabian, Ibolya<\/a> ; <a href=\"https:\/\/m2.mtmt.hu\/api\/author\/10047809\">Szab\u00f3, Bernadett<\/a> ; <a href=\"https:\/\/m2.mtmt.hu\/api\/author\/10023187\">M\u00e1th\u00e9, \u00c1kos<\/a> ; <a href=\"https:\/\/m2.mtmt.hu\/api\/author\/10002293\">Vajdovich, P\u00e9ter<\/a>:\u00a0\u00a0\u00a0 <a href=\"https:\/\/m2.mtmt.hu\/api\/publication\/3332024\">Assessment of adrenocortical reserve capacity and inflammatory parameters in critically ill dogs<\/a>\u00a0 ACTA VETERINARIA HUNGARICA65 : 4pp. 475-486. , 12 p. (2017)<\/td> <\/tr> <tr style=\"height: 28px\"> <td style=\"width: 35px;height: 28px;text-align: center\">3.<\/td> <td style=\"width: 930.2px;height: 28px;text-align: center\"><a href=\"https:\/\/m2.mtmt.hu\/api\/author\/10064539\">Koltai, Zs\u00f3fia<\/a> ; <a href=\"https:\/\/m2.mtmt.hu\/api\/author\/10002293\">Vajdovich, P\u00e9ter<\/a> ; <a href=\"https:\/\/m2.mtmt.hu\/api\/author\/10023089\">Jakab, Csaba<\/a> ; <a href=\"https:\/\/m2.mtmt.hu\/api\/author\/10047809\">Szab\u00f3, Bernadett<\/a>:\u00a0\u00a0 <a href=\"https:\/\/m2.mtmt.hu\/api\/publication\/3261795\">A tirozinkin\u00e1z-g\u00e1tl\u00e1s jelent\u0151s\u00e9ge kis\u00e1llatok daganatos k\u00f3rk\u00e9pei eset\u00e9n : Irodalmi \u00f6sszefoglal\u00f3: Tyrosine kinase inhibitors in veterinary oncology\u00a0<\/a>\u00a0\u00a0\u00a0MAGYAR \u00c1LLATORVOSOK LAPJA139 : 8pp. 465-472. , 8 p. (2017)<\/td> <\/tr> <tr style=\"height: 28px\"> <td style=\"width: 35px;height: 28px;text-align: center\">4.<\/td> <td style=\"width: 930.2px;height: 28px;text-align: center\"><a href=\"https:\/\/m2.mtmt.hu\/api\/author\/10023265\">Moln\u00e1r, P\u00e9ter<\/a> ; Horv\u00e1th, D\u00e1vid ; <a href=\"https:\/\/m2.mtmt.hu\/api\/author\/10047809\">Szab\u00f3, Bernadett<\/a> ; <a href=\"https:\/\/m2.mtmt.hu\/api\/author\/10002293\">Vajdovich, P\u00e9ter<\/a> ; <a href=\"https:\/\/m2.mtmt.hu\/api\/author\/10002273\">Jakus, Judit<\/a>:\u00a0\u00a0 <a href=\"https:\/\/m2.mtmt.hu\/api\/publication\/2200459\">Fotodinamikus gy\u00f3gym\u00f3d alkalmaz\u00e1sa az \u00e1llatorvosi onkol\u00f3gi\u00e1ban : Irodalmi \u00e1ttekint\u00e9s \u00e9s saj\u00e1t tapasztalatok: Photodynamic therapy in veterinary oncology. Literature review and own experiences<\/a>\u00a0\u00a0 MAGYAR \u00c1LLATORVOSOK LAPJA134 : 4pp. 242-251. , 10 p. (2012)<\/td> <\/tr> <tr style=\"height: 28px\"> <td style=\"width: 35px;height: 28px;text-align: center\">5.<\/td> <td style=\"width: 930.2px;height: 28px;text-align: center\">Kinnunen, S ; Oksala, N ; Hyypp\u00e4, S ; Sen, C K ; <a href=\"https:\/\/m2.mtmt.hu\/api\/author\/10003262\">Radak, Z<\/a> ; Laaksonen, D E ; <a href=\"https:\/\/m2.mtmt.hu\/api\/author\/10047809\">Szab\u00f3, B<\/a> ;\u00a0 <a href=\"https:\/\/m2.mtmt.hu\/api\/author\/10002273\">Jakus, J<\/a> ; Atalay, M: <a href=\"https:\/\/m2.mtmt.hu\/api\/publication\/1303987\">\u03b1-Lipoic acid modulates thiol antioxidant defences and attenuates exercise-induced oxidative stress in standardbred trotters<\/a>FREE RADICAL RESEARCH43 : 8pp. 697-705. , 9 p. (2009)<\/td> <\/tr> <tr style=\"height: 28px\"> <td style=\"width: 35px;height: 28px;text-align: center\">6.<\/td> <td style=\"width: 930.2px;height: 28px;text-align: center\"><a href=\"https:\/\/m2.mtmt.hu\/api\/author\/10047809\">Szab\u00f3, B<\/a> ; Moln\u00e1r, P ; Vajdovich, P ; Sz\u00e9cs\u00e9nyi, D ; <a href=\"https:\/\/m2.mtmt.hu\/api\/author\/10002273\">Jakus, J<\/a>: <a href=\"https:\/\/m2.mtmt.hu\/api\/publication\/113028\">Relationship between photodynamic therapy and the redox status of companion animal tumors <\/a>\u00a0\u00a0\u00a0BULLETIN OF UNIVERSITY OF AGRICULTURAL SCIENCES AND VETERINARY MEDICINE CLUJ-NAPOCA &#8211; VETERINARY MEDICINE65 : 1pp. 401-405. , 5 p. (2008)<\/td> <\/tr> <tr style=\"height: 28px\"> <td style=\"width: 35px;height: 28px;text-align: center\">7.<\/td> <td style=\"width: 930.2px;height: 28px;text-align: center\"><a href=\"https:\/\/m2.mtmt.hu\/api\/author\/10013546\">Vany\u00far, R<\/a> ; <a href=\"https:\/\/m2.mtmt.hu\/api\/author\/10047809\">Szab\u00f3, B<\/a> ; <a href=\"https:\/\/m2.mtmt.hu\/api\/author\/10002273\">Jakus, J<\/a>: <a href=\"https:\/\/m2.mtmt.hu\/api\/publication\/112767\">Kinetics of photosensitizer clearance in murine organs<\/a>\u00a0\u00a0\u00a0REACTION KINETICS AND CATALYSIS LETTERS83 : 1pp. 173-179. , 7 p. (2004)<\/td> <\/tr> <\/tbody> <\/table> <p>&nbsp;<\/p> <p>&nbsp;<\/p> <p>&nbsp;<\/p> <p>&nbsp;<\/p> <p>&nbsp;<\/p>","protected":false},"excerpt":{"rendered":"<p>Bemutatkoz\u00e1s 2004-ben v\u00e9geztem a Budapesti M\u0171szaki \u00e9s Gazdas\u00e1gtudom\u00e1nyi Egyetem vegy\u00e9szm\u00e9rn\u00f6ki Kar\u00e1n okleveles biom\u00e9rn\u00f6kk\u00e9nt. N\u00e9h\u00e1ny \u00e9v Akad\u00e9miai kutat\u00f3munka ut\u00e1n ker\u00fcltem az \u00c1llatorvosi Egyetemre. Jelenleg a KONK tansz\u00e9k Laborat\u00f3rium\u00e1nak munk\u00e1j\u00e1t ir\u00e1ny\u00edtom. Emellett r\u00e9szt veszek a Labordiagnosztika tant\u00e1rgy oktat\u00e1s\u00e1ban, valamint a kis\u00e1llatgy\u00f3gy\u00e1sz asszisztens k\u00e9pz\u00e9sben. Sz\u00e1mos egyetemi \u00e9s egyetemen k\u00edv\u00fcli kutat\u00f3hellyel l\u00e9trej\u00f6tt egy\u00fcttm\u0171k\u00f6d\u00e9s laborat\u00f3riumi vizsg\u00e1latait koordin\u00e1lom. F\u0151bb kutat\u00e1si ter\u00fcletek:<\/p>\n","protected":false},"author":5824,"featured_media":0,"parent":858,"menu_order":210,"comment_status":"closed","ping_status":"closed","template":"","meta":{"_acf_changed":false,"footnotes":""},"categories":[56],"tags":[],"class_list":["post-3712","page","type-page","status-publish","hentry","category-munkatarsak"],"acf":[],"_links":{"self":[{"href":"https:\/\/univet.hu\/hu\/wp-json\/wp\/v2\/pages\/3712","targetHints":{"allow":["GET"]}}],"collection":[{"href":"https:\/\/univet.hu\/hu\/wp-json\/wp\/v2\/pages"}],"about":[{"href":"https:\/\/univet.hu\/hu\/wp-json\/wp\/v2\/types\/page"}],"author":[{"embeddable":true,"href":"https:\/\/univet.hu\/hu\/wp-json\/wp\/v2\/users\/5824"}],"replies":[{"embeddable":true,"href":"https:\/\/univet.hu\/hu\/wp-json\/wp\/v2\/comments?post=3712"}],"version-history":[{"count":2,"href":"https:\/\/univet.hu\/hu\/wp-json\/wp\/v2\/pages\/3712\/revisions"}],"predecessor-version":[{"id":175708,"href":"https:\/\/univet.hu\/hu\/wp-json\/wp\/v2\/pages\/3712\/revisions\/175708"}],"up":[{"embeddable":true,"href":"https:\/\/univet.hu\/hu\/wp-json\/wp\/v2\/pages\/858"}],"wp:attachment":[{"href":"https:\/\/univet.hu\/hu\/wp-json\/wp\/v2\/media?parent=3712"}],"wp:term":[{"taxonomy":"category","embeddable":true,"href":"https:\/\/univet.hu\/hu\/wp-json\/wp\/v2\/categories?post=3712"},{"taxonomy":"post_tag","embeddable":true,"href":"https:\/\/univet.hu\/hu\/wp-json\/wp\/v2\/tags?post=3712"}],"curies":[{"name":"wp","href":"https:\/\/api.w.org\/{rel}","templated":true}]}}