{"id":37274,"date":"2019-04-01T10:54:05","date_gmt":"2019-04-01T08:54:05","guid":{"rendered":"https:\/\/univet.hu\/?page_id=37274"},"modified":"2026-04-16T10:32:51","modified_gmt":"2026-04-16T08:32:51","slug":"szolgaltatasok","status":"publish","type":"page","link":"https:\/\/univet.hu\/hu\/egyetem\/szervezeti-egysegek\/patologiai-tanszek\/szolgaltatasok\/","title":{"rendered":"Szolg\u00e1ltat\u00e1sok"},"content":{"rendered":"<div class=\"bi6gxh9e\"> <p><a href=\"https:\/\/forms.office.com\/Pages\/ResponsePage.aspx?id=cI-IPWq9kUSJE9qdG6_HR4w4xrftTIdLrH1LU5J6EQdUQzlUUTBRVkM5T0lQVjRGQzlJQk5TWjZGTS4u&amp;origin=Invitation&amp;channel=0\">Vev\u0151el\u00e9gedetts\u00e9gi k\u00e9rd\u0151\u00edv<\/a> &#8211; K\u00e9rj\u00fck, sz\u00e1njon egy 1-2 percet k\u00e9rd\u0151\u00edv\u00fcnkre, melyben v\u00e1rjuk visszajelz\u00e9s\u00e9t szolg\u00e1ltat\u00e1sainkkal kapcsolatban!<\/p> <p><span style=\"font-size: 12pt\">A Patol\u00f3giai Tansz\u00e9k \u00e1ltal ny\u00fajtott<\/span> szolg\u00e1ltat\u00e1sok:<\/p> <\/div> <ul> <li>diagnosztikai boncol\u00e1s (kutya, macska, baromfi, sert\u00e9s; \u00dcll\u0151n: sert\u00e9s, l\u00f3, k\u00e9r\u0151dz\u0151k, ny\u00fal, baromfi)<\/li> <li>\u00e1llom\u00e1nyvizsg\u00e1lat<\/li> <li>k\u00f3rsz\u00f6vettani vizsg\u00e1lat (immunhisztok\u00e9mia is)<\/li> <li><em>in situ<\/em> hybridiz\u00e1ci\u00f3s vizsg\u00e1lat (el\u0151tte konzult\u00e1ci\u00f3 sz\u00fcks\u00e9ges)<\/li> <li>cytol\u00f3giai vizsg\u00e1lat<\/li> <li>PCR vizsg\u00e1lat<\/li> <li>bakteriol\u00f3giai vizsg\u00e1lat<\/li> <li>elektronmikroszk\u00f3pos vizsg\u00e1lat (el\u0151tte konzult\u00e1ci\u00f3 sz\u00fcks\u00e9ges)<\/li> <\/ul> <p>&nbsp;<\/p> <p>A k\u00f3rsz\u00f6vettani vizsg\u00e1lathoz k\u00e9rj\u00fck, hogy a megfelel\u0151 m\u00e9ret\u0171 mint\u00e1t <strong>8-10%-os pufferolt formalinban<\/strong> k\u00fcldj\u00e9k Tansz\u00e9k\u00fcnkre, lehet\u0151leg <strong>sz\u00e9les sz\u00e1j\u00fa mintak\u00fcld\u0151 ed\u00e9nyben<\/strong>. Ez elengedhetetlen a szakma szab\u00e1lyainak megfelel\u0151 vizsg\u00e1lathoz, \u00e9s a diagn\u00f3zis meg\u00e1llap\u00edt\u00e1s\u00e1hoz! A mint\u00e1hoz minden esetben <strong>k\u00f3rsz\u00f6vettani vizsg\u00e1latk\u00e9r\u0151 lap<\/strong> kit\u00f6lt\u00e9se sz\u00fcks\u00e9ges (let\u00f6lthet\u0151 a &#8222;Szolg\u00e1ltat\u00e1sok&#8221; men\u00fcpont alatt), ennek hi\u00e1ny\u00e1ban nem \u00e1ll m\u00f3dunkban lelet ki\u00e1ll\u00edt\u00e1sa. A sz\u00f6vettani mint\u00e1k \u00e1tv\u00e9tele\u00a0a Tansz\u00e9ken h\u00e9tk\u00f6znap munkaid\u0151ben lehets\u00e9ges (h\u00e9tf\u0151-cs\u00fct\u00f6rt\u00f6k 8:00-15:00; p\u00e9ntek 8:00-13:00), vagy postai \u00faton k\u00fcldhet\u0151k. Leletk\u00fcld\u00e9s maximum 2 h\u00e9ten bel\u00fcl t\u00f6rt\u00e9nik.<\/p> <p><strong>Diagnosztikai boncol\u00e1shoz<\/strong> elengedhetetlen a tetem megfelel\u0151 t\u00e1rol\u00e1sa (<strong>h\u0171tve 0-4\u00b0C<\/strong>), a fagyaszt\u00e1st k\u00e9rj\u00fck mell\u0151zz\u00e9k! A gyors autolysis miatt szint\u00e9n ker\u00fclend\u0151 a szorosan, m\u0171anyag zs\u00e1kba t\u00f6rt\u00e9n\u0151 csomagol\u00e1s hosszabb id\u0151n \u00e1t. \u00c9rdemes min\u00e9l kevesebb id\u0151t t\u00e1rolni a tetemeket. A tetem mell\u00e9 minden esetben <strong>k\u00f3rbonctani vizsg\u00e1latk\u00e9r\u0151 lap<\/strong> kit\u00f6lt\u00e9se sz\u00fcks\u00e9ges (let\u00f6lthet\u0151 a &#8222;Szolg\u00e1ltat\u00e1sok&#8221; men\u00fcpont alatt). Ha az \u00e1llat beteg volt, kezel\u00e9s alatt \u00e1llt, akkor a k\u00f3rlapok a k\u00eds\u00e9r\u0151iratot helyettes\u00edthetik, de csak abban az esetben, ha tiszt\u00e1zott a Megrendel\u0151 \u00e9s Sz\u00e1mlafizet\u0151 kil\u00e9te, el\u00e9rhet\u0151s\u00e9ge, pontos adatai.<\/p> <p>Tetemek \u00e1tv\u00e9tele, vizsg\u00e1lata az \u00fcgyeletes \u00e1llatorvos \u00e1ltal, a Tansz\u00e9ken <strong>h\u00e9tk\u00f6znap munkaid\u0151ben<\/strong> lehets\u00e9ges (h\u00e9tf\u0151-cs\u00fct\u00f6rt\u00f6k 8:00-15:00; p\u00e9ntek 8:00-13:00). Leletk\u00fcld\u00e9s 1-2 h\u00e9t, telefonos konzult\u00e1ci\u00f3 k\u00e9rhet\u0151. Esettel vagy lelettel kapcsolatos k\u00e9rd\u00e9s, konzult\u00e1ci\u00f3 eset\u00e9n k\u00e9rj\u00fck, h\u00edvja a Recepci\u00f3nkat a\u00a0<strong>(06-1) 478-4181<\/strong>-es telefonsz\u00e1mon, munkaid\u0151ben.<\/p> <p><strong>Haszon\u00e1llatok (sert\u00e9s, szarvasmarha, kisk\u00e9r\u0151dz\u0151, ny\u00fal \u00e1llom\u00e1ny) k\u00f3rbonctani vizsg\u00e1lata<\/strong> az \u00fcll\u0151i campuson t\u00f6rt\u00e9nik, tov\u00e1bbi inform\u00e1ci\u00f3 \u00e9rdek\u00e9ben dr. Biksi Imr\u00e9t keress\u00e9k a 06-30-948-7747 telefonsz\u00e1mon.<\/p>","protected":false},"excerpt":{"rendered":"<p>Vev\u0151el\u00e9gedetts\u00e9gi k\u00e9rd\u0151\u00edv &#8211; K\u00e9rj\u00fck, sz\u00e1njon egy 1-2 percet k\u00e9rd\u0151\u00edv\u00fcnkre, melyben v\u00e1rjuk visszajelz\u00e9s\u00e9t szolg\u00e1ltat\u00e1sainkkal kapcsolatban! A Patol\u00f3giai Tansz\u00e9k \u00e1ltal ny\u00fajtott szolg\u00e1ltat\u00e1sok: diagnosztikai boncol\u00e1s (kutya, macska, baromfi, sert\u00e9s; \u00dcll\u0151n: sert\u00e9s, l\u00f3, k\u00e9r\u0151dz\u0151k, ny\u00fal, baromfi) \u00e1llom\u00e1nyvizsg\u00e1lat k\u00f3rsz\u00f6vettani vizsg\u00e1lat (immunhisztok\u00e9mia is) in situ hybridiz\u00e1ci\u00f3s vizsg\u00e1lat (el\u0151tte konzult\u00e1ci\u00f3 sz\u00fcks\u00e9ges) cytol\u00f3giai vizsg\u00e1lat PCR vizsg\u00e1lat bakteriol\u00f3giai vizsg\u00e1lat elektronmikroszk\u00f3pos vizsg\u00e1lat (el\u0151tte konzult\u00e1ci\u00f3 sz\u00fcks\u00e9ges)<\/p>\n","protected":false},"author":3837,"featured_media":0,"parent":3374,"menu_order":0,"comment_status":"closed","ping_status":"closed","template":"","meta":{"_acf_changed":false,"footnotes":""},"categories":[],"tags":[],"class_list":["post-37274","page","type-page","status-publish","hentry"],"acf":[],"_links":{"self":[{"href":"https:\/\/univet.hu\/hu\/wp-json\/wp\/v2\/pages\/37274","targetHints":{"allow":["GET"]}}],"collection":[{"href":"https:\/\/univet.hu\/hu\/wp-json\/wp\/v2\/pages"}],"about":[{"href":"https:\/\/univet.hu\/hu\/wp-json\/wp\/v2\/types\/page"}],"author":[{"embeddable":true,"href":"https:\/\/univet.hu\/hu\/wp-json\/wp\/v2\/users\/3837"}],"replies":[{"embeddable":true,"href":"https:\/\/univet.hu\/hu\/wp-json\/wp\/v2\/comments?post=37274"}],"version-history":[{"count":4,"href":"https:\/\/univet.hu\/hu\/wp-json\/wp\/v2\/pages\/37274\/revisions"}],"predecessor-version":[{"id":205415,"href":"https:\/\/univet.hu\/hu\/wp-json\/wp\/v2\/pages\/37274\/revisions\/205415"}],"up":[{"embeddable":true,"href":"https:\/\/univet.hu\/hu\/wp-json\/wp\/v2\/pages\/3374"}],"wp:attachment":[{"href":"https:\/\/univet.hu\/hu\/wp-json\/wp\/v2\/media?parent=37274"}],"wp:term":[{"taxonomy":"category","embeddable":true,"href":"https:\/\/univet.hu\/hu\/wp-json\/wp\/v2\/categories?post=37274"},{"taxonomy":"post_tag","embeddable":true,"href":"https:\/\/univet.hu\/hu\/wp-json\/wp\/v2\/tags?post=37274"}],"curies":[{"name":"wp","href":"https:\/\/api.w.org\/{rel}","templated":true}]}}