{"id":3730,"date":"2018-01-24T15:12:00","date_gmt":"2018-01-24T14:12:00","guid":{"rendered":"http:\/\/univet.hu\/egyetem\/munkatarsak\/dobra-peter-ferenc\/"},"modified":"2026-02-10T03:59:53","modified_gmt":"2026-02-10T02:59:53","slug":"dobra-peter-ferenc","status":"publish","type":"page","link":"https:\/\/univet.hu\/hu\/egyetem\/munkatarsak\/dobra-peter-ferenc\/","title":{"rendered":"Dobra P\u00e9ter Ferenc"},"content":{"rendered":"<p><b><span data-contrast=\"none\">Bemutatkoz\u00e1s\u00a0\u00a0<\/span><\/b><\/p> <p><b><span data-contrast=\"none\">F\u0151bb kutat\u00e1si ter\u00fcletek:<\/span><\/b><span data-ccp-props=\"{&quot;134233118&quot;:true,&quot;201341983&quot;:0,&quot;335559739&quot;:160,&quot;335559740&quot;:240}\">\u00a0<\/span><\/p> <ul> <li><span data-contrast=\"none\">Els\u0151sorban baromfifajokkal<\/span> <span data-contrast=\"none\">kapcsolatos kutat\u00e1sokban veszek r\u00e9szt.<\/span><span data-ccp-props=\"{&quot;134233118&quot;:true,&quot;201341983&quot;:0,&quot;335559739&quot;:160,&quot;335559740&quot;:240}\">\u00a0<\/span><\/li> <\/ul> <p><b><span data-contrast=\"none\">El\u0151rehalad\u00e1s:<\/span><\/b><span data-ccp-props=\"{&quot;134233118&quot;:true,&quot;201341983&quot;:0,&quot;335559739&quot;:160,&quot;335559740&quot;:240}\">\u00a0<\/span><\/p> <p><span data-contrast=\"none\">2015 \u0151sz\u00e9n kezdtem el a Tansz\u00e9ken dolgozni. Kezdetben a diagnosztikai munk\u00e1ba kapcsol\u00f3dtam be, valamint boncmesteri feladatokat l\u00e1ttam el. 2016-t\u00f3l tartok \u00c1ltal\u00e1nos k\u00f3rtan gyakorlatokat, Patol\u00f3gia 1-3 gyakorlatokat \u00e9s plen\u00e1ris gyakorlatokat, valamint 2021-t\u0151l Patol\u00f3gia 2 el\u0151ad\u00e1sokat, magyar \u00e9s angol nyelven. 2018-t\u00f3l a 11. f\u00e9l\u00e9ves hallgat\u00f3knak labordiagnosztikai gyakorlatot tartok magyar \u00e9s angol nyelven. 2019-ben Baromfi-eg\u00e9szs\u00e9g\u00fcgyi szak\u00e1llatorvosk\u00e9nt v\u00e9geztem, az\u00f3ta \u00e9n felelek a baromfi diagnosztik\u00e1\u00e9rt, \u00e9s r\u00e9szt veszek k\u00eds\u00e9rletekben. 2017 \u00f3ta kapok szakdolgozatokat b\u00edr\u00e1latra, 2020-t\u00f3l szakdolgozatos gradu\u00e1lis hallgat\u00f3k t\u00e9mavezet\u0151jek\u00e9nt is r\u00e9szt veszek a tansz\u00e9ki munk\u00e1ban.\u00a0<\/span><span data-ccp-props=\"{&quot;134233118&quot;:true,&quot;201341983&quot;:0,&quot;335559739&quot;:160,&quot;335559740&quot;:240}\">\u00a0<\/span><\/p> <p><b><span data-contrast=\"none\">Eddigi szakdolgozat\/TDK hallgat\u00f3k sz\u00e1ma:<\/span><\/b><span data-ccp-props=\"{&quot;134233118&quot;:true,&quot;201341983&quot;:0,&quot;335559739&quot;:160,&quot;335559740&quot;:240}\">\u00a0<\/span><\/p> <p><span data-contrast=\"none\">\u00a01 szakdolgozatos gradu\u00e1lis hallgat\u00f3 t\u00e9mavezet\u00e9se (2 tov\u00e1bbi szakdolgozat folyamatban)<\/span><span data-ccp-props=\"{&quot;134233118&quot;:true,&quot;201341983&quot;:0,&quot;335559739&quot;:160,&quot;335559740&quot;:240}\">\u00a0<\/span><\/p> <p><span data-ccp-props=\"{&quot;134233118&quot;:true,&quot;201341983&quot;:0,&quot;335559739&quot;:160,&quot;335559740&quot;:240}\">\u00a0<span class=\"TextRun SCXW268411368 BCX8\" lang=\"HU-HU\" xml:lang=\"HU-HU\" data-contrast=\"none\"><span class=\"NormalTextRun SCXW268411368 BCX8\">Publik\u00e1ci\u00f3s lista\u00a0<\/span><\/span><\/span><\/p> <table style=\"height: 37px;\" width=\"1131\"> <tbody> <tr> <td style=\"width: 25.0156px;\">1.<\/td> <td style=\"width: 1089.98px;\"><span class=\"TextRun SCXW39954170 BCX8\" lang=\"HU-HU\" xml:lang=\"HU-HU\" data-contrast=\"auto\"><span class=\"NormalTextRun SCXW39954170 BCX8\">M\u00e1ndoki M, D\u00e9nes L, Dobra PF, G\u00e1l J (2019): <\/span><span class=\"NormalTextRun SCXW39954170 BCX8\">V\u00edrusos b\u00e9lgyullad\u00e1sok egyes ty\u00fakalak\u00fa mad\u00e1rfajokban<\/span><span class=\"NormalTextRun SCXW39954170 BCX8\">,<\/span> <span class=\"NormalTextRun SCXW39954170 BCX8\">Irodalmi \u00e1ttekint\u00e9s \u00e9s saj\u00e1t vizsg\u00e1latok f\u00e1c\u00e1nokban<\/span><span class=\"NormalTextRun SCXW39954170 BCX8\">.<\/span> <span class=\"NormalTextRun SCXW39954170 BCX8\">Magyar <\/span><span class=\"SpellingError SCXW39954170 BCX8\">Allatorvosok<\/span><span class=\"NormalTextRun SCXW39954170 BCX8\"> Lapja.<\/span><span class=\"NormalTextRun SCXW39954170 BCX8\"> 141:<\/span><span class=\"NormalTextRun SCXW39954170 BCX8\">523-531\u00a0<\/span><\/span><span class=\"EOP SCXW39954170 BCX8\" data-ccp-props=\"{&quot;201341983&quot;:0,&quot;335559739&quot;:160,&quot;335559740&quot;:259}\">\u00a0<\/span><\/td> <\/tr> <\/tbody> <\/table> <p>&nbsp;<\/p>","protected":false},"excerpt":{"rendered":"<p>Bemutatkoz\u00e1s\u00a0\u00a0 F\u0151bb kutat\u00e1si ter\u00fcletek:\u00a0 Els\u0151sorban baromfifajokkal kapcsolatos kutat\u00e1sokban veszek r\u00e9szt.\u00a0 El\u0151rehalad\u00e1s:\u00a0 2015 \u0151sz\u00e9n kezdtem el a Tansz\u00e9ken dolgozni. Kezdetben a diagnosztikai munk\u00e1ba kapcsol\u00f3dtam be, valamint boncmesteri feladatokat l\u00e1ttam el. 2016-t\u00f3l tartok \u00c1ltal\u00e1nos k\u00f3rtan gyakorlatokat, Patol\u00f3gia 1-3 gyakorlatokat \u00e9s plen\u00e1ris gyakorlatokat, valamint 2021-t\u0151l Patol\u00f3gia 2 el\u0151ad\u00e1sokat, magyar \u00e9s angol nyelven. 2018-t\u00f3l a 11. f\u00e9l\u00e9ves hallgat\u00f3knak labordiagnosztikai<\/p>\n","protected":false},"author":5824,"featured_media":0,"parent":858,"menu_order":210,"comment_status":"closed","ping_status":"closed","template":"","meta":{"_acf_changed":false,"footnotes":""},"categories":[56],"tags":[],"class_list":["post-3730","page","type-page","status-publish","hentry","category-munkatarsak"],"acf":[],"_links":{"self":[{"href":"https:\/\/univet.hu\/hu\/wp-json\/wp\/v2\/pages\/3730","targetHints":{"allow":["GET"]}}],"collection":[{"href":"https:\/\/univet.hu\/hu\/wp-json\/wp\/v2\/pages"}],"about":[{"href":"https:\/\/univet.hu\/hu\/wp-json\/wp\/v2\/types\/page"}],"author":[{"embeddable":true,"href":"https:\/\/univet.hu\/hu\/wp-json\/wp\/v2\/users\/5824"}],"replies":[{"embeddable":true,"href":"https:\/\/univet.hu\/hu\/wp-json\/wp\/v2\/comments?post=3730"}],"version-history":[{"count":1,"href":"https:\/\/univet.hu\/hu\/wp-json\/wp\/v2\/pages\/3730\/revisions"}],"predecessor-version":[{"id":199529,"href":"https:\/\/univet.hu\/hu\/wp-json\/wp\/v2\/pages\/3730\/revisions\/199529"}],"up":[{"embeddable":true,"href":"https:\/\/univet.hu\/hu\/wp-json\/wp\/v2\/pages\/858"}],"wp:attachment":[{"href":"https:\/\/univet.hu\/hu\/wp-json\/wp\/v2\/media?parent=3730"}],"wp:term":[{"taxonomy":"category","embeddable":true,"href":"https:\/\/univet.hu\/hu\/wp-json\/wp\/v2\/categories?post=3730"},{"taxonomy":"post_tag","embeddable":true,"href":"https:\/\/univet.hu\/hu\/wp-json\/wp\/v2\/tags?post=3730"}],"curies":[{"name":"wp","href":"https:\/\/api.w.org\/{rel}","templated":true}]}}